{"id":1298,"date":"2020-08-03T12:09:20","date_gmt":"2020-08-03T12:09:20","guid":{"rendered":"https:\/\/enkoeducation.com\/riviera\/?page_id=1298"},"modified":"2020-08-03T15:45:47","modified_gmt":"2020-08-03T15:45:47","slug":"enseignement-a-distance-2","status":"publish","type":"page","link":"https:\/\/enkoeducation.com\/abidjan\/en\/enseignement-a-distance-2\/","title":{"rendered":"Distance learning"},"content":{"rendered":"<section class=\"wpb-content-wrapper\">\n<div class=\"mk-page-section-wrapper\" data-mk-full-width=\"true\" data-mk-full-width-init=\"true\" data-mk-stretch-content=\"true\">\n\t<div id=\"page-section-1\" class=\"mk-page-section self-hosted   full_layout full-width-1 js-el js-master-row jupiter-donut-\"    data-intro-effect=\"false\">\n\n\t\t\t\n\t\t\t<div class=\"mk-page-section-inner\">\n\t\t\t\t\n\n\n<div style=\"background-color:#0a0a0a;opacity:0.3;\" class=\"mk-video-color-mask\"><\/div>\n\n\t\t\t\t\n\t\t\t\t\n\t\n\t<div class=\"background-layer-holder\">\n\t\t<div id=\"background-layer--1\" data-mk-lazyload=\"false\" class=\"background-layer mk-background-stretch darken-blend-effect js-el\"   data-blend=\"darken\" data-mk-img-set='{\"landscape\":{\"external\":\"https:\/\/enkoeducation.com\/riviera\/wp-content\/uploads\/sites\/19\/2020\/08\/sans-titre-8.png\"},\"responsive\":\"true\"}' >\n\t\t\t\t\t\t\t\t\t\t<div class=\"mk-blend-layer\"><\/div>\n\t\t\t\t\t\t<div class=\"mk-color-layer\"><\/div>\n\t\t<\/div>\n\t<\/div>\n\n\t\t\t<\/div>\n\n\t\t\t\n        <div class=\"page-section-content vc_row-fluid mk-grid\" >\n            <div class=\"mk-padding-wrapper wpb_row\">\n<div class=\"vc_col-sm-12 wpb_column column_container  jupiter-donut- _ jupiter-donut-height-full\">\n\t\n\n<div class=\"wpb_row vc_inner vc_row vc_row-fluid jupiter-donut-   attched-false\">\n\t\t\t<div class=\"wpb_column vc_column_container vc_col-sm-12\"><div class=\"vc_column-inner\"><div class=\"wpb_wrapper\"><\/div><\/div><\/div>\t<\/div>\n<\/div>\n<\/div>\n            <div class=\"clearboth\"><\/div>\n        <\/div>\n\n\n\t\t\t\n\t\t\t\n\t\t\t\n\t\t<div class=\"clearboth\"><\/div>\n\t<\/div>\n<\/div>\n<div class=\"vc_row-full-width vc_clearfix\"><\/div>\n\n\n<div  data-mk-stretch-content=\"true\" class=\"wpb_row vc_row vc_row-fluid jupiter-donut- mk-fullwidth-false  attched-false     js-master-row  mk-grid\">\n\t\t\t\t\n<div class=\"vc_col-sm-12 wpb_column column_container  jupiter-donut- _ jupiter-donut-height-full\">\n\t<div id=\"mk-tabs\" class=\"wpb_tabs mk-tabs-4 wpb_content_element mobile-true simple-style horizental-style\" data-interval=\"\"><div class=\"wpb_wrapper wpb_tour_tabs_wrapper ui-tabs vc_clearfix\">\n\t\t\t<ul class=\"wpb_tabs_nav ui-tabs-nav vc_clearfix\"><li><a href=\"#tab-1516629401-1-4\">Why distance learning?<\/a><\/li><\/ul>\n\t<div id=\"tab-1516629401-1-4\" class=\"wpb_tab ui-tabs-panel wpb_ui-tabs-hide vc_clearfix\">\n\t\t<div class=\"title-mobile\">Why distance learning?<\/div>\n\t\t\t<div class=\"vc_custom_1596468629540\">\n\n<div id=\"text-block-5\" class=\"mk-text-block  jupiter-donut-\">\n\n\t\n\t<h2 style=\"text-align: center;\"><span style=\"color: #8a1538;\">From September 2020, Enko Education C\u00f4te d&#039;Ivoire will offer 100% courses remotely!<\/span><\/h2>\n<p>&nbsp;<\/p>\n<p><b><img fetchpriority=\"high\" decoding=\"async\" class=\"wp-image-1313 alignleft\" src=\"https:\/\/enkoeducation.com\/riviera\/wp-content\/uploads\/sites\/19\/2020\/08\/enko-education-distance-learning-6-300x300.png\" alt=\"Distance-learning-Png\" width=\"295\" height=\"295\" data-wp-editing=\"1\" srcset=\"https:\/\/enkoeducation.com\/abidjan\/wp-content\/uploads\/sites\/19\/2020\/08\/enko-education-distance-learning-6-300x300.png 300w, https:\/\/enkoeducation.com\/abidjan\/wp-content\/uploads\/sites\/19\/2020\/08\/enko-education-distance-learning-6-1024x1024.png 1024w, https:\/\/enkoeducation.com\/abidjan\/wp-content\/uploads\/sites\/19\/2020\/08\/enko-education-distance-learning-6-150x150.png 150w, https:\/\/enkoeducation.com\/abidjan\/wp-content\/uploads\/sites\/19\/2020\/08\/enko-education-distance-learning-6-768x768.png 768w, https:\/\/enkoeducation.com\/abidjan\/wp-content\/uploads\/sites\/19\/2020\/08\/enko-education-distance-learning-6-1536x1536.png 1536w, https:\/\/enkoeducation.com\/abidjan\/wp-content\/uploads\/sites\/19\/2020\/08\/enko-education-distance-learning-6-2048x2048.png 2048w, https:\/\/enkoeducation.com\/abidjan\/wp-content\/uploads\/sites\/19\/2020\/08\/enko-education-distance-learning-6-100x100.png 100w, https:\/\/enkoeducation.com\/abidjan\/wp-content\/uploads\/sites\/19\/2020\/08\/enko-education-distance-learning-6-27x27.png 27w\" sizes=\"(max-width: 295px) 100vw, 295px\" \/> For what ?\u00a0<\/b><\/p>\n<ul>\n<li style=\"font-weight: 400;\"><span style=\"font-weight: 400;\">To offer the possibility to any student not living in the district of Abidjan, to be able to follow the International Baccalaureate program<\/span><span style=\"font-weight: 400;\"> and benefit from all the advantages it offers.<\/span><\/li>\n<\/ul>\n<p><b>How ?<\/b><\/p>\n<ul>\n<li style=\"font-weight: 400;\"><span style=\"font-weight: 400;\">By relying on the digital tools that our era offers us<\/span><span style=\"font-weight: 400;\"> : internet, email, learning platforms and web conferencing tools, video capsules, etc.<\/span><\/li>\n<li style=\"font-weight: 400;\"><span style=\"font-weight: 400;\">By relying on our community of trained and experienced teachers and supervisors. <\/span>These will be full school years and will require total investment from the students enrolled.<\/li>\n<\/ul>\n<p><b>For whom?<\/b><\/p>\n<ul>\n<li><span style=\"font-weight: 400;\">For students from 6th to 3rd grade living in \u201cinland\u201d cities (San Pedro, Man, Yamoussoukro, Bouak\u00e9, etc.) <\/span><\/li>\n<\/ul>\n<p>&nbsp;<\/p>\n<p><img decoding=\"async\" class=\"size-full wp-image-303 aligncenter\" src=\"https:\/\/enkoeducation.com\/riviera\/wp-content\/uploads\/sites\/19\/2018\/01\/blog_icon.png\" alt=\"\" width=\"56\" height=\"46\" \/><\/p>\n<p style=\"text-align: center;\"><b>Our expertise?<\/b><\/p>\n<p style=\"text-align: center;\"><span style=\"font-weight: 400;\">Our students are all accustomed to working on computers regularly since they entered Enko Riviera Campus or Enko John Wesley Campus. They use a multitude of tools from the 6th grade onwards. <\/span><b>The Covid-19 crisis led us to provide three months of courses in \u201c100% distance learning\u201d. The results of this experience are very positive and have demonstrated the total feasibility and effectiveness of this type of teaching. We now want to offer this alternative to more students and lead them to the International Baccalaureate.<\/b><\/p>\n<p style=\"text-align: center;\"><b>Are you interested and would like to receive more information?<\/b><\/p>\n<p style=\"text-align: center;\"><span style=\"font-weight: 400;\">Fill out this online form: <\/span><a href=\"https:\/\/forms.gle\/oQmFYQMMNjdry4Th8\"><span style=\"font-weight: 400;\">https:\/\/forms.gle\/oQmFYQMMNjdry4Th8<\/span><\/a><span style=\"font-weight: 400;\">\u00a0<\/span><\/p>\n\n\t<div class=\"clearboth\"><\/div>\n<\/div>\n\n\t<\/div>\n\n\t<\/div>\n\n\t\t<\/div>\n\t<\/div>\n<\/div>\n\t<\/div>\n\n<\/section>","protected":false},"excerpt":{"rendered":"Why distance learning? Why distance learning? From September 2020, Enko Education C\u00f4te d&#039;Ivoire will offer 100% courses remotely! Why? To offer the possibility to any student not living in the district of Abidjan, to be able to follow the International Baccalaureate program and benefit from all the [...]","protected":false},"author":1,"featured_media":0,"parent":0,"menu_order":0,"comment_status":"closed","ping_status":"closed","template":"","meta":{"footnotes":""},"class_list":["post-1298","page","type-page","status-publish","hentry"],"yoast_head":"<!-- This site is optimized with the Yoast SEO Premium plugin v18.2.1 (Yoast SEO v23.2) - https:\/\/yoast.com\/wordpress\/plugins\/seo\/ -->\n<title>Enseignement \u00e0 distance - Enko Abidjan<\/title>\n<meta name=\"description\" content=\"Pour offrir la possibilit\u00e9 \u00e0 tout \u00e9l\u00e8ve ne vivant pas dans le district d\u2019Abidjan, de pouvoir suivre le programme du Baccalaur\u00e9at International et de...\" \/>\n<meta name=\"robots\" content=\"index, follow, max-snippet:-1, max-image-preview:large, max-video-preview:-1\" \/>\n<link rel=\"canonical\" href=\"https:\/\/enkoeducation.com\/abidjan\/en\/enseignement-a-distance-2\/\" \/>\n<meta property=\"og:locale\" content=\"en_US\" \/>\n<meta property=\"og:type\" content=\"article\" \/>\n<meta property=\"og:title\" content=\"Enseignement \u00e0 distance\" \/>\n<meta property=\"og:description\" content=\"Pour offrir la possibilit\u00e9 \u00e0 tout \u00e9l\u00e8ve ne vivant pas dans le district d\u2019Abidjan, de pouvoir suivre le programme du Baccalaur\u00e9at International et de...\" \/>\n<meta property=\"og:url\" content=\"https:\/\/enkoeducation.com\/abidjan\/en\/enseignement-a-distance-2\/\" \/>\n<meta property=\"og:site_name\" content=\"Enko Abidjan\" \/>\n<meta property=\"article:publisher\" content=\"https:\/\/fr-fr.facebook.com\/EnkoRiviera\/\" \/>\n<meta property=\"article:modified_time\" content=\"2020-08-03T15:45:47+00:00\" \/>\n<meta property=\"og:image\" content=\"https:\/\/enkoeducation.com\/riviera\/wp-content\/uploads\/sites\/19\/2020\/08\/enko-education-distance-learning-6-300x300.png\" \/>\n<meta name=\"twitter:card\" content=\"summary_large_image\" \/>\n<meta name=\"twitter:label1\" content=\"Est. reading time\" \/>\n\t<meta name=\"twitter:data1\" content=\"2 minutes\" \/>\n<script type=\"application\/ld+json\" class=\"yoast-schema-graph\">{\"@context\":\"https:\/\/schema.org\",\"@graph\":[{\"@type\":\"WebPage\",\"@id\":\"https:\/\/enkoeducation.com\/abidjan\/enseignement-a-distance-2\/\",\"url\":\"https:\/\/enkoeducation.com\/abidjan\/enseignement-a-distance-2\/\",\"name\":\"Enseignement \u00e0 distance - Enko Abidjan\",\"isPartOf\":{\"@id\":\"https:\/\/enkoeducation.com\/abidjan\/#website\"},\"primaryImageOfPage\":{\"@id\":\"https:\/\/enkoeducation.com\/abidjan\/enseignement-a-distance-2\/#primaryimage\"},\"image\":{\"@id\":\"https:\/\/enkoeducation.com\/abidjan\/enseignement-a-distance-2\/#primaryimage\"},\"thumbnailUrl\":\"https:\/\/enkoeducation.com\/riviera\/wp-content\/uploads\/sites\/19\/2020\/08\/enko-education-distance-learning-6-300x300.png\",\"datePublished\":\"2020-08-03T12:09:20+00:00\",\"dateModified\":\"2020-08-03T15:45:47+00:00\",\"description\":\"Pour offrir la possibilit\u00e9 \u00e0 tout \u00e9l\u00e8ve ne vivant pas dans le district d\u2019Abidjan, de pouvoir suivre le programme du Baccalaur\u00e9at International et de...\",\"breadcrumb\":{\"@id\":\"https:\/\/enkoeducation.com\/abidjan\/enseignement-a-distance-2\/#breadcrumb\"},\"inLanguage\":\"en-US\",\"potentialAction\":[{\"@type\":\"ReadAction\",\"target\":[\"https:\/\/enkoeducation.com\/abidjan\/enseignement-a-distance-2\/\"]}]},{\"@type\":\"ImageObject\",\"inLanguage\":\"en-US\",\"@id\":\"https:\/\/enkoeducation.com\/abidjan\/enseignement-a-distance-2\/#primaryimage\",\"url\":\"https:\/\/enkoeducation.com\/riviera\/wp-content\/uploads\/sites\/19\/2020\/08\/enko-education-distance-learning-6-300x300.png\",\"contentUrl\":\"https:\/\/enkoeducation.com\/riviera\/wp-content\/uploads\/sites\/19\/2020\/08\/enko-education-distance-learning-6-300x300.png\"},{\"@type\":\"BreadcrumbList\",\"@id\":\"https:\/\/enkoeducation.com\/abidjan\/enseignement-a-distance-2\/#breadcrumb\",\"itemListElement\":[{\"@type\":\"ListItem\",\"position\":1,\"name\":\"Home\",\"item\":\"https:\/\/enkoeducation.com\/abidjan\/\"},{\"@type\":\"ListItem\",\"position\":2,\"name\":\"Enseignement \u00e0 distance\"}]},{\"@type\":\"WebSite\",\"@id\":\"https:\/\/enkoeducation.com\/abidjan\/#website\",\"url\":\"https:\/\/enkoeducation.com\/abidjan\/\",\"name\":\"Enko Abidjan\",\"description\":\"\u00c9cole Internationale Africaine \u00e0 Abidjan\",\"potentialAction\":[{\"@type\":\"SearchAction\",\"target\":{\"@type\":\"EntryPoint\",\"urlTemplate\":\"https:\/\/enkoeducation.com\/abidjan\/?s={search_term_string}\"},\"query-input\":\"required name=search_term_string\"}],\"inLanguage\":\"en-US\"}]}<\/script>\n<!-- \/ Yoast SEO Premium plugin. -->","yoast_head_json":{"title":"Enseignement \u00e0 distance - Enko Abidjan","description":"Pour offrir la possibilit\u00e9 \u00e0 tout \u00e9l\u00e8ve ne vivant pas dans le district d\u2019Abidjan, de pouvoir suivre le programme du Baccalaur\u00e9at International et de...","robots":{"index":"index","follow":"follow","max-snippet":"max-snippet:-1","max-image-preview":"max-image-preview:large","max-video-preview":"max-video-preview:-1"},"canonical":"https:\/\/enkoeducation.com\/abidjan\/en\/enseignement-a-distance-2\/","og_locale":"en_US","og_type":"article","og_title":"Enseignement \u00e0 distance","og_description":"Pour offrir la possibilit\u00e9 \u00e0 tout \u00e9l\u00e8ve ne vivant pas dans le district d\u2019Abidjan, de pouvoir suivre le programme du Baccalaur\u00e9at International et de...","og_url":"https:\/\/enkoeducation.com\/abidjan\/en\/enseignement-a-distance-2\/","og_site_name":"Enko Abidjan","article_publisher":"https:\/\/fr-fr.facebook.com\/EnkoRiviera\/","article_modified_time":"2020-08-03T15:45:47+00:00","og_image":[{"url":"https:\/\/enkoeducation.com\/riviera\/wp-content\/uploads\/sites\/19\/2020\/08\/enko-education-distance-learning-6-300x300.png"}],"twitter_card":"summary_large_image","twitter_misc":{"Est. reading time":"2 minutes"},"schema":{"@context":"https:\/\/schema.org","@graph":[{"@type":"WebPage","@id":"https:\/\/enkoeducation.com\/abidjan\/enseignement-a-distance-2\/","url":"https:\/\/enkoeducation.com\/abidjan\/enseignement-a-distance-2\/","name":"Enseignement \u00e0 distance - Enko Abidjan","isPartOf":{"@id":"https:\/\/enkoeducation.com\/abidjan\/#website"},"primaryImageOfPage":{"@id":"https:\/\/enkoeducation.com\/abidjan\/enseignement-a-distance-2\/#primaryimage"},"image":{"@id":"https:\/\/enkoeducation.com\/abidjan\/enseignement-a-distance-2\/#primaryimage"},"thumbnailUrl":"https:\/\/enkoeducation.com\/riviera\/wp-content\/uploads\/sites\/19\/2020\/08\/enko-education-distance-learning-6-300x300.png","datePublished":"2020-08-03T12:09:20+00:00","dateModified":"2020-08-03T15:45:47+00:00","description":"Pour offrir la possibilit\u00e9 \u00e0 tout \u00e9l\u00e8ve ne vivant pas dans le district d\u2019Abidjan, de pouvoir suivre le programme du Baccalaur\u00e9at International et de...","breadcrumb":{"@id":"https:\/\/enkoeducation.com\/abidjan\/enseignement-a-distance-2\/#breadcrumb"},"inLanguage":"en-US","potentialAction":[{"@type":"ReadAction","target":["https:\/\/enkoeducation.com\/abidjan\/enseignement-a-distance-2\/"]}]},{"@type":"ImageObject","inLanguage":"en-US","@id":"https:\/\/enkoeducation.com\/abidjan\/enseignement-a-distance-2\/#primaryimage","url":"https:\/\/enkoeducation.com\/riviera\/wp-content\/uploads\/sites\/19\/2020\/08\/enko-education-distance-learning-6-300x300.png","contentUrl":"https:\/\/enkoeducation.com\/riviera\/wp-content\/uploads\/sites\/19\/2020\/08\/enko-education-distance-learning-6-300x300.png"},{"@type":"BreadcrumbList","@id":"https:\/\/enkoeducation.com\/abidjan\/enseignement-a-distance-2\/#breadcrumb","itemListElement":[{"@type":"ListItem","position":1,"name":"Home","item":"https:\/\/enkoeducation.com\/abidjan\/"},{"@type":"ListItem","position":2,"name":"Enseignement \u00e0 distance"}]},{"@type":"WebSite","@id":"https:\/\/enkoeducation.com\/abidjan\/#website","url":"https:\/\/enkoeducation.com\/abidjan\/","name":"Enko Abidjan","description":"\u00c9cole Internationale Africaine \u00e0 Abidjan","potentialAction":[{"@type":"SearchAction","target":{"@type":"EntryPoint","urlTemplate":"https:\/\/enkoeducation.com\/abidjan\/?s={search_term_string}"},"query-input":"required name=search_term_string"}],"inLanguage":"en-US"}]}},"_links":{"self":[{"href":"https:\/\/enkoeducation.com\/abidjan\/en\/wp-json\/wp\/v2\/pages\/1298"}],"collection":[{"href":"https:\/\/enkoeducation.com\/abidjan\/en\/wp-json\/wp\/v2\/pages"}],"about":[{"href":"https:\/\/enkoeducation.com\/abidjan\/en\/wp-json\/wp\/v2\/types\/page"}],"author":[{"embeddable":true,"href":"https:\/\/enkoeducation.com\/abidjan\/en\/wp-json\/wp\/v2\/users\/1"}],"replies":[{"embeddable":true,"href":"https:\/\/enkoeducation.com\/abidjan\/en\/wp-json\/wp\/v2\/comments?post=1298"}],"version-history":[{"count":12,"href":"https:\/\/enkoeducation.com\/abidjan\/en\/wp-json\/wp\/v2\/pages\/1298\/revisions"}],"predecessor-version":[{"id":1301,"href":"https:\/\/enkoeducation.com\/abidjan\/en\/wp-json\/wp\/v2\/pages\/1298\/revisions\/1301"}],"wp:attachment":[{"href":"https:\/\/enkoeducation.com\/abidjan\/en\/wp-json\/wp\/v2\/media?parent=1298"}],"curies":[{"name":"wp","href":"https:\/\/api.w.org\/{rel}","templated":true}]}}