{"id":1298,"date":"2020-08-03T12:09:20","date_gmt":"2020-08-03T12:09:20","guid":{"rendered":"https:\/\/enkoeducation.com\/riviera\/?page_id=1298"},"modified":"2020-08-03T15:45:47","modified_gmt":"2020-08-03T15:45:47","slug":"enseignement-a-distance-2","status":"publish","type":"page","link":"https:\/\/enkoeducation.com\/abidjan\/enseignement-a-distance-2\/","title":{"rendered":"Enseignement \u00e0 distance"},"content":{"rendered":"<section class=\"wpb-content-wrapper\">\n<div class=\"mk-page-section-wrapper\" data-mk-full-width=\"true\" data-mk-full-width-init=\"true\" data-mk-stretch-content=\"true\">\n\t<div id=\"page-section-1\" class=\"mk-page-section self-hosted   full_layout full-width-1 js-el js-master-row jupiter-donut-   \"    data-intro-effect=\"false\">\n\n\t\t\t\n\t\t\t<div class=\"mk-page-section-inner\">\n\t\t\t\t\n\n\n<div style=\"background-color:#0a0a0a;opacity:0.3;\" class=\"mk-video-color-mask\"><\/div>\n\n\t\t\t\t\n\t\t\t\t\n\t\n\t<div class=\"background-layer-holder\">\n\t\t<div id=\"background-layer--1\" data-mk-lazyload=\"false\" class=\"background-layer mk-background-stretch darken-blend-effect js-el\"   data-blend=\"darken\" data-mk-img-set='{\"landscape\":{\"external\":\"https:\/\/enkoeducation.com\/riviera\/wp-content\/uploads\/sites\/19\/2020\/08\/sans-titre-8.png\"},\"responsive\":\"true\"}' >\n\t\t\t\t\t\t\t\t\t\t<div class=\"mk-blend-layer\"><\/div>\n\t\t\t\t\t\t<div class=\"mk-color-layer\"><\/div>\n\t\t<\/div>\n\t<\/div>\n\n\t\t\t<\/div>\n\n\t\t\t\n        <div class=\"page-section-content vc_row-fluid mk-grid \" >\n            <div class=\"mk-padding-wrapper wpb_row\">\n<div class=\"vc_col-sm-12 wpb_column column_container  jupiter-donut- _ jupiter-donut-height-full\">\n\t\n\n<div class=\"wpb_row vc_inner vc_row vc_row-fluid jupiter-donut-   attched-false   \">\n\t\t\t<div class=\"wpb_column vc_column_container vc_col-sm-12\"><div class=\"vc_column-inner\"><div class=\"wpb_wrapper\"><\/div><\/div><\/div>\t<\/div>\n<\/div>\n<\/div>\n            <div class=\"clearboth\"><\/div>\n        <\/div>\n\n\n\t\t\t\n\t\t\t\n\t\t\t\n\t\t<div class=\"clearboth\"><\/div>\n\t<\/div>\n<\/div>\n<div class=\"vc_row-full-width vc_clearfix\"><\/div>\n\n\n<div  data-mk-stretch-content=\"true\" class=\"wpb_row vc_row vc_row-fluid jupiter-donut- mk-fullwidth-false  attched-false     js-master-row  mk-grid\">\n\t\t\t\t\n<div class=\"vc_col-sm-12 wpb_column column_container  jupiter-donut- _ jupiter-donut-height-full\">\n\t<div id=\"mk-tabs\" class=\"wpb_tabs mk-tabs-4 wpb_content_element mobile-true simple-style horizental-style\" data-interval=\"\"><div class=\"wpb_wrapper wpb_tour_tabs_wrapper ui-tabs vc_clearfix\">\n\t\t\t<ul class=\"wpb_tabs_nav ui-tabs-nav vc_clearfix\"><li><a href=\"#tab-1516629401-1-4\">Pourquoi l'enseignement \u00e0 distance ?<\/a><\/li><\/ul>\n\t<div id=\"tab-1516629401-1-4\" class=\"wpb_tab ui-tabs-panel wpb_ui-tabs-hide vc_clearfix\">\n\t\t<div class=\"title-mobile\">Pourquoi l'enseignement \u00e0 distance ?<\/div>\n\t\t\t<div class=\" vc_custom_1596468629540\">\n\n<div id=\"text-block-5\" class=\"mk-text-block  jupiter-donut- \">\n\n\t\n\t<h2 style=\"text-align: center;\"><span style=\"color: #8a1538;\">D\u00e8s Septembre 2020, Enko Education C\u00f4te d\u2019Ivoire offrira des cours 100% \u00e0 distance !<\/span><\/h2>\n<p>&nbsp;<\/p>\n<p><b><img fetchpriority=\"high\" decoding=\"async\" class=\"wp-image-1313 alignleft\" src=\"https:\/\/enkoeducation.com\/riviera\/wp-content\/uploads\/sites\/19\/2020\/08\/enko-education-distance-learning-6-300x300.png\" alt=\"Distance-learning-Png\" width=\"295\" height=\"295\" data-wp-editing=\"1\" srcset=\"https:\/\/enkoeducation.com\/abidjan\/wp-content\/uploads\/sites\/19\/2020\/08\/enko-education-distance-learning-6-300x300.png 300w, https:\/\/enkoeducation.com\/abidjan\/wp-content\/uploads\/sites\/19\/2020\/08\/enko-education-distance-learning-6-1024x1024.png 1024w, https:\/\/enkoeducation.com\/abidjan\/wp-content\/uploads\/sites\/19\/2020\/08\/enko-education-distance-learning-6-150x150.png 150w, https:\/\/enkoeducation.com\/abidjan\/wp-content\/uploads\/sites\/19\/2020\/08\/enko-education-distance-learning-6-768x768.png 768w, https:\/\/enkoeducation.com\/abidjan\/wp-content\/uploads\/sites\/19\/2020\/08\/enko-education-distance-learning-6-1536x1536.png 1536w, https:\/\/enkoeducation.com\/abidjan\/wp-content\/uploads\/sites\/19\/2020\/08\/enko-education-distance-learning-6-2048x2048.png 2048w, https:\/\/enkoeducation.com\/abidjan\/wp-content\/uploads\/sites\/19\/2020\/08\/enko-education-distance-learning-6-100x100.png 100w, https:\/\/enkoeducation.com\/abidjan\/wp-content\/uploads\/sites\/19\/2020\/08\/enko-education-distance-learning-6-27x27.png 27w\" sizes=\"(max-width: 295px) 100vw, 295px\" \/> Pourquoi ?\u00a0<\/b><\/p>\n<ul>\n<li style=\"font-weight: 400;\"><span style=\"font-weight: 400;\">Pour offrir la possibilit\u00e9 \u00e0 tout \u00e9l\u00e8ve ne vivant pas dans le district d\u2019Abidjan, de pouvoir suivre le programme du Baccalaur\u00e9at International<\/span><span style=\"font-weight: 400;\"> et de b\u00e9n\u00e9ficier de tous les avantages qu\u2019il offre.<\/span><\/li>\n<\/ul>\n<p><b>Comment ?<\/b><\/p>\n<ul>\n<li style=\"font-weight: 400;\"><span style=\"font-weight: 400;\">En nous appuyant sur les outils digitaux que nous offre notre \u00e9poque<\/span><span style=\"font-weight: 400;\"> : internet, mail, plateformes d\u2019apprentissage et outils de web conf\u00e9rence, capsules vid\u00e9o&#8230;<\/span><\/li>\n<li style=\"font-weight: 400;\"><span style=\"font-weight: 400;\">En s\u2019appuyant sur notre communaut\u00e9 d\u2019enseignants et d\u2019encadrants form\u00e9s et exp\u00e9riment\u00e9s. <\/span>Il s\u2019agira d\u2019ann\u00e9es scolaires \u00e0 part enti\u00e8re et demandant un investissement total de la part des \u00e9l\u00e8ves inscrits.<\/li>\n<\/ul>\n<p><b>Pour qui ?<\/b><\/p>\n<ul>\n<li><span style=\"font-weight: 400;\">Pour les \u00e9l\u00e8ves, de la 6e \u00e0 la 3e vivant dans les villes \u201cde l\u2019int\u00e9rieur\u201d (San Pedro, Man, Yamoussoukro, Bouak\u00e9\u2026) <\/span><\/li>\n<\/ul>\n<p>&nbsp;<\/p>\n<p><img decoding=\"async\" class=\"size-full wp-image-303 aligncenter\" src=\"https:\/\/enkoeducation.com\/riviera\/wp-content\/uploads\/sites\/19\/2018\/01\/blog_icon.png\" alt=\"\" width=\"56\" height=\"46\" \/><\/p>\n<p style=\"text-align: center;\"><b>Notre expertise ?<\/b><\/p>\n<p style=\"text-align: center;\"><span style=\"font-weight: 400;\">Nos \u00e9l\u00e8ves ont tous l&#8217;habitude de travailler sur ordinateur r\u00e9guli\u00e8rement depuis leur entr\u00e9e chez Enko Riviera Campus ou Enko John Wesley Campus. Ils utilisent une multitude d\u2019outils d\u00e8s la classe de 6e. <\/span><b>La crise du Covid-19 nous a conduit \u00e0 assurer trois mois de cours en \u201c100% distance learning\u201d. Le bilan de cette exp\u00e9rience est tr\u00e8s positif et a d\u00e9montr\u00e9 la totale faisabilit\u00e9 et efficacit\u00e9 de ce type d\u2019enseignement. Nous souhaitons \u00e0 pr\u00e9sent offrir cette alternative \u00e0 davantage d\u2019\u00e9l\u00e8ves et les conduire jusqu\u2019au Baccalaur\u00e9at international.<\/b><\/p>\n<p style=\"text-align: center;\"><b>Vous \u00eates int\u00e9ress\u00e9 et souhaitez recevoir davantage d\u2019informations ?<\/b><\/p>\n<p style=\"text-align: center;\"><span style=\"font-weight: 400;\">Remplissez ce formulaire en ligne : <\/span><a href=\"https:\/\/forms.gle\/oQmFYQMMNjdry4Th8\"><span style=\"font-weight: 400;\">https:\/\/forms.gle\/oQmFYQMMNjdry4Th8<\/span><\/a><span style=\"font-weight: 400;\">\u00a0<\/span><\/p>\n\n\t<div class=\"clearboth\"><\/div>\n<\/div>\n\n\t<\/div>\n\n\t<\/div>\n\n\t\t<\/div>\n\t<\/div>\n<\/div>\n\t<\/div>\n\n<\/section>","protected":false},"excerpt":{"rendered":"Pourquoi l'enseignement \u00e0 distance ? Pourquoi l'enseignement \u00e0 distance ? D\u00e8s Septembre 2020, Enko Education C\u00f4te d\u2019Ivoire offrira des cours 100% \u00e0 distance ! &nbsp; Pourquoi ?\u00a0 Pour offrir la possibilit\u00e9 \u00e0 tout \u00e9l\u00e8ve ne vivant pas dans le district d\u2019Abidjan, de pouvoir suivre le programme du Baccalaur\u00e9at International et de b\u00e9n\u00e9ficier de tous les [...]","protected":false},"author":1,"featured_media":0,"parent":0,"menu_order":0,"comment_status":"closed","ping_status":"closed","template":"","meta":{"footnotes":""},"class_list":["post-1298","page","type-page","status-publish","hentry"],"yoast_head":"<!-- This site is optimized with the Yoast SEO Premium plugin v18.2.1 (Yoast SEO v23.2) - https:\/\/yoast.com\/wordpress\/plugins\/seo\/ -->\n<title>Enseignement \u00e0 distance - Enko Abidjan<\/title>\n<meta name=\"description\" content=\"Pour offrir la possibilit\u00e9 \u00e0 tout \u00e9l\u00e8ve ne vivant pas dans le district d\u2019Abidjan, de pouvoir suivre le programme du Baccalaur\u00e9at International et de...\" \/>\n<meta name=\"robots\" content=\"index, follow, max-snippet:-1, max-image-preview:large, max-video-preview:-1\" \/>\n<link rel=\"canonical\" href=\"https:\/\/enkoeducation.com\/abidjan\/enseignement-a-distance-2\/\" \/>\n<meta property=\"og:locale\" content=\"fr_FR\" \/>\n<meta property=\"og:type\" content=\"article\" \/>\n<meta property=\"og:title\" content=\"Enseignement \u00e0 distance\" \/>\n<meta property=\"og:description\" content=\"Pour offrir la possibilit\u00e9 \u00e0 tout \u00e9l\u00e8ve ne vivant pas dans le district d\u2019Abidjan, de pouvoir suivre le programme du Baccalaur\u00e9at International et de...\" \/>\n<meta property=\"og:url\" content=\"https:\/\/enkoeducation.com\/abidjan\/enseignement-a-distance-2\/\" \/>\n<meta property=\"og:site_name\" content=\"Enko Abidjan\" \/>\n<meta property=\"article:publisher\" content=\"https:\/\/fr-fr.facebook.com\/EnkoRiviera\/\" \/>\n<meta property=\"article:modified_time\" content=\"2020-08-03T15:45:47+00:00\" \/>\n<meta property=\"og:image\" content=\"https:\/\/enkoeducation.com\/riviera\/wp-content\/uploads\/sites\/19\/2020\/08\/enko-education-distance-learning-6-300x300.png\" \/>\n<meta name=\"twitter:card\" content=\"summary_large_image\" \/>\n<meta name=\"twitter:label1\" content=\"Dur\u00e9e de lecture estim\u00e9e\" \/>\n\t<meta name=\"twitter:data1\" content=\"2 minutes\" \/>\n<script type=\"application\/ld+json\" class=\"yoast-schema-graph\">{\"@context\":\"https:\/\/schema.org\",\"@graph\":[{\"@type\":\"WebPage\",\"@id\":\"https:\/\/enkoeducation.com\/abidjan\/enseignement-a-distance-2\/\",\"url\":\"https:\/\/enkoeducation.com\/abidjan\/enseignement-a-distance-2\/\",\"name\":\"Enseignement \u00e0 distance - Enko Abidjan\",\"isPartOf\":{\"@id\":\"https:\/\/enkoeducation.com\/abidjan\/#website\"},\"primaryImageOfPage\":{\"@id\":\"https:\/\/enkoeducation.com\/abidjan\/enseignement-a-distance-2\/#primaryimage\"},\"image\":{\"@id\":\"https:\/\/enkoeducation.com\/abidjan\/enseignement-a-distance-2\/#primaryimage\"},\"thumbnailUrl\":\"https:\/\/enkoeducation.com\/riviera\/wp-content\/uploads\/sites\/19\/2020\/08\/enko-education-distance-learning-6-300x300.png\",\"datePublished\":\"2020-08-03T12:09:20+00:00\",\"dateModified\":\"2020-08-03T15:45:47+00:00\",\"description\":\"Pour offrir la possibilit\u00e9 \u00e0 tout \u00e9l\u00e8ve ne vivant pas dans le district d\u2019Abidjan, de pouvoir suivre le programme du Baccalaur\u00e9at International et de...\",\"breadcrumb\":{\"@id\":\"https:\/\/enkoeducation.com\/abidjan\/enseignement-a-distance-2\/#breadcrumb\"},\"inLanguage\":\"fr-FR\",\"potentialAction\":[{\"@type\":\"ReadAction\",\"target\":[\"https:\/\/enkoeducation.com\/abidjan\/enseignement-a-distance-2\/\"]}]},{\"@type\":\"ImageObject\",\"inLanguage\":\"fr-FR\",\"@id\":\"https:\/\/enkoeducation.com\/abidjan\/enseignement-a-distance-2\/#primaryimage\",\"url\":\"https:\/\/enkoeducation.com\/riviera\/wp-content\/uploads\/sites\/19\/2020\/08\/enko-education-distance-learning-6-300x300.png\",\"contentUrl\":\"https:\/\/enkoeducation.com\/riviera\/wp-content\/uploads\/sites\/19\/2020\/08\/enko-education-distance-learning-6-300x300.png\"},{\"@type\":\"BreadcrumbList\",\"@id\":\"https:\/\/enkoeducation.com\/abidjan\/enseignement-a-distance-2\/#breadcrumb\",\"itemListElement\":[{\"@type\":\"ListItem\",\"position\":1,\"name\":\"Home\",\"item\":\"https:\/\/enkoeducation.com\/abidjan\/\"},{\"@type\":\"ListItem\",\"position\":2,\"name\":\"Enseignement \u00e0 distance\"}]},{\"@type\":\"WebSite\",\"@id\":\"https:\/\/enkoeducation.com\/abidjan\/#website\",\"url\":\"https:\/\/enkoeducation.com\/abidjan\/\",\"name\":\"Enko Abidjan\",\"description\":\"\u00c9cole Internationale Africaine \u00e0 Abidjan\",\"potentialAction\":[{\"@type\":\"SearchAction\",\"target\":{\"@type\":\"EntryPoint\",\"urlTemplate\":\"https:\/\/enkoeducation.com\/abidjan\/?s={search_term_string}\"},\"query-input\":\"required name=search_term_string\"}],\"inLanguage\":\"fr-FR\"}]}<\/script>\n<!-- \/ Yoast SEO Premium plugin. -->","yoast_head_json":{"title":"Enseignement \u00e0 distance - Enko Abidjan","description":"Pour offrir la possibilit\u00e9 \u00e0 tout \u00e9l\u00e8ve ne vivant pas dans le district d\u2019Abidjan, de pouvoir suivre le programme du Baccalaur\u00e9at International et de...","robots":{"index":"index","follow":"follow","max-snippet":"max-snippet:-1","max-image-preview":"max-image-preview:large","max-video-preview":"max-video-preview:-1"},"canonical":"https:\/\/enkoeducation.com\/abidjan\/enseignement-a-distance-2\/","og_locale":"fr_FR","og_type":"article","og_title":"Enseignement \u00e0 distance","og_description":"Pour offrir la possibilit\u00e9 \u00e0 tout \u00e9l\u00e8ve ne vivant pas dans le district d\u2019Abidjan, de pouvoir suivre le programme du Baccalaur\u00e9at International et de...","og_url":"https:\/\/enkoeducation.com\/abidjan\/enseignement-a-distance-2\/","og_site_name":"Enko Abidjan","article_publisher":"https:\/\/fr-fr.facebook.com\/EnkoRiviera\/","article_modified_time":"2020-08-03T15:45:47+00:00","og_image":[{"url":"https:\/\/enkoeducation.com\/riviera\/wp-content\/uploads\/sites\/19\/2020\/08\/enko-education-distance-learning-6-300x300.png"}],"twitter_card":"summary_large_image","twitter_misc":{"Dur\u00e9e de lecture estim\u00e9e":"2 minutes"},"schema":{"@context":"https:\/\/schema.org","@graph":[{"@type":"WebPage","@id":"https:\/\/enkoeducation.com\/abidjan\/enseignement-a-distance-2\/","url":"https:\/\/enkoeducation.com\/abidjan\/enseignement-a-distance-2\/","name":"Enseignement \u00e0 distance - Enko Abidjan","isPartOf":{"@id":"https:\/\/enkoeducation.com\/abidjan\/#website"},"primaryImageOfPage":{"@id":"https:\/\/enkoeducation.com\/abidjan\/enseignement-a-distance-2\/#primaryimage"},"image":{"@id":"https:\/\/enkoeducation.com\/abidjan\/enseignement-a-distance-2\/#primaryimage"},"thumbnailUrl":"https:\/\/enkoeducation.com\/riviera\/wp-content\/uploads\/sites\/19\/2020\/08\/enko-education-distance-learning-6-300x300.png","datePublished":"2020-08-03T12:09:20+00:00","dateModified":"2020-08-03T15:45:47+00:00","description":"Pour offrir la possibilit\u00e9 \u00e0 tout \u00e9l\u00e8ve ne vivant pas dans le district d\u2019Abidjan, de pouvoir suivre le programme du Baccalaur\u00e9at International et de...","breadcrumb":{"@id":"https:\/\/enkoeducation.com\/abidjan\/enseignement-a-distance-2\/#breadcrumb"},"inLanguage":"fr-FR","potentialAction":[{"@type":"ReadAction","target":["https:\/\/enkoeducation.com\/abidjan\/enseignement-a-distance-2\/"]}]},{"@type":"ImageObject","inLanguage":"fr-FR","@id":"https:\/\/enkoeducation.com\/abidjan\/enseignement-a-distance-2\/#primaryimage","url":"https:\/\/enkoeducation.com\/riviera\/wp-content\/uploads\/sites\/19\/2020\/08\/enko-education-distance-learning-6-300x300.png","contentUrl":"https:\/\/enkoeducation.com\/riviera\/wp-content\/uploads\/sites\/19\/2020\/08\/enko-education-distance-learning-6-300x300.png"},{"@type":"BreadcrumbList","@id":"https:\/\/enkoeducation.com\/abidjan\/enseignement-a-distance-2\/#breadcrumb","itemListElement":[{"@type":"ListItem","position":1,"name":"Home","item":"https:\/\/enkoeducation.com\/abidjan\/"},{"@type":"ListItem","position":2,"name":"Enseignement \u00e0 distance"}]},{"@type":"WebSite","@id":"https:\/\/enkoeducation.com\/abidjan\/#website","url":"https:\/\/enkoeducation.com\/abidjan\/","name":"Enko Abidjan","description":"\u00c9cole Internationale Africaine \u00e0 Abidjan","potentialAction":[{"@type":"SearchAction","target":{"@type":"EntryPoint","urlTemplate":"https:\/\/enkoeducation.com\/abidjan\/?s={search_term_string}"},"query-input":"required name=search_term_string"}],"inLanguage":"fr-FR"}]}},"_links":{"self":[{"href":"https:\/\/enkoeducation.com\/abidjan\/wp-json\/wp\/v2\/pages\/1298"}],"collection":[{"href":"https:\/\/enkoeducation.com\/abidjan\/wp-json\/wp\/v2\/pages"}],"about":[{"href":"https:\/\/enkoeducation.com\/abidjan\/wp-json\/wp\/v2\/types\/page"}],"author":[{"embeddable":true,"href":"https:\/\/enkoeducation.com\/abidjan\/wp-json\/wp\/v2\/users\/1"}],"replies":[{"embeddable":true,"href":"https:\/\/enkoeducation.com\/abidjan\/wp-json\/wp\/v2\/comments?post=1298"}],"version-history":[{"count":12,"href":"https:\/\/enkoeducation.com\/abidjan\/wp-json\/wp\/v2\/pages\/1298\/revisions"}],"predecessor-version":[{"id":1301,"href":"https:\/\/enkoeducation.com\/abidjan\/wp-json\/wp\/v2\/pages\/1298\/revisions\/1301"}],"wp:attachment":[{"href":"https:\/\/enkoeducation.com\/abidjan\/wp-json\/wp\/v2\/media?parent=1298"}],"curies":[{"name":"wp","href":"https:\/\/api.w.org\/{rel}","templated":true}]}}