{"id":287,"date":"2018-01-22T13:23:59","date_gmt":"2018-01-22T13:23:59","guid":{"rendered":"http:\/\/165.227.224.6\/la-gaiete\/?page_id=287"},"modified":"2024-07-17T12:50:23","modified_gmt":"2024-07-17T12:50:23","slug":"curriculum","status":"publish","type":"page","link":"https:\/\/enkoeducation.com\/bamako\/fr\/curriculum\/","title":{"rendered":"Programme d&#039;\u00e9tudes"},"content":{"rendered":"<section class=\"wpb-content-wrapper\">\n<div class=\"mk-page-section-wrapper\" data-mk-full-width=\"true\" data-mk-full-width-init=\"true\" data-mk-stretch-content=\"true\">\n\t<div id=\"page-section-1\" class=\"mk-page-section self-hosted   full_layout full-width-1 js-el js-master-row jupiter-donut-\"    data-intro-effect=\"false\">\n\n\t\t\t\n\t\t\t<div class=\"mk-page-section-inner\">\n\t\t\t\t\n\n\n<div style=\"background-color:#0a0a0a;opacity:0.3;\" class=\"mk-video-color-mask\"><\/div>\n\n\t\t\t\t\n\t\t\t\t\n\t\n\t<div class=\"background-layer-holder\">\n\t\t<div id=\"background-layer--1\" data-mk-lazyload=\"false\" class=\"background-layer mk-background-stretch darken-blend-effect js-el\"   data-blend=\"darken\" data-mk-img-set='{\"landscape\":{\"external\":\"https:\/\/enkoeducation.com\/bamako\/wp-content\/uploads\/sites\/25\/2024\/01\/en-27-1-scaled.jpg\"},\"responsive\":\"true\"}' >\n\t\t\t\t\t\t\t\t\t\t<div class=\"mk-blend-layer\"><\/div>\n\t\t\t\t\t\t<div class=\"mk-color-layer\"><\/div>\n\t\t<\/div>\n\t<\/div>\n\n\t\t\t<\/div>\n\n\t\t\t\n        <div class=\"page-section-content vc_row-fluid mk-grid\" >\n            <div class=\"mk-padding-wrapper wpb_row\">\n<div class=\"vc_col-sm-12 wpb_column column_container  jupiter-donut- _ jupiter-donut-height-full\">\n\t<\/div>\n<\/div>\n            <div class=\"clearboth\"><\/div>\n        <\/div>\n\n\n\t\t\t\n\t\t\t\n\t\t\t\n\t\t<div class=\"clearboth\"><\/div>\n\t<\/div>\n<\/div>\n<div class=\"vc_row-full-width vc_clearfix\"><\/div>\n\n\n<div  data-mk-stretch-content=\"true\" class=\"wpb_row vc_row vc_row-fluid jupiter-donut- mk-fullwidth-false  attched-false     js-master-row  mk-grid\">\n\t\t\t\t\n<div class=\"vc_col-sm-12 wpb_column column_container  jupiter-donut- _ jupiter-donut-height-full\">\n\t\n<div id=\"padding-4\" class=\"mk-padding-divider jupiter-donut-  jupiter-donut-clearfix\"><\/div>\n\n\t<div class=\"vc_custom_1670337227340\">\n\n<div id=\"text-block-5\" class=\"mk-text-block  jupiter-donut-\">\n\n\t\n\t<p><strong><span style=\"vertical-align: inherit; color: #509e2f;\">Enko Bamako Campus est accr\u00e9dit\u00e9 et autoris\u00e9 \u00e0 dispenser le programme du dipl\u00f4me de l&#039;IB par l&#039;Organisation du Baccalaur\u00e9at International (IBO).<\/span><\/strong><\/p>\n<p><span style=\"vertical-align: inherit;\">Le programme du dipl\u00f4me est la pr\u00e9paration id\u00e9ale pour l&#039;universit\u00e9, il permet de cr\u00e9er des apprenants ind\u00e9pendants qui ont confiance en eux. Le programme du dipl\u00f4me encourage un apprentissage vari\u00e9 et approfondi, les \u00e9l\u00e8ves apprennent ainsi \u00e0 analyser et \u00e0 \u00e9valuer les probl\u00e8mes, \u00e0 g\u00e9n\u00e9rer de nouvelles id\u00e9es et \u00e0 envisager de nouvelles perspectives. Il est dispens\u00e9 en 1\u00e8re et en Terminale et reconnu par plus de 2000 universit\u00e9s \u00e0 travers le monde, c&#039;est tout simplement un tremplin vers les meilleures universit\u00e9s du monde telles que le MIT aux \u00c9tats-Unis, ALU au Rwanda ou encore University of Toronto au Canada\u2026<\/span><\/p>\n<p><img decoding=\"async\" class=\"aligncenter\" src=\"https:\/\/enkoeducation.com\/bamako\/wp-content\/uploads\/sites\/25\/2021\/03\/ib-dp-fr.png\" \/><\/p>\n<p>&nbsp;<\/p>\n<p>&nbsp;<\/p>\n<p><img decoding=\"async\" class=\"aligncenter\" src=\"https:\/\/enkoeducation.com\/bamako\/wp-content\/uploads\/sites\/25\/2019\/11\/ib-world-school-logo-1-colour.png\" width=\"108\" height=\"106\" \/><\/p>\n\n\t<div class=\"clearboth\"><\/div>\n<\/div>\n\n\t<\/div>\n<\/div>\n\t<\/div>\n\n<div class=\"mk-page-section-wrapper\" data-mk-full-width=\"true\" data-mk-full-width-init=\"true\" data-mk-stretch-content=\"true\">\n\t<div id=\"page-section-6\" class=\"mk-page-section self-hosted   full_layout full-width-6 js-el js-master-row jupiter-donut-\"    data-intro-effect=\"false\">\n\n\t\t\t\n\t\t\t<div class=\"mk-page-section-inner\">\n\t\t\t\t\n\n\n<div class=\"mk-video-color-mask\"><\/div>\n\n\t\t\t\t\n\t\t\t\t\t\t\t<\/div>\n\n\t\t\t\n        <div class=\"page-section-content vc_row-fluid mk-grid\" >\n            <div class=\"mk-padding-wrapper wpb_row\"><\/div>\n            <div class=\"clearboth\"><\/div>\n        <\/div>\n\n\n\t\t\t\n\t\t\t\n\t\t\t\n\t\t<div class=\"clearboth\"><\/div>\n\t<\/div>\n<\/div>\n<div class=\"vc_row-full-width vc_clearfix\"><\/div>\n\n\n<div class=\"vc_col-sm-12 wpb_column column_container  jupiter-donut- _ jupiter-donut-height-full\">\n\t<\/div>\n\n<h2 id=\"fancy-title-8\" class=\"mk-fancy-title  simple-style jupiter-donut-  color-single\">\n\t<span>\n\t\t\t\t<p><span style=\"vertical-align: inherit;\"><span style=\"vertical-align: inherit;\">\u00c9tablissement autoris\u00e9 \u00e0 dispenser le programme du dipl\u00f4me de l&#039;IBDP.<\/span><\/span><\/p>\n\t\t\t<\/span>\n<\/h2>\n<div class=\"clearboth\"><\/div>\n\n\n\n\t<div class=\"vc_custom_1706181145908\">\n\n<div id=\"text-block-9\" class=\"mk-text-block  jupiter-donut-\">\n\n\t\n\t<p><span style=\"color: #509e2f;\"><span style=\"vertical-align: inherit;\"><span style=\"vertical-align: inherit;\"><span style=\"vertical-align: inherit;\"><span style=\"vertical-align: inherit;\"><span style=\"vertical-align: inherit;\"><span style=\"vertical-align: inherit;\"><span style=\"vertical-align: inherit;\"><span style=\"vertical-align: inherit;\">Campus La Diff\u00e9rence Enko Bamako\u00a0 \u00a0 \u00a0 \u00a0 \u00a0 \u00a0 \u00a0 \u00a0 \u00a0 \u00a0 \u00a0 \u00a0 \u00a0 \u00a0 \u00a0 \u00a0 \u00a0 \u00a0 \u00a0 \u00a0 \u00a0 \u00a0 \u00a0 \u00a0 \u00a0 \u00a0 \u00a0<\/span><\/span><\/span><\/span><\/span><\/span><\/span><\/span><\/span><\/p>\n<ul>\n<li><span style=\"vertical-align: inherit;\"><span style=\"vertical-align: inherit;\"><span style=\"vertical-align: inherit;\"><span style=\"vertical-align: inherit;\"><img fetchpriority=\"high\" decoding=\"async\" class=\"size-medium wp-image-1773 alignright\" src=\"https:\/\/enkoeducation.com\/bamako\/wp-content\/uploads\/sites\/25\/2024\/01\/unnamed-file-300x236.png\" alt=\"\" width=\"300\" height=\"236\" srcset=\"https:\/\/enkoeducation.com\/bamako\/wp-content\/uploads\/sites\/25\/2024\/01\/unnamed-file-300x236.png 300w, https:\/\/enkoeducation.com\/bamako\/wp-content\/uploads\/sites\/25\/2024\/01\/unnamed-file-1024x806.png 1024w, https:\/\/enkoeducation.com\/bamako\/wp-content\/uploads\/sites\/25\/2024\/01\/unnamed-file-768x605.png 768w, https:\/\/enkoeducation.com\/bamako\/wp-content\/uploads\/sites\/25\/2024\/01\/unnamed-file-1536x1209.png 1536w, https:\/\/enkoeducation.com\/bamako\/wp-content\/uploads\/sites\/25\/2024\/01\/unnamed-file-15x12.png 15w, https:\/\/enkoeducation.com\/bamako\/wp-content\/uploads\/sites\/25\/2024\/01\/unnamed-file-31x24.png 31w, https:\/\/enkoeducation.com\/bamako\/wp-content\/uploads\/sites\/25\/2024\/01\/unnamed-file.png 2048w\" sizes=\"(max-width: 300px) 100vw, 300px\" \/>Programme du Baccalaur\u00e9at International<\/span><\/span><\/span><\/span><\/li>\n<li><span style=\"vertical-align: inherit;\"><span style=\"vertical-align: inherit;\"><span style=\"vertical-align: inherit;\"><span style=\"vertical-align: inherit;\"><span style=\"vertical-align: inherit;\"><span style=\"vertical-align: inherit;\"><span style=\"vertical-align: inherit;\"><span style=\"vertical-align: inherit;\">Une \u00e9cole internationale africaine\u00a0 \u00a0 \u00a0 \u00a0 \u00a0 \u00a0 \u00a0 \u00a0 \u00a0 \u00a0 \u00a0 \u00a0 \u00a0 \u00a0 \u00a0 \u00a0 \u00a0 \u00a0 \u00a0 \u00a0 \u00a0 \u00a0 \u00a0 \u00a0 \u00a0 \u00a0<\/span><\/span><\/span><\/span><\/span><\/span><\/span><\/span><\/li>\n<li><span style=\"vertical-align: inherit;\"><span style=\"vertical-align: inherit;\"><span style=\"vertical-align: inherit;\"><span style=\"vertical-align: inherit;\"><span style=\"vertical-align: inherit;\"><span style=\"vertical-align: inherit;\"><span style=\"vertical-align: inherit;\"><span style=\"vertical-align: inherit;\">Une approche centrale sur l&#039;apprenant (24 \u00e9l\u00e8ves par classe)\u00a0 \u00a0 \u00a0 \u00a0 \u00a0 \u00a0 \u00a0 \u00a0 \u00a0 \u00a0 \u00a0 \u00a0 \u00a0 \u00a0 \u00a0 \u00a0 \u00a0 \u00a0 \u00a0 \u00a0\u00a0<\/span><\/span><\/span><\/span><\/span><\/span><\/span><\/span><\/li>\n<li><span style=\"vertical-align: inherit;\"><span style=\"vertical-align: inherit;\"><span style=\"vertical-align: inherit;\"><span style=\"vertical-align: inherit;\"><span style=\"vertical-align: inherit;\"><span style=\"vertical-align: inherit;\"><span style=\"vertical-align: inherit;\"><span style=\"vertical-align: inherit;\">Programme d&#039;orientation universitaire<\/span><\/span><\/span><\/span><\/span><\/span><\/span><\/span><\/li>\n<li><span style=\"vertical-align: inherit;\"><span style=\"vertical-align: inherit;\"><span style=\"vertical-align: inherit;\"><span style=\"vertical-align: inherit;\"><span style=\"vertical-align: inherit;\"><span style=\"vertical-align: inherit;\"><span style=\"vertical-align: inherit;\"><span style=\"vertical-align: inherit;\">Cours d&#039;anglais progressif : Nous dispensons 6h minimum de cours d&#039;anglais par classe et par semaine et tendons clairement vers le bilinguisme.\u00a0 \u00a0\u00a0<\/span><\/span><\/span><\/span><\/span><\/span><\/span><\/span><\/li>\n<li><span style=\"vertical-align: inherit;\"><span style=\"vertical-align: inherit;\"><span style=\"vertical-align: inherit;\"><span style=\"vertical-align: inherit;\"><span style=\"vertical-align: inherit;\"><span style=\"vertical-align: inherit;\"><span style=\"vertical-align: inherit;\"><span style=\"vertical-align: inherit;\">Un environnement d&#039;apprentissage optimal avec laboratoires, salle informatique, salles \u00e9quip\u00e9es de Wi-Fi.<\/span><\/span><\/span><\/span><\/span><\/span><\/span><\/span><\/li>\n<\/ul>\n<p>&nbsp;<\/p>\n<p>&nbsp;<\/p>\n<p>&nbsp;<\/p>\n<p style=\"text-align: center;\"><strong><span style=\"color: #509e2f;\"><span style=\"vertical-align: inherit;\"><span style=\"vertical-align: inherit;\">Mati\u00e8res distribu\u00e9es<\/span><\/span><\/span><\/strong><\/p>\n<p>&nbsp;<\/p>\n<p><img decoding=\"async\" class=\"aligncenter wp-image-964 size-medium\" src=\"https:\/\/enkoeducation.com\/bamako\/wp-content\/uploads\/sites\/25\/2020\/03\/ib-300x300.png\" alt=\"\" width=\"300\" height=\"300\" srcset=\"https:\/\/enkoeducation.com\/bamako\/wp-content\/uploads\/sites\/25\/2020\/03\/ib-300x300.png 300w, https:\/\/enkoeducation.com\/bamako\/wp-content\/uploads\/sites\/25\/2020\/03\/ib-150x150.png 150w, https:\/\/enkoeducation.com\/bamako\/wp-content\/uploads\/sites\/25\/2020\/03\/ib-768x768.png 768w, https:\/\/enkoeducation.com\/bamako\/wp-content\/uploads\/sites\/25\/2020\/03\/ib-1024x1024.png 1024w, https:\/\/enkoeducation.com\/bamako\/wp-content\/uploads\/sites\/25\/2020\/03\/ib-100x100.png 100w, https:\/\/enkoeducation.com\/bamako\/wp-content\/uploads\/sites\/25\/2020\/03\/ib-27x27.png 27w\" sizes=\"(max-width: 300px) 100vw, 300px\" \/><\/p>\n\n\t<div class=\"clearboth\"><\/div>\n<\/div>\n\n\t<\/div>\n\n<div id=\"padding-10\" class=\"mk-padding-divider jupiter-donut-  jupiter-donut-clearfix\"><\/div>\n\n\n<div id=\"padding-11\" class=\"mk-padding-divider jupiter-donut-  jupiter-donut-clearfix\"><\/div>\n\n\n<div class=\"vc_col-sm-12 wpb_column column_container  jupiter-donut- _ jupiter-donut-height-full\">\n\t<\/div>\n\n<\/section>","protected":false},"excerpt":{"rendered":"Enko Bamako Campus est accr\u00e9dit\u00e9 et autoris\u00e9 \u00e0 dispenser le programme du dipl\u00f4me de l&#039;IB par l&#039;Organisation du Baccalaur\u00e9at International (IBO). Le programme du dipl\u00f4me est la pr\u00e9paration id\u00e9ale pour l&#039;universit\u00e9, il permet de cr\u00e9er des apprenants ind\u00e9pendants qui ont confiance en eux. Le programme du dipl\u00f4me encourage un apprentissage vari\u00e9 et approfondi, les \u00e9l\u00e8ves [...]","protected":false},"author":1,"featured_media":0,"parent":0,"menu_order":0,"comment_status":"closed","ping_status":"closed","template":"","meta":{"footnotes":""},"class_list":["post-287","page","type-page","status-publish","hentry"],"yoast_head":"<!-- This site is optimized with the Yoast SEO Premium plugin v18.2.1 (Yoast SEO v23.2) - https:\/\/yoast.com\/wordpress\/plugins\/seo\/ -->\n<title>Curriculum - Enko Bamako<\/title>\n<meta name=\"robots\" content=\"index, follow, max-snippet:-1, max-image-preview:large, max-video-preview:-1\" \/>\n<link rel=\"canonical\" href=\"https:\/\/enkoeducation.com\/bamako\/fr\/curriculum\/\" \/>\n<meta property=\"og:locale\" content=\"fr_FR\" \/>\n<meta property=\"og:type\" content=\"article\" \/>\n<meta property=\"og:title\" content=\"Curriculum\" \/>\n<meta property=\"og:url\" content=\"https:\/\/enkoeducation.com\/bamako\/fr\/curriculum\/\" \/>\n<meta property=\"og:site_name\" content=\"Enko Bamako\" \/>\n<meta property=\"article:modified_time\" content=\"2024-07-17T12:50:23+00:00\" \/>\n<meta property=\"og:image\" content=\"https:\/\/enkoeducation.com\/bamako\/wp-content\/uploads\/sites\/25\/2021\/03\/ib-dp-fr.png\" \/>\n<meta name=\"twitter:card\" content=\"summary_large_image\" \/>\n<meta name=\"twitter:label1\" content=\"Dur\u00e9e de lecture estim\u00e9e\" \/>\n\t<meta name=\"twitter:data1\" content=\"2 minutes\" \/>\n<script type=\"application\/ld+json\" class=\"yoast-schema-graph\">{\"@context\":\"https:\/\/schema.org\",\"@graph\":[{\"@type\":\"WebPage\",\"@id\":\"https:\/\/enkoeducation.com\/bamako\/curriculum\/\",\"url\":\"https:\/\/enkoeducation.com\/bamako\/curriculum\/\",\"name\":\"Curriculum - Enko Bamako\",\"isPartOf\":{\"@id\":\"https:\/\/enkoeducation.com\/bamako\/#website\"},\"primaryImageOfPage\":{\"@id\":\"https:\/\/enkoeducation.com\/bamako\/curriculum\/#primaryimage\"},\"image\":{\"@id\":\"https:\/\/enkoeducation.com\/bamako\/curriculum\/#primaryimage\"},\"thumbnailUrl\":\"https:\/\/enkoeducation.com\/bamako\/wp-content\/uploads\/sites\/25\/2021\/03\/ib-dp-fr.png\",\"datePublished\":\"2018-01-22T13:23:59+00:00\",\"dateModified\":\"2024-07-17T12:50:23+00:00\",\"breadcrumb\":{\"@id\":\"https:\/\/enkoeducation.com\/bamako\/curriculum\/#breadcrumb\"},\"inLanguage\":\"fr-FR\",\"potentialAction\":[{\"@type\":\"ReadAction\",\"target\":[\"https:\/\/enkoeducation.com\/bamako\/curriculum\/\"]}]},{\"@type\":\"ImageObject\",\"inLanguage\":\"fr-FR\",\"@id\":\"https:\/\/enkoeducation.com\/bamako\/curriculum\/#primaryimage\",\"url\":\"https:\/\/enkoeducation.com\/bamako\/wp-content\/uploads\/sites\/25\/2021\/03\/ib-dp-fr.png\",\"contentUrl\":\"https:\/\/enkoeducation.com\/bamako\/wp-content\/uploads\/sites\/25\/2021\/03\/ib-dp-fr.png\"},{\"@type\":\"BreadcrumbList\",\"@id\":\"https:\/\/enkoeducation.com\/bamako\/curriculum\/#breadcrumb\",\"itemListElement\":[{\"@type\":\"ListItem\",\"position\":1,\"name\":\"Home\",\"item\":\"https:\/\/enkoeducation.com\/bamako\/\"},{\"@type\":\"ListItem\",\"position\":2,\"name\":\"Curriculum\"}]},{\"@type\":\"WebSite\",\"@id\":\"https:\/\/enkoeducation.com\/bamako\/#website\",\"url\":\"https:\/\/enkoeducation.com\/bamako\/\",\"name\":\"Enko Bamako\",\"description\":\"Just another Enko Education Sites site\",\"potentialAction\":[{\"@type\":\"SearchAction\",\"target\":{\"@type\":\"EntryPoint\",\"urlTemplate\":\"https:\/\/enkoeducation.com\/bamako\/?s={search_term_string}\"},\"query-input\":\"required name=search_term_string\"}],\"inLanguage\":\"fr-FR\"}]}<\/script>\n<!-- \/ Yoast SEO Premium plugin. -->","yoast_head_json":{"title":"Curriculum - Enko Bamako","robots":{"index":"index","follow":"follow","max-snippet":"max-snippet:-1","max-image-preview":"max-image-preview:large","max-video-preview":"max-video-preview:-1"},"canonical":"https:\/\/enkoeducation.com\/bamako\/fr\/curriculum\/","og_locale":"fr_FR","og_type":"article","og_title":"Curriculum","og_url":"https:\/\/enkoeducation.com\/bamako\/fr\/curriculum\/","og_site_name":"Enko Bamako","article_modified_time":"2024-07-17T12:50:23+00:00","og_image":[{"url":"https:\/\/enkoeducation.com\/bamako\/wp-content\/uploads\/sites\/25\/2021\/03\/ib-dp-fr.png"}],"twitter_card":"summary_large_image","twitter_misc":{"Dur\u00e9e de lecture estim\u00e9e":"2 minutes"},"schema":{"@context":"https:\/\/schema.org","@graph":[{"@type":"WebPage","@id":"https:\/\/enkoeducation.com\/bamako\/curriculum\/","url":"https:\/\/enkoeducation.com\/bamako\/curriculum\/","name":"Curriculum - Enko Bamako","isPartOf":{"@id":"https:\/\/enkoeducation.com\/bamako\/#website"},"primaryImageOfPage":{"@id":"https:\/\/enkoeducation.com\/bamako\/curriculum\/#primaryimage"},"image":{"@id":"https:\/\/enkoeducation.com\/bamako\/curriculum\/#primaryimage"},"thumbnailUrl":"https:\/\/enkoeducation.com\/bamako\/wp-content\/uploads\/sites\/25\/2021\/03\/ib-dp-fr.png","datePublished":"2018-01-22T13:23:59+00:00","dateModified":"2024-07-17T12:50:23+00:00","breadcrumb":{"@id":"https:\/\/enkoeducation.com\/bamako\/curriculum\/#breadcrumb"},"inLanguage":"fr-FR","potentialAction":[{"@type":"ReadAction","target":["https:\/\/enkoeducation.com\/bamako\/curriculum\/"]}]},{"@type":"ImageObject","inLanguage":"fr-FR","@id":"https:\/\/enkoeducation.com\/bamako\/curriculum\/#primaryimage","url":"https:\/\/enkoeducation.com\/bamako\/wp-content\/uploads\/sites\/25\/2021\/03\/ib-dp-fr.png","contentUrl":"https:\/\/enkoeducation.com\/bamako\/wp-content\/uploads\/sites\/25\/2021\/03\/ib-dp-fr.png"},{"@type":"BreadcrumbList","@id":"https:\/\/enkoeducation.com\/bamako\/curriculum\/#breadcrumb","itemListElement":[{"@type":"ListItem","position":1,"name":"Home","item":"https:\/\/enkoeducation.com\/bamako\/"},{"@type":"ListItem","position":2,"name":"Curriculum"}]},{"@type":"WebSite","@id":"https:\/\/enkoeducation.com\/bamako\/#website","url":"https:\/\/enkoeducation.com\/bamako\/","name":"Enko Bamako","description":"Just another Enko Education Sites site","potentialAction":[{"@type":"SearchAction","target":{"@type":"EntryPoint","urlTemplate":"https:\/\/enkoeducation.com\/bamako\/?s={search_term_string}"},"query-input":"required name=search_term_string"}],"inLanguage":"fr-FR"}]}},"_links":{"self":[{"href":"https:\/\/enkoeducation.com\/bamako\/fr\/wp-json\/wp\/v2\/pages\/287"}],"collection":[{"href":"https:\/\/enkoeducation.com\/bamako\/fr\/wp-json\/wp\/v2\/pages"}],"about":[{"href":"https:\/\/enkoeducation.com\/bamako\/fr\/wp-json\/wp\/v2\/types\/page"}],"author":[{"embeddable":true,"href":"https:\/\/enkoeducation.com\/bamako\/fr\/wp-json\/wp\/v2\/users\/1"}],"replies":[{"embeddable":true,"href":"https:\/\/enkoeducation.com\/bamako\/fr\/wp-json\/wp\/v2\/comments?post=287"}],"version-history":[{"count":47,"href":"https:\/\/enkoeducation.com\/bamako\/fr\/wp-json\/wp\/v2\/pages\/287\/revisions"}],"predecessor-version":[{"id":1522,"href":"https:\/\/enkoeducation.com\/bamako\/fr\/wp-json\/wp\/v2\/pages\/287\/revisions\/1522"}],"wp:attachment":[{"href":"https:\/\/enkoeducation.com\/bamako\/fr\/wp-json\/wp\/v2\/media?parent=287"}],"curies":[{"name":"wp","href":"https:\/\/api.w.org\/{rel}","templated":true}]}}