{"id":291,"date":"2018-01-22T13:24:39","date_gmt":"2018-01-22T13:24:39","guid":{"rendered":"http:\/\/165.227.224.6\/la-gaiete\/?page_id=291"},"modified":"2025-02-02T12:01:31","modified_gmt":"2025-02-02T12:01:31","slug":"practical-information","status":"publish","type":"page","link":"https:\/\/enkoeducation.com\/bamako\/fr\/practical-information\/","title":{"rendered":"Informations pratiques"},"content":{"rendered":"<section class=\"wpb-content-wrapper\">\n<div class=\"mk-page-section-wrapper\" data-mk-full-width=\"true\" data-mk-full-width-init=\"true\" data-mk-stretch-content=\"true\">\n\t<div id=\"page-section-1\" class=\"mk-page-section self-hosted   full_layout full-width-1 js-el js-master-row jupiter-donut-\"    data-intro-effect=\"false\">\n\n\t\t\t\n\t\t\t<div class=\"mk-page-section-inner\">\n\t\t\t\t\n\n\n<div style=\"background-color:#0a0a0a;opacity:0.3;\" class=\"mk-video-color-mask\"><\/div>\n\n\t\t\t\t\n\t\t\t\t\n\t\n\t<div class=\"background-layer-holder\">\n\t\t<div id=\"background-layer--1\" data-mk-lazyload=\"false\" class=\"background-layer mk-background-stretch darken-blend-effect js-el\"   data-blend=\"darken\" data-mk-img-set='{\"landscape\":{\"external\":\"https:\/\/enkoeducation.com\/bamako\/wp-content\/uploads\/sites\/25\/2024\/01\/en-19-1-scaled.jpg\"},\"responsive\":\"true\"}' >\n\t\t\t\t\t\t\t\t\t\t<div class=\"mk-blend-layer\"><\/div>\n\t\t\t\t\t\t<div class=\"mk-color-layer\"><\/div>\n\t\t<\/div>\n\t<\/div>\n\n\t\t\t<\/div>\n\n\t\t\t\n        <div class=\"page-section-content vc_row-fluid mk-grid fluid-width-equal-height-columns vertical-align-top\" >\n            <div class=\"mk-padding-wrapper wpb_row\">\n<div class=\"vc_col-sm-12 wpb_column column_container  jupiter-donut- _ jupiter-donut-height-full\">\n\t\n\n<div class=\"wpb_row vc_inner vc_row vc_row-fluid jupiter-donut-   attched-false\">\n\t\t\t<div class=\"wpb_column vc_column_container vc_col-sm-12\"><div class=\"vc_column-inner\"><div class=\"wpb_wrapper\"><\/div><\/div><\/div>\t<\/div>\n<\/div>\n<\/div>\n            <div class=\"clearboth\"><\/div>\n        <\/div>\n\n\n\t\t\t\n\t\t\t\n\t\t\t\n\t\t<div class=\"clearboth\"><\/div>\n\t<\/div>\n<\/div>\n<div class=\"vc_row-full-width vc_clearfix\"><\/div>\n\n\n<div  data-mk-stretch-content=\"true\" class=\"wpb_row vc_row vc_row-fluid jupiter-donut- mk-fullwidth-false  attched-false     js-master-row  mk-grid\">\n\t\t\t\t\n<div class=\"vc_col-sm-12 wpb_column column_container  jupiter-donut- _ jupiter-donut-height-full\">\n\t\n<div id=\"padding-4\" class=\"mk-padding-divider jupiter-donut-  jupiter-donut-clearfix\"><\/div>\n\n<\/div>\n\t<\/div>\n\n<div class=\"mk-page-section-wrapper\" data-mk-full-width=\"true\" data-mk-full-width-init=\"true\" data-mk-stretch-content=\"true\">\n\t<div id=\"page-section-5\" class=\"mk-page-section self-hosted   full_layout full-width-5 js-el js-master-row jupiter-donut-\"    data-intro-effect=\"false\">\n\n\t\t\t\n\t\t\t<div class=\"mk-page-section-inner\">\n\t\t\t\t\n\n\n<div class=\"mk-video-color-mask\"><\/div>\n\n\t\t\t\t\n\t\t\t\t\t\t\t<\/div>\n\n\t\t\t\n        <div class=\"page-section-content vc_row-fluid mk-grid\" >\n            <div class=\"mk-padding-wrapper wpb_row\">\n<div class=\"vc_col-sm-4 wpb_column column_container  jupiter-donut- _ jupiter-donut-height-full\">\n\t\n\t<div  class=\"wpb_single_image wpb_content_element vc_align_center\">\n\t\t\n\t\t<figure class=\"wpb_wrapper vc_figure\">\n\t\t\t<a href=\"https:\/\/enkoeducation.com\/bamako\/wp-content\/uploads\/sites\/25\/2018\/08\/book-list.pdf\" target=\"_blank\" class=\"vc_single_image-wrapper   vc_box_border_grey\"><img decoding=\"async\" width=\"137\" height=\"72\" src=\"https:\/\/enkoeducation.com\/bamako\/wp-content\/uploads\/sites\/25\/2018\/01\/uniform-icon.png\" class=\"vc_single_image-img attachment-full\" alt=\"\" title=\"ic\u00f4ne-uniforme\" srcset=\"https:\/\/enkoeducation.com\/bamako\/wp-content\/uploads\/sites\/25\/2018\/01\/uniform-icon.png 137w, https:\/\/enkoeducation.com\/bamako\/wp-content\/uploads\/sites\/25\/2018\/01\/uniform-icon-31x16.png 31w\" sizes=\"(max-width: 137px) 100vw, 137px\" itemprop=\"image\" \/><\/a>\n\t\t<\/figure>\n\t<\/div>\n\n<h2 id=\"fancy-title-7\" class=\"mk-fancy-title  simple-style jupiter-donut-  color-single\">\n\t<span>\n\t\t\t\t<p>Uniformes<\/p>\n\t\t\t<\/span>\n<\/h2>\n<div class=\"clearboth\"><\/div>\n\n\n\n\t<div class=\"vc_custom_1661525863698\">\n\n<div id=\"text-block-8\" class=\"mk-text-block  jupiter-donut-\">\n\n\t\n\t<p style=\"text-align: center\">Polo Gris : 10.000 XOF<\/p>\n<p style=\"text-align: center\">Polo Blanc : 10.000 XOF<\/p>\n<p style=\"text-align: center\">M\u00e8tre tissu fille\/gar\u00e7on : 8.000 XOF<\/p>\n\n\t<div class=\"clearboth\"><\/div>\n<\/div>\n\n\t<\/div>\n<\/div>\n\n<div class=\"vc_col-sm-4 wpb_column column_container  jupiter-donut- _ jupiter-donut-height-full\">\n\t\n\t<div  class=\"wpb_single_image wpb_content_element vc_align_center\">\n\t\t\n\t\t<figure class=\"wpb_wrapper vc_figure\">\n\t\t\t<a href=\"https:\/\/enkoeducation.com\/bamako\/wp-content\/uploads\/sites\/25\/2024\/09\/calendrier-2024-2025-v2.pdf\" target=\"_blank\" class=\"vc_single_image-wrapper   vc_box_border_grey\"><img decoding=\"async\" width=\"100\" height=\"100\" src=\"https:\/\/enkoeducation.com\/bamako\/wp-content\/uploads\/sites\/25\/2018\/08\/calendar-e1535615408506.png\" class=\"vc_single_image-img attachment-full\" alt=\"\" title=\"calendrier\" itemprop=\"image\" \/><\/a>\n\t\t<\/figure>\n\t<\/div>\n\n<h2 id=\"fancy-title-10\" class=\"mk-fancy-title  simple-style jupiter-donut-  color-single\">\n\t<span>\n\t\t\t\t<p><a href=\"https:\/\/enkoeducation.com\/bamako\/wp-content\/uploads\/sites\/25\/2024\/09\/calendrier-2024-2025-v2.pdf\"><span style=\"color: #509e2f\">Calendrier<\/span><\/a><\/p>\n\t\t\t<\/span>\n<\/h2>\n<div class=\"clearboth\"><\/div>\n\n\n\n\t<div class=\"vc_custom_1727183943150\">\n\n<div id=\"text-block-11\" class=\"mk-text-block  jupiter-donut-\">\n\n\t\n\t<p style=\"text-align: center\">Calendrier Scolaire 2024 \u2013 2025 disponible.<\/p>\n\n\t<div class=\"clearboth\"><\/div>\n<\/div>\n\n\t<\/div>\n<\/div>\n\n<div class=\"vc_col-sm-4 wpb_column column_container  jupiter-donut- _ jupiter-donut-height-full\">\n\t\n\t<div  class=\"wpb_single_image wpb_content_element vc_align_center\">\n\t\t\n\t\t<figure class=\"wpb_wrapper vc_figure\">\n\t\t\t<a href=\"https:\/\/enkoeducation.com\/bamako\/wp-content\/uploads\/sites\/25\/2024\/09\/liste-de-lensemble-des-fournitures-scolaire-2024-2025.pdf\" target=\"_blank\" class=\"vc_single_image-wrapper   vc_box_border_grey\"><img decoding=\"async\" width=\"126\" height=\"92\" src=\"https:\/\/enkoeducation.com\/bamako\/wp-content\/uploads\/sites\/25\/2018\/01\/press-release-icon.png\" class=\"vc_single_image-img attachment-full\" alt=\"\" title=\"ic\u00f4ne de communiqu\u00e9 de presse\" srcset=\"https:\/\/enkoeducation.com\/bamako\/wp-content\/uploads\/sites\/25\/2018\/01\/press-release-icon.png 126w, https:\/\/enkoeducation.com\/bamako\/wp-content\/uploads\/sites\/25\/2018\/01\/press-release-icon-31x23.png 31w\" sizes=\"(max-width: 126px) 100vw, 126px\" itemprop=\"image\" \/><\/a>\n\t\t<\/figure>\n\t<\/div>\n\n<h2 id=\"fancy-title-13\" class=\"mk-fancy-title  simple-style jupiter-donut-  color-single\">\n\t<span>\n\t\t\t\t<p><a href=\"https:\/\/enkoeducation.com\/bamako\/wp-content\/uploads\/sites\/25\/2024\/09\/liste-de-lensemble-des-fournitures-scolaire-2024-2025.pdf\"><span style=\"color: #509e2f\">Fournitures et manuels<\/span><\/a><\/p>\n\t\t\t<\/span>\n<\/h2>\n<div class=\"clearboth\"><\/div>\n\n\n\n\t<div class=\"vc_custom_1727184006710\">\n\n<div id=\"text-block-14\" class=\"mk-text-block  jupiter-donut-\">\n\n\t\n\t<p style=\"text-align: center\">Liste des fournitures scolaires 2024 \u2013 2025 disponible.<\/p>\n\n\t<div class=\"clearboth\"><\/div>\n<\/div>\n\n\t<\/div>\n<\/div>\n<\/div>\n            <div class=\"clearboth\"><\/div>\n        <\/div>\n\n\n\t\t\t\n\t\t\t\n\t\t\t\n\t\t<div class=\"clearboth\"><\/div>\n\t<\/div>\n<\/div>\n<div class=\"vc_row-full-width vc_clearfix\"><\/div>\n\n\n<div class=\"mk-page-section-wrapper\" data-mk-full-width=\"true\" data-mk-full-width-init=\"true\" data-mk-stretch-content=\"true\">\n\t<div id=\"page-section-15\" class=\"mk-page-section self-hosted   full_layout full-width-15 js-el js-master-row jupiter-donut-\"    data-intro-effect=\"false\">\n\n\t\t\t\n\t\t\t<div class=\"mk-page-section-inner\">\n\t\t\t\t\n\n\n<div class=\"mk-video-color-mask\"><\/div>\n\n\t\t\t\t\n\t\t\t\t\t\t\t<\/div>\n\n\t\t\t\n        <div class=\"page-section-content vc_row-fluid mk-grid\" >\n            <div class=\"mk-padding-wrapper wpb_row\">\n<div class=\"vc_col-sm-4 wpb_column column_container  jupiter-donut- _ jupiter-donut-height-full\">\n\t\n\t<div  class=\"wpb_single_image wpb_content_element vc_align_center\">\n\t\t\n\t\t<figure class=\"wpb_wrapper vc_figure\">\n\t\t\t<div class=\"vc_single_image-wrapper   vc_box_border_grey\"><img loading=\"lazy\" decoding=\"async\" width=\"72\" height=\"88\" src=\"https:\/\/enkoeducation.com\/bamako\/wp-content\/uploads\/sites\/25\/2018\/01\/musicnote.png\" class=\"vc_single_image-img attachment-full\" alt=\"\" title=\"note de musique\" srcset=\"https:\/\/enkoeducation.com\/bamako\/wp-content\/uploads\/sites\/25\/2018\/01\/musicnote.png 72w, https:\/\/enkoeducation.com\/bamako\/wp-content\/uploads\/sites\/25\/2018\/01\/musicnote-22x27.png 22w\" sizes=\"(max-width: 72px) 100vw, 72px\" itemprop=\"image\" \/><\/div>\n\t\t<\/figure>\n\t<\/div>\n\n<h2 id=\"fancy-title-17\" class=\"mk-fancy-title  simple-style jupiter-donut-  color-single\">\n\t<span>\n\t\t\t\t<p style=\"text-align: center\">Activit\u00e9s extrascolaires<\/p>\n\t\t\t<\/span>\n<\/h2>\n<div class=\"clearboth\"><\/div>\n\n\n\n\t<div class=\"vc_custom_1727175782120\">\n\n<div id=\"text-block-18\" class=\"mk-text-block  jupiter-donut-\">\n\n\t\n\t<p style=\"text-align: center\">Sorties p\u00e9dagogiques (mus\u00e9es, visites de sites touristiques, centres de recherche\u2026)<\/p>\n<p style=\"text-align: center\">Voyages scolaires<\/p>\n<p style=\"text-align: center\">TOEFL<\/p>\n<p style=\"text-align: center\">Musique<\/p>\n<p style=\"text-align: center\">Basket-ball<\/p>\n<p style=\"text-align: center\">D\u00e9bats citoyens<\/p>\n<p style=\"text-align: center\">Conf\u00e9rences<\/p>\n\n\t<div class=\"clearboth\"><\/div>\n<\/div>\n\n\t<\/div>\n<div class=\"vc_btn3-container vc_btn3-inline\" ><a class=\"vc_general vc_btn3 vc_btn3-size-md vc_btn3-shape-round vc_btn3-style-3d vc_btn3-color-green\" href=\"https:\/\/enkoeducation.com\/bamako\/wp-content\/uploads\/sites\/25\/2025\/01\/eca-booklet-enko-bamako.pdf\" title=\"\" target=\"_blank\">Programme Extra-curriculaire 2024-2025<\/a><\/div><\/div>\n\n<div class=\"vc_col-sm-4 wpb_column column_container  jupiter-donut- _ jupiter-donut-height-full\">\n\t\n\t<div  class=\"wpb_single_image wpb_content_element vc_align_center\">\n\t\t\n\t\t<figure class=\"wpb_wrapper vc_figure\">\n\t\t\t<div class=\"vc_single_image-wrapper   vc_box_border_grey\"><img loading=\"lazy\" decoding=\"async\" width=\"88\" height=\"88\" src=\"https:\/\/enkoeducation.com\/bamako\/wp-content\/uploads\/sites\/25\/2018\/01\/soccerball.png\" class=\"vc_single_image-img attachment-full\" alt=\"\" title=\"ballon de football\" srcset=\"https:\/\/enkoeducation.com\/bamako\/wp-content\/uploads\/sites\/25\/2018\/01\/soccerball.png 88w, https:\/\/enkoeducation.com\/bamako\/wp-content\/uploads\/sites\/25\/2018\/01\/soccerball-80x80.png 80w, https:\/\/enkoeducation.com\/bamako\/wp-content\/uploads\/sites\/25\/2018\/01\/soccerball-1024x1024.png 1024w, https:\/\/enkoeducation.com\/bamako\/wp-content\/uploads\/sites\/25\/2018\/01\/soccerball-300x300.png 300w\" sizes=\"(max-width: 88px) 100vw, 88px\" itemprop=\"image\" \/><\/div>\n\t\t<\/figure>\n\t<\/div>\n\n<h2 id=\"fancy-title-20\" class=\"mk-fancy-title  simple-style jupiter-donut-  color-single\">\n\t<span>\n\t\t\t\t<p style=\"text-align: center\">Sportif<\/p>\n\t\t\t<\/span>\n<\/h2>\n<div class=\"clearboth\"><\/div>\n\n\n\n\t<div class=\"vc_custom_1618506507323\">\n\n<div id=\"text-block-21\" class=\"mk-text-block  jupiter-donut-\">\n\n\t\n\t<p style=\"text-align: center\">Gymnastique<\/p>\n<p style=\"text-align: center\">Endurance<\/p>\n<p style=\"text-align: center\">Basket-ball<\/p>\n<p style=\"text-align: center\">Football<\/p>\n\n\t<div class=\"clearboth\"><\/div>\n<\/div>\n\n\t<\/div>\n<\/div>\n\n<div class=\"vc_col-sm-4 wpb_column column_container  jupiter-donut- _ jupiter-donut-height-full\">\n\t\n\t<div  class=\"wpb_single_image wpb_content_element vc_align_center\">\n\t\t\n\t\t<figure class=\"wpb_wrapper vc_figure\">\n\t\t\t<div class=\"vc_single_image-wrapper   vc_box_border_grey\"><img loading=\"lazy\" decoding=\"async\" width=\"150\" height=\"150\" src=\"https:\/\/enkoeducation.com\/bamako\/wp-content\/uploads\/sites\/25\/2021\/04\/cuttlery-150x150.png\" class=\"vc_single_image-img attachment-thumbnail\" alt=\"\" title=\"couverts\" srcset=\"https:\/\/enkoeducation.com\/bamako\/wp-content\/uploads\/sites\/25\/2021\/04\/cuttlery-150x150.png 150w, https:\/\/enkoeducation.com\/bamako\/wp-content\/uploads\/sites\/25\/2021\/04\/cuttlery-300x300.png 300w, https:\/\/enkoeducation.com\/bamako\/wp-content\/uploads\/sites\/25\/2021\/04\/cuttlery-1024x1024.png 1024w, https:\/\/enkoeducation.com\/bamako\/wp-content\/uploads\/sites\/25\/2021\/04\/cuttlery-768x768.png 768w, https:\/\/enkoeducation.com\/bamako\/wp-content\/uploads\/sites\/25\/2021\/04\/cuttlery-100x100.png 100w, https:\/\/enkoeducation.com\/bamako\/wp-content\/uploads\/sites\/25\/2021\/04\/cuttlery.png 1182w\" sizes=\"(max-width: 150px) 100vw, 150px\" itemprop=\"image\" \/><\/div>\n\t\t<\/figure>\n\t<\/div>\n\n<h2 id=\"fancy-title-23\" class=\"mk-fancy-title  simple-style jupiter-donut-  color-single\">\n\t<span>\n\t\t\t\t<p style=\"text-align: center\">Cantine<\/p>\n\t\t\t<\/span>\n<\/h2>\n<div class=\"clearboth\"><\/div>\n\n\n\n\t<div class=\"vc_custom_1738497685306\">\n\n<div id=\"text-block-24\" class=\"mk-text-block  jupiter-donut-\">\n\n\t\n\t<p style=\"text-align: center\"><span style=\"vertical-align: inherit\"><span style=\"vertical-align: inherit\"><span style=\"vertical-align: inherit\"><span style=\"vertical-align: inherit\">Cantine\u00a0<\/span><\/span><\/span><\/span><\/p>\n<p style=\"text-align: center\">Carte : 10.000 XOF paiement unique<\/p>\n<p style=\"text-align: center\"><span style=\"vertical-align: inherit\"><span style=\"vertical-align: inherit\"><span style=\"vertical-align: inherit\"><span style=\"vertical-align: inherit\">Tarif : 32.000 XOF<\/span><\/span><\/span><\/span><\/p>\n<p style=\"text-align: center\"><span style=\"vertical-align: inherit\"><span style=\"vertical-align: inherit\"><span style=\"vertical-align: inherit\"><span style=\"vertical-align: inherit\">Paiement mensuel, trimestriel ou annuel.<\/span><\/span><\/span><\/span><\/p>\n<p style=\"text-align: center\"><span style=\"vertical-align: inherit\"><span style=\"vertical-align: inherit\"><span style=\"vertical-align: inherit\"><span style=\"vertical-align: inherit\">En collaboration avec un traiteur sp\u00e9cialis\u00e9 dans la restauration, nous pratiquons un syst\u00e8me de menu avec entr\u00e9e + plat + dessert.<\/span><\/span><\/span><\/span><\/p>\n<p style=\"text-align: center\"><span style=\"vertical-align: inherit\"><span style=\"vertical-align: inherit\"><span style=\"vertical-align: inherit\"><span style=\"vertical-align: inherit\">Ci-dessous le d\u00e9licieux menu de la semaine.<\/span><\/span><\/span><\/span><\/p>\n<p>&nbsp;<\/p>\n<p><img loading=\"lazy\" decoding=\"async\" class=\"alignnone size-medium wp-image-2054 aligncenter\" src=\"https:\/\/enkoeducation.com\/bamako\/wp-content\/uploads\/sites\/25\/2025\/02\/02022025-300x225.png\" alt=\"\" width=\"300\" height=\"225\" srcset=\"https:\/\/enkoeducation.com\/bamako\/wp-content\/uploads\/sites\/25\/2025\/02\/02022025-300x225.png 300w, https:\/\/enkoeducation.com\/bamako\/wp-content\/uploads\/sites\/25\/2025\/02\/02022025-768x576.png 768w, https:\/\/enkoeducation.com\/bamako\/wp-content\/uploads\/sites\/25\/2025\/02\/02022025-16x12.png 16w, https:\/\/enkoeducation.com\/bamako\/wp-content\/uploads\/sites\/25\/2025\/02\/02022025-600x450.png 600w, https:\/\/enkoeducation.com\/bamako\/wp-content\/uploads\/sites\/25\/2025\/02\/02022025-31x23.png 31w, https:\/\/enkoeducation.com\/bamako\/wp-content\/uploads\/sites\/25\/2025\/02\/02022025.png 990w\" sizes=\"(max-width: 300px) 100vw, 300px\" \/><\/p>\n\n\t<div class=\"clearboth\"><\/div>\n<\/div>\n\n\t<\/div>\n<\/div>\n<\/div>\n            <div class=\"clearboth\"><\/div>\n        <\/div>\n\n\n\t\t\t\n\t\t\t\n\t\t\t\n\t\t<div class=\"clearboth\"><\/div>\n\t<\/div>\n<\/div>\n<div class=\"vc_row-full-width vc_clearfix\"><\/div>\n\n<section class=\"vc_section\"><\/section>\n<\/section>","protected":false},"excerpt":{"rendered":"Uniformes Polo Gris : 10.000 XOF Polo Blanc : 10.000 XOF M\u00e8tre tissu fille\/gar\u00e7on : 8.000 XOF Calendrier Calendrier Scolaire 2024 - 2025 disponible. Fournitures &amp; Manuels Liste des fournitures scolaires 2024 - 2025 disponible. Activit\u00e9s extrascolaires Sorties p\u00e9dagogiques (mus\u00e9es, visites de sites touristiques, centres de recherche\u2026) Voyages scolaires TOEFL Musique Basket-ball D\u00e9bats citoyens Conf\u00e9rences [...]","protected":false},"author":1,"featured_media":0,"parent":0,"menu_order":0,"comment_status":"closed","ping_status":"closed","template":"","meta":{"footnotes":""},"class_list":["post-291","page","type-page","status-publish","hentry"],"yoast_head":"<!-- This site is optimized with the Yoast SEO Premium plugin v18.2.1 (Yoast SEO v23.2) - https:\/\/yoast.com\/wordpress\/plugins\/seo\/ -->\n<title>Informations Pratiques - Enko Bamako<\/title>\n<meta name=\"robots\" content=\"index, follow, max-snippet:-1, max-image-preview:large, max-video-preview:-1\" \/>\n<link rel=\"canonical\" href=\"https:\/\/enkoeducation.com\/bamako\/fr\/practical-information\/\" \/>\n<meta property=\"og:locale\" content=\"fr_FR\" \/>\n<meta property=\"og:type\" content=\"article\" \/>\n<meta property=\"og:title\" content=\"Informations Pratiques\" \/>\n<meta property=\"og:url\" content=\"https:\/\/enkoeducation.com\/bamako\/fr\/practical-information\/\" \/>\n<meta property=\"og:site_name\" content=\"Enko Bamako\" \/>\n<meta property=\"article:modified_time\" content=\"2025-02-02T12:01:31+00:00\" \/>\n<meta property=\"og:image\" content=\"https:\/\/enkoeducation.com\/bamako\/wp-content\/uploads\/sites\/25\/2025\/02\/02022025-300x225.png\" \/>\n<meta name=\"twitter:card\" content=\"summary_large_image\" \/>\n<meta name=\"twitter:label1\" content=\"Dur\u00e9e de lecture estim\u00e9e\" \/>\n\t<meta name=\"twitter:data1\" content=\"3 minutes\" \/>\n<script type=\"application\/ld+json\" class=\"yoast-schema-graph\">{\"@context\":\"https:\/\/schema.org\",\"@graph\":[{\"@type\":\"WebPage\",\"@id\":\"https:\/\/enkoeducation.com\/bamako\/practical-information\/\",\"url\":\"https:\/\/enkoeducation.com\/bamako\/practical-information\/\",\"name\":\"Informations Pratiques - Enko Bamako\",\"isPartOf\":{\"@id\":\"https:\/\/enkoeducation.com\/bamako\/#website\"},\"primaryImageOfPage\":{\"@id\":\"https:\/\/enkoeducation.com\/bamako\/practical-information\/#primaryimage\"},\"image\":{\"@id\":\"https:\/\/enkoeducation.com\/bamako\/practical-information\/#primaryimage\"},\"thumbnailUrl\":\"https:\/\/enkoeducation.com\/bamako\/wp-content\/uploads\/sites\/25\/2025\/02\/02022025-300x225.png\",\"datePublished\":\"2018-01-22T13:24:39+00:00\",\"dateModified\":\"2025-02-02T12:01:31+00:00\",\"breadcrumb\":{\"@id\":\"https:\/\/enkoeducation.com\/bamako\/practical-information\/#breadcrumb\"},\"inLanguage\":\"fr-FR\",\"potentialAction\":[{\"@type\":\"ReadAction\",\"target\":[\"https:\/\/enkoeducation.com\/bamako\/practical-information\/\"]}]},{\"@type\":\"ImageObject\",\"inLanguage\":\"fr-FR\",\"@id\":\"https:\/\/enkoeducation.com\/bamako\/practical-information\/#primaryimage\",\"url\":\"https:\/\/enkoeducation.com\/bamako\/wp-content\/uploads\/sites\/25\/2025\/02\/02022025-300x225.png\",\"contentUrl\":\"https:\/\/enkoeducation.com\/bamako\/wp-content\/uploads\/sites\/25\/2025\/02\/02022025-300x225.png\"},{\"@type\":\"BreadcrumbList\",\"@id\":\"https:\/\/enkoeducation.com\/bamako\/practical-information\/#breadcrumb\",\"itemListElement\":[{\"@type\":\"ListItem\",\"position\":1,\"name\":\"Home\",\"item\":\"https:\/\/enkoeducation.com\/bamako\/\"},{\"@type\":\"ListItem\",\"position\":2,\"name\":\"Informations Pratiques\"}]},{\"@type\":\"WebSite\",\"@id\":\"https:\/\/enkoeducation.com\/bamako\/#website\",\"url\":\"https:\/\/enkoeducation.com\/bamako\/\",\"name\":\"Enko Bamako\",\"description\":\"Just another Enko Education Sites site\",\"potentialAction\":[{\"@type\":\"SearchAction\",\"target\":{\"@type\":\"EntryPoint\",\"urlTemplate\":\"https:\/\/enkoeducation.com\/bamako\/?s={search_term_string}\"},\"query-input\":\"required name=search_term_string\"}],\"inLanguage\":\"fr-FR\"}]}<\/script>\n<!-- \/ Yoast SEO Premium plugin. -->","yoast_head_json":{"title":"Informations Pratiques - Enko Bamako","robots":{"index":"index","follow":"follow","max-snippet":"max-snippet:-1","max-image-preview":"max-image-preview:large","max-video-preview":"max-video-preview:-1"},"canonical":"https:\/\/enkoeducation.com\/bamako\/fr\/practical-information\/","og_locale":"fr_FR","og_type":"article","og_title":"Informations Pratiques","og_url":"https:\/\/enkoeducation.com\/bamako\/fr\/practical-information\/","og_site_name":"Enko Bamako","article_modified_time":"2025-02-02T12:01:31+00:00","og_image":[{"url":"https:\/\/enkoeducation.com\/bamako\/wp-content\/uploads\/sites\/25\/2025\/02\/02022025-300x225.png"}],"twitter_card":"summary_large_image","twitter_misc":{"Dur\u00e9e de lecture estim\u00e9e":"3 minutes"},"schema":{"@context":"https:\/\/schema.org","@graph":[{"@type":"WebPage","@id":"https:\/\/enkoeducation.com\/bamako\/practical-information\/","url":"https:\/\/enkoeducation.com\/bamako\/practical-information\/","name":"Informations Pratiques - Enko Bamako","isPartOf":{"@id":"https:\/\/enkoeducation.com\/bamako\/#website"},"primaryImageOfPage":{"@id":"https:\/\/enkoeducation.com\/bamako\/practical-information\/#primaryimage"},"image":{"@id":"https:\/\/enkoeducation.com\/bamako\/practical-information\/#primaryimage"},"thumbnailUrl":"https:\/\/enkoeducation.com\/bamako\/wp-content\/uploads\/sites\/25\/2025\/02\/02022025-300x225.png","datePublished":"2018-01-22T13:24:39+00:00","dateModified":"2025-02-02T12:01:31+00:00","breadcrumb":{"@id":"https:\/\/enkoeducation.com\/bamako\/practical-information\/#breadcrumb"},"inLanguage":"fr-FR","potentialAction":[{"@type":"ReadAction","target":["https:\/\/enkoeducation.com\/bamako\/practical-information\/"]}]},{"@type":"ImageObject","inLanguage":"fr-FR","@id":"https:\/\/enkoeducation.com\/bamako\/practical-information\/#primaryimage","url":"https:\/\/enkoeducation.com\/bamako\/wp-content\/uploads\/sites\/25\/2025\/02\/02022025-300x225.png","contentUrl":"https:\/\/enkoeducation.com\/bamako\/wp-content\/uploads\/sites\/25\/2025\/02\/02022025-300x225.png"},{"@type":"BreadcrumbList","@id":"https:\/\/enkoeducation.com\/bamako\/practical-information\/#breadcrumb","itemListElement":[{"@type":"ListItem","position":1,"name":"Home","item":"https:\/\/enkoeducation.com\/bamako\/"},{"@type":"ListItem","position":2,"name":"Informations Pratiques"}]},{"@type":"WebSite","@id":"https:\/\/enkoeducation.com\/bamako\/#website","url":"https:\/\/enkoeducation.com\/bamako\/","name":"Enko Bamako","description":"Just another Enko Education Sites site","potentialAction":[{"@type":"SearchAction","target":{"@type":"EntryPoint","urlTemplate":"https:\/\/enkoeducation.com\/bamako\/?s={search_term_string}"},"query-input":"required name=search_term_string"}],"inLanguage":"fr-FR"}]}},"_links":{"self":[{"href":"https:\/\/enkoeducation.com\/bamako\/fr\/wp-json\/wp\/v2\/pages\/291"}],"collection":[{"href":"https:\/\/enkoeducation.com\/bamako\/fr\/wp-json\/wp\/v2\/pages"}],"about":[{"href":"https:\/\/enkoeducation.com\/bamako\/fr\/wp-json\/wp\/v2\/types\/page"}],"author":[{"embeddable":true,"href":"https:\/\/enkoeducation.com\/bamako\/fr\/wp-json\/wp\/v2\/users\/1"}],"replies":[{"embeddable":true,"href":"https:\/\/enkoeducation.com\/bamako\/fr\/wp-json\/wp\/v2\/comments?post=291"}],"version-history":[{"count":122,"href":"https:\/\/enkoeducation.com\/bamako\/fr\/wp-json\/wp\/v2\/pages\/291\/revisions"}],"predecessor-version":[{"id":2055,"href":"https:\/\/enkoeducation.com\/bamako\/fr\/wp-json\/wp\/v2\/pages\/291\/revisions\/2055"}],"wp:attachment":[{"href":"https:\/\/enkoeducation.com\/bamako\/fr\/wp-json\/wp\/v2\/media?parent=291"}],"curies":[{"name":"wp","href":"https:\/\/api.w.org\/{rel}","templated":true}]}}