{"id":249,"date":"2017-02-22T10:00:49","date_gmt":"2017-02-22T10:00:49","guid":{"rendered":"http:\/\/biandel.com\/osogoa\/?page_id=5"},"modified":"2024-08-20T15:38:07","modified_gmt":"2024-08-20T15:38:07","slug":"home","status":"publish","type":"page","link":"https:\/\/enkoeducation.com\/bonanjo\/fr\/","title":{"rendered":"Maison"},"content":{"rendered":"<section class=\"wpb-content-wrapper\">\n<div class=\"mk-page-section-wrapper\" data-mk-full-width=\"true\" data-mk-full-width-init=\"true\" data-mk-stretch-content=\"true\">\n\t<div id=\"page-section-1\" class=\"mk-page-section self-hosted   full_layout full-width-1 js-el js-master-row jupiter-donut-\"    data-intro-effect=\"false\">\n\n\t\t\t\n\t\t\t<div class=\"mk-page-section-inner\">\n\t\t\t\t\n\n\n<div style=\"background-color:#0a0a0a;opacity:0.3;\" class=\"mk-video-color-mask\"><\/div>\n\n\t\t\t\t\n\t\t\t\t\n\t\n\t<div class=\"background-layer-holder\">\n\t\t<div id=\"background-layer--1\" data-mk-lazyload=\"false\" class=\"background-layer mk-background-stretch darken-blend-effect js-el\"   data-blend=\"darken\" data-mk-img-set='{\"landscape\":{\"external\":\"https:\/\/enkoeducation.com\/bonanjo\/wp-content\/uploads\/sites\/18\/2020\/05\/img_20191209_074027_537.jpg\"},\"responsive\":\"true\"}' >\n\t\t\t\t\t\t\t\t\t\t<div class=\"mk-blend-layer\"><\/div>\n\t\t\t\t\t\t<div class=\"mk-color-layer\"><\/div>\n\t\t<\/div>\n\t<\/div>\n\n\t\t\t<\/div>\n\n\t\t\t\n        <div class=\"page-section-content vc_row-fluid mk-grid\" >\n            <div class=\"mk-padding-wrapper wpb_row\">\n<div class=\"vc_col-sm-12 wpb_column column_container  jupiter-donut- _ jupiter-donut-height-full\">\n\t\n\n<div class=\"wpb_row vc_inner vc_row vc_row-fluid jupiter-donut-   attched-false\">\n\t\t\t<div class=\"wpb_column vc_column_container vc_col-sm-12\"><div class=\"vc_column-inner\"><div class=\"wpb_wrapper\"><\/div><\/div><\/div>\t<\/div>\n<\/div>\n<\/div>\n            <div class=\"clearboth\"><\/div>\n        <\/div>\n\n\n\t\t\t\n\t\t\t\n\t\t\t\n\t\t<div class=\"clearboth\"><\/div>\n\t<\/div>\n<\/div>\n<div class=\"vc_row-full-width vc_clearfix\"><\/div>\n\n\n<div  data-mk-stretch-content=\"true\" class=\"wpb_row vc_row vc_row-fluid jupiter-donut- mk-fullwidth-false  attched-false    vc_custom_1516613498951  js-master-row  mk-grid\">\n\t\t\t\t\n<div class=\"vc_col-sm-12 wpb_column column_container  jupiter-donut- _ jupiter-donut-height-full\">\n\t\n<div id=\"padding-4\" class=\"mk-padding-divider jupiter-donut-  jupiter-donut-clearfix\"><\/div>\n\n<\/div>\n\t<\/div>\n\n<div  data-mk-stretch-content=\"true\" class=\"wpb_row vc_row vc_row-fluid jupiter-donut- mk-fullwidth-false  attched-false    vc_custom_1516613498951  js-master-row  mk-grid\">\n\t\t\t\t\n<div class=\"vc_col-sm-12 wpb_column column_container  jupiter-donut- _ jupiter-donut-height-full\">\n\t\n<div id=\"padding-6\" class=\"mk-padding-divider jupiter-donut-  jupiter-donut-clearfix\"><\/div>\n\n\n<h2 id=\"fancy-title-7\" class=\"mk-fancy-title  simple-style jupiter-donut-  color-single\">\n\t<span>\n\t\t\t\t<p>Message de bienvenue du directeur des \u00e9coles du pays<\/p>\n\t\t\t<\/span>\n<\/h2>\n<div class=\"clearboth\"><\/div>\n\n\n\n\t<div class=\"vc_custom_1697542490239\">\n\n<div id=\"text-block-8\" class=\"mk-text-block  jupiter-donut-\">\n\n\t\n\t<p><img fetchpriority=\"high\" decoding=\"async\" class=\"wp-image-1727 size-full alignleft\" src=\"https:\/\/enkoeducation.com\/bonanjo\/wp-content\/uploads\/sites\/18\/2023\/09\/vincent-f-3x3-1.png\" alt=\"vincent thierry adam\" width=\"300\" height=\"300\" srcset=\"https:\/\/enkoeducation.com\/bonanjo\/wp-content\/uploads\/sites\/18\/2023\/09\/vincent-f-3x3-1.png 300w, https:\/\/enkoeducation.com\/bonanjo\/wp-content\/uploads\/sites\/18\/2023\/09\/vincent-f-3x3-1-150x150.png 150w, https:\/\/enkoeducation.com\/bonanjo\/wp-content\/uploads\/sites\/18\/2023\/09\/vincent-f-3x3-1-12x12.png 12w, https:\/\/enkoeducation.com\/bonanjo\/wp-content\/uploads\/sites\/18\/2023\/09\/vincent-f-3x3-1-100x100.png 100w, https:\/\/enkoeducation.com\/bonanjo\/wp-content\/uploads\/sites\/18\/2023\/09\/vincent-f-3x3-1-27x27.png 27w\" sizes=\"(max-width: 300px) 100vw, 300px\" \/><\/p>\n<p><span style=\"font-size: 13.5pt;\">Chers parents, tuteurs et futures familles,<\/span><\/p>\n<p><span style=\"font-size: 13.5pt;\">C&#039;est avec une grande joie que je vous souhaite la bienvenue aux Ecoles Enko du Cameroun qui se composent de l&#039;Ecole Secondaire Enko La Gaiet\u00e9, premi\u00e8re \u00e9cole du r\u00e9seau des \u00e9coles Enko Education, de l&#039;Ecole Enko Bonanjo, deuxi\u00e8me \u00e9cole du r\u00e9seau des \u00e9coles Enko Education, et de l&#039;Ecole Primaire Enko La Gaiet\u00e9, premi\u00e8re \u00e9cole primaire du r\u00e9seau des \u00e9coles Enko Education,<\/span><\/p>\n<p><span style=\"font-size: 13.5pt;\">Nous sommes fiers d&#039;\u00eatre l&#039;une des principales \u00e9coles du Cameroun \u00e0 proposer une \u00e9ducation internationale de qualit\u00e9 de la maternelle \u00e0 la terminale. Notre enseignement et notre apprentissage sont guid\u00e9s par les programmes des examens internationaux de Cambridge et du programme du dipl\u00f4me du baccalaur\u00e9at international. Comme nous souhaitons pr\u00e9parer les apprenants \u00e0 des \u00e9tudes dans les meilleures universit\u00e9s du monde, nous consid\u00e9rons la combinaison du Cambridge Lower Secondary et du Cambridge Upper Secondary comme une base solide pour le Programme du dipl\u00f4me du baccalaur\u00e9at international (IBDP). L&#039;IBDP est tenu en haute estime par les meilleures universit\u00e9s du monde.<\/span><\/p>\n<p><span style=\"font-size: 13.5pt;\">Venez rejoindre une \u00e9cole qui place l\u2019\u00e9l\u00e8ve au centre de l\u2019enseignement et de l\u2019apprentissage.<\/span><\/p>\n<p>&nbsp;<\/p>\n<p><strong><span style=\"font-size: 13.0pt; color: #8a1538;\">Vincent Thierry Adam<\/span><\/strong><br \/>\n<strong><span style=\"font-size: 12.0pt; color: black;\">Directeur des Ecoles Nationales, Enko Education, Cameroun.<\/span><\/strong><\/p>\n\n\t<div class=\"clearboth\"><\/div>\n<\/div>\n\n\t<\/div>\n\n<div id=\"padding-9\" class=\"mk-padding-divider jupiter-donut-  jupiter-donut-clearfix\"><\/div>\n\n\n<h2 id=\"fancy-title-10\" class=\"mk-fancy-title  simple-style jupiter-donut-  color-single\">\n\t<span>\n\t\t\t\t<p>L&#039;\u00e9cole<\/p>\n\t\t\t<\/span>\n<\/h2>\n<div class=\"clearboth\"><\/div>\n\n\n\n\t<div class=\"vc_custom_1712230445887\">\n\n<div id=\"text-block-11\" class=\"mk-text-block  jupiter-donut-\">\n\n\t\n\t<p><img decoding=\"async\" class=\"size-full wp-image-651 alignleft\" src=\"https:\/\/enkoeducation.com\/new-bonanjo\/wp-content\/uploads\/sites\/18\/2018\/07\/school.png\" alt=\"\" width=\"251\" height=\"251\" srcset=\"https:\/\/enkoeducation.com\/bonanjo\/wp-content\/uploads\/sites\/18\/2018\/07\/school.png 251w, https:\/\/enkoeducation.com\/bonanjo\/wp-content\/uploads\/sites\/18\/2018\/07\/school-150x150.png 150w, https:\/\/enkoeducation.com\/bonanjo\/wp-content\/uploads\/sites\/18\/2018\/07\/school-100x100.png 100w, https:\/\/enkoeducation.com\/bonanjo\/wp-content\/uploads\/sites\/18\/2018\/07\/school-27x27.png 27w, https:\/\/enkoeducation.com\/bonanjo\/wp-content\/uploads\/sites\/18\/2018\/07\/school-300x300.png 300w\" sizes=\"(max-width: 251px) 100vw, 251px\" \/><\/p>\n<p>&nbsp;<\/p>\n<p>&nbsp;<\/p>\n<p>&nbsp;<\/p>\n<p>&nbsp;<\/p>\n<p>&nbsp;<\/p>\n<p>&nbsp;<\/p>\n<p>Bienvenue \u00e0<strong> \u00c9cole internationale Enko Bonanjo<\/strong>.<\/p>\n<p>Notre \u00e9cole a ouvert ses portes en septembre 2016 \u00e0 Douala, dans le district de Bonanjo. Notre objectif, \u00e0 travers l&#039;enseignement secondaire en anglais dans un cadre multiculturel, est de d\u00e9mocratiser une \u00e9ducation abordable et de qualit\u00e9 en Afrique subsaharienne et de fournir \u00e0 nos jeunes \u00e9tudiants ambitieux au Cameroun une rampe de lancement vers les meilleures universit\u00e9s du monde.<\/p>\n<p>\u00c0 cette fin, nous disposons d\u2019une main-d\u2019\u0153uvre hautement qualifi\u00e9e et d\u00e9vou\u00e9e, form\u00e9e pour dispenser des programmes d\u2019\u00e9tudes internationaux actualis\u00e9s visant \u00e0 former des citoyens du monde \u00e9quilibr\u00e9s qui apporteront des contributions positives \u00e0 leurs communaut\u00e9s dans un monde en constante \u00e9volution.<\/p>\n\n\t<div class=\"clearboth\"><\/div>\n<\/div>\n\n\t<\/div>\n\n<div id=\"padding-12\" class=\"mk-padding-divider jupiter-donut-  jupiter-donut-clearfix\"><\/div>\n\n<\/div>\n\t<\/div>\n\n<div class=\"mk-page-section-wrapper\" data-mk-full-width=\"true\" data-mk-full-width-init=\"true\" data-mk-stretch-content=\"true\">\n\t<div id=\"page-section-13\" class=\"mk-page-section self-hosted   full_layout full-width-13 js-el js-master-row jupiter-donut-\"    data-intro-effect=\"false\">\n\n\t\t\t\n\t\t\t<div class=\"mk-page-section-inner\">\n\t\t\t\t\n\n\n<div class=\"mk-video-color-mask\"><\/div>\n\n\t\t\t\t\n\t\t\t\t\t\t\t<\/div>\n\n\t\t\t\n        <div class=\"page-section-content vc_row-fluid mk-grid\" >\n            <div class=\"mk-padding-wrapper wpb_row\">\n<div class=\"vc_col-sm-12 wpb_column column_container  jupiter-donut- _ jupiter-donut-height-full\">\n\t\n\n<div class=\"wpb_row vc_inner vc_row vc_row-fluid jupiter-donut-   attched-false   vc_custom_1532518407131\">\n\t\t\t<div class=\"wpb_column vc_column_container vc_col-sm-3\"><div class=\"vc_column-inner\"><div class=\"wpb_wrapper\"><div  class=\"mk-image mk-image-15 jupiter-donut-  mk-image-lazyload align-center simple-frame inside-image\" style=\"margin-bottom:10px\"><div class=\"mk-image-container\" style=\"max-width: 53px;\"><div  class=\"mk-image-holder\" style=\"max-width: 53px;\"><div class=\"mk-image-inner\"><img decoding=\"async\" class=\"lightbox-false\" alt=\"Home\" title=\"Maison\" width=\"53\" height=\"56\" src=\"https:\/\/enkoeducation.com\/new-bonanjo\/wp-content\/uploads\/sites\/18\/2018\/01\/case_icon.png\" \/><\/div><\/div><div class=\"clearboth\"><\/div><\/div><\/div>\n<h2 id=\"fancy-title-16\" class=\"mk-fancy-title  simple-style jupiter-donut-  color-single\">\n\t<span>\n\t\t\t\t<p>Ouvert en 2016<\/p>\n\t\t\t<\/span>\n<\/h2>\n<div class=\"clearboth\"><\/div>\n\n\n\n<\/div><\/div><\/div><div class=\"wpb_column vc_column_container vc_col-sm-3\"><div class=\"vc_column-inner\"><div class=\"wpb_wrapper\"><div  class=\"mk-image mk-image-17 jupiter-donut-  mk-image-lazyload align-center simple-frame inside-image\" style=\"margin-bottom:10px\"><div class=\"mk-image-container\" style=\"max-width: 51px;\"><div  class=\"mk-image-holder\" style=\"max-width: 51px;\"><div class=\"mk-image-inner\"><img loading=\"lazy\" decoding=\"async\" class=\"lightbox-false\" alt=\"Home\" title=\"Maison\" width=\"51\" height=\"45\" src=\"https:\/\/enkoeducation.com\/new-bonanjo\/wp-content\/uploads\/sites\/18\/2018\/01\/year_icon.png\" \/><\/div><\/div><div class=\"clearboth\"><\/div><\/div><\/div>\n<h2 id=\"fancy-title-18\" class=\"mk-fancy-title  simple-style jupiter-donut-  color-single\">\n\t<span>\n\t\t\t\t<p>Baccalaur\u00e9at international<\/p>\n\t\t\t<\/span>\n<\/h2>\n<div class=\"clearboth\"><\/div>\n\n\n\n\n<h2 id=\"fancy-title-19\" class=\"mk-fancy-title  simple-style jupiter-donut-  color-single\">\n\t<span>\n\t\t\t\t<p>Ecole du Monde depuis 2017<\/p>\n\t\t\t<\/span>\n<\/h2>\n<div class=\"clearboth\"><\/div>\n\n\n\n<\/div><\/div><\/div><div class=\"wpb_column vc_column_container vc_col-sm-3\"><div class=\"vc_column-inner\"><div class=\"wpb_wrapper\"><div  class=\"mk-image mk-image-20 jupiter-donut-  mk-image-lazyload align-center simple-frame inside-image\" style=\"margin-bottom:10px\"><div class=\"mk-image-container\" style=\"max-width: 56px;\"><div  class=\"mk-image-holder\" style=\"max-width: 56px;\"><div class=\"mk-image-inner\"><img loading=\"lazy\" decoding=\"async\" class=\"lightbox-false\" alt=\"Home\" title=\"Maison\" width=\"56\" height=\"48\" src=\"https:\/\/enkoeducation.com\/new-bonanjo\/wp-content\/uploads\/sites\/18\/2018\/01\/hat_icon.png\" \/><\/div><\/div><div class=\"clearboth\"><\/div><\/div><\/div>\n<h2 id=\"fancy-title-21\" class=\"mk-fancy-title  simple-style jupiter-donut-  color-single\">\n\t<span>\n\t\t\t\t<p>De la 1\u00e8re \u00e0 la 6\u00e8me sup\u00e9rieure<\/p>\n\t\t\t<\/span>\n<\/h2>\n<div class=\"clearboth\"><\/div>\n\n\n\n<\/div><\/div><\/div><div class=\"wpb_column vc_column_container vc_col-sm-3\"><div class=\"vc_column-inner\"><div class=\"wpb_wrapper\"><div  class=\"mk-image mk-image-22 jupiter-donut-  mk-image-lazyload align-center simple-frame inside-image\" style=\"margin-bottom:10px\"><div class=\"mk-image-container\" style=\"max-width: 56px;\"><div  class=\"mk-image-holder\" style=\"max-width: 56px;\"><div class=\"mk-image-inner\"><img loading=\"lazy\" decoding=\"async\" class=\"lightbox-false\" alt=\"Home\" title=\"Maison\" width=\"56\" height=\"56\" src=\"https:\/\/enkoeducation.com\/new-bonanjo\/wp-content\/uploads\/sites\/18\/2018\/07\/booksonshelf-1-1-e1531384867518.png\" \/><\/div><\/div><div class=\"clearboth\"><\/div><\/div><\/div>\n<h2 id=\"fancy-title-23\" class=\"mk-fancy-title  simple-style jupiter-donut-  color-single\">\n\t<span>\n\t\t\t\t<p>Programme de d\u00e9veloppement professionnel<\/p>\n\t\t\t<\/span>\n<\/h2>\n<div class=\"clearboth\"><\/div>\n\n\n\n\n<h2 id=\"fancy-title-24\" class=\"mk-fancy-title  simple-style jupiter-donut-  color-single\">\n\t<span>\n\t\t\t\t<p>Pour nos enseignants<\/p>\n\t\t\t<\/span>\n<\/h2>\n<div class=\"clearboth\"><\/div>\n\n\n\n<\/div><\/div><\/div>\t<\/div>\n<\/div>\n<\/div>\n            <div class=\"clearboth\"><\/div>\n        <\/div>\n\n\n\t\t\t\n\t\t\t\n\t\t\t\n\t\t<div class=\"clearboth\"><\/div>\n\t<\/div>\n<\/div>\n<div class=\"vc_row-full-width vc_clearfix\"><\/div>\n\n\n<div class=\"mk-page-section-wrapper\" data-mk-full-width=\"true\" data-mk-full-width-init=\"true\" data-mk-stretch-content=\"true\">\n\t<div id=\"page-section-25\" class=\"mk-page-section self-hosted   full_layout full-width-25 js-el js-master-row jupiter-donut-\"    data-intro-effect=\"false\">\n\n\t\t\t\n\t\t\t<div class=\"mk-page-section-inner\">\n\t\t\t\t\n\n\n<div class=\"mk-video-color-mask\"><\/div>\n\n\t\t\t\t\n\t\t\t\t\t\t\t<\/div>\n\n\t\t\t\n        <div class=\"page-section-content vc_row-fluid mk-grid\" >\n            <div class=\"mk-padding-wrapper wpb_row\">\n<div class=\"vc_col-sm-12 wpb_column column_container  jupiter-donut- _ jupiter-donut-height-full\">\n\t\n\n<div class=\"wpb_row vc_inner vc_row vc_row-fluid jupiter-donut-   attched-false   vc_custom_1516629025801\">\n\t\t\t<div class=\"wpb_column vc_column_container vc_col-sm-4\"><div class=\"vc_column-inner\"><div class=\"wpb_wrapper\"><div  class=\"mk-image mk-image-27 jupiter-donut-  mk-image-lazyload align-center simple-frame inside-image\" style=\"margin-bottom:10px\"><div class=\"mk-image-container\" style=\"max-width: 56px;\"><div  class=\"mk-image-holder\" style=\"max-width: 56px;\"><div class=\"mk-image-inner\"><img loading=\"lazy\" decoding=\"async\" class=\"lightbox-false\" alt=\"Home\" title=\"Maison\" width=\"56\" height=\"45\" src=\"https:\/\/enkoeducation.com\/new-bonanjo\/wp-content\/uploads\/sites\/18\/2018\/01\/trophy_icon.png\" \/><\/div><\/div><div class=\"clearboth\"><\/div><\/div><\/div>\n<div id=\"mk-button-28\" class=\"mk-button-container _ jupiter-donut-relative    jupiter-donut-block jupiter-donut-text-center\">\n\n\t\n\t\t<a href=\"https:\/\/enkoeducation.com\/bonanjo\/fr\/curriculum\/\" target=\"_self\" class=\"mk-button js-smooth-scroll mk-button--dimension-flat mk-button--size-large mk-button--corner-full_rounded text-color-light _ jupiter-donut-relative jupiter-donut-text-center jupiter-donut-font-weight-700 jupiter-donut-no-backface  jupiter-donut-letter-spacing-2 jupiter-donut-inline-block\"><span class=\"mk-button--text\">PROGRAMME D&#039;\u00c9TUDES<\/span><\/a>\n\n\t\n<\/div>\n<\/div><\/div><\/div><div class=\"wpb_column vc_column_container vc_col-sm-4\"><div class=\"vc_column-inner\"><div class=\"wpb_wrapper\"><div  class=\"mk-image mk-image-29 jupiter-donut-  mk-image-lazyload align-center simple-frame inside-image\" style=\"margin-bottom:10px\"><div class=\"mk-image-container\" style=\"max-width: 56px;\"><div  class=\"mk-image-holder\" style=\"max-width: 56px;\"><div class=\"mk-image-inner\"><img loading=\"lazy\" decoding=\"async\" class=\"lightbox-false\" alt=\"Home\" title=\"Maison\" width=\"56\" height=\"50\" src=\"https:\/\/enkoeducation.com\/new-bonanjo\/wp-content\/uploads\/sites\/18\/2018\/01\/envelope_icon.png\" \/><\/div><\/div><div class=\"clearboth\"><\/div><\/div><\/div>\n<div id=\"mk-button-30\" class=\"mk-button-container _ jupiter-donut-relative    jupiter-donut-block jupiter-donut-text-center\">\n\n\t\n\t\t<a href=\"https:\/\/enkoeducation.com\/bonanjo\/fr\/admission\/\" target=\"_self\" class=\"mk-button js-smooth-scroll mk-button--dimension-flat mk-button--size-large mk-button--corner-full_rounded text-color-light _ jupiter-donut-relative jupiter-donut-text-center jupiter-donut-font-weight-700 jupiter-donut-no-backface  jupiter-donut-letter-spacing-2 jupiter-donut-inline-block\"><span class=\"mk-button--text\">ADMISSION<\/span><\/a>\n\n\t\n<\/div>\n<\/div><\/div><\/div><div class=\"wpb_column vc_column_container vc_col-sm-4\"><div class=\"vc_column-inner\"><div class=\"wpb_wrapper\"><div  class=\"mk-image mk-image-31 jupiter-donut-  mk-image-lazyload align-center simple-frame inside-image\" style=\"margin-bottom:10px\"><div class=\"mk-image-container\" style=\"max-width: 28px;\"><div  class=\"mk-image-holder\" style=\"max-width: 28px;\"><div class=\"mk-image-inner\"><img loading=\"lazy\" decoding=\"async\" class=\"lightbox-false\" alt=\"Home\" title=\"Maison\" width=\"28\" height=\"56\" src=\"https:\/\/enkoeducation.com\/new-bonanjo\/wp-content\/uploads\/sites\/18\/2018\/01\/phone_icon.png\" \/><\/div><\/div><div class=\"clearboth\"><\/div><\/div><\/div>\n<div id=\"mk-button-32\" class=\"mk-button-container _ jupiter-donut-relative    jupiter-donut-block jupiter-donut-text-center\">\n\n\t\n\t\t<a href=\"https:\/\/enkoeducation.com\/bonanjo\/fr\/contact\/\" target=\"_self\" class=\"mk-button js-smooth-scroll mk-button--dimension-flat mk-button--size-large mk-button--corner-full_rounded text-color-light _ jupiter-donut-relative jupiter-donut-text-center jupiter-donut-font-weight-700 jupiter-donut-no-backface  jupiter-donut-letter-spacing-2 jupiter-donut-inline-block\"><span class=\"mk-button--text\">CONTACT<\/span><\/a>\n\n\t\n<\/div>\n<\/div><\/div><\/div>\t<\/div>\n<\/div>\n<\/div>\n            <div class=\"clearboth\"><\/div>\n        <\/div>\n\n\n\t\t\t\n\t\t\t\n\t\t\t\n\t\t<div class=\"clearboth\"><\/div>\n\t<\/div>\n<\/div>\n<div class=\"vc_row-full-width vc_clearfix\"><\/div>\n\n\n<div  data-mk-stretch-content=\"true\" class=\"wpb_row vc_row vc_row-fluid jupiter-donut- mk-fullwidth-false  attched-false     js-master-row  mk-grid\">\n\t\t\t\t\n<div class=\"vc_col-sm-12 wpb_column column_container  jupiter-donut- _ jupiter-donut-height-full\">\n\t<\/div>\n\t<\/div>\n\n<\/section>","protected":false},"excerpt":{"rendered":"Message de bienvenue du Directeur des \u00c9coles du Pays Chers Parents, Tuteurs et Futures Familles, C&#039;est avec une grande joie que je vous souhaite la bienvenue aux \u00c9coles Enko du Cameroun qui se composent de l&#039;\u00c9cole Secondaire Enko La Gaiet\u00e9, la premi\u00e8re \u00e9cole du r\u00e9seau des \u00e9coles Enko Education, Enko Bonanjo, la deuxi\u00e8me \u00e9cole du r\u00e9seau Enko Education [...]","protected":false},"author":1,"featured_media":0,"parent":0,"menu_order":0,"comment_status":"closed","ping_status":"closed","template":"","meta":{"footnotes":""},"class_list":["post-249","page","type-page","status-publish","hentry"],"yoast_head":"<!-- This site is optimized with the Yoast SEO Premium plugin v18.2.1 (Yoast SEO v23.2) - https:\/\/yoast.com\/wordpress\/plugins\/seo\/ -->\n<title>Home - Enko Bonanjo International School<\/title>\n<meta name=\"robots\" content=\"index, follow, max-snippet:-1, max-image-preview:large, max-video-preview:-1\" \/>\n<link rel=\"canonical\" href=\"https:\/\/enkoeducation.com\/bonanjo\/fr\/\" \/>\n<meta property=\"og:locale\" content=\"fr_FR\" \/>\n<meta property=\"og:type\" content=\"article\" \/>\n<meta property=\"og:title\" content=\"Home\" \/>\n<meta property=\"og:url\" content=\"https:\/\/enkoeducation.com\/bonanjo\/fr\/\" \/>\n<meta property=\"og:site_name\" content=\"Enko Bonanjo International School\" \/>\n<meta property=\"article:modified_time\" content=\"2024-08-20T15:38:07+00:00\" \/>\n<meta property=\"og:image\" content=\"https:\/\/enkoeducation.com\/bonanjo\/wp-content\/uploads\/sites\/18\/2023\/09\/vincent-f-3x3-1.png\" \/>\n<meta name=\"twitter:card\" content=\"summary_large_image\" \/>\n<meta name=\"twitter:label1\" content=\"Dur\u00e9e de lecture estim\u00e9e\" \/>\n\t<meta name=\"twitter:data1\" content=\"3 minutes\" \/>\n<script type=\"application\/ld+json\" class=\"yoast-schema-graph\">{\"@context\":\"https:\/\/schema.org\",\"@graph\":[{\"@type\":\"WebPage\",\"@id\":\"https:\/\/enkoeducation.com\/bonanjo\/\",\"url\":\"https:\/\/enkoeducation.com\/bonanjo\/\",\"name\":\"Home - Enko Bonanjo International School\",\"isPartOf\":{\"@id\":\"https:\/\/enkoeducation.com\/bonanjo\/#website\"},\"primaryImageOfPage\":{\"@id\":\"https:\/\/enkoeducation.com\/bonanjo\/#primaryimage\"},\"image\":{\"@id\":\"https:\/\/enkoeducation.com\/bonanjo\/#primaryimage\"},\"thumbnailUrl\":\"https:\/\/enkoeducation.com\/bonanjo\/wp-content\/uploads\/sites\/18\/2023\/09\/vincent-f-3x3-1.png\",\"datePublished\":\"2017-02-22T10:00:49+00:00\",\"dateModified\":\"2024-08-20T15:38:07+00:00\",\"breadcrumb\":{\"@id\":\"https:\/\/enkoeducation.com\/bonanjo\/#breadcrumb\"},\"inLanguage\":\"fr-FR\",\"potentialAction\":[{\"@type\":\"ReadAction\",\"target\":[\"https:\/\/enkoeducation.com\/bonanjo\/\"]}]},{\"@type\":\"ImageObject\",\"inLanguage\":\"fr-FR\",\"@id\":\"https:\/\/enkoeducation.com\/bonanjo\/#primaryimage\",\"url\":\"https:\/\/enkoeducation.com\/bonanjo\/wp-content\/uploads\/sites\/18\/2023\/09\/vincent-f-3x3-1.png\",\"contentUrl\":\"https:\/\/enkoeducation.com\/bonanjo\/wp-content\/uploads\/sites\/18\/2023\/09\/vincent-f-3x3-1.png\"},{\"@type\":\"BreadcrumbList\",\"@id\":\"https:\/\/enkoeducation.com\/bonanjo\/#breadcrumb\",\"itemListElement\":[{\"@type\":\"ListItem\",\"position\":1,\"name\":\"Home\",\"item\":\"https:\/\/enkoeducation.com\/bonanjo\/\"},{\"@type\":\"ListItem\",\"position\":2,\"name\":\"Home\"}]},{\"@type\":\"WebSite\",\"@id\":\"https:\/\/enkoeducation.com\/bonanjo\/#website\",\"url\":\"https:\/\/enkoeducation.com\/bonanjo\/\",\"name\":\"Enko Bonanjo International School\",\"description\":\"Just another Enko Education Sites site\",\"potentialAction\":[{\"@type\":\"SearchAction\",\"target\":{\"@type\":\"EntryPoint\",\"urlTemplate\":\"https:\/\/enkoeducation.com\/bonanjo\/?s={search_term_string}\"},\"query-input\":\"required name=search_term_string\"}],\"inLanguage\":\"fr-FR\"}]}<\/script>\n<!-- \/ Yoast SEO Premium plugin. -->","yoast_head_json":{"title":"Home - Enko Bonanjo International School","robots":{"index":"index","follow":"follow","max-snippet":"max-snippet:-1","max-image-preview":"max-image-preview:large","max-video-preview":"max-video-preview:-1"},"canonical":"https:\/\/enkoeducation.com\/bonanjo\/fr\/","og_locale":"fr_FR","og_type":"article","og_title":"Home","og_url":"https:\/\/enkoeducation.com\/bonanjo\/fr\/","og_site_name":"Enko Bonanjo International School","article_modified_time":"2024-08-20T15:38:07+00:00","og_image":[{"url":"https:\/\/enkoeducation.com\/bonanjo\/wp-content\/uploads\/sites\/18\/2023\/09\/vincent-f-3x3-1.png"}],"twitter_card":"summary_large_image","twitter_misc":{"Dur\u00e9e de lecture estim\u00e9e":"3 minutes"},"schema":{"@context":"https:\/\/schema.org","@graph":[{"@type":"WebPage","@id":"https:\/\/enkoeducation.com\/bonanjo\/","url":"https:\/\/enkoeducation.com\/bonanjo\/","name":"Home - Enko Bonanjo International School","isPartOf":{"@id":"https:\/\/enkoeducation.com\/bonanjo\/#website"},"primaryImageOfPage":{"@id":"https:\/\/enkoeducation.com\/bonanjo\/#primaryimage"},"image":{"@id":"https:\/\/enkoeducation.com\/bonanjo\/#primaryimage"},"thumbnailUrl":"https:\/\/enkoeducation.com\/bonanjo\/wp-content\/uploads\/sites\/18\/2023\/09\/vincent-f-3x3-1.png","datePublished":"2017-02-22T10:00:49+00:00","dateModified":"2024-08-20T15:38:07+00:00","breadcrumb":{"@id":"https:\/\/enkoeducation.com\/bonanjo\/#breadcrumb"},"inLanguage":"fr-FR","potentialAction":[{"@type":"ReadAction","target":["https:\/\/enkoeducation.com\/bonanjo\/"]}]},{"@type":"ImageObject","inLanguage":"fr-FR","@id":"https:\/\/enkoeducation.com\/bonanjo\/#primaryimage","url":"https:\/\/enkoeducation.com\/bonanjo\/wp-content\/uploads\/sites\/18\/2023\/09\/vincent-f-3x3-1.png","contentUrl":"https:\/\/enkoeducation.com\/bonanjo\/wp-content\/uploads\/sites\/18\/2023\/09\/vincent-f-3x3-1.png"},{"@type":"BreadcrumbList","@id":"https:\/\/enkoeducation.com\/bonanjo\/#breadcrumb","itemListElement":[{"@type":"ListItem","position":1,"name":"Home","item":"https:\/\/enkoeducation.com\/bonanjo\/"},{"@type":"ListItem","position":2,"name":"Home"}]},{"@type":"WebSite","@id":"https:\/\/enkoeducation.com\/bonanjo\/#website","url":"https:\/\/enkoeducation.com\/bonanjo\/","name":"Enko Bonanjo International School","description":"Just another Enko Education Sites site","potentialAction":[{"@type":"SearchAction","target":{"@type":"EntryPoint","urlTemplate":"https:\/\/enkoeducation.com\/bonanjo\/?s={search_term_string}"},"query-input":"required name=search_term_string"}],"inLanguage":"fr-FR"}]}},"_links":{"self":[{"href":"https:\/\/enkoeducation.com\/bonanjo\/fr\/wp-json\/wp\/v2\/pages\/249"}],"collection":[{"href":"https:\/\/enkoeducation.com\/bonanjo\/fr\/wp-json\/wp\/v2\/pages"}],"about":[{"href":"https:\/\/enkoeducation.com\/bonanjo\/fr\/wp-json\/wp\/v2\/types\/page"}],"author":[{"embeddable":true,"href":"https:\/\/enkoeducation.com\/bonanjo\/fr\/wp-json\/wp\/v2\/users\/1"}],"replies":[{"embeddable":true,"href":"https:\/\/enkoeducation.com\/bonanjo\/fr\/wp-json\/wp\/v2\/comments?post=249"}],"version-history":[{"count":152,"href":"https:\/\/enkoeducation.com\/bonanjo\/fr\/wp-json\/wp\/v2\/pages\/249\/revisions"}],"predecessor-version":[{"id":727,"href":"https:\/\/enkoeducation.com\/bonanjo\/fr\/wp-json\/wp\/v2\/pages\/249\/revisions\/727"}],"wp:attachment":[{"href":"https:\/\/enkoeducation.com\/bonanjo\/fr\/wp-json\/wp\/v2\/media?parent=249"}],"curies":[{"name":"wp","href":"https:\/\/api.w.org\/{rel}","templated":true}]}}