{"id":291,"date":"2018-01-22T13:24:39","date_gmt":"2018-01-22T13:24:39","guid":{"rendered":"http:\/\/165.227.224.6\/la-gaiete\/?page_id=291"},"modified":"2021-02-23T12:27:54","modified_gmt":"2021-02-23T12:27:54","slug":"practical-information","status":"publish","type":"page","link":"https:\/\/enkoeducation.com\/bonanjo\/fr\/practical-information\/","title":{"rendered":"Informations pratiques"},"content":{"rendered":"<section class=\"wpb-content-wrapper\">\n<div class=\"mk-page-section-wrapper\" data-mk-full-width=\"true\" data-mk-full-width-init=\"true\" data-mk-stretch-content=\"true\">\n\t<div id=\"page-section-1\" class=\"mk-page-section self-hosted   full_layout full-width-1 js-el js-master-row jupiter-donut-\"    data-intro-effect=\"false\">\n\n\t\t\t\n\t\t\t<div class=\"mk-page-section-inner\">\n\t\t\t\t\n\n\n<div style=\"background-color:#0a0a0a;opacity:0.3;\" class=\"mk-video-color-mask\"><\/div>\n\n\t\t\t\t\n\t\t\t\t\n\t\n\t<div class=\"background-layer-holder\">\n\t\t<div id=\"background-layer--1\" data-mk-lazyload=\"false\" class=\"background-layer mk-background-stretch darken-blend-effect js-el\"   data-blend=\"darken\" data-mk-img-set='{\"landscape\":{\"external\":\"https:\/\/enkoeducation.com\/bonanjo\/wp-content\/uploads\/sites\/18\/2021\/02\/zeb_0075-scaled.jpg\"},\"responsive\":\"true\"}' >\n\t\t\t\t\t\t\t\t\t\t<div class=\"mk-blend-layer\"><\/div>\n\t\t\t\t\t\t<div class=\"mk-color-layer\"><\/div>\n\t\t<\/div>\n\t<\/div>\n\n\t\t\t<\/div>\n\n\t\t\t\n        <div class=\"page-section-content vc_row-fluid mk-grid\" >\n            <div class=\"mk-padding-wrapper wpb_row\">\n<div class=\"vc_col-sm-12 wpb_column column_container  jupiter-donut- _ jupiter-donut-height-full\">\n\t\n\n<div class=\"wpb_row vc_inner vc_row vc_row-fluid jupiter-donut-   attched-false\">\n\t\t\t<div class=\"wpb_column vc_column_container vc_col-sm-12\"><div class=\"vc_column-inner\"><div class=\"wpb_wrapper\"><\/div><\/div><\/div>\t<\/div>\n<\/div>\n<\/div>\n            <div class=\"clearboth\"><\/div>\n        <\/div>\n\n\n\t\t\t\n\t\t\t\n\t\t\t\n\t\t<div class=\"clearboth\"><\/div>\n\t<\/div>\n<\/div>\n<div class=\"vc_row-full-width vc_clearfix\"><\/div>\n\n\n<div  data-mk-stretch-content=\"true\" class=\"wpb_row vc_row vc_row-fluid jupiter-donut- mk-fullwidth-false  attched-false     js-master-row  mk-grid\">\n\t\t\t\t\n<div class=\"vc_col-sm-12 wpb_column column_container  jupiter-donut- _ jupiter-donut-height-full\">\n\t\n<div id=\"padding-4\" class=\"mk-padding-divider jupiter-donut-  jupiter-donut-clearfix\"><\/div>\n\n<\/div>\n\t<\/div>\n\n<div class=\"mk-page-section-wrapper\" data-mk-full-width=\"true\" data-mk-full-width-init=\"true\" data-mk-stretch-content=\"true\">\n\t<div id=\"page-section-5\" class=\"mk-page-section self-hosted   full_layout full-width-5 js-el js-master-row jupiter-donut-\"    data-intro-effect=\"false\">\n\n\t\t\t\n\t\t\t<div class=\"mk-page-section-inner\">\n\t\t\t\t\n\n\n<div class=\"mk-video-color-mask\"><\/div>\n\n\t\t\t\t\n\t\t\t\t\t\t\t<\/div>\n\n\t\t\t\n        <div class=\"page-section-content vc_row-fluid mk-grid\" >\n            <div class=\"mk-padding-wrapper wpb_row\">\n<div class=\"vc_col-sm-3 wpb_column column_container  jupiter-donut- _ jupiter-donut-height-full\">\n\t\n\t<div  class=\"wpb_single_image wpb_content_element vc_align_center\">\n\t\t\n\t\t<figure class=\"wpb_wrapper vc_figure\">\n\t\t\t<div class=\"vc_single_image-wrapper   vc_box_border_grey\"><img decoding=\"async\" width=\"137\" height=\"72\" src=\"https:\/\/enkoeducation.com\/bonanjo\/wp-content\/uploads\/sites\/18\/2018\/01\/uniform-icon.png\" class=\"vc_single_image-img attachment-full\" alt=\"\" title=\"ic\u00f4ne-uniforme\" srcset=\"https:\/\/enkoeducation.com\/bonanjo\/wp-content\/uploads\/sites\/18\/2018\/01\/uniform-icon.png 137w, https:\/\/enkoeducation.com\/bonanjo\/wp-content\/uploads\/sites\/18\/2018\/01\/uniform-icon-31x16.png 31w\" sizes=\"(max-width: 137px) 100vw, 137px\" itemprop=\"image\" \/><\/div>\n\t\t<\/figure>\n\t<\/div>\n\n<h2 id=\"fancy-title-7\" class=\"mk-fancy-title  simple-style jupiter-donut-  color-single\">\n\t<span>\n\t\t\t\t<p><span style=\"color: #509e2f\"><a style=\"color: #509e2f\" href=\"https:\/\/enkoeducation.com\/bonanjo\/wp-content\/uploads\/sites\/18\/2020\/03\/enko-bonanjo-school-uniform.pdf\" target=\"_blank\" rel=\"noopener noreferrer\">Uniforme<\/a><\/span><\/p>\n\t\t\t<\/span>\n<\/h2>\n<div class=\"clearboth\"><\/div>\n\n\n\n\t<div class=\"vc_custom_1584055342721\">\n\n<div id=\"text-block-8\" class=\"mk-text-block  jupiter-donut-\">\n\n\t\n\t<p style=\"text-align: center\">L&#039;uniforme fait partie de la culture de l&#039;\u00e9cole. Les \u00e9l\u00e8ves doivent obligatoirement respecter les normes en vigueur en mati\u00e8re d&#039;uniforme.<\/p>\n\n\t<div class=\"clearboth\"><\/div>\n<\/div>\n\n\t<\/div>\n<\/div>\n\n<div class=\"vc_col-sm-3 wpb_column column_container  jupiter-donut- _ jupiter-donut-height-full\">\n\t\n\t<div  class=\"wpb_single_image wpb_content_element vc_align_center\">\n\t\t\n\t\t<figure class=\"wpb_wrapper vc_figure\">\n\t\t\t<div class=\"vc_single_image-wrapper   vc_box_border_grey\"><img decoding=\"async\" width=\"114\" height=\"103\" src=\"https:\/\/enkoeducation.com\/bonanjo\/wp-content\/uploads\/sites\/18\/2018\/01\/stationary-icon.png\" class=\"vc_single_image-img attachment-full\" alt=\"\" title=\"ic\u00f4ne stationnaire\" srcset=\"https:\/\/enkoeducation.com\/bonanjo\/wp-content\/uploads\/sites\/18\/2018\/01\/stationary-icon.png 114w, https:\/\/enkoeducation.com\/bonanjo\/wp-content\/uploads\/sites\/18\/2018\/01\/stationary-icon-31x27.png 31w\" sizes=\"(max-width: 114px) 100vw, 114px\" itemprop=\"image\" \/><\/div>\n\t\t<\/figure>\n\t<\/div>\n\n<h2 id=\"fancy-title-10\" class=\"mk-fancy-title  simple-style jupiter-donut-  color-single\">\n\t<span>\n\t\t\t\t<p><a href=\"https:\/\/enkoeducation.com\/bonanjo\/wp-content\/uploads\/sites\/18\/2020\/03\/stationery-list-price-quotation-enko-bonanjo.pdf\" target=\"_blank\" rel=\"noopener noreferrer\">Liste de papeterie<\/a><\/p>\n\t\t\t<\/span>\n<\/h2>\n<div class=\"clearboth\"><\/div>\n\n\n\n\t<div class=\"vc_custom_1584054755402\">\n\n<div id=\"text-block-11\" class=\"mk-text-block  jupiter-donut-\">\n\n\t\n\t<p style=\"text-align: center\">La liste des prix des fournitures scolaires pour toutes les classes est disponible au d\u00e9but de chaque ann\u00e9e.<\/p>\n\n\t<div class=\"clearboth\"><\/div>\n<\/div>\n\n\t<\/div>\n<\/div>\n\n<div class=\"vc_col-sm-3 wpb_column column_container  jupiter-donut- _ jupiter-donut-height-full\">\n\t\n\t<div  class=\"wpb_single_image wpb_content_element vc_align_center\">\n\t\t\n\t\t<figure class=\"wpb_wrapper vc_figure\">\n\t\t\t<div class=\"vc_single_image-wrapper   vc_box_border_grey\"><img decoding=\"async\" width=\"126\" height=\"92\" src=\"https:\/\/enkoeducation.com\/bonanjo\/wp-content\/uploads\/sites\/18\/2018\/01\/press-release-icon.png\" class=\"vc_single_image-img attachment-full\" alt=\"\" title=\"ic\u00f4ne de communiqu\u00e9 de presse\" srcset=\"https:\/\/enkoeducation.com\/bonanjo\/wp-content\/uploads\/sites\/18\/2018\/01\/press-release-icon.png 126w, https:\/\/enkoeducation.com\/bonanjo\/wp-content\/uploads\/sites\/18\/2018\/01\/press-release-icon-31x23.png 31w\" sizes=\"(max-width: 126px) 100vw, 126px\" itemprop=\"image\" \/><\/div>\n\t\t<\/figure>\n\t<\/div>\n\n<h2 id=\"fancy-title-13\" class=\"mk-fancy-title  simple-style jupiter-donut-  color-single\">\n\t<span>\n\t\t\t\t<p><a href=\"https:\/\/enkoeducation.com\/bonanjo\/wp-content\/uploads\/sites\/18\/2020\/03\/book-list-enko-bonanjo.pdf\" target=\"_blank\" rel=\"noopener noreferrer\">Listes de livres<\/a><\/p>\n\t\t\t<\/span>\n<\/h2>\n<div class=\"clearboth\"><\/div>\n\n\n\n\t<div class=\"vc_custom_1584055499843\">\n\n<div id=\"text-block-14\" class=\"mk-text-block  jupiter-donut-\">\n\n\t\n\t<p style=\"text-align: center\">La liste des livres est disponible au d\u00e9but de chaque ann\u00e9e. Les \u00e9l\u00e8ves inscrits au dipl\u00f4me de l&#039;IB ont \u00e9galement acc\u00e8s \u00e0 la plateforme Kognity pour les manuels scolaires<\/p>\n\n\t<div class=\"clearboth\"><\/div>\n<\/div>\n\n\t<\/div>\n<\/div>\n\n<div class=\"vc_col-sm-3 wpb_column column_container  jupiter-donut- _ jupiter-donut-height-full\">\n\t\n\t<div  class=\"wpb_single_image wpb_content_element vc_align_center\">\n\t\t\n\t\t<figure class=\"wpb_wrapper vc_figure\">\n\t\t\t<div class=\"vc_single_image-wrapper   vc_box_border_grey\"><img loading=\"lazy\" decoding=\"async\" width=\"100\" height=\"100\" src=\"https:\/\/enkoeducation.com\/bonanjo\/wp-content\/uploads\/sites\/18\/2018\/01\/clock.png\" class=\"vc_single_image-img attachment-full\" alt=\"\" title=\"horloge\" srcset=\"https:\/\/enkoeducation.com\/bonanjo\/wp-content\/uploads\/sites\/18\/2018\/01\/clock.png 100w, https:\/\/enkoeducation.com\/bonanjo\/wp-content\/uploads\/sites\/18\/2018\/01\/clock-80x80.png 80w, https:\/\/enkoeducation.com\/bonanjo\/wp-content\/uploads\/sites\/18\/2018\/01\/clock-27x27.png 27w, https:\/\/enkoeducation.com\/bonanjo\/wp-content\/uploads\/sites\/18\/2018\/01\/clock-1024x1024.png 1024w, https:\/\/enkoeducation.com\/bonanjo\/wp-content\/uploads\/sites\/18\/2018\/01\/clock-300x300.png 300w\" sizes=\"(max-width: 100px) 100vw, 100px\" itemprop=\"image\" \/><\/div>\n\t\t<\/figure>\n\t<\/div>\n\n<h2 id=\"fancy-title-16\" class=\"mk-fancy-title  simple-style jupiter-donut-  color-single\">\n\t<span>\n\t\t\t\t<p>Horaires<\/p>\n\t\t\t<\/span>\n<\/h2>\n<div class=\"clearboth\"><\/div>\n\n\n\n\t<div class=\"vc_custom_1584051917555\">\n\n<div id=\"text-block-17\" class=\"mk-text-block  jupiter-donut-\">\n\n\t\n\t<p style=\"text-align: center\">Notre ann\u00e9e scolaire s&#039;\u00e9tend de septembre \u00e0 ao\u00fbt. L&#039;emploi du temps de chaque cours est disponible au d\u00e9but de chaque semestre.<\/p>\n\n\t<div class=\"clearboth\"><\/div>\n<\/div>\n\n\t<\/div>\n<\/div>\n<\/div>\n            <div class=\"clearboth\"><\/div>\n        <\/div>\n\n\n\t\t\t\n\t\t\t\n\t\t\t\n\t\t<div class=\"clearboth\"><\/div>\n\t<\/div>\n<\/div>\n<div class=\"vc_row-full-width vc_clearfix\"><\/div>\n\n\n<div class=\"mk-page-section-wrapper\" data-mk-full-width=\"true\" data-mk-full-width-init=\"true\" data-mk-stretch-content=\"true\">\n\t<div id=\"page-section-18\" class=\"mk-page-section self-hosted   full_layout full-width-18 js-el js-master-row jupiter-donut-\"    data-intro-effect=\"false\">\n\n\t\t\t\n\t\t\t<div class=\"mk-page-section-inner\">\n\t\t\t\t\n\n\n<div class=\"mk-video-color-mask\"><\/div>\n\n\t\t\t\t\n\t\t\t\t\t\t\t<\/div>\n\n\t\t\t\n        <div class=\"page-section-content vc_row-fluid mk-grid\" >\n            <div class=\"mk-padding-wrapper wpb_row\">\n<div class=\"vc_col-sm-3 wpb_column column_container  jupiter-donut- _ jupiter-donut-height-full\">\n\t\n\t<div  class=\"wpb_single_image wpb_content_element vc_align_center\">\n\t\t\n\t\t<figure class=\"wpb_wrapper vc_figure\">\n\t\t\t<div class=\"vc_single_image-wrapper   vc_box_border_grey\"><img loading=\"lazy\" decoding=\"async\" width=\"138\" height=\"82\" src=\"https:\/\/enkoeducation.com\/bonanjo\/wp-content\/uploads\/sites\/18\/2018\/01\/bus.png\" class=\"vc_single_image-img attachment-full\" alt=\"\" title=\"bus\" srcset=\"https:\/\/enkoeducation.com\/bonanjo\/wp-content\/uploads\/sites\/18\/2018\/01\/bus.png 138w, https:\/\/enkoeducation.com\/bonanjo\/wp-content\/uploads\/sites\/18\/2018\/01\/bus-31x18.png 31w\" sizes=\"(max-width: 138px) 100vw, 138px\" itemprop=\"image\" \/><\/div>\n\t\t<\/figure>\n\t<\/div>\n\n<h2 id=\"fancy-title-20\" class=\"mk-fancy-title  simple-style jupiter-donut-  color-single\">\n\t<span>\n\t\t\t\t<p>Transport<\/p>\n\t\t\t<\/span>\n<\/h2>\n<div class=\"clearboth\"><\/div>\n\n\n\n\t<div class=\"vc_custom_1584054163345\">\n\n<div id=\"text-block-21\" class=\"mk-text-block  jupiter-donut-\">\n\n\t\n\t<p style=\"text-align: center\">Les parents accompagnent les \u00e9l\u00e8ves tous les matins et les r\u00e9cup\u00e8rent \u00e0 la fin des cours. Certains parents organisent \u00e9galement du covoiturage.<\/p>\n\n\t<div class=\"clearboth\"><\/div>\n<\/div>\n\n\t<\/div>\n<\/div>\n\n<div class=\"vc_col-sm-3 wpb_column column_container  jupiter-donut- _ jupiter-donut-height-full\">\n\t\n\t<div  class=\"wpb_single_image wpb_content_element vc_align_center\">\n\t\t\n\t\t<figure class=\"wpb_wrapper vc_figure\">\n\t\t\t<div class=\"vc_single_image-wrapper   vc_box_border_grey\"><img loading=\"lazy\" decoding=\"async\" width=\"88\" height=\"88\" src=\"https:\/\/enkoeducation.com\/bonanjo\/wp-content\/uploads\/sites\/18\/2018\/01\/soccerball.png\" class=\"vc_single_image-img attachment-full\" alt=\"\" title=\"ballon de football\" srcset=\"https:\/\/enkoeducation.com\/bonanjo\/wp-content\/uploads\/sites\/18\/2018\/01\/soccerball.png 88w, https:\/\/enkoeducation.com\/bonanjo\/wp-content\/uploads\/sites\/18\/2018\/01\/soccerball-80x80.png 80w, https:\/\/enkoeducation.com\/bonanjo\/wp-content\/uploads\/sites\/18\/2018\/01\/soccerball-27x27.png 27w, https:\/\/enkoeducation.com\/bonanjo\/wp-content\/uploads\/sites\/18\/2018\/01\/soccerball-1024x1024.png 1024w, https:\/\/enkoeducation.com\/bonanjo\/wp-content\/uploads\/sites\/18\/2018\/01\/soccerball-300x300.png 300w\" sizes=\"(max-width: 88px) 100vw, 88px\" itemprop=\"image\" \/><\/div>\n\t\t<\/figure>\n\t<\/div>\n\n<h2 id=\"fancy-title-23\" class=\"mk-fancy-title  simple-style jupiter-donut-  color-single\">\n\t<span>\n\t\t\t\t<p>Sportif<\/p>\n\t\t\t<\/span>\n<\/h2>\n<div class=\"clearboth\"><\/div>\n\n\n\n\t<div class=\"vc_custom_1584052036965\">\n\n<div id=\"text-block-24\" class=\"mk-text-block  jupiter-donut-\">\n\n\t\n\t<p style=\"text-align: center\">Les \u00e9l\u00e8ves du coll\u00e8ge ont des cours d&#039;\u00e9ducation physique deux fois par semaine. Les lyc\u00e9ens ont des activit\u00e9s sportives le vendredi apr\u00e8s l&#039;\u00e9cole. Nous avons des \u00e9quipes de volley-ball, de basket-ball et de football.<\/p>\n\n\t<div class=\"clearboth\"><\/div>\n<\/div>\n\n\t<\/div>\n<\/div>\n\n<div class=\"vc_col-sm-3 wpb_column column_container  jupiter-donut- _ jupiter-donut-height-full\">\n\t\n\t<div  class=\"wpb_single_image wpb_content_element vc_align_center\">\n\t\t\n\t\t<figure class=\"wpb_wrapper vc_figure\">\n\t\t\t<div class=\"vc_single_image-wrapper   vc_box_border_grey\"><img loading=\"lazy\" decoding=\"async\" width=\"72\" height=\"88\" src=\"https:\/\/enkoeducation.com\/bonanjo\/wp-content\/uploads\/sites\/18\/2018\/01\/musicnote.png\" class=\"vc_single_image-img attachment-full\" alt=\"\" title=\"note de musique\" srcset=\"https:\/\/enkoeducation.com\/bonanjo\/wp-content\/uploads\/sites\/18\/2018\/01\/musicnote.png 72w, https:\/\/enkoeducation.com\/bonanjo\/wp-content\/uploads\/sites\/18\/2018\/01\/musicnote-22x27.png 22w\" sizes=\"(max-width: 72px) 100vw, 72px\" itemprop=\"image\" \/><\/div>\n\t\t<\/figure>\n\t<\/div>\n\n<h2 id=\"fancy-title-26\" class=\"mk-fancy-title  simple-style jupiter-donut-  color-single\">\n\t<span>\n\t\t\t\t<p>Activit\u00e9s parascolaires<\/p>\n\t\t\t<\/span>\n<\/h2>\n<div class=\"clearboth\"><\/div>\n\n\n\n\t<div class=\"vc_custom_1584055103562\">\n\n<div id=\"text-block-27\" class=\"mk-text-block  jupiter-donut-\">\n\n\t\n\t<p style=\"text-align: center\">Les \u00e9tudiants participent \u00e0 de nombreuses activit\u00e9s parascolaires. Ils participent \u00e0 des voyages internationaux organis\u00e9s par l&#039;\u00e9cole pour les sensibiliser \u00e0 la conscience internationale. Nous organisons des foires d&#039;art et de sciences.<\/p>\n\n\t<div class=\"clearboth\"><\/div>\n<\/div>\n\n\t<\/div>\n<\/div>\n\n<div class=\"vc_col-sm-3 wpb_column column_container  jupiter-donut- _ jupiter-donut-height-full\">\n\t\n\t<div  class=\"wpb_single_image wpb_content_element vc_align_center\">\n\t\t\n\t\t<figure class=\"wpb_wrapper vc_figure\">\n\t\t\t<div class=\"vc_single_image-wrapper   vc_box_border_grey\"><img loading=\"lazy\" decoding=\"async\" width=\"65\" height=\"90\" src=\"https:\/\/enkoeducation.com\/bonanjo\/wp-content\/uploads\/sites\/18\/2018\/01\/cuttlery.png\" class=\"vc_single_image-img attachment-full\" alt=\"\" title=\"couverts\" srcset=\"https:\/\/enkoeducation.com\/bonanjo\/wp-content\/uploads\/sites\/18\/2018\/01\/cuttlery.png 65w, https:\/\/enkoeducation.com\/bonanjo\/wp-content\/uploads\/sites\/18\/2018\/01\/cuttlery-20x27.png 20w\" sizes=\"(max-width: 65px) 100vw, 65px\" itemprop=\"image\" \/><\/div>\n\t\t<\/figure>\n\t<\/div>\n\n<h2 id=\"fancy-title-29\" class=\"mk-fancy-title  simple-style jupiter-donut-  color-single\">\n\t<span>\n\t\t\t\t<p><a href=\"https:\/\/enkoeducation.com\/bonanjo\/wp-content\/uploads\/sites\/18\/2020\/03\/enko-happy-lunch-flyer-2019-2020.pdf\" target=\"_blank\" rel=\"noopener noreferrer\">Cantine<\/a><\/p>\n\t\t\t<\/span>\n<\/h2>\n<div class=\"clearboth\"><\/div>\n\n\n\n\t<div class=\"vc_custom_1584052025124\">\n\n<div id=\"text-block-30\" class=\"mk-text-block  jupiter-donut-\">\n\n\t\n\t<p style=\"text-align: center\">La mission de notre cantine est de nourrir les \u00e9tudiants et de leur fournir l&#039;\u00e9nergie n\u00e9cessaire pour tenir toute la journ\u00e9e ! Nous pouvons nous adapter aux restrictions alimentaires sp\u00e9ciales sur demande.<\/p>\n\n\t<div class=\"clearboth\"><\/div>\n<\/div>\n\n\t<\/div>\n<\/div>\n<\/div>\n            <div class=\"clearboth\"><\/div>\n        <\/div>\n\n\n\t\t\t\n\t\t\t\n\t\t\t\n\t\t<div class=\"clearboth\"><\/div>\n\t<\/div>\n<\/div>\n<div class=\"vc_row-full-width vc_clearfix\"><\/div>\n\n\n<\/section>","protected":false},"excerpt":{"rendered":"Uniforme L&#039;uniforme fait partie de la culture de l&#039;\u00e9cole. Il est obligatoire que les \u00e9l\u00e8ves adh\u00e8rent aux normes uniformes appropri\u00e9es. Liste des fournitures de bureau La liste des prix des fournitures de bureau pour toutes les classes est disponible au d\u00e9but de chaque ann\u00e9e. Listes des livres La liste des livres est disponible au d\u00e9but de chaque ann\u00e9e. Les \u00e9l\u00e8ves inscrits au dipl\u00f4me de l&#039;IB ont \u00e9galement [...]","protected":false},"author":1,"featured_media":0,"parent":0,"menu_order":0,"comment_status":"closed","ping_status":"closed","template":"","meta":{"footnotes":""},"class_list":["post-291","page","type-page","status-publish","hentry"],"yoast_head":"<!-- This site is optimized with the Yoast SEO Premium plugin v18.2.1 (Yoast SEO v23.2) - https:\/\/yoast.com\/wordpress\/plugins\/seo\/ -->\n<title>Practical Information - Enko Bonanjo International School<\/title>\n<meta name=\"robots\" content=\"index, follow, max-snippet:-1, max-image-preview:large, max-video-preview:-1\" \/>\n<link rel=\"canonical\" href=\"https:\/\/enkoeducation.com\/bonanjo\/fr\/practical-information\/\" \/>\n<meta property=\"og:locale\" content=\"fr_FR\" \/>\n<meta property=\"og:type\" content=\"article\" \/>\n<meta property=\"og:title\" content=\"Practical Information\" \/>\n<meta property=\"og:url\" content=\"https:\/\/enkoeducation.com\/bonanjo\/fr\/practical-information\/\" \/>\n<meta property=\"og:site_name\" content=\"Enko Bonanjo International School\" \/>\n<meta property=\"article:modified_time\" content=\"2021-02-23T12:27:54+00:00\" \/>\n<meta name=\"twitter:card\" content=\"summary_large_image\" \/>\n<meta name=\"twitter:label1\" content=\"Dur\u00e9e de lecture estim\u00e9e\" \/>\n\t<meta name=\"twitter:data1\" content=\"3 minutes\" \/>\n<script type=\"application\/ld+json\" class=\"yoast-schema-graph\">{\"@context\":\"https:\/\/schema.org\",\"@graph\":[{\"@type\":\"WebPage\",\"@id\":\"https:\/\/enkoeducation.com\/bonanjo\/practical-information\/\",\"url\":\"https:\/\/enkoeducation.com\/bonanjo\/practical-information\/\",\"name\":\"Practical Information - Enko Bonanjo International School\",\"isPartOf\":{\"@id\":\"https:\/\/enkoeducation.com\/bonanjo\/#website\"},\"datePublished\":\"2018-01-22T13:24:39+00:00\",\"dateModified\":\"2021-02-23T12:27:54+00:00\",\"breadcrumb\":{\"@id\":\"https:\/\/enkoeducation.com\/bonanjo\/practical-information\/#breadcrumb\"},\"inLanguage\":\"fr-FR\",\"potentialAction\":[{\"@type\":\"ReadAction\",\"target\":[\"https:\/\/enkoeducation.com\/bonanjo\/practical-information\/\"]}]},{\"@type\":\"BreadcrumbList\",\"@id\":\"https:\/\/enkoeducation.com\/bonanjo\/practical-information\/#breadcrumb\",\"itemListElement\":[{\"@type\":\"ListItem\",\"position\":1,\"name\":\"Home\",\"item\":\"https:\/\/enkoeducation.com\/bonanjo\/\"},{\"@type\":\"ListItem\",\"position\":2,\"name\":\"Practical Information\"}]},{\"@type\":\"WebSite\",\"@id\":\"https:\/\/enkoeducation.com\/bonanjo\/#website\",\"url\":\"https:\/\/enkoeducation.com\/bonanjo\/\",\"name\":\"Enko Bonanjo International School\",\"description\":\"Just another Enko Education Sites site\",\"potentialAction\":[{\"@type\":\"SearchAction\",\"target\":{\"@type\":\"EntryPoint\",\"urlTemplate\":\"https:\/\/enkoeducation.com\/bonanjo\/?s={search_term_string}\"},\"query-input\":\"required name=search_term_string\"}],\"inLanguage\":\"fr-FR\"}]}<\/script>\n<!-- \/ Yoast SEO Premium plugin. -->","yoast_head_json":{"title":"Practical Information - Enko Bonanjo International School","robots":{"index":"index","follow":"follow","max-snippet":"max-snippet:-1","max-image-preview":"max-image-preview:large","max-video-preview":"max-video-preview:-1"},"canonical":"https:\/\/enkoeducation.com\/bonanjo\/fr\/practical-information\/","og_locale":"fr_FR","og_type":"article","og_title":"Practical Information","og_url":"https:\/\/enkoeducation.com\/bonanjo\/fr\/practical-information\/","og_site_name":"Enko Bonanjo International School","article_modified_time":"2021-02-23T12:27:54+00:00","twitter_card":"summary_large_image","twitter_misc":{"Dur\u00e9e de lecture estim\u00e9e":"3 minutes"},"schema":{"@context":"https:\/\/schema.org","@graph":[{"@type":"WebPage","@id":"https:\/\/enkoeducation.com\/bonanjo\/practical-information\/","url":"https:\/\/enkoeducation.com\/bonanjo\/practical-information\/","name":"Practical Information - Enko Bonanjo International School","isPartOf":{"@id":"https:\/\/enkoeducation.com\/bonanjo\/#website"},"datePublished":"2018-01-22T13:24:39+00:00","dateModified":"2021-02-23T12:27:54+00:00","breadcrumb":{"@id":"https:\/\/enkoeducation.com\/bonanjo\/practical-information\/#breadcrumb"},"inLanguage":"fr-FR","potentialAction":[{"@type":"ReadAction","target":["https:\/\/enkoeducation.com\/bonanjo\/practical-information\/"]}]},{"@type":"BreadcrumbList","@id":"https:\/\/enkoeducation.com\/bonanjo\/practical-information\/#breadcrumb","itemListElement":[{"@type":"ListItem","position":1,"name":"Home","item":"https:\/\/enkoeducation.com\/bonanjo\/"},{"@type":"ListItem","position":2,"name":"Practical Information"}]},{"@type":"WebSite","@id":"https:\/\/enkoeducation.com\/bonanjo\/#website","url":"https:\/\/enkoeducation.com\/bonanjo\/","name":"Enko Bonanjo International School","description":"Just another Enko Education Sites site","potentialAction":[{"@type":"SearchAction","target":{"@type":"EntryPoint","urlTemplate":"https:\/\/enkoeducation.com\/bonanjo\/?s={search_term_string}"},"query-input":"required name=search_term_string"}],"inLanguage":"fr-FR"}]}},"_links":{"self":[{"href":"https:\/\/enkoeducation.com\/bonanjo\/fr\/wp-json\/wp\/v2\/pages\/291"}],"collection":[{"href":"https:\/\/enkoeducation.com\/bonanjo\/fr\/wp-json\/wp\/v2\/pages"}],"about":[{"href":"https:\/\/enkoeducation.com\/bonanjo\/fr\/wp-json\/wp\/v2\/types\/page"}],"author":[{"embeddable":true,"href":"https:\/\/enkoeducation.com\/bonanjo\/fr\/wp-json\/wp\/v2\/users\/1"}],"replies":[{"embeddable":true,"href":"https:\/\/enkoeducation.com\/bonanjo\/fr\/wp-json\/wp\/v2\/comments?post=291"}],"version-history":[{"count":27,"href":"https:\/\/enkoeducation.com\/bonanjo\/fr\/wp-json\/wp\/v2\/pages\/291\/revisions"}],"predecessor-version":[{"id":1170,"href":"https:\/\/enkoeducation.com\/bonanjo\/fr\/wp-json\/wp\/v2\/pages\/291\/revisions\/1170"}],"wp:attachment":[{"href":"https:\/\/enkoeducation.com\/bonanjo\/fr\/wp-json\/wp\/v2\/media?parent=291"}],"curies":[{"name":"wp","href":"https:\/\/api.w.org\/{rel}","templated":true}]}}