{"id":287,"date":"2018-01-22T13:23:59","date_gmt":"2018-01-22T13:23:59","guid":{"rendered":"http:\/\/165.227.224.6\/la-gaiete\/?page_id=287"},"modified":"2024-07-17T13:11:35","modified_gmt":"2024-07-17T13:11:35","slug":"curriculum","status":"publish","type":"page","link":"https:\/\/enkoeducation.com\/dakar\/en\/curriculum\/","title":{"rendered":"Curriculum"},"content":{"rendered":"<section class=\"wpb-content-wrapper\">\n<div class=\"mk-page-section-wrapper\" data-mk-full-width=\"true\" data-mk-full-width-init=\"true\" data-mk-stretch-content=\"true\">\n\t<div id=\"page-section-1\" class=\"mk-page-section self-hosted   full_layout full-width-1 js-el js-master-row jupiter-donut-\"    data-intro-effect=\"false\">\n\n\t\t\t\n\t\t\t<div class=\"mk-page-section-inner\">\n\t\t\t\t\n\n\n<div style=\"background-color:#0a0a0a;opacity:0.3;\" class=\"mk-video-color-mask\"><\/div>\n\n\t\t\t\t\n\t\t\t\t\n\t\n\t<div class=\"background-layer-holder\">\n\t\t<div id=\"background-layer--1\" data-mk-lazyload=\"false\" class=\"background-layer mk-background-stretch darken-blend-effect js-el\"   data-blend=\"darken\" data-mk-img-set='{\"landscape\":{\"external\":\"https:\/\/enkoeducation.com\/dakar\/wp-content\/uploads\/sites\/24\/2018\/07\/enko-dakar.jpg\"},\"responsive\":\"true\"}' >\n\t\t\t\t\t\t\t\t\t\t<div class=\"mk-blend-layer\"><\/div>\n\t\t\t\t\t\t<div class=\"mk-color-layer\"><\/div>\n\t\t<\/div>\n\t<\/div>\n\n\t\t\t<\/div>\n\n\t\t\t\n        <div class=\"page-section-content vc_row-fluid mk-grid\" >\n            <div class=\"mk-padding-wrapper wpb_row\">\n<div class=\"vc_col-sm-12 wpb_column column_container  jupiter-donut- _ jupiter-donut-height-full\">\n\t<\/div>\n<\/div>\n            <div class=\"clearboth\"><\/div>\n        <\/div>\n\n\n\t\t\t\n\t\t\t\n\t\t\t\n\t\t<div class=\"clearboth\"><\/div>\n\t<\/div>\n<\/div>\n<div class=\"vc_row-full-width vc_clearfix\"><\/div>\n\n\n<div  data-mk-stretch-content=\"true\" class=\"wpb_row vc_row vc_row-fluid jupiter-donut- mk-fullwidth-false  attched-false     js-master-row  mk-grid\">\n\t\t\t\t\n<div class=\"vc_col-sm-12 wpb_column column_container  jupiter-donut- _ jupiter-donut-height-full\">\n\t\n\n<div class=\"wpb_row vc_inner vc_row vc_row-fluid jupiter-donut-   attched-false\">\n\t\t\t<div class=\"wpb_column vc_column_container vc_col-sm-12\"><div class=\"vc_column-inner\"><div class=\"wpb_wrapper\"><\/div><\/div><\/div>\t<\/div>\n<div id=\"mk-tabs\" class=\"wpb_tabs mk-tabs-4 wpb_content_element mobile-true simple-style horizental-style\" data-interval=\"\"><div class=\"wpb_wrapper wpb_tour_tabs_wrapper ui-tabs vc_clearfix\">\n\t\t\t<ul class=\"wpb_tabs_nav ui-tabs-nav vc_clearfix\"><li><a href=\"#tab-1667822918764-2-7\">The English Course<\/a><\/li><li><a href=\"#tab-1580377058-1-83\">The Middle Years Programme (MYP)<\/a><\/li><li><a href=\"#tab-1580377058-2-98\">The International Baccalaureate (IB) Diploma Programme<\/a><\/li><\/ul>\n\t<div id=\"tab-1667822918764-2-7\" class=\"wpb_tab ui-tabs-panel wpb_ui-tabs-hide vc_clearfix\">\n\t\t<div class=\"title-mobile\">The English Course<\/div>\n\t\t\t<div class=\"vc_custom_1667918321440\">\n\n<div id=\"text-block-5\" class=\"mk-text-block  jupiter-donut-\">\n\n\t\n\t<h3><b><span style=\"color: #509e00;\">The English Course\u00a0<\/span><\/b><\/h3>\n<p><img decoding=\"async\" class=\"wp-image-965 size-thumbnail alignleft\" src=\"https:\/\/enkoeducation.com\/dakar\/wp-content\/uploads\/sites\/24\/2020\/01\/book-150x150.png\" alt=\"\" width=\"150\" height=\"150\" srcset=\"https:\/\/enkoeducation.com\/dakar\/wp-content\/uploads\/sites\/24\/2020\/01\/book-150x150.png 150w, https:\/\/enkoeducation.com\/dakar\/wp-content\/uploads\/sites\/24\/2020\/01\/book-300x300.png 300w, https:\/\/enkoeducation.com\/dakar\/wp-content\/uploads\/sites\/24\/2020\/01\/book-768x768.png 768w, https:\/\/enkoeducation.com\/dakar\/wp-content\/uploads\/sites\/24\/2020\/01\/book-1024x1024.png 1024w, https:\/\/enkoeducation.com\/dakar\/wp-content\/uploads\/sites\/24\/2020\/01\/book-100x100.png 100w, https:\/\/enkoeducation.com\/dakar\/wp-content\/uploads\/sites\/24\/2020\/01\/book-27x27.png 27w, https:\/\/enkoeducation.com\/dakar\/wp-content\/uploads\/sites\/24\/2020\/01\/book.png 1182w\" sizes=\"(max-width: 150px) 100vw, 150px\" \/> <span style=\"font-weight: 400;\">In addition to being a bilingual private school, Enko Dakar also takes a look at the children at 100% with a new Program, the <strong>English-speaking course<\/strong>.<\/span><\/p>\n<p>This option allows English-speaking children to follow their courses in English in order to maintain the level they had according to their schools or country of origin, and also to follow some additional courses in French with the aim of sharpening, and in the long term perfecting their bilingualism.<\/p>\n<p>In this 2022-2023 school year, we have a rate of 30% of our students, Kindergarten, Primary, Middle School and High School combined and this figure is likely to change over time.<\/p>\n\n\t<div class=\"clearboth\"><\/div>\n<\/div>\n\n\t<\/div>\n\n\t<\/div>\n\n\t<div id=\"tab-1580377058-1-83\" class=\"wpb_tab ui-tabs-panel wpb_ui-tabs-hide vc_clearfix\">\n\t\t<div class=\"title-mobile\">The Middle Years Programme (MYP)<\/div>\n\t\t\n\n<div class=\"wpb_row vc_inner vc_row vc_row-fluid jupiter-donut-   attched-false\">\n\t\t\t<div class=\"wpb_column vc_column_container vc_col-sm-12\"><div class=\"vc_column-inner\"><div class=\"wpb_wrapper\">\t<div class=\"vc_custom_1654862957152\">\n\n<div id=\"text-block-6\" class=\"mk-text-block  jupiter-donut-\">\n\n\t\n\t<h3><b><span style=\"color: #509e00;\">The Middle Years Programme (MYP) offered at Enko Dakar International school<\/span><\/b><\/h3>\n<p><img decoding=\"async\" class=\"wp-image-965 size-thumbnail alignleft\" src=\"https:\/\/enkoeducation.com\/dakar\/wp-content\/uploads\/sites\/24\/2020\/01\/book-150x150.png\" alt=\"\" width=\"150\" height=\"150\" srcset=\"https:\/\/enkoeducation.com\/dakar\/wp-content\/uploads\/sites\/24\/2020\/01\/book-150x150.png 150w, https:\/\/enkoeducation.com\/dakar\/wp-content\/uploads\/sites\/24\/2020\/01\/book-300x300.png 300w, https:\/\/enkoeducation.com\/dakar\/wp-content\/uploads\/sites\/24\/2020\/01\/book-768x768.png 768w, https:\/\/enkoeducation.com\/dakar\/wp-content\/uploads\/sites\/24\/2020\/01\/book-1024x1024.png 1024w, https:\/\/enkoeducation.com\/dakar\/wp-content\/uploads\/sites\/24\/2020\/01\/book-100x100.png 100w, https:\/\/enkoeducation.com\/dakar\/wp-content\/uploads\/sites\/24\/2020\/01\/book-27x27.png 27w, https:\/\/enkoeducation.com\/dakar\/wp-content\/uploads\/sites\/24\/2020\/01\/book.png 1182w\" sizes=\"(max-width: 150px) 100vw, 150px\" \/> <span style=\"font-weight: 400;\">Enko Dakar International School is authorized by the IB to teach the Middle Years Programme (MYP) designed by <\/span><span style=\"color: #509e00;\"><a style=\"color: #509e00;\" href=\"https:\/\/www.ibo.org\/fr\/programmes\/\" target=\"_blank\" rel=\"noopener noreferrer\"><span style=\"font-weight: 400;\">the International Baccalaureate Organization<\/span><\/a><\/span><span style=\"font-weight: 400;\"> (International Baccalaureate Organization). The MYP allows students to gain self-confidence, learn through practical actions, and better understand global issues. The program designed for students from 10 to 16 years old is renowned for its academic excellence: students following the MYP have a better command of essential academic skills than other students. From 6th to 2nd grade (MYP 1 to MYP 5), the Enko Dakar International school program prepares for the International Baccalaureate (IB) diploma. <\/span><span style=\"font-weight: 400;\">Enko Dakar International School is the first school in the Enko Education network to fully offer the Middle Years Programme (middle school level) and the International Baccalaureate Diploma Programme (high school level).<\/span><\/p>\n\n\t<div class=\"clearboth\"><\/div>\n<\/div>\n\n\t<\/div>\n\n<div id=\"mk-button-7\" class=\"mk-button-container _ jupiter-donut-relative    jupiter-donut-block jupiter-donut-text-center\">\n\n\t\n\t\t<a href=\"https:\/\/www.ibo.org\/fr\/programmes\/middle-years-programme\/\" target=\"_blank\" class=\"mk-button js-smooth-scroll mk-button--dimension-three mk-button--size-x-large mk-button--corner-full_rounded text-color-light _ jupiter-donut-relative jupiter-donut-text-center jupiter-donut-font-weight-700 jupiter-donut-no-backface  jupiter-donut-letter-spacing-2 jupiter-donut-inline-block\"><span class=\"mk-button--text\">The PEI <\/span><\/a>\n\n\t\n<\/div>\n\t<div class=\"vc_custom_1654862992290\">\n\n<div id=\"text-block-8\" class=\"mk-text-block  jupiter-donut-\">\n\n\t\n\t<h3><b><span style=\"color: #509e00;\">Subjects taught<\/span><\/b><\/h3>\n<p><img decoding=\"async\" class=\"alignleft wp-image-995 size-thumbnail\" src=\"https:\/\/enkoeducation.com\/dakar\/wp-content\/uploads\/sites\/24\/2020\/02\/myp-model-fr-150x150.png\" alt=\"\" width=\"150\" height=\"150\" srcset=\"https:\/\/enkoeducation.com\/dakar\/wp-content\/uploads\/sites\/24\/2020\/02\/myp-model-fr-150x150.png 150w, https:\/\/enkoeducation.com\/dakar\/wp-content\/uploads\/sites\/24\/2020\/02\/myp-model-fr-300x300.png 300w, https:\/\/enkoeducation.com\/dakar\/wp-content\/uploads\/sites\/24\/2020\/02\/myp-model-fr-768x768.png 768w, https:\/\/enkoeducation.com\/dakar\/wp-content\/uploads\/sites\/24\/2020\/02\/myp-model-fr-1024x1024.png 1024w, https:\/\/enkoeducation.com\/dakar\/wp-content\/uploads\/sites\/24\/2020\/02\/myp-model-fr-100x100.png 100w\" sizes=\"(max-width: 150px) 100vw, 150px\" \/><\/p>\n<p><span style=\"font-weight: 400;\">Program covering classes from PEI 1 to PEI 5 (6th to 10th grade)<\/span><span style=\"font-weight: 400;\"><br \/>\n<\/span><span style=\"font-weight: 400;\"><br \/>\n<\/span><span style=\"font-weight: 400;\">Language and literature: French<\/span><\/p>\n<p><span style=\"font-weight: 400;\">Language acquisition: English, Spanish<\/span><\/p>\n<p><span style=\"font-weight: 400;\">Mathematics<\/span><\/p>\n<p><span style=\"font-weight: 400;\">Sciences: physics, chemistry, biology<\/span><\/p>\n<p><span style=\"font-weight: 400;\">individuals and societies: history-geography, civic education, economics from PEI 5 (Second)<\/span><\/p>\n<p><span style=\"font-weight: 400;\">Design\/computer science\u00a0<\/span><\/p>\n<p><span style=\"font-weight: 400;\">Dramatic and visual arts: drawing or theater\u00a0\u00a0<\/span><\/p>\n<p><span style=\"font-weight: 400;\">Physical education and health: theory and practice <\/span><\/p>\n\n\t<div class=\"clearboth\"><\/div>\n<\/div>\n\n\t<\/div>\n<\/div><\/div><\/div>\t<\/div>\n\n\t<\/div>\n\n\t<div id=\"tab-1580377058-2-98\" class=\"wpb_tab ui-tabs-panel wpb_ui-tabs-hide vc_clearfix\">\n\t\t<div class=\"title-mobile\">The International Baccalaureate (IB) Diploma Programme<\/div>\n\t\t\t<div class=\"vc_custom_1582480439922\">\n\n<div id=\"text-block-9\" class=\"mk-text-block  jupiter-donut-\">\n\n\t\n\t<h3><b>\u00a0The International Baccalaureate (IB) Diploma program at Enko Dakar<br \/>\n<\/b><\/h3>\n<p><img decoding=\"async\" class=\"alignleft wp-image-965 size-thumbnail\" src=\"https:\/\/enkoeducation.com\/dakar\/wp-content\/uploads\/sites\/24\/2020\/01\/book-150x150.png\" alt=\"\" width=\"150\" height=\"150\" srcset=\"https:\/\/enkoeducation.com\/dakar\/wp-content\/uploads\/sites\/24\/2020\/01\/book-150x150.png 150w, https:\/\/enkoeducation.com\/dakar\/wp-content\/uploads\/sites\/24\/2020\/01\/book-300x300.png 300w, https:\/\/enkoeducation.com\/dakar\/wp-content\/uploads\/sites\/24\/2020\/01\/book-768x768.png 768w, https:\/\/enkoeducation.com\/dakar\/wp-content\/uploads\/sites\/24\/2020\/01\/book-1024x1024.png 1024w, https:\/\/enkoeducation.com\/dakar\/wp-content\/uploads\/sites\/24\/2020\/01\/book-100x100.png 100w, https:\/\/enkoeducation.com\/dakar\/wp-content\/uploads\/sites\/24\/2020\/01\/book-27x27.png 27w, https:\/\/enkoeducation.com\/dakar\/wp-content\/uploads\/sites\/24\/2020\/01\/book.png 1182w\" sizes=\"(max-width: 150px) 100vw, 150px\" \/><br \/>\n<span style=\"font-weight: 400;\">Enko Dakar International School is authorized to deliver the International Baccalaureate Diploma Program, offered in DP1 and DP2 classes.<\/span><span style=\"font-weight: 400;\"><br \/>\n<\/span><span style=\"font-weight: 400;\">[from 1<\/span><span style=\"font-weight: 400;\">era<\/span><span style=\"font-weight: 400;\"> and Terminale] and leading to the prestigious International Baccalaureate Diploma. 2020 will thus celebrate the first class of IB graduates from Enko Dakar International School. The International Baccalaureate Diploma Programme is designed for students aged 16 to 19, in DP1 and DP2 classes (1<\/span><span style=\"font-weight: 400;\">era<\/span><span style=\"font-weight: 400;\"> and Terminale). The IB Diploma Programme is a rigorous and balanced programme of study leading to final examinations that prepares students for university and careers. It is designed to contribute to the intellectual, social, emotional and physical well-being of students. During the two years of the programme (DP1 and DP2), students are encouraged to develop their intellectual curiosity in a spirit of intercultural respect. <\/span><\/p>\n\n\t<div class=\"clearboth\"><\/div>\n<\/div>\n\n\t<\/div>\n\n<div id=\"mk-button-10\" class=\"mk-button-container _ jupiter-donut-relative    jupiter-donut-block jupiter-donut-text-center\">\n\n\t\n\t\t<a href=\"https:\/\/www.ibo.org\/fr\/programmes\/diploma-programme\/\" target=\"_blank\" class=\"mk-button js-smooth-scroll mk-button--dimension-three mk-button--size-x-large mk-button--corner-full_rounded text-color-light _ jupiter-donut-relative jupiter-donut-text-center jupiter-donut-font-weight-700 jupiter-donut-no-backface  jupiter-donut-letter-spacing-2 jupiter-donut-inline-block\"><span class=\"mk-button--text\">BI in detail<\/span><\/a>\n\n\t\n<\/div>\n\n<div id=\"mk-button-11\" class=\"mk-button-container _ jupiter-donut-relative    jupiter-donut-block jupiter-donut-text-center\">\n\n\t\n\t\t<a href=\"file:\/\/\/Users\/mac\/Downloads\/Enko%20Dakar%20School%20Profile%202022%20(1).pdf\" target=\"_blank\" class=\"mk-button js-smooth-scroll mk-button--dimension-three mk-button--size-x-large mk-button--corner-full_rounded text-color-light _ jupiter-donut-relative jupiter-donut-text-center jupiter-donut-font-weight-700 jupiter-donut-no-backface  jupiter-donut-letter-spacing-2 jupiter-donut-inline-block\"><span class=\"mk-button--text\">Enko Dakar IB Profile<\/span><\/a>\n\n\t\n<\/div>\n\t<div class=\"vc_custom_1654863037159\">\n\n<div id=\"text-block-12\" class=\"mk-text-block  jupiter-donut-\">\n\n\t\n\t<h3><strong>Subjects taught<br \/>\n<img loading=\"lazy\" decoding=\"async\" class=\"alignnone wp-image-1002 size-thumbnail\" src=\"https:\/\/enkoeducation.com\/dakar\/wp-content\/uploads\/sites\/24\/2020\/02\/dp-model-fr-150x150.png\" alt=\"\" width=\"150\" height=\"150\" srcset=\"https:\/\/enkoeducation.com\/dakar\/wp-content\/uploads\/sites\/24\/2020\/02\/dp-model-fr-150x150.png 150w, https:\/\/enkoeducation.com\/dakar\/wp-content\/uploads\/sites\/24\/2020\/02\/dp-model-fr-300x300.png 300w, https:\/\/enkoeducation.com\/dakar\/wp-content\/uploads\/sites\/24\/2020\/02\/dp-model-fr-768x768.png 768w, https:\/\/enkoeducation.com\/dakar\/wp-content\/uploads\/sites\/24\/2020\/02\/dp-model-fr-1024x1024.png 1024w, https:\/\/enkoeducation.com\/dakar\/wp-content\/uploads\/sites\/24\/2020\/02\/dp-model-fr-100x100.png 100w, https:\/\/enkoeducation.com\/dakar\/wp-content\/uploads\/sites\/24\/2020\/02\/dp-model-fr-27x27.png 27w\" sizes=\"(max-width: 150px) 100vw, 150px\" \/>\u00a0<\/strong><\/h3>\n<p><b>Subjects offered for the year 2022-24:<\/b><\/p>\n<p><span style=\"font-weight: 400;\">gr1: French: language and literature (language A)<\/span><\/p>\n<p><span style=\"font-weight: 400;\">gr2: English (language A &amp; B)<\/span><\/p>\n<p><span style=\"font-weight: 400;\">gr3: History, Economy and System of the Environment and Societies<\/span><\/p>\n<p><span style=\"font-weight: 400;\">gr4: Chemistry, Biology, Physics and Computer Science<\/span><\/p>\n<p><span style=\"font-weight: 400;\">gr5: Mathematics, analysis and approaches<br \/>\nMathematics, applications and interpretations<\/span><\/p>\n<p><span style=\"font-weight: 400;\">gr6: Business Management<\/span><\/p>\n<p><b>Subjects offered for the year 2021-23:\u00a0<\/b><\/p>\n<p><span style=\"font-weight: 400;\">gr1: French: language and literature (language A)<\/span><\/p>\n<p><span style=\"font-weight: 400;\">gr2: English (language B)<\/span><\/p>\n<p><span style=\"font-weight: 400;\">gr3: History, Economy and System of the Environment and Societies<\/span><\/p>\n<p><span style=\"font-weight: 400;\">gr4: Chemistry, Biology, Physics and Computer Science<br \/>\n<\/span><\/p>\n<p><span style=\"font-weight: 400;\">gr5: Mathematics, analysis and approaches<br \/>\n<\/span><span style=\"font-weight: 400;\">\u00a0 \u00a0 \u00a0 \u00a0 Mathematics, applications and interpretations<\/span><\/p>\n<h3><strong>\u00a0<\/strong><\/h3>\n\n\t<div class=\"clearboth\"><\/div>\n<\/div>\n\n\t<\/div>\n\n\t<\/div>\n\n\t\t<\/div>\n\t<\/div>\n<\/div>\n\t<\/div>\n\n<\/section>","protected":false},"excerpt":{"rendered":"Le Parcours AnglophoneLe Programme d'\u00c9ducation Interm\u00e9diaire (PEI)Le Programme du Dipl\u00f4me du Baccalaur\u00e9at International (BI) Le Parcours Anglophone Le Parcours Anglophone\u00a0 En plus d'\u00eatre une \u00e9cole priv\u00e9e bilingue, Enko Dakar jette aussi un regard sur les enfants \u00e0 100% avec un nouveau Programme, le Parcours Anglophone. Cette option permet aux enfants anglophones de suivre leurs cours, [...]","protected":false},"author":1,"featured_media":0,"parent":0,"menu_order":0,"comment_status":"closed","ping_status":"closed","template":"","meta":{"footnotes":""},"class_list":["post-287","page","type-page","status-publish","hentry"],"yoast_head":"<!-- This site is optimized with the Yoast SEO Premium plugin v18.2.1 (Yoast SEO v23.2) - https:\/\/yoast.com\/wordpress\/plugins\/seo\/ -->\n<title>Curriculum - Enko Dakar<\/title>\n<meta name=\"robots\" content=\"index, follow, max-snippet:-1, max-image-preview:large, max-video-preview:-1\" \/>\n<link rel=\"canonical\" href=\"https:\/\/enkoeducation.com\/dakar\/en\/curriculum\/\" \/>\n<meta property=\"og:locale\" content=\"en_US\" \/>\n<meta property=\"og:type\" content=\"article\" \/>\n<meta property=\"og:title\" content=\"Curriculum\" \/>\n<meta property=\"og:url\" content=\"https:\/\/enkoeducation.com\/dakar\/en\/curriculum\/\" \/>\n<meta property=\"og:site_name\" content=\"Enko Dakar\" \/>\n<meta property=\"article:modified_time\" content=\"2024-07-17T13:11:35+00:00\" \/>\n<meta property=\"og:image\" content=\"https:\/\/enkoeducation.com\/dakar\/wp-content\/uploads\/sites\/24\/2020\/01\/book-150x150.png\" \/>\n<meta name=\"twitter:card\" content=\"summary_large_image\" \/>\n<meta name=\"twitter:label1\" content=\"Est. reading time\" \/>\n\t<meta name=\"twitter:data1\" content=\"4 minutes\" \/>\n<script type=\"application\/ld+json\" class=\"yoast-schema-graph\">{\"@context\":\"https:\/\/schema.org\",\"@graph\":[{\"@type\":\"WebPage\",\"@id\":\"https:\/\/enkoeducation.com\/dakar\/curriculum\/\",\"url\":\"https:\/\/enkoeducation.com\/dakar\/curriculum\/\",\"name\":\"Curriculum - Enko Dakar\",\"isPartOf\":{\"@id\":\"https:\/\/enkoeducation.com\/dakar\/#website\"},\"primaryImageOfPage\":{\"@id\":\"https:\/\/enkoeducation.com\/dakar\/curriculum\/#primaryimage\"},\"image\":{\"@id\":\"https:\/\/enkoeducation.com\/dakar\/curriculum\/#primaryimage\"},\"thumbnailUrl\":\"https:\/\/enkoeducation.com\/dakar\/wp-content\/uploads\/sites\/24\/2020\/01\/book-150x150.png\",\"datePublished\":\"2018-01-22T13:23:59+00:00\",\"dateModified\":\"2024-07-17T13:11:35+00:00\",\"breadcrumb\":{\"@id\":\"https:\/\/enkoeducation.com\/dakar\/curriculum\/#breadcrumb\"},\"inLanguage\":\"en-US\",\"potentialAction\":[{\"@type\":\"ReadAction\",\"target\":[\"https:\/\/enkoeducation.com\/dakar\/curriculum\/\"]}]},{\"@type\":\"ImageObject\",\"inLanguage\":\"en-US\",\"@id\":\"https:\/\/enkoeducation.com\/dakar\/curriculum\/#primaryimage\",\"url\":\"https:\/\/enkoeducation.com\/dakar\/wp-content\/uploads\/sites\/24\/2020\/01\/book-150x150.png\",\"contentUrl\":\"https:\/\/enkoeducation.com\/dakar\/wp-content\/uploads\/sites\/24\/2020\/01\/book-150x150.png\"},{\"@type\":\"BreadcrumbList\",\"@id\":\"https:\/\/enkoeducation.com\/dakar\/curriculum\/#breadcrumb\",\"itemListElement\":[{\"@type\":\"ListItem\",\"position\":1,\"name\":\"Home\",\"item\":\"https:\/\/enkoeducation.com\/dakar\/\"},{\"@type\":\"ListItem\",\"position\":2,\"name\":\"Curriculum\"}]},{\"@type\":\"WebSite\",\"@id\":\"https:\/\/enkoeducation.com\/dakar\/#website\",\"url\":\"https:\/\/enkoeducation.com\/dakar\/\",\"name\":\"Enko Dakar\",\"description\":\"An Enko Education Site\",\"potentialAction\":[{\"@type\":\"SearchAction\",\"target\":{\"@type\":\"EntryPoint\",\"urlTemplate\":\"https:\/\/enkoeducation.com\/dakar\/?s={search_term_string}\"},\"query-input\":\"required name=search_term_string\"}],\"inLanguage\":\"en-US\"}]}<\/script>\n<!-- \/ Yoast SEO Premium plugin. -->","yoast_head_json":{"title":"Curriculum - Enko Dakar","robots":{"index":"index","follow":"follow","max-snippet":"max-snippet:-1","max-image-preview":"max-image-preview:large","max-video-preview":"max-video-preview:-1"},"canonical":"https:\/\/enkoeducation.com\/dakar\/en\/curriculum\/","og_locale":"en_US","og_type":"article","og_title":"Curriculum","og_url":"https:\/\/enkoeducation.com\/dakar\/en\/curriculum\/","og_site_name":"Enko Dakar","article_modified_time":"2024-07-17T13:11:35+00:00","og_image":[{"url":"https:\/\/enkoeducation.com\/dakar\/wp-content\/uploads\/sites\/24\/2020\/01\/book-150x150.png"}],"twitter_card":"summary_large_image","twitter_misc":{"Est. reading time":"4 minutes"},"schema":{"@context":"https:\/\/schema.org","@graph":[{"@type":"WebPage","@id":"https:\/\/enkoeducation.com\/dakar\/curriculum\/","url":"https:\/\/enkoeducation.com\/dakar\/curriculum\/","name":"Curriculum - Enko Dakar","isPartOf":{"@id":"https:\/\/enkoeducation.com\/dakar\/#website"},"primaryImageOfPage":{"@id":"https:\/\/enkoeducation.com\/dakar\/curriculum\/#primaryimage"},"image":{"@id":"https:\/\/enkoeducation.com\/dakar\/curriculum\/#primaryimage"},"thumbnailUrl":"https:\/\/enkoeducation.com\/dakar\/wp-content\/uploads\/sites\/24\/2020\/01\/book-150x150.png","datePublished":"2018-01-22T13:23:59+00:00","dateModified":"2024-07-17T13:11:35+00:00","breadcrumb":{"@id":"https:\/\/enkoeducation.com\/dakar\/curriculum\/#breadcrumb"},"inLanguage":"en-US","potentialAction":[{"@type":"ReadAction","target":["https:\/\/enkoeducation.com\/dakar\/curriculum\/"]}]},{"@type":"ImageObject","inLanguage":"en-US","@id":"https:\/\/enkoeducation.com\/dakar\/curriculum\/#primaryimage","url":"https:\/\/enkoeducation.com\/dakar\/wp-content\/uploads\/sites\/24\/2020\/01\/book-150x150.png","contentUrl":"https:\/\/enkoeducation.com\/dakar\/wp-content\/uploads\/sites\/24\/2020\/01\/book-150x150.png"},{"@type":"BreadcrumbList","@id":"https:\/\/enkoeducation.com\/dakar\/curriculum\/#breadcrumb","itemListElement":[{"@type":"ListItem","position":1,"name":"Home","item":"https:\/\/enkoeducation.com\/dakar\/"},{"@type":"ListItem","position":2,"name":"Curriculum"}]},{"@type":"WebSite","@id":"https:\/\/enkoeducation.com\/dakar\/#website","url":"https:\/\/enkoeducation.com\/dakar\/","name":"Enko Dakar","description":"An Enko Education Site","potentialAction":[{"@type":"SearchAction","target":{"@type":"EntryPoint","urlTemplate":"https:\/\/enkoeducation.com\/dakar\/?s={search_term_string}"},"query-input":"required name=search_term_string"}],"inLanguage":"en-US"}]}},"_links":{"self":[{"href":"https:\/\/enkoeducation.com\/dakar\/en\/wp-json\/wp\/v2\/pages\/287"}],"collection":[{"href":"https:\/\/enkoeducation.com\/dakar\/en\/wp-json\/wp\/v2\/pages"}],"about":[{"href":"https:\/\/enkoeducation.com\/dakar\/en\/wp-json\/wp\/v2\/types\/page"}],"author":[{"embeddable":true,"href":"https:\/\/enkoeducation.com\/dakar\/en\/wp-json\/wp\/v2\/users\/1"}],"replies":[{"embeddable":true,"href":"https:\/\/enkoeducation.com\/dakar\/en\/wp-json\/wp\/v2\/comments?post=287"}],"version-history":[{"count":143,"href":"https:\/\/enkoeducation.com\/dakar\/en\/wp-json\/wp\/v2\/pages\/287\/revisions"}],"predecessor-version":[{"id":1596,"href":"https:\/\/enkoeducation.com\/dakar\/en\/wp-json\/wp\/v2\/pages\/287\/revisions\/1596"}],"wp:attachment":[{"href":"https:\/\/enkoeducation.com\/dakar\/en\/wp-json\/wp\/v2\/media?parent=287"}],"curies":[{"name":"wp","href":"https:\/\/api.w.org\/{rel}","templated":true}]}}