{"id":287,"date":"2018-01-22T13:23:59","date_gmt":"2018-01-22T13:23:59","guid":{"rendered":"http:\/\/165.227.224.6\/la-gaiete\/?page_id=287"},"modified":"2024-07-17T13:11:35","modified_gmt":"2024-07-17T13:11:35","slug":"curriculum","status":"publish","type":"page","link":"https:\/\/enkoeducation.com\/dakar\/curriculum\/","title":{"rendered":"Curriculum"},"content":{"rendered":"<section class=\"wpb-content-wrapper\">\n<div class=\"mk-page-section-wrapper\" data-mk-full-width=\"true\" data-mk-full-width-init=\"true\" data-mk-stretch-content=\"true\">\n\t<div id=\"page-section-1\" class=\"mk-page-section self-hosted   full_layout full-width-1 js-el js-master-row jupiter-donut-   \"    data-intro-effect=\"false\">\n\n\t\t\t\n\t\t\t<div class=\"mk-page-section-inner\">\n\t\t\t\t\n\n\n<div style=\"background-color:#0a0a0a;opacity:0.3;\" class=\"mk-video-color-mask\"><\/div>\n\n\t\t\t\t\n\t\t\t\t\n\t\n\t<div class=\"background-layer-holder\">\n\t\t<div id=\"background-layer--1\" data-mk-lazyload=\"false\" class=\"background-layer mk-background-stretch darken-blend-effect js-el\"   data-blend=\"darken\" data-mk-img-set='{\"landscape\":{\"external\":\"https:\/\/enkoeducation.com\/dakar\/wp-content\/uploads\/sites\/24\/2018\/07\/enko-dakar.jpg\"},\"responsive\":\"true\"}' >\n\t\t\t\t\t\t\t\t\t\t<div class=\"mk-blend-layer\"><\/div>\n\t\t\t\t\t\t<div class=\"mk-color-layer\"><\/div>\n\t\t<\/div>\n\t<\/div>\n\n\t\t\t<\/div>\n\n\t\t\t\n        <div class=\"page-section-content vc_row-fluid mk-grid \" >\n            <div class=\"mk-padding-wrapper wpb_row\">\n<div class=\"vc_col-sm-12 wpb_column column_container  jupiter-donut- _ jupiter-donut-height-full\">\n\t<\/div>\n<\/div>\n            <div class=\"clearboth\"><\/div>\n        <\/div>\n\n\n\t\t\t\n\t\t\t\n\t\t\t\n\t\t<div class=\"clearboth\"><\/div>\n\t<\/div>\n<\/div>\n<div class=\"vc_row-full-width vc_clearfix\"><\/div>\n\n\n<div  data-mk-stretch-content=\"true\" class=\"wpb_row vc_row vc_row-fluid jupiter-donut- mk-fullwidth-false  attched-false     js-master-row  mk-grid\">\n\t\t\t\t\n<div class=\"vc_col-sm-12 wpb_column column_container  jupiter-donut- _ jupiter-donut-height-full\">\n\t\n\n<div class=\"wpb_row vc_inner vc_row vc_row-fluid jupiter-donut-   attched-false   \">\n\t\t\t<div class=\"wpb_column vc_column_container vc_col-sm-12\"><div class=\"vc_column-inner\"><div class=\"wpb_wrapper\"><\/div><\/div><\/div>\t<\/div>\n<div id=\"mk-tabs\" class=\"wpb_tabs mk-tabs-4 wpb_content_element mobile-true simple-style horizental-style\" data-interval=\"\"><div class=\"wpb_wrapper wpb_tour_tabs_wrapper ui-tabs vc_clearfix\">\n\t\t\t<ul class=\"wpb_tabs_nav ui-tabs-nav vc_clearfix\"><li><a href=\"#tab-1667822918764-2-7\">Le Parcours Anglophone<\/a><\/li><li><a href=\"#tab-1580377058-1-83\">Le Programme d'\u00c9ducation Interm\u00e9diaire (PEI)<\/a><\/li><li><a href=\"#tab-1580377058-2-98\">Le Programme du Dipl\u00f4me du Baccalaur\u00e9at International (BI)<\/a><\/li><\/ul>\n\t<div id=\"tab-1667822918764-2-7\" class=\"wpb_tab ui-tabs-panel wpb_ui-tabs-hide vc_clearfix\">\n\t\t<div class=\"title-mobile\">Le Parcours Anglophone<\/div>\n\t\t\t<div class=\" vc_custom_1667918321440\">\n\n<div id=\"text-block-5\" class=\"mk-text-block  jupiter-donut- \">\n\n\t\n\t<h3><b><span style=\"color: #509e00;\">Le Parcours Anglophone\u00a0<\/span><\/b><\/h3>\n<p><img decoding=\"async\" class=\"wp-image-965 size-thumbnail alignleft\" src=\"https:\/\/enkoeducation.com\/dakar\/wp-content\/uploads\/sites\/24\/2020\/01\/book-150x150.png\" alt=\"\" width=\"150\" height=\"150\" srcset=\"https:\/\/enkoeducation.com\/dakar\/wp-content\/uploads\/sites\/24\/2020\/01\/book-150x150.png 150w, https:\/\/enkoeducation.com\/dakar\/wp-content\/uploads\/sites\/24\/2020\/01\/book-300x300.png 300w, https:\/\/enkoeducation.com\/dakar\/wp-content\/uploads\/sites\/24\/2020\/01\/book-768x768.png 768w, https:\/\/enkoeducation.com\/dakar\/wp-content\/uploads\/sites\/24\/2020\/01\/book-1024x1024.png 1024w, https:\/\/enkoeducation.com\/dakar\/wp-content\/uploads\/sites\/24\/2020\/01\/book-100x100.png 100w, https:\/\/enkoeducation.com\/dakar\/wp-content\/uploads\/sites\/24\/2020\/01\/book-27x27.png 27w, https:\/\/enkoeducation.com\/dakar\/wp-content\/uploads\/sites\/24\/2020\/01\/book.png 1182w\" sizes=\"(max-width: 150px) 100vw, 150px\" \/> <span style=\"font-weight: 400;\">En plus d&rsquo;\u00eatre une \u00e9cole priv\u00e9e bilingue, Enko Dakar jette aussi un regard sur les enfants \u00e0 100% avec un nouveau Programme, le <strong>Parcours Anglophone<\/strong>.<\/span><\/p>\n<p>Cette option permet aux enfants anglophones de suivre leurs cours, en anglais afin de maintenir le niveau qu&rsquo;ils avaient en fonction de leur \u00e9coles ou pays de provenance, et aussi de suivre quelques cours supplementaires en fran\u00e7ais dans l&rsquo;objectif d&rsquo;aiguiser, et \u00e0 long terme perfectionner leur bilinguisme.<\/p>\n<p>En cette ann\u00e9e scolaire de 2022-2023, nous comptons un taux de 30% de nos \u00e9l\u00e8ves, Maternelle, Primaire, Coll\u00e8ge et Lyc\u00e9e confondus et ce chiffre est suscpetibe d&rsquo;\u00e9voluer au fil du temps.<\/p>\n\n\t<div class=\"clearboth\"><\/div>\n<\/div>\n\n\t<\/div>\n\n\t<\/div>\n\n\t<div id=\"tab-1580377058-1-83\" class=\"wpb_tab ui-tabs-panel wpb_ui-tabs-hide vc_clearfix\">\n\t\t<div class=\"title-mobile\">Le Programme d'\u00c9ducation Interm\u00e9diaire (PEI)<\/div>\n\t\t\n\n<div class=\"wpb_row vc_inner vc_row vc_row-fluid jupiter-donut-   attched-false   \">\n\t\t\t<div class=\"wpb_column vc_column_container vc_col-sm-12\"><div class=\"vc_column-inner\"><div class=\"wpb_wrapper\">\t<div class=\" vc_custom_1654862957152\">\n\n<div id=\"text-block-6\" class=\"mk-text-block  jupiter-donut- \">\n\n\t\n\t<h3><b><span style=\"color: #509e00;\">Le Programme d&rsquo;\u00c9ducation Interm\u00e9diaire (PEI) propos\u00e9 \u00e0 Enko Dakar International school<\/span><\/b><\/h3>\n<p><img decoding=\"async\" class=\"wp-image-965 size-thumbnail alignleft\" src=\"https:\/\/enkoeducation.com\/dakar\/wp-content\/uploads\/sites\/24\/2020\/01\/book-150x150.png\" alt=\"\" width=\"150\" height=\"150\" srcset=\"https:\/\/enkoeducation.com\/dakar\/wp-content\/uploads\/sites\/24\/2020\/01\/book-150x150.png 150w, https:\/\/enkoeducation.com\/dakar\/wp-content\/uploads\/sites\/24\/2020\/01\/book-300x300.png 300w, https:\/\/enkoeducation.com\/dakar\/wp-content\/uploads\/sites\/24\/2020\/01\/book-768x768.png 768w, https:\/\/enkoeducation.com\/dakar\/wp-content\/uploads\/sites\/24\/2020\/01\/book-1024x1024.png 1024w, https:\/\/enkoeducation.com\/dakar\/wp-content\/uploads\/sites\/24\/2020\/01\/book-100x100.png 100w, https:\/\/enkoeducation.com\/dakar\/wp-content\/uploads\/sites\/24\/2020\/01\/book-27x27.png 27w, https:\/\/enkoeducation.com\/dakar\/wp-content\/uploads\/sites\/24\/2020\/01\/book.png 1182w\" sizes=\"(max-width: 150px) 100vw, 150px\" \/> <span style=\"font-weight: 400;\">L\u2019\u00e9tablissement Enko Dakar International school est titulaire de l\u2019autorisation de l\u2019IB pour l\u2019enseignement du Programme d&rsquo;\u00c9ducation Interm\u00e9diaire (PEI) con\u00e7u par <\/span><span style=\"color: #509e00;\"><a style=\"color: #509e00;\" href=\"https:\/\/www.ibo.org\/fr\/programmes\/\" target=\"_blank\" rel=\"noopener noreferrer\"><span style=\"font-weight: 400;\">l\u2019Organisation du Baccalaur\u00e9at International<\/span><\/a><\/span><span style=\"font-weight: 400;\"> (International Baccalaureate Organization). Le PEI permet aux \u00e9l\u00e8ves de prendre confiance en eux, d\u2019apprendre gr\u00e2ce \u00e0 des actions concr\u00e8tes et de mieux comprendre les probl\u00e9matiques mondiales. Le programme\u00a0 con\u00e7u pour les \u00e9l\u00e8ves de 10 ans \u00e0 16 ans est r\u00e9put\u00e9 pour son excellence acad\u00e9mique : les \u00e9l\u00e8ves suivant le PEI ont une meilleure ma\u00eetrise des comp\u00e9tences scolaires essentielles que les autres \u00e9l\u00e8ves. De la 6e \u00e0 la 2nde (PEI 1 \u00e0 PEI5), le programme d\u2019Enko Dakar International school pr\u00e9pare au dipl\u00f4me du Baccalaur\u00e9at International (IB). <\/span><span style=\"font-weight: 400;\">Enko Dakar International School est la premi\u00e8re \u00e9cole du r\u00e9seau Enko Education \u00e0 offrir int\u00e9gralement le Programme d&rsquo;\u00c9ducation Interm\u00e9diaire (niveau coll\u00e8ge) et le Programme du Dipl\u00f4me du Baccalaur\u00e9at International (niveau lyc\u00e9e).<\/span><\/p>\n\n\t<div class=\"clearboth\"><\/div>\n<\/div>\n\n\t<\/div>\n\n<div id=\"mk-button-7\" class=\"mk-button-container _ jupiter-donut-relative    jupiter-donut-block jupiter-donut-text-center \">\n\n\t\n\t\t<a href=\"https:\/\/www.ibo.org\/fr\/programmes\/middle-years-programme\/\" target=\"_blank\" class=\"mk-button js-smooth-scroll mk-button--dimension-three mk-button--size-x-large mk-button--corner-full_rounded text-color-light _ jupiter-donut-relative jupiter-donut-text-center jupiter-donut-font-weight-700 jupiter-donut-no-backface  jupiter-donut-letter-spacing-2 jupiter-donut-inline-block\"><span class=\"mk-button--text\">Le PEI <\/span><\/a>\n\n\t\n<\/div>\n\t<div class=\" vc_custom_1654862992290\">\n\n<div id=\"text-block-8\" class=\"mk-text-block  jupiter-donut- \">\n\n\t\n\t<h3><b><span style=\"color: #509e00;\">Mati\u00e8res enseign\u00e9es<\/span><\/b><\/h3>\n<p><img decoding=\"async\" class=\"alignleft wp-image-995 size-thumbnail\" src=\"https:\/\/enkoeducation.com\/dakar\/wp-content\/uploads\/sites\/24\/2020\/02\/myp-model-fr-150x150.png\" alt=\"\" width=\"150\" height=\"150\" srcset=\"https:\/\/enkoeducation.com\/dakar\/wp-content\/uploads\/sites\/24\/2020\/02\/myp-model-fr-150x150.png 150w, https:\/\/enkoeducation.com\/dakar\/wp-content\/uploads\/sites\/24\/2020\/02\/myp-model-fr-300x300.png 300w, https:\/\/enkoeducation.com\/dakar\/wp-content\/uploads\/sites\/24\/2020\/02\/myp-model-fr-768x768.png 768w, https:\/\/enkoeducation.com\/dakar\/wp-content\/uploads\/sites\/24\/2020\/02\/myp-model-fr-1024x1024.png 1024w, https:\/\/enkoeducation.com\/dakar\/wp-content\/uploads\/sites\/24\/2020\/02\/myp-model-fr-100x100.png 100w\" sizes=\"(max-width: 150px) 100vw, 150px\" \/><\/p>\n<p><span style=\"font-weight: 400;\">Programme couvrant les classes de PEI 1 \u00e0 PEI 5 (6e \u00e0 Seconde)<\/span><span style=\"font-weight: 400;\"><br \/>\n<\/span><span style=\"font-weight: 400;\"><br \/>\n<\/span><span style=\"font-weight: 400;\">Langue et litt\u00e9rature: fran\u00e7ais<\/span><\/p>\n<p><span style=\"font-weight: 400;\">Acquisition de langue: anglais, espagnol<\/span><\/p>\n<p><span style=\"font-weight: 400;\">Math\u00e9matiques<\/span><\/p>\n<p><span style=\"font-weight: 400;\">Sciences: physique, chimie, biologie<\/span><\/p>\n<p><span style=\"font-weight: 400;\">individus et soci\u00e9t\u00e9s : histoire-g\u00e9ographie, \u00e9ducation civique, \u00e9conomie \u00e0 partir du PEI 5 (Seconde)<\/span><\/p>\n<p><span style=\"font-weight: 400;\">Design\/ informatique\u00a0<\/span><\/p>\n<p><span style=\"font-weight: 400;\">Arts dramatique et visuel: dessin ou th\u00e9\u00e2tre\u00a0\u00a0<\/span><\/p>\n<p><span style=\"font-weight: 400;\">Education physique et sant\u00e9: th\u00e9orie et pratique <\/span><\/p>\n\n\t<div class=\"clearboth\"><\/div>\n<\/div>\n\n\t<\/div>\n<\/div><\/div><\/div>\t<\/div>\n\n\t<\/div>\n\n\t<div id=\"tab-1580377058-2-98\" class=\"wpb_tab ui-tabs-panel wpb_ui-tabs-hide vc_clearfix\">\n\t\t<div class=\"title-mobile\">Le Programme du Dipl\u00f4me du Baccalaur\u00e9at International (BI)<\/div>\n\t\t\t<div class=\" vc_custom_1582480439922\">\n\n<div id=\"text-block-9\" class=\"mk-text-block  jupiter-donut- \">\n\n\t\n\t<h3><b>\u00a0Le programme du Dipl\u00f4me du Baccalaur\u00e9at International (BI) \u00e0 Enko Dakar<br \/>\n<\/b><\/h3>\n<p><img decoding=\"async\" class=\"alignleft wp-image-965 size-thumbnail\" src=\"https:\/\/enkoeducation.com\/dakar\/wp-content\/uploads\/sites\/24\/2020\/01\/book-150x150.png\" alt=\"\" width=\"150\" height=\"150\" srcset=\"https:\/\/enkoeducation.com\/dakar\/wp-content\/uploads\/sites\/24\/2020\/01\/book-150x150.png 150w, https:\/\/enkoeducation.com\/dakar\/wp-content\/uploads\/sites\/24\/2020\/01\/book-300x300.png 300w, https:\/\/enkoeducation.com\/dakar\/wp-content\/uploads\/sites\/24\/2020\/01\/book-768x768.png 768w, https:\/\/enkoeducation.com\/dakar\/wp-content\/uploads\/sites\/24\/2020\/01\/book-1024x1024.png 1024w, https:\/\/enkoeducation.com\/dakar\/wp-content\/uploads\/sites\/24\/2020\/01\/book-100x100.png 100w, https:\/\/enkoeducation.com\/dakar\/wp-content\/uploads\/sites\/24\/2020\/01\/book-27x27.png 27w, https:\/\/enkoeducation.com\/dakar\/wp-content\/uploads\/sites\/24\/2020\/01\/book.png 1182w\" sizes=\"(max-width: 150px) 100vw, 150px\" \/><br \/>\n<span style=\"font-weight: 400;\">Enko Dakar International School est titulaire de\u00a0 l\u2019autorisation \u00e0 dispenser le Programme du Dipl\u00f4me du Baccalaur\u00e9at International, offert en classes de DP1 et DP2<\/span><span style=\"font-weight: 400;\"><br \/>\n<\/span><span style=\"font-weight: 400;\">[de 1<\/span><span style=\"font-weight: 400;\">\u00e8re<\/span><span style=\"font-weight: 400;\"> et Terminale] et menant au prestigieux dipl\u00f4me du Baccalaur\u00e9at International. 2020 c\u00e9l\u00e9brera ainsi la premi\u00e8re promotion de dipl\u00f4m\u00e9s IB d\u2019Enko Dakar International School. Le Programme du Dipl\u00f4me du Baccalaur\u00e9at International est con\u00e7u pour les \u00e9l\u00e8ves de 16 \u00e0 19 ans, en classes de DP1 et DP2 (1<\/span><span style=\"font-weight: 400;\">\u00e8re<\/span><span style=\"font-weight: 400;\"> et\u00a0 Terminale). Le Programme du dipl\u00f4me de l\u2019IB est un programme d\u2019enseignement rigoureux et \u00e9quilibr\u00e9 sanctionn\u00e9 par des examens finaux, qui pr\u00e9pare les \u00e9l\u00e8ves \u00e0 l\u2019entr\u00e9e \u00e0 l\u2019universit\u00e9 et \u00e0 la vie active. Il a \u00e9t\u00e9 con\u00e7u pour contribuer au bien-\u00eatre intellectuel, social, \u00e9motionnel et physique des \u00e9l\u00e8ves. Au cours des deux ann\u00e9es du programme (DP1 et DP2), les \u00e9l\u00e8ves sont encourag\u00e9s \u00e0 d\u00e9velopper leur curiosit\u00e9 intellectuelle dans un esprit de respect interculturel. <\/span><\/p>\n\n\t<div class=\"clearboth\"><\/div>\n<\/div>\n\n\t<\/div>\n\n<div id=\"mk-button-10\" class=\"mk-button-container _ jupiter-donut-relative    jupiter-donut-block jupiter-donut-text-center \">\n\n\t\n\t\t<a href=\"https:\/\/www.ibo.org\/fr\/programmes\/diploma-programme\/\" target=\"_blank\" class=\"mk-button js-smooth-scroll mk-button--dimension-three mk-button--size-x-large mk-button--corner-full_rounded text-color-light _ jupiter-donut-relative jupiter-donut-text-center jupiter-donut-font-weight-700 jupiter-donut-no-backface  jupiter-donut-letter-spacing-2 jupiter-donut-inline-block\"><span class=\"mk-button--text\">Le BI en d\u00e9tail<\/span><\/a>\n\n\t\n<\/div>\n\n<div id=\"mk-button-11\" class=\"mk-button-container _ jupiter-donut-relative    jupiter-donut-block jupiter-donut-text-center \">\n\n\t\n\t\t<a href=\"file:\/\/\/Users\/mac\/Downloads\/Enko%20Dakar%20School%20Profile%202022%20(1).pdf\" target=\"_blank\" class=\"mk-button js-smooth-scroll mk-button--dimension-three mk-button--size-x-large mk-button--corner-full_rounded text-color-light _ jupiter-donut-relative jupiter-donut-text-center jupiter-donut-font-weight-700 jupiter-donut-no-backface  jupiter-donut-letter-spacing-2 jupiter-donut-inline-block\"><span class=\"mk-button--text\">Enko Dakar IB Profile<\/span><\/a>\n\n\t\n<\/div>\n\t<div class=\" vc_custom_1654863037159\">\n\n<div id=\"text-block-12\" class=\"mk-text-block  jupiter-donut- \">\n\n\t\n\t<h3><strong>Mati\u00e8res enseign\u00e9es<br \/>\n<img loading=\"lazy\" decoding=\"async\" class=\"alignnone wp-image-1002 size-thumbnail\" src=\"https:\/\/enkoeducation.com\/dakar\/wp-content\/uploads\/sites\/24\/2020\/02\/dp-model-fr-150x150.png\" alt=\"\" width=\"150\" height=\"150\" srcset=\"https:\/\/enkoeducation.com\/dakar\/wp-content\/uploads\/sites\/24\/2020\/02\/dp-model-fr-150x150.png 150w, https:\/\/enkoeducation.com\/dakar\/wp-content\/uploads\/sites\/24\/2020\/02\/dp-model-fr-300x300.png 300w, https:\/\/enkoeducation.com\/dakar\/wp-content\/uploads\/sites\/24\/2020\/02\/dp-model-fr-768x768.png 768w, https:\/\/enkoeducation.com\/dakar\/wp-content\/uploads\/sites\/24\/2020\/02\/dp-model-fr-1024x1024.png 1024w, https:\/\/enkoeducation.com\/dakar\/wp-content\/uploads\/sites\/24\/2020\/02\/dp-model-fr-100x100.png 100w, https:\/\/enkoeducation.com\/dakar\/wp-content\/uploads\/sites\/24\/2020\/02\/dp-model-fr-27x27.png 27w\" sizes=\"(max-width: 150px) 100vw, 150px\" \/>\u00a0<\/strong><\/h3>\n<p><b>Les mati\u00e8res propos\u00e9es pour l\u2019ann\u00e9e 2022-24:<\/b><\/p>\n<p><span style=\"font-weight: 400;\">gr1: Fran\u00e7ais:\u00a0 langue et litt\u00e9rature (langue A)<\/span><\/p>\n<p><span style=\"font-weight: 400;\">gr2: Anglais (langue A &#038; B)<\/span><\/p>\n<p><span style=\"font-weight: 400;\">gr3: Histoire, Economie et Syst\u00e8me de l&rsquo;Environnement et Soci\u00e9t\u00e9s<\/span><\/p>\n<p><span style=\"font-weight: 400;\">gr4: Chimie, Biologie, Physique et Informatique<\/span><\/p>\n<p><span style=\"font-weight: 400;\">gr5: Math\u00e9matiques, analyse et approches<br \/>\nMath\u00e9matiques, applications et interpr\u00e9tations<\/span><\/p>\n<p><span style=\"font-weight: 400;\">gr6: Business Management<\/span><\/p>\n<p><b>Les mati\u00e8res propos\u00e9es\u00a0 pour l\u2019ann\u00e9e 2021-23:\u00a0<\/b><\/p>\n<p><span style=\"font-weight: 400;\">gr1: Fran\u00e7ais:\u00a0 langue et litt\u00e9rature (langue A)<\/span><\/p>\n<p><span style=\"font-weight: 400;\">gr2: Anglais (langue B)<\/span><\/p>\n<p><span style=\"font-weight: 400;\">gr3: Histoire, Economie et Syst\u00e8me de l&rsquo;Environnement et soci\u00e9t\u00e9s<\/span><\/p>\n<p><span style=\"font-weight: 400;\">gr4: Chimie, Biologie, Physique et Informatique<br \/>\n<\/span><\/p>\n<p><span style=\"font-weight: 400;\">gr5: Math\u00e9matiques, analyse et approches<br \/>\n<\/span><span style=\"font-weight: 400;\">\u00a0 \u00a0 \u00a0 \u00a0 Math\u00e9matiques, applications et interpr\u00e9tations<\/span><\/p>\n<h3><strong>\u00a0<\/strong><\/h3>\n\n\t<div class=\"clearboth\"><\/div>\n<\/div>\n\n\t<\/div>\n\n\t<\/div>\n\n\t\t<\/div>\n\t<\/div>\n<\/div>\n\t<\/div>\n\n<\/section>","protected":false},"excerpt":{"rendered":"Le Parcours AnglophoneLe Programme d'\u00c9ducation Interm\u00e9diaire (PEI)Le Programme du Dipl\u00f4me du Baccalaur\u00e9at International (BI) Le Parcours Anglophone Le Parcours Anglophone\u00a0 En plus d'\u00eatre une \u00e9cole priv\u00e9e bilingue, Enko Dakar jette aussi un regard sur les enfants \u00e0 100% avec un nouveau Programme, le Parcours Anglophone. Cette option permet aux enfants anglophones de suivre leurs cours, [...]","protected":false},"author":1,"featured_media":0,"parent":0,"menu_order":0,"comment_status":"closed","ping_status":"closed","template":"","meta":{"footnotes":""},"class_list":["post-287","page","type-page","status-publish","hentry"],"yoast_head":"<!-- This site is optimized with the Yoast SEO Premium plugin v18.2.1 (Yoast SEO v23.2) - https:\/\/yoast.com\/wordpress\/plugins\/seo\/ -->\n<title>Curriculum - Enko Dakar<\/title>\n<meta name=\"robots\" content=\"index, follow, max-snippet:-1, max-image-preview:large, max-video-preview:-1\" \/>\n<link rel=\"canonical\" href=\"https:\/\/enkoeducation.com\/dakar\/curriculum\/\" \/>\n<meta property=\"og:locale\" content=\"fr_FR\" \/>\n<meta property=\"og:type\" content=\"article\" \/>\n<meta property=\"og:title\" content=\"Curriculum\" \/>\n<meta property=\"og:url\" content=\"https:\/\/enkoeducation.com\/dakar\/curriculum\/\" \/>\n<meta property=\"og:site_name\" content=\"Enko Dakar\" \/>\n<meta property=\"article:modified_time\" content=\"2024-07-17T13:11:35+00:00\" \/>\n<meta property=\"og:image\" content=\"https:\/\/enkoeducation.com\/dakar\/wp-content\/uploads\/sites\/24\/2020\/01\/book-150x150.png\" \/>\n<meta name=\"twitter:card\" content=\"summary_large_image\" \/>\n<meta name=\"twitter:label1\" content=\"Dur\u00e9e de lecture estim\u00e9e\" \/>\n\t<meta name=\"twitter:data1\" content=\"4 minutes\" \/>\n<script type=\"application\/ld+json\" class=\"yoast-schema-graph\">{\"@context\":\"https:\/\/schema.org\",\"@graph\":[{\"@type\":\"WebPage\",\"@id\":\"https:\/\/enkoeducation.com\/dakar\/curriculum\/\",\"url\":\"https:\/\/enkoeducation.com\/dakar\/curriculum\/\",\"name\":\"Curriculum - Enko Dakar\",\"isPartOf\":{\"@id\":\"https:\/\/enkoeducation.com\/dakar\/#website\"},\"primaryImageOfPage\":{\"@id\":\"https:\/\/enkoeducation.com\/dakar\/curriculum\/#primaryimage\"},\"image\":{\"@id\":\"https:\/\/enkoeducation.com\/dakar\/curriculum\/#primaryimage\"},\"thumbnailUrl\":\"https:\/\/enkoeducation.com\/dakar\/wp-content\/uploads\/sites\/24\/2020\/01\/book-150x150.png\",\"datePublished\":\"2018-01-22T13:23:59+00:00\",\"dateModified\":\"2024-07-17T13:11:35+00:00\",\"breadcrumb\":{\"@id\":\"https:\/\/enkoeducation.com\/dakar\/curriculum\/#breadcrumb\"},\"inLanguage\":\"fr-FR\",\"potentialAction\":[{\"@type\":\"ReadAction\",\"target\":[\"https:\/\/enkoeducation.com\/dakar\/curriculum\/\"]}]},{\"@type\":\"ImageObject\",\"inLanguage\":\"fr-FR\",\"@id\":\"https:\/\/enkoeducation.com\/dakar\/curriculum\/#primaryimage\",\"url\":\"https:\/\/enkoeducation.com\/dakar\/wp-content\/uploads\/sites\/24\/2020\/01\/book.png\",\"contentUrl\":\"https:\/\/enkoeducation.com\/dakar\/wp-content\/uploads\/sites\/24\/2020\/01\/book.png\",\"width\":1182,\"height\":1182},{\"@type\":\"BreadcrumbList\",\"@id\":\"https:\/\/enkoeducation.com\/dakar\/curriculum\/#breadcrumb\",\"itemListElement\":[{\"@type\":\"ListItem\",\"position\":1,\"name\":\"Home\",\"item\":\"https:\/\/enkoeducation.com\/dakar\/\"},{\"@type\":\"ListItem\",\"position\":2,\"name\":\"Curriculum\"}]},{\"@type\":\"WebSite\",\"@id\":\"https:\/\/enkoeducation.com\/dakar\/#website\",\"url\":\"https:\/\/enkoeducation.com\/dakar\/\",\"name\":\"Enko Dakar\",\"description\":\"An Enko Education Site\",\"potentialAction\":[{\"@type\":\"SearchAction\",\"target\":{\"@type\":\"EntryPoint\",\"urlTemplate\":\"https:\/\/enkoeducation.com\/dakar\/?s={search_term_string}\"},\"query-input\":\"required name=search_term_string\"}],\"inLanguage\":\"fr-FR\"}]}<\/script>\n<!-- \/ Yoast SEO Premium plugin. -->","yoast_head_json":{"title":"Curriculum - Enko Dakar","robots":{"index":"index","follow":"follow","max-snippet":"max-snippet:-1","max-image-preview":"max-image-preview:large","max-video-preview":"max-video-preview:-1"},"canonical":"https:\/\/enkoeducation.com\/dakar\/curriculum\/","og_locale":"fr_FR","og_type":"article","og_title":"Curriculum","og_url":"https:\/\/enkoeducation.com\/dakar\/curriculum\/","og_site_name":"Enko Dakar","article_modified_time":"2024-07-17T13:11:35+00:00","og_image":[{"url":"https:\/\/enkoeducation.com\/dakar\/wp-content\/uploads\/sites\/24\/2020\/01\/book-150x150.png"}],"twitter_card":"summary_large_image","twitter_misc":{"Dur\u00e9e de lecture estim\u00e9e":"4 minutes"},"schema":{"@context":"https:\/\/schema.org","@graph":[{"@type":"WebPage","@id":"https:\/\/enkoeducation.com\/dakar\/curriculum\/","url":"https:\/\/enkoeducation.com\/dakar\/curriculum\/","name":"Curriculum - Enko Dakar","isPartOf":{"@id":"https:\/\/enkoeducation.com\/dakar\/#website"},"primaryImageOfPage":{"@id":"https:\/\/enkoeducation.com\/dakar\/curriculum\/#primaryimage"},"image":{"@id":"https:\/\/enkoeducation.com\/dakar\/curriculum\/#primaryimage"},"thumbnailUrl":"https:\/\/enkoeducation.com\/dakar\/wp-content\/uploads\/sites\/24\/2020\/01\/book-150x150.png","datePublished":"2018-01-22T13:23:59+00:00","dateModified":"2024-07-17T13:11:35+00:00","breadcrumb":{"@id":"https:\/\/enkoeducation.com\/dakar\/curriculum\/#breadcrumb"},"inLanguage":"fr-FR","potentialAction":[{"@type":"ReadAction","target":["https:\/\/enkoeducation.com\/dakar\/curriculum\/"]}]},{"@type":"ImageObject","inLanguage":"fr-FR","@id":"https:\/\/enkoeducation.com\/dakar\/curriculum\/#primaryimage","url":"https:\/\/enkoeducation.com\/dakar\/wp-content\/uploads\/sites\/24\/2020\/01\/book.png","contentUrl":"https:\/\/enkoeducation.com\/dakar\/wp-content\/uploads\/sites\/24\/2020\/01\/book.png","width":1182,"height":1182},{"@type":"BreadcrumbList","@id":"https:\/\/enkoeducation.com\/dakar\/curriculum\/#breadcrumb","itemListElement":[{"@type":"ListItem","position":1,"name":"Home","item":"https:\/\/enkoeducation.com\/dakar\/"},{"@type":"ListItem","position":2,"name":"Curriculum"}]},{"@type":"WebSite","@id":"https:\/\/enkoeducation.com\/dakar\/#website","url":"https:\/\/enkoeducation.com\/dakar\/","name":"Enko Dakar","description":"An Enko Education Site","potentialAction":[{"@type":"SearchAction","target":{"@type":"EntryPoint","urlTemplate":"https:\/\/enkoeducation.com\/dakar\/?s={search_term_string}"},"query-input":"required name=search_term_string"}],"inLanguage":"fr-FR"}]}},"_links":{"self":[{"href":"https:\/\/enkoeducation.com\/dakar\/wp-json\/wp\/v2\/pages\/287"}],"collection":[{"href":"https:\/\/enkoeducation.com\/dakar\/wp-json\/wp\/v2\/pages"}],"about":[{"href":"https:\/\/enkoeducation.com\/dakar\/wp-json\/wp\/v2\/types\/page"}],"author":[{"embeddable":true,"href":"https:\/\/enkoeducation.com\/dakar\/wp-json\/wp\/v2\/users\/1"}],"replies":[{"embeddable":true,"href":"https:\/\/enkoeducation.com\/dakar\/wp-json\/wp\/v2\/comments?post=287"}],"version-history":[{"count":143,"href":"https:\/\/enkoeducation.com\/dakar\/wp-json\/wp\/v2\/pages\/287\/revisions"}],"predecessor-version":[{"id":1596,"href":"https:\/\/enkoeducation.com\/dakar\/wp-json\/wp\/v2\/pages\/287\/revisions\/1596"}],"wp:attachment":[{"href":"https:\/\/enkoeducation.com\/dakar\/wp-json\/wp\/v2\/media?parent=287"}],"curies":[{"name":"wp","href":"https:\/\/api.w.org\/{rel}","templated":true}]}}