{"id":933,"date":"2019-12-12T11:18:17","date_gmt":"2019-12-12T11:18:17","guid":{"rendered":"https:\/\/enkoeducation.com\/dakar\/?page_id=933"},"modified":"2025-01-05T13:51:12","modified_gmt":"2025-01-05T13:51:12","slug":"inscription-ouverte","status":"publish","type":"page","link":"https:\/\/enkoeducation.com\/dakar\/","title":{"rendered":"ACCUEIL"},"content":{"rendered":"<section class=\"wpb-content-wrapper\">\n<div class=\"mk-page-section-wrapper\" data-mk-full-width=\"true\" data-mk-full-width-init=\"true\" data-mk-stretch-content=\"true\">\n\t<div id=\"page-section-1\" class=\"mk-page-section self-hosted   full_layout full-width-1 js-el js-master-row jupiter-donut-    center-y\" data-mk-component=\"FullHeight\" data-fullHeight-config='{\"min\": 0}'   data-intro-effect=\"false\">\n\n\t\t\t\n\t\t\t<div class=\"mk-page-section-inner\">\n\t\t\t\t\n\n\n<div style=\"background-color:#0a0a0a;opacity:0.3;\" class=\"mk-video-color-mask\"><\/div>\n\n\t\t\t\t\n\t\t\t\t\n\t\n\t<div class=\"background-layer-holder\">\n\t\t<div id=\"background-layer--1\" data-mk-lazyload=\"false\" class=\"background-layer mk-background-stretch darken-blend-effect js-el\"   data-blend=\"darken\" data-mk-img-set='{\"landscape\":{\"external\":\"https:\/\/enkoeducation.com\/keur-gorgui\/wp-content\/uploads\/sites\/24\/2022\/12\/1f355cbe-b7d6-424a-973e-a44556856832-scaled.jpg\"},\"responsive\":\"true\"}' >\n\t\t\t\t\t\t\t\t\t\t<div class=\"mk-blend-layer\"><\/div>\n\t\t\t\t\t\t<div class=\"mk-color-layer\"><\/div>\n\t\t<\/div>\n\t<\/div>\n\n\t\t\t<\/div>\n\n\t\t\t\n        <div class=\"page-section-content vc_row-fluid mk-grid \" >\n            <div class=\"mk-padding-wrapper wpb_row\">\n<div class=\"vc_col-sm-12 wpb_column column_container  jupiter-donut- _ jupiter-donut-height-full\">\n\t\n<h1 id=\"fancy-title-3\" class=\"mk-fancy-title  simple-style jupiter-donut-  color-single\">\n\t<span>\n\t\t\t\t<p>Bienvenue \u00e0 Enko Dakar<\/p>\n\t\t\t<\/span>\n<\/h1>\n<div class=\"clearboth\"><\/div>\n\n\n\n<style>#fancy-title-3 {font-family: \"Montserrat\"}<\/style>\n<div id=\"mk-button-4\" class=\"mk-button-container _ jupiter-donut-relative    jupiter-donut-block jupiter-donut-text-center \">\n\n\t\n\t\t<a href=\"https:\/\/enkoeducation.com\/dakar\/fr\/contact\/\" target=\"_self\" class=\"mk-button js-smooth-scroll mk-button--dimension-two mk-button--size-x-large mk-button--corner-full_rounded text-color-light _ jupiter-donut-relative jupiter-donut-text-center jupiter-donut-font-weight-700 jupiter-donut-no-backface  jupiter-donut-letter-spacing-2 jupiter-donut-inline-block\"><span class=\"mk-button--text\">CONTACTEZ-NOUS !<\/span><\/a>\n\n\t\n<\/div>\n<\/div>\n<\/div>\n            <div class=\"clearboth\"><\/div>\n        <\/div>\n\n\n\t\t\t\n\t\t\t\n\t\t\t\n\t\t<div class=\"clearboth\"><\/div>\n\t<\/div>\n<\/div>\n<div class=\"vc_row-full-width vc_clearfix\"><\/div>\n\n\n<div  data-mk-stretch-content=\"true\" class=\"wpb_row vc_row vc_row-fluid jupiter-donut- mk-fullwidth-false  attched-false    vc_custom_1516613498951  js-master-row  mk-grid\">\n\t\t\t\t\n<div class=\"vc_col-sm-12 wpb_column column_container  jupiter-donut- _ jupiter-donut-height-full\">\n\t\n<div id=\"padding-6\" class=\"mk-padding-divider jupiter-donut-  jupiter-donut-clearfix\"><\/div>\n\n\n<div id=\"padding-7\" class=\"mk-padding-divider jupiter-donut-  jupiter-donut-clearfix\"><\/div>\n\n<\/div>\n\t<\/div>\n\n<div  data-mk-stretch-content=\"true\" class=\"wpb_row vc_row vc_row-fluid jupiter-donut- mk-fullwidth-false  attched-false    vc_custom_1516613498951  js-master-row  mk-grid\">\n\t\t\t\t\n<div class=\"vc_col-sm-12 wpb_column column_container  jupiter-donut- _ jupiter-donut-height-full\">\n\t\n<h2 id=\"fancy-title-9\" class=\"mk-fancy-title  simple-style jupiter-donut-  color-single\">\n\t<span>\n\t\t\t\t<p><strong><span style=\"vertical-align: inherit;\"><span style=\"vertical-align: inherit;\">Message de la Directrice<\/span><\/span><\/strong><\/p>\n\t\t\t<\/span>\n<\/h2>\n<div class=\"clearboth\"><\/div>\n\n\n\n\t<div class=\" vc_custom_1731400543290\">\n\n<div id=\"text-block-10\" class=\"mk-text-block  jupiter-donut- \">\n\n\t\n\t<p><b><img fetchpriority=\"high\" decoding=\"async\" class=\"alignnone wp-image-1618 size-medium\" src=\"https:\/\/enkoeducation.com\/dakar\/wp-content\/uploads\/sites\/24\/2024\/11\/siwars-photo-300x200.jpg\" alt=\"\" width=\"300\" height=\"200\" srcset=\"https:\/\/enkoeducation.com\/dakar\/wp-content\/uploads\/sites\/24\/2024\/11\/siwars-photo-300x200.jpg 300w, https:\/\/enkoeducation.com\/dakar\/wp-content\/uploads\/sites\/24\/2024\/11\/siwars-photo-1024x683.jpg 1024w, https:\/\/enkoeducation.com\/dakar\/wp-content\/uploads\/sites\/24\/2024\/11\/siwars-photo-768x512.jpg 768w, https:\/\/enkoeducation.com\/dakar\/wp-content\/uploads\/sites\/24\/2024\/11\/siwars-photo-1536x1024.jpg 1536w, https:\/\/enkoeducation.com\/dakar\/wp-content\/uploads\/sites\/24\/2024\/11\/siwars-photo-2048x1365.jpg 2048w, https:\/\/enkoeducation.com\/dakar\/wp-content\/uploads\/sites\/24\/2024\/11\/siwars-photo-18x12.jpg 18w, https:\/\/enkoeducation.com\/dakar\/wp-content\/uploads\/sites\/24\/2024\/11\/siwars-photo-31x21.jpg 31w\" sizes=\"(max-width: 300px) 100vw, 300px\" \/><\/b><\/p>\n<p>Chers parents et visiteurs,<\/p>\n<p>Bienvenue sur le\u00a0<span class=\"il\">site<\/span>\u00a0d&rsquo;<span class=\"il\">Enko<\/span>\u00a0International School ! Je suis ravie de vous accueillir et de vous pr\u00e9senter notre vision \u00e9ducative.<\/p>\n<p>Chez\u00a0<span class=\"il\">Enko<\/span>, nous croyons en la puissance de l&rsquo;\u00e9ducation pour transformer la vie de chaque apprenant.<\/p>\n<p>Notre mission est de fournir un environnement d&rsquo;apprentissage dynamique et inclusif, qui permet \u00e0 nos apprenants de d\u00e9couvrir leurs talents, de d\u00e9velopper leurs comp\u00e9tences et de devenir des citoyens engag\u00e9s dans un monde en constante \u00e9volution.<\/p>\n<p>Nous nous effor\u00e7ons de cr\u00e9er un lieu o\u00f9 chaque \u00e9l\u00e8ve est encourag\u00e9 \u00e0 \u00eatre curieux, cr\u00e9atif et confiant.<\/p>\n<p>\u00c0 travers les trois programmes de l&rsquo;IB, nous offrons une \u00e9ducation de qualit\u00e9 internationale qui pr\u00e9pare nos apprenants \u00e0 relever les d\u00e9fis acad\u00e9miques et personnels, tout en favorisant des valeurs de respect, d&rsquo;int\u00e9grit\u00e9 et de responsabilit\u00e9.<\/p>\n<p><span class=\"il\">Enko<\/span>\u00a0Dakar adh\u00e8re \u00e0 la mission du Groupe\u00a0<span class=\"il\">Enko<\/span>\u00a0\u00c9ducation, qui est d\u2019accro\u00eetre l\u2019acc\u00e8s aux meilleures universit\u00e9s du monde pour les \u00e9l\u00e8ves du continent africain, en offrant une \u00e9ducation internationale de pointe \u00e0 des frais de scolarit\u00e9 comp\u00e9titifs, tout en encadrant l\u2019orientation universitaire de chaque \u00e9l\u00e8ve.<\/p>\n<p>En tant que communaut\u00e9 d&rsquo;apprentissage, nous travaillons main dans la main avec les parents et les enseignants pour accompagner chaque \u00e9l\u00e8ve dans son parcours, en veillant \u00e0 ce qu&rsquo;il b\u00e9n\u00e9ficie d&rsquo;un encadrement individualis\u00e9 et d&rsquo;opportunit\u00e9s de d\u00e9veloppement holistique.<\/p>\n<p>N&rsquo;h\u00e9sitez pas \u00e0 nous rendre visite pour en savoir plus sur notre approche p\u00e9dagogique et pour rencontrer notre \u00e9quipe.<\/p>\n<p>Ensemble, faisons de l&rsquo;\u00e9ducation un vecteur de changement pour un avenir meilleur.<\/p>\n<p>Avec mes salutations les plus sinc\u00e8res,<\/p>\n<p><strong>Siwar Ben Romdhane<\/strong><br \/>\nDirectrice du Campus\u00a0<span class=\"il\">Enko<\/span>\u00a0Dakar International School<\/p>\n\n\t<div class=\"clearboth\"><\/div>\n<\/div>\n\n\t<\/div>\n\n<div id=\"padding-11\" class=\"mk-padding-divider jupiter-donut-  jupiter-donut-clearfix\"><\/div>\n\n<div class=\"vc_separator wpb_content_element vc_separator_align_center vc_sep_width_100 vc_sep_border_width_4 vc_sep_pos_align_center vc_separator_no_text vc_sep_color_grey\" ><span class=\"vc_sep_holder vc_sep_holder_l\"><span class=\"vc_sep_line\"><\/span><\/span><span class=\"vc_sep_holder vc_sep_holder_r\"><span class=\"vc_sep_line\"><\/span><\/span>\n<\/div><\/div>\n\t<\/div>\n\n<div  data-mk-stretch-content=\"true\" class=\"wpb_row vc_row vc_row-fluid jupiter-donut- mk-fullwidth-false  attched-false    vc_custom_1516613498951  js-master-row  mk-grid\">\n\t\t\t\t\n<div class=\"vc_col-sm-12 wpb_column column_container  jupiter-donut- _ jupiter-donut-height-full\">\n\t<\/div>\n\t<\/div>\n\n<div class=\"mk-page-section-wrapper\" data-mk-full-width=\"true\" data-mk-full-width-init=\"true\" data-mk-stretch-content=\"true\">\n\t<div id=\"page-section-13\" class=\"mk-page-section self-hosted   full_layout full-width-13 js-el js-master-row jupiter-donut-   \"    data-intro-effect=\"false\">\n\n\t\t\t\n\t\t\t<div class=\"mk-page-section-inner\">\n\t\t\t\t\n\n\n<div class=\"mk-video-color-mask\"><\/div>\n\n\t\t\t\t\n\t\t\t\t\t\t\t<\/div>\n\n\t\t\t\n        <div class=\"page-section-content vc_row-fluid mk-grid \" >\n            <div class=\"mk-padding-wrapper wpb_row\">\n<div class=\"vc_col-sm-12 wpb_column column_container  jupiter-donut- _ jupiter-donut-height-full\">\n\t\n\n<div class=\"wpb_row vc_inner vc_row vc_row-fluid jupiter-donut-   attched-false   vc_custom_1533022469593 \">\n\t\t\t<div class=\"wpb_column vc_column_container vc_col-sm-4\"><div class=\"vc_column-inner\"><div class=\"wpb_wrapper\"><div  class=\"mk-image mk-image-15 jupiter-donut-  mk-image-lazyload align-center simple-frame inside-image \" style=\"margin-bottom:10px\"><div class=\"mk-image-container\" style=\"max-width: 53px;\"><div  class=\"mk-image-holder\" style=\"max-width: 53px;\"><div class=\"mk-image-inner  \"><img decoding=\"async\" class=\"lightbox-false\" alt=\"ACCUEIL\" title=\"ACCUEIL\" width=\"53\" height=\"56\" src=\"https:\/\/enkoeducation.com\/new-dakar\/wp-content\/uploads\/sites\/24\/2018\/01\/case_icon.png\" \/><\/div><\/div><div class=\"clearboth\"><\/div><\/div><\/div>\n<h2 id=\"fancy-title-16\" class=\"mk-fancy-title  simple-style jupiter-donut-  color-single\">\n\t<span>\n\t\t\t\t<p>3 \u00e0 19 ans<\/p>\n\t\t\t<\/span>\n<\/h2>\n<div class=\"clearboth\"><\/div>\n\n\n\n\n<h2 id=\"fancy-title-17\" class=\"mk-fancy-title  simple-style jupiter-donut-  color-single\">\n\t<span>\n\t\t\t\t<p>Nous couvrons les classes de la Maternelle \u00e0 la Terminale<\/p>\n\t\t\t<\/span>\n<\/h2>\n<div class=\"clearboth\"><\/div>\n\n\n\n<\/div><\/div><\/div><div class=\"wpb_column vc_column_container vc_col-sm-4\"><div class=\"vc_column-inner\"><div class=\"wpb_wrapper\"><div  class=\"mk-image mk-image-18 jupiter-donut-  mk-image-lazyload align-center simple-frame inside-image \" style=\"margin-bottom:10px\"><div class=\"mk-image-container\" style=\"max-width: 51px;\"><div  class=\"mk-image-holder\" style=\"max-width: 51px;\"><div class=\"mk-image-inner  \"><img decoding=\"async\" class=\"lightbox-false\" alt=\"ACCUEIL\" title=\"ACCUEIL\" width=\"51\" height=\"45\" src=\"https:\/\/enkoeducation.com\/new-dakar\/wp-content\/uploads\/sites\/24\/2018\/01\/year_icon.png\" \/><\/div><\/div><div class=\"clearboth\"><\/div><\/div><\/div>\n<h2 id=\"fancy-title-19\" class=\"mk-fancy-title  simple-style jupiter-donut-  color-single\">\n\t<span>\n\t\t\t\t<p>Jusqu&rsquo;\u00e0 100 heures<\/p>\n\t\t\t<\/span>\n<\/h2>\n<div class=\"clearboth\"><\/div>\n\n\n\n\n<h2 id=\"fancy-title-20\" class=\"mk-fancy-title  simple-style jupiter-donut-  color-single\">\n\t<span>\n\t\t\t\t<p>de formation annuelle de nos enseignants<\/p>\n\t\t\t<\/span>\n<\/h2>\n<div class=\"clearboth\"><\/div>\n\n\n\n<\/div><\/div><\/div><div class=\"wpb_column vc_column_container vc_col-sm-4\"><div class=\"vc_column-inner\"><div class=\"wpb_wrapper\"><div  class=\"mk-image mk-image-21 jupiter-donut-  mk-image-lazyload align-center simple-frame inside-image \" style=\"margin-bottom:10px\"><div class=\"mk-image-container\" style=\"max-width: 56px;\"><div  class=\"mk-image-holder\" style=\"max-width: 56px;\"><div class=\"mk-image-inner  \"><img loading=\"lazy\" decoding=\"async\" class=\"lightbox-false\" alt=\"ACCUEIL\" title=\"ACCUEIL\" width=\"56\" height=\"48\" src=\"https:\/\/enkoeducation.com\/new-dakar\/wp-content\/uploads\/sites\/24\/2018\/01\/hat_icon.png\" \/><\/div><\/div><div class=\"clearboth\"><\/div><\/div><\/div>\n<h2 id=\"fancy-title-22\" class=\"mk-fancy-title  simple-style jupiter-donut-  color-single\">\n\t<span>\n\t\t\t\t<p>24 \u00e9l\u00e8ves<\/p>\n\t\t\t<\/span>\n<\/h2>\n<div class=\"clearboth\"><\/div>\n\n\n\n\n<h2 id=\"fancy-title-23\" class=\"mk-fancy-title  simple-style jupiter-donut-  color-single\">\n\t<span>\n\t\t\t\t<p>maximum par classe<\/p>\n\t\t\t<\/span>\n<\/h2>\n<div class=\"clearboth\"><\/div>\n\n\n\n<\/div><\/div><\/div>\t<\/div>\n<\/div>\n<\/div>\n            <div class=\"clearboth\"><\/div>\n        <\/div>\n\n\n\t\t\t\n\t\t\t\n\t\t\t\n\t\t<div class=\"clearboth\"><\/div>\n\t<\/div>\n<\/div>\n<div class=\"vc_row-full-width vc_clearfix\"><\/div>\n\n\n<div class=\"mk-page-section-wrapper\" data-mk-full-width=\"true\" data-mk-full-width-init=\"true\" data-mk-stretch-content=\"true\">\n\t<div id=\"page-section-24\" class=\"mk-page-section self-hosted   full_layout full-width-24 js-el js-master-row jupiter-donut-   \"    data-intro-effect=\"false\">\n\n\t\t\t\n\t\t\t<div class=\"mk-page-section-inner\">\n\t\t\t\t\n\n\n<div class=\"mk-video-color-mask\"><\/div>\n\n\t\t\t\t\n\t\t\t\t\t\t\t<\/div>\n\n\t\t\t\n        <div class=\"page-section-content vc_row-fluid mk-grid \" >\n            <div class=\"mk-padding-wrapper wpb_row\">\n<div class=\"vc_col-sm-12 wpb_column column_container  jupiter-donut- _ jupiter-donut-height-full\">\n\t\n\n<div class=\"wpb_row vc_inner vc_row vc_row-fluid jupiter-donut-   attched-false   vc_custom_1516629025801 \">\n\t\t\t<div class=\"wpb_column vc_column_container vc_col-sm-4\"><div class=\"vc_column-inner\"><div class=\"wpb_wrapper\"><div  class=\"mk-image mk-image-26 jupiter-donut-  mk-image-lazyload align-center simple-frame inside-image \" style=\"margin-bottom:10px\"><div class=\"mk-image-container\" style=\"max-width: 56px;\"><div  class=\"mk-image-holder\" style=\"max-width: 56px;\"><div class=\"mk-image-inner  \"><img loading=\"lazy\" decoding=\"async\" class=\"lightbox-false\" alt=\"ACCUEIL\" title=\"ACCUEIL\" width=\"56\" height=\"45\" src=\"https:\/\/enkoeducation.com\/new-dakar\/wp-content\/uploads\/sites\/24\/2018\/01\/trophy_icon.png\" \/><\/div><\/div><div class=\"clearboth\"><\/div><\/div><\/div>\n<div id=\"mk-button-27\" class=\"mk-button-container _ jupiter-donut-relative    jupiter-donut-block jupiter-donut-text-center \">\n\n\t\n\t\t<a href=\"https:\/\/enkoeducation.com\/dakar\/en\/curriculum\/\" target=\"_self\" class=\"mk-button js-smooth-scroll mk-button--dimension-flat mk-button--size-large mk-button--corner-full_rounded text-color-light _ jupiter-donut-relative jupiter-donut-text-center jupiter-donut-font-weight-700 jupiter-donut-no-backface  jupiter-donut-letter-spacing-2 jupiter-donut-inline-block\"><span class=\"mk-button--text\">CURRICULUM<\/span><\/a>\n\n\t\n<\/div>\n<\/div><\/div><\/div><div class=\"wpb_column vc_column_container vc_col-sm-4\"><div class=\"vc_column-inner\"><div class=\"wpb_wrapper\"><div  class=\"mk-image mk-image-28 jupiter-donut-  mk-image-lazyload align-center simple-frame inside-image \" style=\"margin-bottom:10px\"><div class=\"mk-image-container\" style=\"max-width: 56px;\"><div  class=\"mk-image-holder\" style=\"max-width: 56px;\"><div class=\"mk-image-inner  \"><img loading=\"lazy\" decoding=\"async\" class=\"lightbox-false\" alt=\"ACCUEIL\" title=\"ACCUEIL\" width=\"56\" height=\"50\" src=\"https:\/\/enkoeducation.com\/new-dakar\/wp-content\/uploads\/sites\/24\/2018\/01\/envelope_icon.png\" \/><\/div><\/div><div class=\"clearboth\"><\/div><\/div><\/div>\n<div id=\"mk-button-29\" class=\"mk-button-container _ jupiter-donut-relative    jupiter-donut-block jupiter-donut-text-center \">\n\n\t\n\t\t<a href=\"https:\/\/enkoeducation.com\/dakar\/fr\/admission-2024-2025\/\" target=\"_self\" class=\"mk-button js-smooth-scroll mk-button--dimension-flat mk-button--size-large mk-button--corner-full_rounded text-color-light _ jupiter-donut-relative jupiter-donut-text-center jupiter-donut-font-weight-700 jupiter-donut-no-backface  jupiter-donut-letter-spacing-2 jupiter-donut-inline-block\"><span class=\"mk-button--text\">ADMISSION<\/span><\/a>\n\n\t\n<\/div>\n<\/div><\/div><\/div><div class=\"wpb_column vc_column_container vc_col-sm-4\"><div class=\"vc_column-inner\"><div class=\"wpb_wrapper\"><div  class=\"mk-image mk-image-30 jupiter-donut-  mk-image-lazyload align-center simple-frame inside-image \" style=\"margin-bottom:10px\"><div class=\"mk-image-container\" style=\"max-width: 28px;\"><div  class=\"mk-image-holder\" style=\"max-width: 28px;\"><div class=\"mk-image-inner  \"><img loading=\"lazy\" decoding=\"async\" class=\"lightbox-false\" alt=\"ACCUEIL\" title=\"ACCUEIL\" width=\"28\" height=\"56\" src=\"https:\/\/enkoeducation.com\/new-dakar\/wp-content\/uploads\/sites\/24\/2018\/01\/phone_icon.png\" \/><\/div><\/div><div class=\"clearboth\"><\/div><\/div><\/div>\n<div id=\"mk-button-31\" class=\"mk-button-container _ jupiter-donut-relative    jupiter-donut-block jupiter-donut-text-center \">\n\n\t\n\t\t<a href=\"https:\/\/enkoeducation.com\/dakar\/fr\/contact\/\" target=\"_self\" class=\"mk-button js-smooth-scroll mk-button--dimension-flat mk-button--size-large mk-button--corner-full_rounded text-color-light _ jupiter-donut-relative jupiter-donut-text-center jupiter-donut-font-weight-700 jupiter-donut-no-backface  jupiter-donut-letter-spacing-2 jupiter-donut-inline-block\"><span class=\"mk-button--text\">CONTACT<\/span><\/a>\n\n\t\n<\/div>\n<\/div><\/div><\/div>\t<\/div>\n<\/div>\n<\/div>\n            <div class=\"clearboth\"><\/div>\n        <\/div>\n\n\n\t\t\t\n\t\t\t\n\t\t\t\n\t\t<div class=\"clearboth\"><\/div>\n\t<\/div>\n<\/div>\n<div class=\"vc_row-full-width vc_clearfix\"><\/div>\n\n\n<\/section>","protected":false},"excerpt":{"rendered":"Bienvenue \u00e0 Enko Dakar CONTACTEZ-NOUS ! Message de la Directrice Chers parents et visiteurs, Bienvenue sur le\u00a0site\u00a0d'Enko\u00a0International School ! Je suis ravie de vous accueillir et de vous pr\u00e9senter notre vision \u00e9ducative. Chez\u00a0Enko, nous croyons en la puissance de l'\u00e9ducation pour transformer la vie de chaque apprenant. Notre mission est de fournir un environnement d'apprentissage [...]","protected":false},"author":1,"featured_media":0,"parent":0,"menu_order":0,"comment_status":"closed","ping_status":"closed","template":"","meta":{"footnotes":""},"class_list":["post-933","page","type-page","status-publish","hentry"],"yoast_head":"<!-- This site is optimized with the Yoast SEO Premium plugin v18.2.1 (Yoast SEO v23.2) - https:\/\/yoast.com\/wordpress\/plugins\/seo\/ -->\n<title>ACCUEIL - Enko Dakar<\/title>\n<meta name=\"description\" content=\"Enko Dakar est une \u00e9cole du r\u00e9seau Enko Education qui propose deux programmes internationaux en continuum,\" \/>\n<meta name=\"robots\" content=\"index, follow, max-snippet:-1, max-image-preview:large, max-video-preview:-1\" \/>\n<link rel=\"canonical\" href=\"https:\/\/enkoeducation.com\/dakar\/\" \/>\n<meta property=\"og:locale\" content=\"fr_FR\" \/>\n<meta property=\"og:type\" content=\"article\" \/>\n<meta property=\"og:title\" content=\"ACCUEIL\" \/>\n<meta property=\"og:description\" content=\"Enko Dakar est une \u00e9cole du r\u00e9seau Enko Education qui propose deux programmes internationaux en continuum,\" \/>\n<meta property=\"og:url\" content=\"https:\/\/enkoeducation.com\/dakar\/\" \/>\n<meta property=\"og:site_name\" content=\"Enko Dakar\" \/>\n<meta property=\"article:modified_time\" content=\"2025-01-05T13:51:12+00:00\" \/>\n<meta property=\"og:image\" content=\"https:\/\/enkoeducation.com\/dakar\/wp-content\/uploads\/sites\/24\/2024\/11\/siwars-photo-300x200.jpg\" \/>\n<meta name=\"twitter:card\" content=\"summary_large_image\" \/>\n<meta name=\"twitter:label1\" content=\"Dur\u00e9e de lecture estim\u00e9e\" \/>\n\t<meta name=\"twitter:data1\" content=\"3 minutes\" \/>\n<script type=\"application\/ld+json\" class=\"yoast-schema-graph\">{\"@context\":\"https:\/\/schema.org\",\"@graph\":[{\"@type\":\"WebPage\",\"@id\":\"https:\/\/enkoeducation.com\/dakar\/\",\"url\":\"https:\/\/enkoeducation.com\/dakar\/\",\"name\":\"ACCUEIL - Enko Dakar\",\"isPartOf\":{\"@id\":\"https:\/\/enkoeducation.com\/dakar\/#website\"},\"primaryImageOfPage\":{\"@id\":\"https:\/\/enkoeducation.com\/dakar\/#primaryimage\"},\"image\":{\"@id\":\"https:\/\/enkoeducation.com\/dakar\/#primaryimage\"},\"thumbnailUrl\":\"https:\/\/enkoeducation.com\/dakar\/wp-content\/uploads\/sites\/24\/2024\/11\/siwars-photo-300x200.jpg\",\"datePublished\":\"2019-12-12T11:18:17+00:00\",\"dateModified\":\"2025-01-05T13:51:12+00:00\",\"description\":\"Enko Dakar est une \u00e9cole du r\u00e9seau Enko Education qui propose deux programmes internationaux en continuum,\",\"breadcrumb\":{\"@id\":\"https:\/\/enkoeducation.com\/dakar\/#breadcrumb\"},\"inLanguage\":\"fr-FR\",\"potentialAction\":[{\"@type\":\"ReadAction\",\"target\":[\"https:\/\/enkoeducation.com\/dakar\/\"]}]},{\"@type\":\"ImageObject\",\"inLanguage\":\"fr-FR\",\"@id\":\"https:\/\/enkoeducation.com\/dakar\/#primaryimage\",\"url\":\"https:\/\/enkoeducation.com\/dakar\/wp-content\/uploads\/sites\/24\/2024\/11\/siwars-photo-scaled.jpg\",\"contentUrl\":\"https:\/\/enkoeducation.com\/dakar\/wp-content\/uploads\/sites\/24\/2024\/11\/siwars-photo-scaled.jpg\",\"width\":2560,\"height\":1707},{\"@type\":\"BreadcrumbList\",\"@id\":\"https:\/\/enkoeducation.com\/dakar\/#breadcrumb\",\"itemListElement\":[{\"@type\":\"ListItem\",\"position\":1,\"name\":\"Home\",\"item\":\"https:\/\/enkoeducation.com\/dakar\/\"},{\"@type\":\"ListItem\",\"position\":2,\"name\":\"ACCUEIL\"}]},{\"@type\":\"WebSite\",\"@id\":\"https:\/\/enkoeducation.com\/dakar\/#website\",\"url\":\"https:\/\/enkoeducation.com\/dakar\/\",\"name\":\"Enko Dakar\",\"description\":\"An Enko Education Site\",\"potentialAction\":[{\"@type\":\"SearchAction\",\"target\":{\"@type\":\"EntryPoint\",\"urlTemplate\":\"https:\/\/enkoeducation.com\/dakar\/?s={search_term_string}\"},\"query-input\":\"required name=search_term_string\"}],\"inLanguage\":\"fr-FR\"}]}<\/script>\n<!-- \/ Yoast SEO Premium plugin. -->","yoast_head_json":{"title":"ACCUEIL - Enko Dakar","description":"Enko Dakar est une \u00e9cole du r\u00e9seau Enko Education qui propose deux programmes internationaux en continuum,","robots":{"index":"index","follow":"follow","max-snippet":"max-snippet:-1","max-image-preview":"max-image-preview:large","max-video-preview":"max-video-preview:-1"},"canonical":"https:\/\/enkoeducation.com\/dakar\/","og_locale":"fr_FR","og_type":"article","og_title":"ACCUEIL","og_description":"Enko Dakar est une \u00e9cole du r\u00e9seau Enko Education qui propose deux programmes internationaux en continuum,","og_url":"https:\/\/enkoeducation.com\/dakar\/","og_site_name":"Enko Dakar","article_modified_time":"2025-01-05T13:51:12+00:00","og_image":[{"url":"https:\/\/enkoeducation.com\/dakar\/wp-content\/uploads\/sites\/24\/2024\/11\/siwars-photo-300x200.jpg"}],"twitter_card":"summary_large_image","twitter_misc":{"Dur\u00e9e de lecture estim\u00e9e":"3 minutes"},"schema":{"@context":"https:\/\/schema.org","@graph":[{"@type":"WebPage","@id":"https:\/\/enkoeducation.com\/dakar\/","url":"https:\/\/enkoeducation.com\/dakar\/","name":"ACCUEIL - Enko Dakar","isPartOf":{"@id":"https:\/\/enkoeducation.com\/dakar\/#website"},"primaryImageOfPage":{"@id":"https:\/\/enkoeducation.com\/dakar\/#primaryimage"},"image":{"@id":"https:\/\/enkoeducation.com\/dakar\/#primaryimage"},"thumbnailUrl":"https:\/\/enkoeducation.com\/dakar\/wp-content\/uploads\/sites\/24\/2024\/11\/siwars-photo-300x200.jpg","datePublished":"2019-12-12T11:18:17+00:00","dateModified":"2025-01-05T13:51:12+00:00","description":"Enko Dakar est une \u00e9cole du r\u00e9seau Enko Education qui propose deux programmes internationaux en continuum,","breadcrumb":{"@id":"https:\/\/enkoeducation.com\/dakar\/#breadcrumb"},"inLanguage":"fr-FR","potentialAction":[{"@type":"ReadAction","target":["https:\/\/enkoeducation.com\/dakar\/"]}]},{"@type":"ImageObject","inLanguage":"fr-FR","@id":"https:\/\/enkoeducation.com\/dakar\/#primaryimage","url":"https:\/\/enkoeducation.com\/dakar\/wp-content\/uploads\/sites\/24\/2024\/11\/siwars-photo-scaled.jpg","contentUrl":"https:\/\/enkoeducation.com\/dakar\/wp-content\/uploads\/sites\/24\/2024\/11\/siwars-photo-scaled.jpg","width":2560,"height":1707},{"@type":"BreadcrumbList","@id":"https:\/\/enkoeducation.com\/dakar\/#breadcrumb","itemListElement":[{"@type":"ListItem","position":1,"name":"Home","item":"https:\/\/enkoeducation.com\/dakar\/"},{"@type":"ListItem","position":2,"name":"ACCUEIL"}]},{"@type":"WebSite","@id":"https:\/\/enkoeducation.com\/dakar\/#website","url":"https:\/\/enkoeducation.com\/dakar\/","name":"Enko Dakar","description":"An Enko Education Site","potentialAction":[{"@type":"SearchAction","target":{"@type":"EntryPoint","urlTemplate":"https:\/\/enkoeducation.com\/dakar\/?s={search_term_string}"},"query-input":"required name=search_term_string"}],"inLanguage":"fr-FR"}]}},"_links":{"self":[{"href":"https:\/\/enkoeducation.com\/dakar\/wp-json\/wp\/v2\/pages\/933"}],"collection":[{"href":"https:\/\/enkoeducation.com\/dakar\/wp-json\/wp\/v2\/pages"}],"about":[{"href":"https:\/\/enkoeducation.com\/dakar\/wp-json\/wp\/v2\/types\/page"}],"author":[{"embeddable":true,"href":"https:\/\/enkoeducation.com\/dakar\/wp-json\/wp\/v2\/users\/1"}],"replies":[{"embeddable":true,"href":"https:\/\/enkoeducation.com\/dakar\/wp-json\/wp\/v2\/comments?post=933"}],"version-history":[{"count":105,"href":"https:\/\/enkoeducation.com\/dakar\/wp-json\/wp\/v2\/pages\/933\/revisions"}],"predecessor-version":[{"id":1624,"href":"https:\/\/enkoeducation.com\/dakar\/wp-json\/wp\/v2\/pages\/933\/revisions\/1624"}],"wp:attachment":[{"href":"https:\/\/enkoeducation.com\/dakar\/wp-json\/wp\/v2\/media?parent=933"}],"curies":[{"name":"wp","href":"https:\/\/api.w.org\/{rel}","templated":true}]}}