{"id":1287,"date":"2020-07-28T13:37:30","date_gmt":"2020-07-28T13:37:30","guid":{"rendered":"http:\/\/enkoeducation.com\/kalanso\/?page_id=1287"},"modified":"2024-07-16T16:10:05","modified_gmt":"2024-07-16T16:10:05","slug":"practical-information-2","status":"publish","type":"page","link":"https:\/\/enkoeducation.com\/kalanso\/practical-information-2\/","title":{"rendered":"INFOS PRATIQUES"},"content":{"rendered":"<section class=\"wpb-content-wrapper\">\n<div class=\"mk-page-section-wrapper\" data-mk-full-width=\"true\" data-mk-full-width-init=\"true\" data-mk-stretch-content=\"true\">\n\t<div id=\"page-section-1\" class=\"mk-page-section self-hosted   full_layout full-width-1 js-el js-master-row jupiter-donut-   \"    data-intro-effect=\"false\">\n\n\t\t\t\n\t\t\t<div class=\"mk-page-section-inner\">\n\t\t\t\t\n\n\n<div style=\"background-color:#0a0a0a;opacity:0.3;\" class=\"mk-video-color-mask\"><\/div>\n\n\t\t\t\t\n\t\t\t\t\n\t\n\t<div class=\"background-layer-holder\">\n\t\t<div id=\"background-layer--1\" data-mk-lazyload=\"false\" class=\"background-layer mk-background-stretch darken-blend-effect js-el\"   data-blend=\"darken\" data-mk-img-set='{\"landscape\":{\"external\":\"http:\/\/enkoeducation.com\/kalanso\/wp-content\/uploads\/sites\/37\/2024\/03\/a7400557-scaled.jpg\"},\"responsive\":\"true\"}' >\n\t\t\t\t\t\t\t\t\t\t<div class=\"mk-blend-layer\"><\/div>\n\t\t\t\t\t\t<div class=\"mk-color-layer\"><\/div>\n\t\t<\/div>\n\t<\/div>\n\n\t\t\t<\/div>\n\n\t\t\t\n        <div class=\"page-section-content vc_row-fluid mk-grid \" >\n            <div class=\"mk-padding-wrapper wpb_row\">\n<div class=\"vc_col-sm-12 wpb_column column_container  jupiter-donut- _ jupiter-donut-height-full\">\n\t\n\n<div class=\"wpb_row vc_inner vc_row vc_row-fluid jupiter-donut-   attched-false   \">\n\t\t\t<div class=\"wpb_column vc_column_container vc_col-sm-12\"><div class=\"vc_column-inner\"><div class=\"wpb_wrapper\"><\/div><\/div><\/div>\t<\/div>\n<\/div>\n<\/div>\n            <div class=\"clearboth\"><\/div>\n        <\/div>\n\n\n\t\t\t\n\t\t\t\n\t\t\t\n\t\t<div class=\"clearboth\"><\/div>\n\t<\/div>\n<\/div>\n<div class=\"vc_row-full-width vc_clearfix\"><\/div>\n\n\n<div  data-mk-stretch-content=\"true\" class=\"wpb_row vc_row vc_row-fluid jupiter-donut- mk-fullwidth-false  attched-false     js-master-row  mk-grid\">\n\t\t\t\t\n<div class=\"vc_col-sm-12 wpb_column column_container  jupiter-donut- _ jupiter-donut-height-full\">\n\t\n<div id=\"padding-4\" class=\"mk-padding-divider jupiter-donut-  jupiter-donut-clearfix\"><\/div>\n\n<\/div>\n\t<\/div>\n\n<div class=\"mk-page-section-wrapper\" data-mk-full-width=\"true\" data-mk-full-width-init=\"true\" data-mk-stretch-content=\"true\">\n\t<div id=\"page-section-5\" class=\"mk-page-section self-hosted   full_layout full-width-5 js-el js-master-row jupiter-donut-   \"    data-intro-effect=\"false\">\n\n\t\t\t\n\t\t\t<div class=\"mk-page-section-inner\">\n\t\t\t\t\n\n\n<div class=\"mk-video-color-mask\"><\/div>\n\n\t\t\t\t\n\t\t\t\t\t\t\t<\/div>\n\n\t\t\t\n        <div class=\"page-section-content vc_row-fluid mk-grid \" >\n            <div class=\"mk-padding-wrapper wpb_row\">\n<div class=\"vc_col-sm-4 wpb_column column_container  jupiter-donut- _ jupiter-donut-height-full\">\n\t\n\t<div  class=\"wpb_single_image wpb_content_element vc_align_center\">\n\t\t\n\t\t<figure class=\"wpb_wrapper vc_figure\">\n\t\t\t<div class=\"vc_single_image-wrapper   vc_box_border_grey\"><img decoding=\"async\" width=\"137\" height=\"72\" src=\"https:\/\/enkoeducation.com\/kalanso\/wp-content\/uploads\/sites\/37\/2018\/01\/uniform-icon.png\" class=\"vc_single_image-img attachment-full\" alt=\"\" title=\"uniform-icon\" srcset=\"https:\/\/enkoeducation.com\/kalanso\/wp-content\/uploads\/sites\/37\/2018\/01\/uniform-icon.png 137w, https:\/\/enkoeducation.com\/kalanso\/wp-content\/uploads\/sites\/37\/2018\/01\/uniform-icon-31x16.png 31w\" sizes=\"(max-width: 137px) 100vw, 137px\" itemprop=\"image\" \/><\/div>\n\t\t<\/figure>\n\t<\/div>\n\n<h2 id=\"fancy-title-7\" class=\"mk-fancy-title  simple-style jupiter-donut-  color-single\">\n\t<span>\n\t\t\t\t<p style=\"text-align: center;\">Uniforme<\/p>\n\t\t\t<\/span>\n<\/h2>\n<div class=\"clearboth\"><\/div>\n\n\n\n\t<div class=\" vc_custom_1575933271989\">\n\n<div id=\"text-block-8\" class=\"mk-text-block  jupiter-donut- \">\n\n\t\n\t<p>Les \u00e9l\u00e8ves sont tenus de porter l\u2019uniforme de l\u2019\u00e9cole. Les 3 pi\u00e8ces de l\u2019uniforme sont \u00e0 la charge des familles.<\/p>\n<p>La tenue de sport est disponible au sein de l&#8217;\u00e9cole.<\/p>\n\n\t<div class=\"clearboth\"><\/div>\n<\/div>\n\n\t<\/div>\n\n<div id=\"mk-button-9\" class=\"mk-button-container _ jupiter-donut-relative    jupiter-donut-block jupiter-donut-text-center \">\n\n\t\n\t\t<a href=\"https:\/\/drive.google.com\/file\/d\/1eEcs8YBKZQ_IQeF2M9XV-Rkvep58ZWFj\/view?usp=sharing\" target=\"_blank\" class=\"mk-button js-smooth-scroll mk-button--dimension-three mk-button--size-medium mk-button--corner-full_rounded text-color-light _ jupiter-donut-relative jupiter-donut-text-center jupiter-donut-font-weight-700 jupiter-donut-no-backface  letter-spacing-1 jupiter-donut-inline-block\"><span class=\"mk-button--text\">En savoir plus<\/span><\/a>\n\n\t\n<\/div>\n<\/div>\n\n<div class=\"vc_col-sm-4 wpb_column column_container  jupiter-donut- _ jupiter-donut-height-full\">\n\t\n\t<div  class=\"wpb_single_image wpb_content_element vc_align_center\">\n\t\t\n\t\t<figure class=\"wpb_wrapper vc_figure\">\n\t\t\t<div class=\"vc_single_image-wrapper   vc_box_border_grey\"><img decoding=\"async\" width=\"88\" height=\"88\" src=\"https:\/\/enkoeducation.com\/kalanso\/wp-content\/uploads\/sites\/37\/2018\/01\/soccerball.png\" class=\"vc_single_image-img attachment-full\" alt=\"\" title=\"soccerball\" srcset=\"https:\/\/enkoeducation.com\/kalanso\/wp-content\/uploads\/sites\/37\/2018\/01\/soccerball.png 88w, https:\/\/enkoeducation.com\/kalanso\/wp-content\/uploads\/sites\/37\/2018\/01\/soccerball-80x80.png 80w, https:\/\/enkoeducation.com\/kalanso\/wp-content\/uploads\/sites\/37\/2018\/01\/soccerball-1024x1024.png 1024w, https:\/\/enkoeducation.com\/kalanso\/wp-content\/uploads\/sites\/37\/2018\/01\/soccerball-300x300.png 300w\" sizes=\"(max-width: 88px) 100vw, 88px\" itemprop=\"image\" \/><\/div>\n\t\t<\/figure>\n\t<\/div>\n\n<h2 id=\"fancy-title-11\" class=\"mk-fancy-title  simple-style jupiter-donut-  color-single\">\n\t<span>\n\t\t\t\t<p>Sports<\/p>\n\t\t\t<\/span>\n<\/h2>\n<div class=\"clearboth\"><\/div>\n\n\n\n\t<div class=\" vc_custom_1563193129308\">\n\n<div id=\"text-block-12\" class=\"mk-text-block  jupiter-donut- \">\n\n\t\n\t<p style=\"text-align: center;\">Course<\/p>\n<p style=\"text-align: center;\">Football<\/p>\n<p style=\"text-align: center;\">Basketball<\/p>\n<p style=\"text-align: center;\">Rugby<\/p>\n\n\t<div class=\"clearboth\"><\/div>\n<\/div>\n\n\t<\/div>\n<\/div>\n\n<div class=\"vc_col-sm-4 wpb_column column_container  jupiter-donut- _ jupiter-donut-height-full\">\n\t\n\t<div  class=\"wpb_single_image wpb_content_element vc_align_center\">\n\t\t\n\t\t<figure class=\"wpb_wrapper vc_figure\">\n\t\t\t<div class=\"vc_single_image-wrapper   vc_box_border_grey\"><img decoding=\"async\" width=\"72\" height=\"88\" src=\"https:\/\/enkoeducation.com\/kalanso\/wp-content\/uploads\/sites\/37\/2018\/01\/musicnote.png\" class=\"vc_single_image-img attachment-full\" alt=\"\" title=\"musicnote\" srcset=\"https:\/\/enkoeducation.com\/kalanso\/wp-content\/uploads\/sites\/37\/2018\/01\/musicnote.png 72w, https:\/\/enkoeducation.com\/kalanso\/wp-content\/uploads\/sites\/37\/2018\/01\/musicnote-22x27.png 22w\" sizes=\"(max-width: 72px) 100vw, 72px\" itemprop=\"image\" \/><\/div>\n\t\t<\/figure>\n\t<\/div>\n\n<h2 id=\"fancy-title-14\" class=\"mk-fancy-title  simple-style jupiter-donut-  color-single\">\n\t<span>\n\t\t\t\t<p style=\"text-align: center;\">Activit\u00e9s extrascolaires<\/p>\n\t\t\t<\/span>\n<\/h2>\n<div class=\"clearboth\"><\/div>\n\n\n\n\t<div class=\" vc_custom_1710502249696\">\n\n<div id=\"text-block-15\" class=\"mk-text-block  jupiter-donut- \">\n\n\t\n\t<p style=\"text-align: center;\">Anglais<\/p>\n<p style=\"text-align: center;\">Th\u00e9\u00e2tre et po\u00e9sie<\/p>\n<p style=\"text-align: center;\">Escrime<\/p>\n<p style=\"text-align: center;\">Football<\/p>\n<p style=\"text-align: center;\">Basketball<\/p>\n<p style=\"text-align: center;\">Cricket<\/p>\n<p style=\"text-align: center;\">Informatique<\/p>\n<p style=\"text-align: center;\">Arts martiaux<\/p>\n<p style=\"text-align: center;\">Tennis<\/p>\n<p style=\"text-align: center;\">Club des enfants journalistes<\/p>\n<p style=\"text-align: center;\">Arts plastiques<\/p>\n<p style=\"text-align: center;\">La Robotique<\/p>\n<p style=\"text-align: center;\">\u00c9nergie renouvelable (Installation des panneaux solaires)<\/p>\n\n\t<div class=\"clearboth\"><\/div>\n<\/div>\n\n\t<\/div>\n<\/div>\n<\/div>\n            <div class=\"clearboth\"><\/div>\n        <\/div>\n\n\n\t\t\t\n\t\t\t\n\t\t\t\n\t\t<div class=\"clearboth\"><\/div>\n\t<\/div>\n<\/div>\n<div class=\"vc_row-full-width vc_clearfix\"><\/div>\n\n\n<\/section>","protected":false},"excerpt":{"rendered":"Uniforme Les \u00e9l\u00e8ves sont tenus de porter l\u2019uniforme de l\u2019\u00e9cole. Les 3 pi\u00e8ces de l\u2019uniforme sont \u00e0 la charge des familles. La tenue de sport est disponible au sein de l'\u00e9cole. En savoir plus Sports Course Football Basketball Rugby Activit\u00e9s extrascolaires Anglais Th\u00e9\u00e2tre et po\u00e9sie Escrime Football Basketball Cricket Informatique Arts martiaux Tennis Club des [...]","protected":false},"author":51,"featured_media":0,"parent":0,"menu_order":0,"comment_status":"closed","ping_status":"closed","template":"","meta":{"footnotes":""},"class_list":["post-1287","page","type-page","status-publish","hentry"],"yoast_head":"<!-- This site is optimized with the Yoast SEO Premium plugin v18.2.1 (Yoast SEO v23.2) - https:\/\/yoast.com\/wordpress\/plugins\/seo\/ -->\n<title>INFOS PRATIQUES - Kalanso International School<\/title>\n<meta name=\"robots\" content=\"index, follow, max-snippet:-1, max-image-preview:large, max-video-preview:-1\" \/>\n<link rel=\"canonical\" href=\"https:\/\/enkoeducation.com\/kalanso\/practical-information-2\/\" \/>\n<meta property=\"og:locale\" content=\"en_US\" \/>\n<meta property=\"og:type\" content=\"article\" \/>\n<meta property=\"og:title\" content=\"INFOS PRATIQUES\" \/>\n<meta property=\"og:url\" content=\"https:\/\/enkoeducation.com\/kalanso\/practical-information-2\/\" \/>\n<meta property=\"og:site_name\" content=\"Kalanso International School\" \/>\n<meta property=\"article:publisher\" content=\"https:\/\/fr-fr.facebook.com\/EnkoRiviera\/\" \/>\n<meta property=\"article:modified_time\" content=\"2024-07-16T16:10:05+00:00\" \/>\n<meta name=\"twitter:card\" content=\"summary_large_image\" \/>\n<meta name=\"twitter:label1\" content=\"Est. reading time\" \/>\n\t<meta name=\"twitter:data1\" content=\"1 minute\" \/>\n<script type=\"application\/ld+json\" class=\"yoast-schema-graph\">{\"@context\":\"https:\/\/schema.org\",\"@graph\":[{\"@type\":\"WebPage\",\"@id\":\"https:\/\/enkoeducation.com\/kalanso\/practical-information-2\/\",\"url\":\"https:\/\/enkoeducation.com\/kalanso\/practical-information-2\/\",\"name\":\"INFOS PRATIQUES - Kalanso International School\",\"isPartOf\":{\"@id\":\"https:\/\/enkoeducation.com\/kalanso\/#website\"},\"datePublished\":\"2020-07-28T13:37:30+00:00\",\"dateModified\":\"2024-07-16T16:10:05+00:00\",\"breadcrumb\":{\"@id\":\"https:\/\/enkoeducation.com\/kalanso\/practical-information-2\/#breadcrumb\"},\"inLanguage\":\"en-US\",\"potentialAction\":[{\"@type\":\"ReadAction\",\"target\":[\"https:\/\/enkoeducation.com\/kalanso\/practical-information-2\/\"]}]},{\"@type\":\"BreadcrumbList\",\"@id\":\"https:\/\/enkoeducation.com\/kalanso\/practical-information-2\/#breadcrumb\",\"itemListElement\":[{\"@type\":\"ListItem\",\"position\":1,\"name\":\"Home\",\"item\":\"https:\/\/enkoeducation.com\/kalanso\/\"},{\"@type\":\"ListItem\",\"position\":2,\"name\":\"INFOS PRATIQUES\"}]},{\"@type\":\"WebSite\",\"@id\":\"https:\/\/enkoeducation.com\/kalanso\/#website\",\"url\":\"https:\/\/enkoeducation.com\/kalanso\/\",\"name\":\"Kalanso International School\",\"description\":\"\u00c9cole Internationale Africaine \u00e0 Abidjan\",\"potentialAction\":[{\"@type\":\"SearchAction\",\"target\":{\"@type\":\"EntryPoint\",\"urlTemplate\":\"https:\/\/enkoeducation.com\/kalanso\/?s={search_term_string}\"},\"query-input\":\"required name=search_term_string\"}],\"inLanguage\":\"en-US\"}]}<\/script>\n<!-- \/ Yoast SEO Premium plugin. -->","yoast_head_json":{"title":"INFOS PRATIQUES - Kalanso International School","robots":{"index":"index","follow":"follow","max-snippet":"max-snippet:-1","max-image-preview":"max-image-preview:large","max-video-preview":"max-video-preview:-1"},"canonical":"https:\/\/enkoeducation.com\/kalanso\/practical-information-2\/","og_locale":"en_US","og_type":"article","og_title":"INFOS PRATIQUES","og_url":"https:\/\/enkoeducation.com\/kalanso\/practical-information-2\/","og_site_name":"Kalanso International School","article_publisher":"https:\/\/fr-fr.facebook.com\/EnkoRiviera\/","article_modified_time":"2024-07-16T16:10:05+00:00","twitter_card":"summary_large_image","twitter_misc":{"Est. reading time":"1 minute"},"schema":{"@context":"https:\/\/schema.org","@graph":[{"@type":"WebPage","@id":"https:\/\/enkoeducation.com\/kalanso\/practical-information-2\/","url":"https:\/\/enkoeducation.com\/kalanso\/practical-information-2\/","name":"INFOS PRATIQUES - Kalanso International School","isPartOf":{"@id":"https:\/\/enkoeducation.com\/kalanso\/#website"},"datePublished":"2020-07-28T13:37:30+00:00","dateModified":"2024-07-16T16:10:05+00:00","breadcrumb":{"@id":"https:\/\/enkoeducation.com\/kalanso\/practical-information-2\/#breadcrumb"},"inLanguage":"en-US","potentialAction":[{"@type":"ReadAction","target":["https:\/\/enkoeducation.com\/kalanso\/practical-information-2\/"]}]},{"@type":"BreadcrumbList","@id":"https:\/\/enkoeducation.com\/kalanso\/practical-information-2\/#breadcrumb","itemListElement":[{"@type":"ListItem","position":1,"name":"Home","item":"https:\/\/enkoeducation.com\/kalanso\/"},{"@type":"ListItem","position":2,"name":"INFOS PRATIQUES"}]},{"@type":"WebSite","@id":"https:\/\/enkoeducation.com\/kalanso\/#website","url":"https:\/\/enkoeducation.com\/kalanso\/","name":"Kalanso International School","description":"\u00c9cole Internationale Africaine \u00e0 Abidjan","potentialAction":[{"@type":"SearchAction","target":{"@type":"EntryPoint","urlTemplate":"https:\/\/enkoeducation.com\/kalanso\/?s={search_term_string}"},"query-input":"required name=search_term_string"}],"inLanguage":"en-US"}]}},"_links":{"self":[{"href":"https:\/\/enkoeducation.com\/kalanso\/wp-json\/wp\/v2\/pages\/1287"}],"collection":[{"href":"https:\/\/enkoeducation.com\/kalanso\/wp-json\/wp\/v2\/pages"}],"about":[{"href":"https:\/\/enkoeducation.com\/kalanso\/wp-json\/wp\/v2\/types\/page"}],"author":[{"embeddable":true,"href":"https:\/\/enkoeducation.com\/kalanso\/wp-json\/wp\/v2\/users\/51"}],"replies":[{"embeddable":true,"href":"https:\/\/enkoeducation.com\/kalanso\/wp-json\/wp\/v2\/comments?post=1287"}],"version-history":[{"count":13,"href":"https:\/\/enkoeducation.com\/kalanso\/wp-json\/wp\/v2\/pages\/1287\/revisions"}],"predecessor-version":[{"id":1992,"href":"https:\/\/enkoeducation.com\/kalanso\/wp-json\/wp\/v2\/pages\/1287\/revisions\/1992"}],"wp:attachment":[{"href":"https:\/\/enkoeducation.com\/kalanso\/wp-json\/wp\/v2\/media?parent=1287"}],"curies":[{"name":"wp","href":"https:\/\/api.w.org\/{rel}","templated":true}]}}