{"id":1360,"date":"2020-09-28T15:28:55","date_gmt":"2020-09-28T15:28:55","guid":{"rendered":"http:\/\/enkoeducation.com\/kalanso\/?page_id=1360"},"modified":"2020-10-20T14:44:50","modified_gmt":"2020-10-20T14:44:50","slug":"curriculum-2","status":"publish","type":"page","link":"https:\/\/enkoeducation.com\/kalanso\/curriculum-2\/","title":{"rendered":"L&#8217;IB"},"content":{"rendered":"<section class=\"wpb-content-wrapper\">\n<div class=\"mk-page-section-wrapper\" data-mk-full-width=\"true\" data-mk-full-width-init=\"true\" data-mk-stretch-content=\"true\">\n\t<div id=\"page-section-1\" class=\"mk-page-section self-hosted   full_layout full-width-1 js-el js-master-row jupiter-donut-   \"    data-intro-effect=\"false\">\n\n\t\t\t\n\t\t\t<div class=\"mk-page-section-inner\">\n\t\t\t\t\n\n\n<div style=\"background-color:#0a0a0a;opacity:0.3;\" class=\"mk-video-color-mask\"><\/div>\n\n\t\t\t\t\n\t\t\t\t\n\t\n\t<div class=\"background-layer-holder\">\n\t\t<div id=\"background-layer--1\" data-mk-lazyload=\"false\" class=\"background-layer mk-background-stretch darken-blend-effect js-el\"   data-blend=\"darken\" data-mk-img-set='{\"landscape\":{\"external\":\"https:\/\/enkoeducation.com\/kalanso\/wp-content\/uploads\/sites\/37\/2019\/06\/mg_0411.jpg\"},\"responsive\":\"true\"}' >\n\t\t\t\t\t\t\t\t\t\t<div class=\"mk-blend-layer\"><\/div>\n\t\t\t\t\t\t<div class=\"mk-color-layer\"><\/div>\n\t\t<\/div>\n\t<\/div>\n\n\t\t\t<\/div>\n\n\t\t\t\n        <div class=\"page-section-content vc_row-fluid mk-grid \" >\n            <div class=\"mk-padding-wrapper wpb_row\">\n<div class=\"vc_col-sm-12 wpb_column column_container  jupiter-donut- _ jupiter-donut-height-full\">\n\t\n\n<div class=\"wpb_row vc_inner vc_row vc_row-fluid jupiter-donut-   attched-false   \">\n\t\t\t<div class=\"wpb_column vc_column_container vc_col-sm-12\"><div class=\"vc_column-inner\"><div class=\"wpb_wrapper\"><\/div><\/div><\/div>\t<\/div>\n<\/div>\n<\/div>\n            <div class=\"clearboth\"><\/div>\n        <\/div>\n\n\n\t\t\t\n\t\t\t\n\t\t\t\n\t\t<div class=\"clearboth\"><\/div>\n\t<\/div>\n<\/div>\n<div class=\"vc_row-full-width vc_clearfix\"><\/div>\n\n\n<div  data-mk-stretch-content=\"true\" class=\"wpb_row vc_row vc_row-fluid jupiter-donut- mk-fullwidth-false  attched-false     js-master-row  mk-grid\">\n\t\t\t\t\n<div class=\"vc_col-sm-12 wpb_column column_container  jupiter-donut- _ jupiter-donut-height-full\">\n\t\n<div id=\"padding-4\" class=\"mk-padding-divider jupiter-donut-  jupiter-donut-clearfix\"><\/div>\n\n<\/div>\n\t<\/div>\n\n<div class=\"mk-page-section-wrapper\" data-mk-full-width=\"true\" data-mk-full-width-init=\"true\" data-mk-stretch-content=\"true\">\n\t<div id=\"page-section-5\" class=\"mk-page-section self-hosted   full_layout full-width-5 js-el js-master-row jupiter-donut-   \"    data-intro-effect=\"false\">\n\n\t\t\t\n\t\t\t<div class=\"mk-page-section-inner\">\n\t\t\t\t\n\n\n<div class=\"mk-video-color-mask\"><\/div>\n\n\t\t\t\t\n\t\t\t\t\t\t\t<\/div>\n\n\t\t\t\n        <div class=\"page-section-content vc_row-fluid mk-grid \" >\n            <div class=\"mk-padding-wrapper wpb_row\">\n<div class=\"vc_col-sm-12 wpb_column column_container  jupiter-donut- _ jupiter-donut-height-full\">\n\t\n<h2 id=\"fancy-title-7\" class=\"mk-fancy-title  simple-style jupiter-donut-  color-single\">\n\t<span>\n\t\t\t\t<p><b>\u00a0<\/b><b>Le programme du Baccalaur\u00e9at International (IB) \u00e0 Enko Riviera Campus<\/b><b>\u00a0 \u00a0 \u00a0 \u00a0 \u00a0<\/b><\/p>\n\t\t\t<\/span>\n<\/h2>\n<div class=\"clearboth\"><\/div>\n\n\n\n<div  class=\"mk-image mk-image-8 jupiter-donut-  mk-image-lazyload align-center simple-frame inside-image \" style=\"margin-bottom:10px\"><div class=\"mk-image-container\" style=\"max-width: 765px;\"><div  class=\"mk-image-holder\" style=\"max-width: 765px;\"><div class=\"mk-image-inner  \"><img fetchpriority=\"high\" decoding=\"async\" class=\"lightbox-false\" alt=\"L&#8217;IB\" title=\"L&#8217;IB\" width=\"765\" height=\"185\" src=\"https:\/\/enkoeducation.com\/kalanso\/wp-content\/uploads\/sites\/37\/2020\/10\/ib-logo.png\" \/><\/div><\/div><div class=\"clearboth\"><\/div><\/div><\/div><\/div>\n<\/div>\n            <div class=\"clearboth\"><\/div>\n        <\/div>\n\n\n\t\t\t\n\t\t\t\n\t\t\t\n\t\t<div class=\"clearboth\"><\/div>\n\t<\/div>\n<\/div>\n<div class=\"vc_row-full-width vc_clearfix\"><\/div>\n\n\n<div class=\"mk-page-section-wrapper\" data-mk-full-width=\"true\" data-mk-full-width-init=\"true\" data-mk-stretch-content=\"true\">\n\t<div id=\"page-section-9\" class=\"mk-page-section self-hosted   full_layout full-width-9 js-el js-master-row jupiter-donut-   \"    data-intro-effect=\"false\">\n\n\t\t\t\n\t\t\t<div class=\"mk-page-section-inner\">\n\t\t\t\t\n\n\n<div class=\"mk-video-color-mask\"><\/div>\n\n\t\t\t\t\n\t\t\t\t\t\t\t<\/div>\n\n\t\t\t\n        <div class=\"page-section-content vc_row-fluid mk-grid \" >\n            <div class=\"mk-padding-wrapper wpb_row\">\n<div class=\"vc_col-sm-12 wpb_column column_container  jupiter-donut- _ jupiter-donut-height-full\">\n\t\t<div class=\" vc_custom_1601920846156\">\n\n<div id=\"text-block-11\" class=\"mk-text-block  jupiter-donut- \">\n\n\t\n\t<p>Le Coll\u00e8ge Enko Riviera Campus est titulaire de l\u2019autorisation de l\u2019IB pour l\u2019enseignement du Middle Years Programme (MYP) et du Diploma Programme con\u00e7us par l\u2019Organisation du Baccalaur\u00e9at International (IBO). Ces programmes\u00a0 compl\u00e9mentaires<br \/>\naccueillent respectivement les \u00e9l\u00e8ves de la 6e \u00e0 la 2nde et de la 1\u00e8re \u00e0 la Terminale.<\/p>\n<p>&nbsp;<\/p>\n\n\t<div class=\"clearboth\"><\/div>\n<\/div>\n\n\t<\/div>\n    <div id=\"mk-page-title-box-12\" class=\"mk-page-title-box     jupiter-donut-\"data-mk-img-set='{\"landscape\":{\"external\":\"https:\/\/enkoeducation.com\/kalanso\/wp-content\/uploads\/sites\/37\/2020\/10\/sans-titre-41.png\"},\"responsive\":\"true\"}'    >                <div class=\"mk-page-title-box-content\" >            <div class=\"mk-grid\">                <h1 class=\"mk-page-title-box-title mk-page-title-box-title--underline\">Diploma Programme (DP)<\/h1>                <div class=\"mk-page-title-box-subtitle\"><\/div>            <\/div>        <\/div><!-- mk-page-title-box-content -->    <\/div><!-- mk-page-title-box --><\/div>\n<\/div>\n            <div class=\"clearboth\"><\/div>\n        <\/div>\n\n\n\t\t\t\n\t\t\t\n\t\t\t\n\t\t<div class=\"clearboth\"><\/div>\n\t<\/div>\n<\/div>\n<div class=\"vc_row-full-width vc_clearfix\"><\/div>\n\n\n<div  data-mk-stretch-content=\"true\" class=\"wpb_row vc_row vc_row-fluid jupiter-donut- mk-fullwidth-false  attched-false     js-master-row  mk-grid\">\n\t\t\t\t\n<div class=\"vc_col-sm-6 wpb_column column_container  jupiter-donut- _ jupiter-donut-height-full\">\n\t<div class=\"vc-hoverbox-wrapper  vc_custom_1601996437611 vc-hoverbox-shape--rounded vc-hoverbox-align--right vc-hoverbox-direction--default vc-hoverbox-width--100\"  ontouchstart=\"\">\n  <div class=\"vc-hoverbox\">\n    <div class=\"vc-hoverbox-inner\">\n      <div class=\"vc-hoverbox-block vc-hoverbox-front\" style=\"background-image: url(https:\/\/enkoeducation.com\/kalanso\/wp-content\/uploads\/sites\/37\/2020\/10\/sans-titre-41-576x1024.png);\">\n        <div class=\"vc-hoverbox-block-inner vc-hoverbox-front-inner\">\n            \n        <\/div>\n      <\/div>\n      <div class=\"vc-hoverbox-block vc-hoverbox-back\" style=\"background-color: #ebebeb;\">\n        <div class=\"vc-hoverbox-block-inner vc-hoverbox-back-inner\">\n            <h2 style=\"text-align:center\">Diploma Programme (DP)<\/h2>\n            <p>Le programme du Dipl\u00f4me, dispens\u00e9 en 1\u00e8re et Terminale, reconnu par plus de 2000 universit\u00e9s \u00e0 travers le monde, est un tremplin vers les universit\u00e9s les plus prestigieuses telles que le MIT aux \u00c9tats-Unis ou encore McGill au Canada.<\/p>\n<p>Le programme\u00a0 du Dipl\u00f4me a pour objectif de former des \u00e9l\u00e8ves qui ont une excellente base de connaissances vari\u00e9es et approfondies, et qui s\u2019\u00e9panouissent sur les plans physique, intellectuel, \u00e9motionnel et \u00e9thique.<\/p>\n<p>Le programme d\u2019\u00e9tudes est constitu\u00e9 de six groupes de mati\u00e8res et du tronc commun. Ce dernier comprend la th\u00e9orie de la connaissance (TdC), le programme cr\u00e9ativit\u00e9, action, service (CAS), et le m\u00e9moire. Gr\u00e2ce au tronc commun du Programme du dipl\u00f4me, les \u00e9l\u00e8ves r\u00e9fl\u00e9chissent sur la nature de la connaissance, accomplissent une recherche ind\u00e9pendante et r\u00e9alisent un projet qui implique souvent un service communautaire.<\/p>\n<p><b>La diff\u00e9rence Enko Riviera Campus<\/b><\/p>\n<ul>\n<li style=\"font-weight: 300;\"><span style=\"font-weight: 300;\">Le programme international du DP (Diploma Programme) certifi\u00e9 par l\u2019Organisation du Baccalaur\u00e9at International (IBO)<\/span><\/li>\n<li style=\"font-weight: 300;\"><span style=\"font-weight: 300;\">Une approche centr\u00e9e sur l\u2019apprenant et son d\u00e9veloppement acad\u00e9mique et personnel<\/span><\/li>\n<li style=\"font-weight: 300;\"><span style=\"font-weight: 300;\">Bilinguisme : un programme francophone incluant des cours d\u2019anglais renforc\u00e9s<\/span><\/li>\n<li style=\"font-weight: 300;\"><span style=\"font-weight: 300;\">Une excellente pr\u00e9paration \u00e0 l\u2019entr\u00e9e \u00e0 l\u2019Universit\u00e9 ou en Grande \u00e9cole<\/span><\/li>\n<li style=\"font-weight: 300;\"><span style=\"font-weight: 300;\">Les nouvelles technologies au coeur de l\u2019enseignement : salles \u00e9quip\u00e9es de wi-fi, salle informatique high-tech<\/span><\/li>\n<\/ul>\n<p><span style=\"font-weight: 300;\">Afin de respecter l\u2019individualit\u00e9 de chaque \u00e9l\u00e8ve, ceux-ci sont invit\u00e9s \u00e0 choisir, d\u00e8s la 1\u00e8re, un profil d\u2019\u00e9tude en ad\u00e9quation avec leur projet d\u2019\u00e9tudes sup\u00e9rieures, et dans lequel ils suivront les diff\u00e9rentes mati\u00e8res \u00e0 un niveau standard ou \u00e0 niveau renforc\u00e9. Actuellement, quatre profils d\u2019\u00e9tudes sont offerts : <span style=\"color: #509e2f;\"><strong>Sciences de la sant\u00e9, Sciences pures et appliqu\u00e9es, Engagement international, Gestion d\u2019entreprise<\/strong><\/span>.<\/span><\/p>\n<p><b>Mati\u00e8res dispens\u00e9es<\/b><img decoding=\"async\" class=\"wp-image-1421 aligncenter\" src=\"https:\/\/enkoeducation.com\/kalanso\/wp-content\/uploads\/sites\/37\/2020\/10\/dp-model-fr-300x300.png\" alt=\"\" width=\"214\" height=\"214\" srcset=\"https:\/\/enkoeducation.com\/kalanso\/wp-content\/uploads\/sites\/37\/2020\/10\/dp-model-fr-300x300.png 300w, https:\/\/enkoeducation.com\/kalanso\/wp-content\/uploads\/sites\/37\/2020\/10\/dp-model-fr-1024x1024.png 1024w, https:\/\/enkoeducation.com\/kalanso\/wp-content\/uploads\/sites\/37\/2020\/10\/dp-model-fr-150x150.png 150w, https:\/\/enkoeducation.com\/kalanso\/wp-content\/uploads\/sites\/37\/2020\/10\/dp-model-fr-768x768.png 768w, https:\/\/enkoeducation.com\/kalanso\/wp-content\/uploads\/sites\/37\/2020\/10\/dp-model-fr-1536x1536.png 1536w, https:\/\/enkoeducation.com\/kalanso\/wp-content\/uploads\/sites\/37\/2020\/10\/dp-model-fr-2048x2048.png 2048w, https:\/\/enkoeducation.com\/kalanso\/wp-content\/uploads\/sites\/37\/2020\/10\/dp-model-fr-100x100.png 100w, https:\/\/enkoeducation.com\/kalanso\/wp-content\/uploads\/sites\/37\/2020\/10\/dp-model-fr-27x27.png 27w\" sizes=\"(max-width: 214px) 100vw, 214px\" \/><\/p>\n\n            \n        <\/div>\n      <\/div>\n    <\/div>\n  <\/div>\n<\/div><\/div>\n\n<div class=\"vc_col-sm-6 wpb_column column_container  jupiter-donut- _ jupiter-donut-height-full\">\n\t<div class=\"vc-hoverbox-wrapper  vc_custom_1601986667341 vc-hoverbox-shape--rounded vc-hoverbox-align--left vc-hoverbox-direction--default vc-hoverbox-width--100\"  ontouchstart=\"\">\n  <div class=\"vc-hoverbox\">\n    <div class=\"vc-hoverbox-inner\">\n      <div class=\"vc-hoverbox-block vc-hoverbox-front\" style=\"background-image: url(https:\/\/enkoeducation.com\/kalanso\/wp-content\/uploads\/sites\/37\/2020\/10\/sans-titre-36-576x1024.png);\">\n        <div class=\"vc-hoverbox-block-inner vc-hoverbox-front-inner\">\n            \n        <\/div>\n      <\/div>\n      <div class=\"vc-hoverbox-block vc-hoverbox-back\" style=\"background-color: #ebebeb;\">\n        <div class=\"vc-hoverbox-block-inner vc-hoverbox-back-inner\">\n            <h2 style=\"text-align:center\">Middle Years Programme (MYP)<\/h2>\n            <p><span style=\"font-weight: 250;\">Le MYP permet aux \u00e9l\u00e8ves\u00a0 de 10 \u00e0 16 ans de prendre confiance en eux, d\u2019apprendre gr\u00e2ce \u00e0 des actions concr\u00e8tes et de mieux comprendre les probl\u00e9matiques mondiales. Le programme est r\u00e9put\u00e9 pour son excellence acad\u00e9mique : les \u00e9l\u00e8ves suivant le MYP ont une meilleure ma\u00eetrise des comp\u00e9tences scolaires essentielles que les autres \u00e9l\u00e8ves. De la 6e \u00e0 la 2nde, le programme d\u2019Enko Riviera Campus pr\u00e9pare au dipl\u00f4me du Baccalaur\u00e9at International (IB).\u00a0 <\/span><\/p>\n<p><b>La diff\u00e9rence Enko Riviera Campus<\/b><\/p>\n<ul>\n<li style=\"font-weight: 350;\"><span style=\"font-weight: 300;\">Le programme international du MYP (Middle Years Programme) certifi\u00e9 par l\u2019Organisation du Baccalaur\u00e9at International (IBO)<\/span><\/li>\n<li style=\"font-weight: 300;\"><span style=\"font-weight: 300;\">Une approche centr\u00e9e sur l\u2019apprenant et son d\u00e9veloppement acad\u00e9mique et personnel<\/span><\/li>\n<li style=\"font-weight: 300;\"><span style=\"font-weight: 300;\">Bilinguisme : un programme francophone incluant des cours d\u2019anglais renforc\u00e9s<\/span><\/li>\n<li style=\"font-weight: 300;\"><span style=\"font-weight: 300;\">Une excellente pr\u00e9paration au programme IBDP dispens\u00e9 en 1\u00e8re et Tale<\/span><\/li>\n<li style=\"font-weight: 300;\"><span style=\"font-weight: 300;\">Les nouvelles technologies au coeur de l\u2019enseignement : salles \u00e9quip\u00e9es de wi-fi, salle informatique high-tech<\/span><\/li>\n<\/ul>\n<p><b>Mati\u00e8res dispens\u00e9es<\/b><\/p>\n<p><img decoding=\"async\" class=\" wp-image-739 aligncenter\" src=\"https:\/\/enkoeducation.com\/kalanso\/wp-content\/uploads\/sites\/37\/2019\/01\/myp-model-fr-300x300.png\" alt=\"\" width=\"232\" height=\"232\" srcset=\"https:\/\/enkoeducation.com\/kalanso\/wp-content\/uploads\/sites\/37\/2019\/01\/myp-model-fr-300x300.png 300w, https:\/\/enkoeducation.com\/kalanso\/wp-content\/uploads\/sites\/37\/2019\/01\/myp-model-fr-150x150.png 150w, https:\/\/enkoeducation.com\/kalanso\/wp-content\/uploads\/sites\/37\/2019\/01\/myp-model-fr-768x768.png 768w, https:\/\/enkoeducation.com\/kalanso\/wp-content\/uploads\/sites\/37\/2019\/01\/myp-model-fr-1024x1024.png 1024w, https:\/\/enkoeducation.com\/kalanso\/wp-content\/uploads\/sites\/37\/2019\/01\/myp-model-fr-100x100.png 100w, https:\/\/enkoeducation.com\/kalanso\/wp-content\/uploads\/sites\/37\/2019\/01\/myp-model-fr-27x27.png 27w\" sizes=\"(max-width: 232px) 100vw, 232px\" \/><\/p>\n\n            \n        <\/div>\n      <\/div>\n    <\/div>\n  <\/div>\n<\/div><\/div>\n\t<\/div>\n\n<div  data-mk-stretch-content=\"true\" class=\"wpb_row vc_row vc_row-fluid jupiter-donut- mk-fullwidth-false  attched-false     js-master-row  mk-grid\">\n\t\t\t\t\n<div class=\"vc_col-sm-12 wpb_column column_container  jupiter-donut- _ jupiter-donut-height-full\">\n\t\n<div id=\"padding-16\" class=\"mk-padding-divider jupiter-donut-  jupiter-donut-clearfix\"><\/div>\n\n<\/div>\n\t<\/div>\n\n<\/section>","protected":false},"excerpt":{"rendered":"\u00a0Le programme du Baccalaur\u00e9at International (IB) \u00e0 Enko Riviera Campus\u00a0 \u00a0 \u00a0 \u00a0 \u00a0 Le Coll\u00e8ge Enko Riviera Campus est titulaire de l\u2019autorisation de l\u2019IB pour l\u2019enseignement du Middle Years Programme (MYP) et du Diploma Programme con\u00e7us par l\u2019Organisation du Baccalaur\u00e9at International (IBO). Ces programmes\u00a0 compl\u00e9mentaires accueillent respectivement les \u00e9l\u00e8ves de la 6e \u00e0 la [...]","protected":false},"author":1,"featured_media":0,"parent":0,"menu_order":0,"comment_status":"closed","ping_status":"closed","template":"","meta":{"footnotes":""},"class_list":["post-1360","page","type-page","status-publish","hentry"],"yoast_head":"<!-- This site is optimized with the Yoast SEO Premium plugin v18.2.1 (Yoast SEO v23.2) - https:\/\/yoast.com\/wordpress\/plugins\/seo\/ -->\n<title>L&#039;IB - Kalanso International School<\/title>\n<meta name=\"robots\" content=\"index, follow, max-snippet:-1, max-image-preview:large, max-video-preview:-1\" \/>\n<link rel=\"canonical\" href=\"https:\/\/enkoeducation.com\/kalanso\/curriculum-2\/\" \/>\n<meta property=\"og:locale\" content=\"en_US\" \/>\n<meta property=\"og:type\" content=\"article\" \/>\n<meta property=\"og:title\" content=\"L&#039;IB\" \/>\n<meta property=\"og:url\" content=\"https:\/\/enkoeducation.com\/kalanso\/curriculum-2\/\" \/>\n<meta property=\"og:site_name\" content=\"Kalanso International School\" \/>\n<meta property=\"article:publisher\" content=\"https:\/\/fr-fr.facebook.com\/EnkoRiviera\/\" \/>\n<meta property=\"article:modified_time\" content=\"2020-10-20T14:44:50+00:00\" \/>\n<meta property=\"og:image\" content=\"https:\/\/enkoeducation.com\/kalanso\/wp-content\/uploads\/sites\/37\/2020\/10\/dp-model-fr-300x300.png\" \/>\n<meta name=\"twitter:card\" content=\"summary_large_image\" \/>\n<meta name=\"twitter:label1\" content=\"Est. reading time\" \/>\n\t<meta name=\"twitter:data1\" content=\"4 minutes\" \/>\n<script type=\"application\/ld+json\" class=\"yoast-schema-graph\">{\"@context\":\"https:\/\/schema.org\",\"@graph\":[{\"@type\":\"WebPage\",\"@id\":\"https:\/\/enkoeducation.com\/kalanso\/curriculum-2\/\",\"url\":\"https:\/\/enkoeducation.com\/kalanso\/curriculum-2\/\",\"name\":\"L'IB - Kalanso International School\",\"isPartOf\":{\"@id\":\"https:\/\/enkoeducation.com\/kalanso\/#website\"},\"primaryImageOfPage\":{\"@id\":\"https:\/\/enkoeducation.com\/kalanso\/curriculum-2\/#primaryimage\"},\"image\":{\"@id\":\"https:\/\/enkoeducation.com\/kalanso\/curriculum-2\/#primaryimage\"},\"thumbnailUrl\":\"https:\/\/enkoeducation.com\/kalanso\/wp-content\/uploads\/sites\/37\/2020\/10\/dp-model-fr-300x300.png\",\"datePublished\":\"2020-09-28T15:28:55+00:00\",\"dateModified\":\"2020-10-20T14:44:50+00:00\",\"breadcrumb\":{\"@id\":\"https:\/\/enkoeducation.com\/kalanso\/curriculum-2\/#breadcrumb\"},\"inLanguage\":\"en-US\",\"potentialAction\":[{\"@type\":\"ReadAction\",\"target\":[\"https:\/\/enkoeducation.com\/kalanso\/curriculum-2\/\"]}]},{\"@type\":\"ImageObject\",\"inLanguage\":\"en-US\",\"@id\":\"https:\/\/enkoeducation.com\/kalanso\/curriculum-2\/#primaryimage\",\"url\":\"https:\/\/enkoeducation.com\/kalanso\/wp-content\/uploads\/sites\/37\/2020\/10\/dp-model-fr.png\",\"contentUrl\":\"https:\/\/enkoeducation.com\/kalanso\/wp-content\/uploads\/sites\/37\/2020\/10\/dp-model-fr.png\",\"width\":2250,\"height\":2250},{\"@type\":\"BreadcrumbList\",\"@id\":\"https:\/\/enkoeducation.com\/kalanso\/curriculum-2\/#breadcrumb\",\"itemListElement\":[{\"@type\":\"ListItem\",\"position\":1,\"name\":\"Home\",\"item\":\"https:\/\/enkoeducation.com\/kalanso\/\"},{\"@type\":\"ListItem\",\"position\":2,\"name\":\"L'IB\"}]},{\"@type\":\"WebSite\",\"@id\":\"https:\/\/enkoeducation.com\/kalanso\/#website\",\"url\":\"https:\/\/enkoeducation.com\/kalanso\/\",\"name\":\"Kalanso International School\",\"description\":\"\u00c9cole Internationale Africaine \u00e0 Abidjan\",\"potentialAction\":[{\"@type\":\"SearchAction\",\"target\":{\"@type\":\"EntryPoint\",\"urlTemplate\":\"https:\/\/enkoeducation.com\/kalanso\/?s={search_term_string}\"},\"query-input\":\"required name=search_term_string\"}],\"inLanguage\":\"en-US\"}]}<\/script>\n<!-- \/ Yoast SEO Premium plugin. -->","yoast_head_json":{"title":"L'IB - Kalanso International School","robots":{"index":"index","follow":"follow","max-snippet":"max-snippet:-1","max-image-preview":"max-image-preview:large","max-video-preview":"max-video-preview:-1"},"canonical":"https:\/\/enkoeducation.com\/kalanso\/curriculum-2\/","og_locale":"en_US","og_type":"article","og_title":"L'IB","og_url":"https:\/\/enkoeducation.com\/kalanso\/curriculum-2\/","og_site_name":"Kalanso International School","article_publisher":"https:\/\/fr-fr.facebook.com\/EnkoRiviera\/","article_modified_time":"2020-10-20T14:44:50+00:00","og_image":[{"url":"https:\/\/enkoeducation.com\/kalanso\/wp-content\/uploads\/sites\/37\/2020\/10\/dp-model-fr-300x300.png"}],"twitter_card":"summary_large_image","twitter_misc":{"Est. reading time":"4 minutes"},"schema":{"@context":"https:\/\/schema.org","@graph":[{"@type":"WebPage","@id":"https:\/\/enkoeducation.com\/kalanso\/curriculum-2\/","url":"https:\/\/enkoeducation.com\/kalanso\/curriculum-2\/","name":"L'IB - Kalanso International School","isPartOf":{"@id":"https:\/\/enkoeducation.com\/kalanso\/#website"},"primaryImageOfPage":{"@id":"https:\/\/enkoeducation.com\/kalanso\/curriculum-2\/#primaryimage"},"image":{"@id":"https:\/\/enkoeducation.com\/kalanso\/curriculum-2\/#primaryimage"},"thumbnailUrl":"https:\/\/enkoeducation.com\/kalanso\/wp-content\/uploads\/sites\/37\/2020\/10\/dp-model-fr-300x300.png","datePublished":"2020-09-28T15:28:55+00:00","dateModified":"2020-10-20T14:44:50+00:00","breadcrumb":{"@id":"https:\/\/enkoeducation.com\/kalanso\/curriculum-2\/#breadcrumb"},"inLanguage":"en-US","potentialAction":[{"@type":"ReadAction","target":["https:\/\/enkoeducation.com\/kalanso\/curriculum-2\/"]}]},{"@type":"ImageObject","inLanguage":"en-US","@id":"https:\/\/enkoeducation.com\/kalanso\/curriculum-2\/#primaryimage","url":"https:\/\/enkoeducation.com\/kalanso\/wp-content\/uploads\/sites\/37\/2020\/10\/dp-model-fr.png","contentUrl":"https:\/\/enkoeducation.com\/kalanso\/wp-content\/uploads\/sites\/37\/2020\/10\/dp-model-fr.png","width":2250,"height":2250},{"@type":"BreadcrumbList","@id":"https:\/\/enkoeducation.com\/kalanso\/curriculum-2\/#breadcrumb","itemListElement":[{"@type":"ListItem","position":1,"name":"Home","item":"https:\/\/enkoeducation.com\/kalanso\/"},{"@type":"ListItem","position":2,"name":"L'IB"}]},{"@type":"WebSite","@id":"https:\/\/enkoeducation.com\/kalanso\/#website","url":"https:\/\/enkoeducation.com\/kalanso\/","name":"Kalanso International School","description":"\u00c9cole Internationale Africaine \u00e0 Abidjan","potentialAction":[{"@type":"SearchAction","target":{"@type":"EntryPoint","urlTemplate":"https:\/\/enkoeducation.com\/kalanso\/?s={search_term_string}"},"query-input":"required name=search_term_string"}],"inLanguage":"en-US"}]}},"_links":{"self":[{"href":"https:\/\/enkoeducation.com\/kalanso\/wp-json\/wp\/v2\/pages\/1360"}],"collection":[{"href":"https:\/\/enkoeducation.com\/kalanso\/wp-json\/wp\/v2\/pages"}],"about":[{"href":"https:\/\/enkoeducation.com\/kalanso\/wp-json\/wp\/v2\/types\/page"}],"author":[{"embeddable":true,"href":"https:\/\/enkoeducation.com\/kalanso\/wp-json\/wp\/v2\/users\/1"}],"replies":[{"embeddable":true,"href":"https:\/\/enkoeducation.com\/kalanso\/wp-json\/wp\/v2\/comments?post=1360"}],"version-history":[{"count":54,"href":"https:\/\/enkoeducation.com\/kalanso\/wp-json\/wp\/v2\/pages\/1360\/revisions"}],"predecessor-version":[{"id":1365,"href":"https:\/\/enkoeducation.com\/kalanso\/wp-json\/wp\/v2\/pages\/1360\/revisions\/1365"}],"wp:attachment":[{"href":"https:\/\/enkoeducation.com\/kalanso\/wp-json\/wp\/v2\/media?parent=1360"}],"curies":[{"name":"wp","href":"https:\/\/api.w.org\/{rel}","templated":true}]}}