{"id":287,"date":"2018-01-22T13:23:59","date_gmt":"2018-01-22T13:23:59","guid":{"rendered":"http:\/\/165.227.224.6\/la-gaiete\/?page_id=287"},"modified":"2024-07-16T16:12:09","modified_gmt":"2024-07-16T16:12:09","slug":"curriculum-3","status":"publish","type":"page","link":"https:\/\/enkoeducation.com\/kalanso\/curriculum-3\/","title":{"rendered":"Curriculum"},"content":{"rendered":"<section class=\"wpb-content-wrapper\">\n<div class=\"mk-page-section-wrapper\" data-mk-full-width=\"true\" data-mk-full-width-init=\"true\" data-mk-stretch-content=\"true\">\n\t<div id=\"page-section-1\" class=\"mk-page-section self-hosted   full_layout full-width-1 js-el js-master-row jupiter-donut-   \"    data-intro-effect=\"false\">\n\n\t\t\t\n\t\t\t<div class=\"mk-page-section-inner\">\n\t\t\t\t\n\n\n<div style=\"background-color:#0a0a0a;opacity:0.3;\" class=\"mk-video-color-mask\"><\/div>\n\n\t\t\t\t\n\t\t\t\t\n\t\n\t<div class=\"background-layer-holder\">\n\t\t<div id=\"background-layer--1\" data-mk-lazyload=\"false\" class=\"background-layer mk-background-stretch darken-blend-effect js-el\"   data-blend=\"darken\" data-mk-img-set='{\"landscape\":{\"external\":\"http:\/\/enkoeducation.com\/kalanso\/wp-content\/uploads\/sites\/37\/2023\/09\/a7400888-scaled.jpg\"},\"responsive\":\"true\"}' >\n\t\t\t\t\t\t\t\t\t\t<div class=\"mk-blend-layer\"><\/div>\n\t\t\t\t\t\t<div class=\"mk-color-layer\"><\/div>\n\t\t<\/div>\n\t<\/div>\n\n\t\t\t<\/div>\n\n\t\t\t\n        <div class=\"page-section-content vc_row-fluid mk-grid \" >\n            <div class=\"mk-padding-wrapper wpb_row\">\n<div class=\"vc_col-sm-12 wpb_column column_container  jupiter-donut- _ jupiter-donut-height-full\">\n\t<\/div>\n<\/div>\n            <div class=\"clearboth\"><\/div>\n        <\/div>\n\n\n\t\t\t\n\t\t\t\n\t\t\t\n\t\t<div class=\"clearboth\"><\/div>\n\t<\/div>\n<\/div>\n<div class=\"vc_row-full-width vc_clearfix\"><\/div>\n\n\n<div  data-mk-stretch-content=\"true\" class=\"wpb_row vc_row vc_row-fluid jupiter-donut- mk-fullwidth-false  attched-false     js-master-row  mk-grid\">\n\t\t\t\t\n<div class=\"vc_col-sm-6 wpb_column column_container  jupiter-donut- _ jupiter-donut-height-full\">\n\t\n<div id=\"padding-4\" class=\"mk-padding-divider jupiter-donut-  jupiter-donut-clearfix\"><\/div>\n\n\t<div class=\" vc_custom_1693796235312\">\n\n<div id=\"text-block-5\" class=\"mk-text-block  jupiter-donut- \">\n\n\t\n\t<p><strong><span style=\"vertical-align: inherit; color: #509e2f;\">L&#8217;\u00e9cole Kalanso est organis\u00e9e en deux cycles principaux :<br \/>\n<\/span>Le cycle complet d&#8217;immersion et le cycle d&#8217;enseignement allant de la 1\u00e8re \u00e0 la 9\u00e8me ann\u00e9e.<\/strong> Nos \u00e9l\u00e8ves ont un acc\u00e8s prioritaire en 10\u00e8me ann\u00e9e au Lyc\u00e9e Kodonso, qui propose un programme de l&#8217;\u00c9ducation Nationale enrichi par des soutiens p\u00e9dagogiques en fran\u00e7ais et en math\u00e9matiques. D\u00e8s la 1\u00e8re ann\u00e9e du premier cycle, les \u00e9l\u00e8ves sont initi\u00e9s \u00e0 l&#8217;anglais et \u00e0 l&#8217;utilisation de l&#8217;ordinateur. De plus, ils ont acc\u00e8s \u00e0 Internet \u00e0 partir de la 7\u00e8me ann\u00e9e et sont impliqu\u00e9s dans des pratiques scientifiques telles que le jardinage, l&#8217;\u00e9levage, la pisciculture et des exp\u00e9riences.<\/p>\n\n\t<div class=\"clearboth\"><\/div>\n<\/div>\n\n\t<\/div>\n<\/div>\n\n<div class=\"vc_col-sm-6 wpb_column column_container  jupiter-donut- _ jupiter-donut-height-full\">\n\t\n<div id=\"padding-7\" class=\"mk-padding-divider jupiter-donut-  jupiter-donut-clearfix\"><\/div>\n\n<div class=\"wpb_gallery wpb_content_element vc_clearfix\" ><div class=\"wpb_wrapper\"><div class=\"wpb_gallery_slides wpb_flexslider flexslider_slide flexslider\" data-interval=\"5\" data-flex_fx=\"slide\"><ul class=\"slides\"><li><a class=\"\" href=\"https:\/\/enkoeducation.com\/kalanso\/wp-content\/uploads\/sites\/37\/2023\/09\/a7400972-1024x683.jpg\" data-lightbox=\"lightbox[rel-287-3574211764]\"><img fetchpriority=\"high\" decoding=\"async\" width=\"1024\" height=\"683\" src=\"https:\/\/enkoeducation.com\/kalanso\/wp-content\/uploads\/sites\/37\/2023\/09\/a7400972-1024x683.jpg\" class=\"attachment-large\" alt=\"\" title=\"a7400972\" srcset=\"https:\/\/enkoeducation.com\/kalanso\/wp-content\/uploads\/sites\/37\/2023\/09\/a7400972-1024x683.jpg 1024w, https:\/\/enkoeducation.com\/kalanso\/wp-content\/uploads\/sites\/37\/2023\/09\/a7400972-300x200.jpg 300w, https:\/\/enkoeducation.com\/kalanso\/wp-content\/uploads\/sites\/37\/2023\/09\/a7400972-768x512.jpg 768w, https:\/\/enkoeducation.com\/kalanso\/wp-content\/uploads\/sites\/37\/2023\/09\/a7400972-1536x1024.jpg 1536w, https:\/\/enkoeducation.com\/kalanso\/wp-content\/uploads\/sites\/37\/2023\/09\/a7400972-2048x1365.jpg 2048w, https:\/\/enkoeducation.com\/kalanso\/wp-content\/uploads\/sites\/37\/2023\/09\/a7400972-18x12.jpg 18w, https:\/\/enkoeducation.com\/kalanso\/wp-content\/uploads\/sites\/37\/2023\/09\/a7400972-31x21.jpg 31w\" sizes=\"(max-width: 1024px) 100vw, 1024px\" itemprop=\"image\" \/><\/a><\/li><li><a class=\"\" href=\"https:\/\/enkoeducation.com\/kalanso\/wp-content\/uploads\/sites\/37\/2023\/06\/a7400935-1024x683.jpg\" data-lightbox=\"lightbox[rel-287-3574211764]\"><img decoding=\"async\" width=\"1024\" height=\"683\" src=\"https:\/\/enkoeducation.com\/kalanso\/wp-content\/uploads\/sites\/37\/2023\/06\/a7400935-1024x683.jpg\" class=\"attachment-large\" alt=\"\" title=\"a7400935\" srcset=\"https:\/\/enkoeducation.com\/kalanso\/wp-content\/uploads\/sites\/37\/2023\/06\/a7400935-1024x683.jpg 1024w, https:\/\/enkoeducation.com\/kalanso\/wp-content\/uploads\/sites\/37\/2023\/06\/a7400935-300x200.jpg 300w, https:\/\/enkoeducation.com\/kalanso\/wp-content\/uploads\/sites\/37\/2023\/06\/a7400935-768x512.jpg 768w, https:\/\/enkoeducation.com\/kalanso\/wp-content\/uploads\/sites\/37\/2023\/06\/a7400935-1536x1024.jpg 1536w, https:\/\/enkoeducation.com\/kalanso\/wp-content\/uploads\/sites\/37\/2023\/06\/a7400935-2048x1365.jpg 2048w, https:\/\/enkoeducation.com\/kalanso\/wp-content\/uploads\/sites\/37\/2023\/06\/a7400935-18x12.jpg 18w, https:\/\/enkoeducation.com\/kalanso\/wp-content\/uploads\/sites\/37\/2023\/06\/a7400935-31x21.jpg 31w\" sizes=\"(max-width: 1024px) 100vw, 1024px\" itemprop=\"image\" \/><\/a><\/li><li><a class=\"\" href=\"https:\/\/enkoeducation.com\/kalanso\/wp-content\/uploads\/sites\/37\/2023\/06\/a7400818-1024x683.jpg\" data-lightbox=\"lightbox[rel-287-3574211764]\"><img decoding=\"async\" width=\"1024\" height=\"683\" src=\"https:\/\/enkoeducation.com\/kalanso\/wp-content\/uploads\/sites\/37\/2023\/06\/a7400818-1024x683.jpg\" class=\"attachment-large\" alt=\"\" title=\"a7400818\" srcset=\"https:\/\/enkoeducation.com\/kalanso\/wp-content\/uploads\/sites\/37\/2023\/06\/a7400818-1024x683.jpg 1024w, https:\/\/enkoeducation.com\/kalanso\/wp-content\/uploads\/sites\/37\/2023\/06\/a7400818-300x200.jpg 300w, https:\/\/enkoeducation.com\/kalanso\/wp-content\/uploads\/sites\/37\/2023\/06\/a7400818-768x512.jpg 768w, https:\/\/enkoeducation.com\/kalanso\/wp-content\/uploads\/sites\/37\/2023\/06\/a7400818-1536x1024.jpg 1536w, https:\/\/enkoeducation.com\/kalanso\/wp-content\/uploads\/sites\/37\/2023\/06\/a7400818-2048x1365.jpg 2048w, https:\/\/enkoeducation.com\/kalanso\/wp-content\/uploads\/sites\/37\/2023\/06\/a7400818-18x12.jpg 18w, https:\/\/enkoeducation.com\/kalanso\/wp-content\/uploads\/sites\/37\/2023\/06\/a7400818-31x21.jpg 31w\" sizes=\"(max-width: 1024px) 100vw, 1024px\" itemprop=\"image\" \/><\/a><\/li><li><a class=\"\" href=\"https:\/\/enkoeducation.com\/kalanso\/wp-content\/uploads\/sites\/37\/2023\/06\/a7400813-1024x683.jpg\" data-lightbox=\"lightbox[rel-287-3574211764]\"><img loading=\"lazy\" decoding=\"async\" width=\"1024\" height=\"683\" src=\"https:\/\/enkoeducation.com\/kalanso\/wp-content\/uploads\/sites\/37\/2023\/06\/a7400813-1024x683.jpg\" class=\"attachment-large\" alt=\"\" title=\"a7400813\" srcset=\"https:\/\/enkoeducation.com\/kalanso\/wp-content\/uploads\/sites\/37\/2023\/06\/a7400813-1024x683.jpg 1024w, https:\/\/enkoeducation.com\/kalanso\/wp-content\/uploads\/sites\/37\/2023\/06\/a7400813-300x200.jpg 300w, https:\/\/enkoeducation.com\/kalanso\/wp-content\/uploads\/sites\/37\/2023\/06\/a7400813-768x512.jpg 768w, https:\/\/enkoeducation.com\/kalanso\/wp-content\/uploads\/sites\/37\/2023\/06\/a7400813-1536x1024.jpg 1536w, https:\/\/enkoeducation.com\/kalanso\/wp-content\/uploads\/sites\/37\/2023\/06\/a7400813-2048x1365.jpg 2048w, https:\/\/enkoeducation.com\/kalanso\/wp-content\/uploads\/sites\/37\/2023\/06\/a7400813-18x12.jpg 18w, https:\/\/enkoeducation.com\/kalanso\/wp-content\/uploads\/sites\/37\/2023\/06\/a7400813-31x21.jpg 31w\" sizes=\"(max-width: 1024px) 100vw, 1024px\" itemprop=\"image\" \/><\/a><\/li><li><a class=\"\" href=\"https:\/\/enkoeducation.com\/kalanso\/wp-content\/uploads\/sites\/37\/2023\/06\/a7400604-1024x683.jpg\" data-lightbox=\"lightbox[rel-287-3574211764]\"><img loading=\"lazy\" decoding=\"async\" width=\"1024\" height=\"683\" src=\"https:\/\/enkoeducation.com\/kalanso\/wp-content\/uploads\/sites\/37\/2023\/06\/a7400604-1024x683.jpg\" class=\"attachment-large\" alt=\"\" title=\"a7400604\" srcset=\"https:\/\/enkoeducation.com\/kalanso\/wp-content\/uploads\/sites\/37\/2023\/06\/a7400604-1024x683.jpg 1024w, https:\/\/enkoeducation.com\/kalanso\/wp-content\/uploads\/sites\/37\/2023\/06\/a7400604-300x200.jpg 300w, https:\/\/enkoeducation.com\/kalanso\/wp-content\/uploads\/sites\/37\/2023\/06\/a7400604-768x512.jpg 768w, https:\/\/enkoeducation.com\/kalanso\/wp-content\/uploads\/sites\/37\/2023\/06\/a7400604-1536x1024.jpg 1536w, https:\/\/enkoeducation.com\/kalanso\/wp-content\/uploads\/sites\/37\/2023\/06\/a7400604-2048x1365.jpg 2048w, https:\/\/enkoeducation.com\/kalanso\/wp-content\/uploads\/sites\/37\/2023\/06\/a7400604-18x12.jpg 18w, https:\/\/enkoeducation.com\/kalanso\/wp-content\/uploads\/sites\/37\/2023\/06\/a7400604-31x21.jpg 31w\" sizes=\"(max-width: 1024px) 100vw, 1024px\" itemprop=\"image\" \/><\/a><\/li><\/ul><\/div><\/div><\/div><\/div>\n\n<div class=\"vc_col-sm-12 wpb_column column_container  jupiter-donut- _ jupiter-donut-height-full\">\n\t<div id=\"divider-9\" class=\"mk-divider  jupiter-donut-   divider_full_width center thick_solid  \">\n\n\t\t\t<div class=\"divider-inner\"><\/div>\n\t\n<\/div>\n<div class=\"clearboth\"><\/div>\n<\/div>\n\t<\/div>\n\n<div class=\"mk-page-section-wrapper\" data-mk-full-width=\"true\" data-mk-full-width-init=\"true\" data-mk-stretch-content=\"true\">\n\t<div id=\"page-section-10\" class=\"mk-page-section self-hosted   full_layout full-width-10 js-el js-master-row jupiter-donut-   \"    data-intro-effect=\"false\">\n\n\t\t\t\n\t\t\t<div class=\"mk-page-section-inner\">\n\t\t\t\t\n\n\n<div class=\"mk-video-color-mask\"><\/div>\n\n\t\t\t\t\n\t\t\t\t\t\t\t<\/div>\n\n\t\t\t\n        <div class=\"page-section-content vc_row-fluid mk-grid \" >\n            <div class=\"mk-padding-wrapper wpb_row\"><\/div>\n            <div class=\"clearboth\"><\/div>\n        <\/div>\n\n\n\t\t\t\n\t\t\t\n\t\t\t\n\t\t<div class=\"clearboth\"><\/div>\n\t<\/div>\n<\/div>\n<div class=\"vc_row-full-width vc_clearfix\"><\/div>\n\n\n<div class=\"vc_col-sm-12 wpb_column column_container  jupiter-donut- _ jupiter-donut-height-full\">\n\t<\/div>\n\n<h2 id=\"fancy-title-12\" class=\"mk-fancy-title  simple-style jupiter-donut-  color-single\">\n\t<span>\n\t\t\t\t<p>Une p\u00e9dagogie qui favorise le d\u00e9veloppement intellectuel, social et affectif.<\/p>\n\t\t\t<\/span>\n<\/h2>\n<div class=\"clearboth\"><\/div>\n\n\n\n\t<div class=\" vc_custom_1710503284552\">\n\n<div id=\"text-block-13\" class=\"mk-text-block  jupiter-donut- \">\n\n\t\n\t<p><span style=\"vertical-align: inherit;\"><span style=\"vertical-align: inherit;\"><img loading=\"lazy\" decoding=\"async\" class=\"wp-image-1918 alignright\" src=\"http:\/\/enkoeducation.com\/kalanso\/wp-content\/uploads\/sites\/37\/2023\/09\/untitled-design-13-300x300.png\" alt=\"\" width=\"292\" height=\"292\" srcset=\"https:\/\/enkoeducation.com\/kalanso\/wp-content\/uploads\/sites\/37\/2023\/09\/untitled-design-13-300x300.png 300w, https:\/\/enkoeducation.com\/kalanso\/wp-content\/uploads\/sites\/37\/2023\/09\/untitled-design-13-150x150.png 150w, https:\/\/enkoeducation.com\/kalanso\/wp-content\/uploads\/sites\/37\/2023\/09\/untitled-design-13-12x12.png 12w, https:\/\/enkoeducation.com\/kalanso\/wp-content\/uploads\/sites\/37\/2023\/09\/untitled-design-13-100x100.png 100w, https:\/\/enkoeducation.com\/kalanso\/wp-content\/uploads\/sites\/37\/2023\/09\/untitled-design-13-27x27.png 27w, https:\/\/enkoeducation.com\/kalanso\/wp-content\/uploads\/sites\/37\/2023\/09\/untitled-design-13.png 500w\" sizes=\"(max-width: 292px) 100vw, 292px\" \/>Les \u00e9l\u00e8ves sont plac\u00e9s dans des groupes en fonction de leur niveau scolaire, \u00e9valu\u00e9 par le biais de tests. Un climat d&#8217;enseignement et d&#8217;apprentissage bas\u00e9 sur le respect mutuel est encourag\u00e9, avec une solide \u00e9ducation civique et sociale. <\/span><\/span><\/p>\n<p><span style=\"vertical-align: inherit;\"><span style=\"vertical-align: inherit;\">Les horaires de l&#8217;\u00e9cole sont les suivants : lundi, mardi et mercredi de 7h30 \u00e0 13h, avec une reprise de 14h30 \u00e0 16h45 ; jeudi de 7h30 \u00e0 13h, et vendredi de 7h30 \u00e0 12h. De plus, la tenue scolaire est obligatoire et peut \u00eatre command\u00e9e aupr\u00e8s de la direction de l&#8217;\u00e9cole.<\/span><\/span><\/p>\n<p>Nos enseignants sont des professionnels dipl\u00f4m\u00e9s et exp\u00e9riment\u00e9s. Deux psychop\u00e9dagogues confirm\u00e9es, qui sont \u00e9galement les promotrices de l&#8217;\u00e9cole, assurent l&#8217;encadrement, la formation et le suivi p\u00e9dagogique des \u00e9l\u00e8ves. En ce qui concerne le cycle pr\u00e9scolaire, l&#8217;encadrement est assur\u00e9 par une sp\u00e9cialiste de l&#8217;\u00e9ducation pr\u00e9scolaire avec plusieurs ann\u00e9es d&#8217;exp\u00e9rience dans des \u00e9coles internationales, ainsi que par des \u00e9ducateurs sp\u00e9cialis\u00e9s en \u00e9ducation pr\u00e9scolaire.<\/p>\n<p>En ce qui concerne notre programme d&#8217;activit\u00e9s, nous proposons des exercices de langage, une initiation au fran\u00e7ais, des activit\u00e9s math\u00e9matiques, des exercices graphiques, et une initiation \u00e0 la lecture en grande section. Nous encourageons \u00e9galement les activit\u00e9s artistiques et les activit\u00e9s de plein air pour enrichir l&#8217;exp\u00e9rience \u00e9ducative de nos \u00e9l\u00e8ves.<\/p>\n\n\t<div class=\"clearboth\"><\/div>\n<\/div>\n\n\t<\/div>\n\n<div id=\"padding-14\" class=\"mk-padding-divider jupiter-donut-  jupiter-donut-clearfix\"><\/div>\n\n\n<div class=\"vc_col-sm-12 wpb_column column_container  jupiter-donut- _ jupiter-donut-height-full\">\n\t<\/div>\n\n<\/section>","protected":false},"excerpt":{"rendered":"L'\u00e9cole Kalanso est organis\u00e9e en deux cycles principaux : Le cycle complet d'immersion et le cycle d'enseignement allant de la 1\u00e8re \u00e0 la 9\u00e8me ann\u00e9e. Nos \u00e9l\u00e8ves ont un acc\u00e8s prioritaire en 10\u00e8me ann\u00e9e au Lyc\u00e9e Kodonso, qui propose un programme de l'\u00c9ducation Nationale enrichi par des soutiens p\u00e9dagogiques en fran\u00e7ais et en math\u00e9matiques. D\u00e8s [...]","protected":false},"author":1,"featured_media":0,"parent":0,"menu_order":0,"comment_status":"closed","ping_status":"closed","template":"","meta":{"footnotes":""},"class_list":["post-287","page","type-page","status-publish","hentry"],"yoast_head":"<!-- This site is optimized with the Yoast SEO Premium plugin v18.2.1 (Yoast SEO v23.2) - https:\/\/yoast.com\/wordpress\/plugins\/seo\/ -->\n<title>Curriculum - Kalanso International School<\/title>\n<meta name=\"robots\" content=\"index, follow, max-snippet:-1, max-image-preview:large, max-video-preview:-1\" \/>\n<link rel=\"canonical\" href=\"https:\/\/enkoeducation.com\/kalanso\/curriculum-3\/\" \/>\n<meta property=\"og:locale\" content=\"en_US\" \/>\n<meta property=\"og:type\" content=\"article\" \/>\n<meta property=\"og:title\" content=\"Curriculum\" \/>\n<meta property=\"og:url\" content=\"https:\/\/enkoeducation.com\/kalanso\/curriculum-3\/\" \/>\n<meta property=\"og:site_name\" content=\"Kalanso International School\" \/>\n<meta property=\"article:publisher\" content=\"https:\/\/fr-fr.facebook.com\/EnkoRiviera\/\" \/>\n<meta property=\"article:modified_time\" content=\"2024-07-16T16:12:09+00:00\" \/>\n<meta property=\"og:image\" content=\"http:\/\/enkoeducation.com\/kalanso\/wp-content\/uploads\/sites\/37\/2023\/09\/untitled-design-13-300x300.png\" \/>\n<meta name=\"twitter:card\" content=\"summary_large_image\" \/>\n<meta name=\"twitter:label1\" content=\"Est. reading time\" \/>\n\t<meta name=\"twitter:data1\" content=\"2 minutes\" \/>\n<script type=\"application\/ld+json\" class=\"yoast-schema-graph\">{\"@context\":\"https:\/\/schema.org\",\"@graph\":[{\"@type\":\"WebPage\",\"@id\":\"https:\/\/enkoeducation.com\/kalanso\/curriculum-3\/\",\"url\":\"https:\/\/enkoeducation.com\/kalanso\/curriculum-3\/\",\"name\":\"Curriculum - Kalanso International School\",\"isPartOf\":{\"@id\":\"https:\/\/enkoeducation.com\/kalanso\/#website\"},\"primaryImageOfPage\":{\"@id\":\"https:\/\/enkoeducation.com\/kalanso\/curriculum-3\/#primaryimage\"},\"image\":{\"@id\":\"https:\/\/enkoeducation.com\/kalanso\/curriculum-3\/#primaryimage\"},\"thumbnailUrl\":\"http:\/\/enkoeducation.com\/kalanso\/wp-content\/uploads\/sites\/37\/2023\/09\/untitled-design-13-300x300.png\",\"datePublished\":\"2018-01-22T13:23:59+00:00\",\"dateModified\":\"2024-07-16T16:12:09+00:00\",\"breadcrumb\":{\"@id\":\"https:\/\/enkoeducation.com\/kalanso\/curriculum-3\/#breadcrumb\"},\"inLanguage\":\"en-US\",\"potentialAction\":[{\"@type\":\"ReadAction\",\"target\":[\"https:\/\/enkoeducation.com\/kalanso\/curriculum-3\/\"]}]},{\"@type\":\"ImageObject\",\"inLanguage\":\"en-US\",\"@id\":\"https:\/\/enkoeducation.com\/kalanso\/curriculum-3\/#primaryimage\",\"url\":\"https:\/\/enkoeducation.com\/kalanso\/wp-content\/uploads\/sites\/37\/2023\/09\/untitled-design-13.png\",\"contentUrl\":\"https:\/\/enkoeducation.com\/kalanso\/wp-content\/uploads\/sites\/37\/2023\/09\/untitled-design-13.png\",\"width\":500,\"height\":500},{\"@type\":\"BreadcrumbList\",\"@id\":\"https:\/\/enkoeducation.com\/kalanso\/curriculum-3\/#breadcrumb\",\"itemListElement\":[{\"@type\":\"ListItem\",\"position\":1,\"name\":\"Home\",\"item\":\"https:\/\/enkoeducation.com\/kalanso\/\"},{\"@type\":\"ListItem\",\"position\":2,\"name\":\"Curriculum\"}]},{\"@type\":\"WebSite\",\"@id\":\"https:\/\/enkoeducation.com\/kalanso\/#website\",\"url\":\"https:\/\/enkoeducation.com\/kalanso\/\",\"name\":\"Kalanso International School\",\"description\":\"\u00c9cole Internationale Africaine \u00e0 Abidjan\",\"potentialAction\":[{\"@type\":\"SearchAction\",\"target\":{\"@type\":\"EntryPoint\",\"urlTemplate\":\"https:\/\/enkoeducation.com\/kalanso\/?s={search_term_string}\"},\"query-input\":\"required name=search_term_string\"}],\"inLanguage\":\"en-US\"}]}<\/script>\n<!-- \/ Yoast SEO Premium plugin. -->","yoast_head_json":{"title":"Curriculum - Kalanso International School","robots":{"index":"index","follow":"follow","max-snippet":"max-snippet:-1","max-image-preview":"max-image-preview:large","max-video-preview":"max-video-preview:-1"},"canonical":"https:\/\/enkoeducation.com\/kalanso\/curriculum-3\/","og_locale":"en_US","og_type":"article","og_title":"Curriculum","og_url":"https:\/\/enkoeducation.com\/kalanso\/curriculum-3\/","og_site_name":"Kalanso International School","article_publisher":"https:\/\/fr-fr.facebook.com\/EnkoRiviera\/","article_modified_time":"2024-07-16T16:12:09+00:00","og_image":[{"url":"http:\/\/enkoeducation.com\/kalanso\/wp-content\/uploads\/sites\/37\/2023\/09\/untitled-design-13-300x300.png"}],"twitter_card":"summary_large_image","twitter_misc":{"Est. reading time":"2 minutes"},"schema":{"@context":"https:\/\/schema.org","@graph":[{"@type":"WebPage","@id":"https:\/\/enkoeducation.com\/kalanso\/curriculum-3\/","url":"https:\/\/enkoeducation.com\/kalanso\/curriculum-3\/","name":"Curriculum - Kalanso International School","isPartOf":{"@id":"https:\/\/enkoeducation.com\/kalanso\/#website"},"primaryImageOfPage":{"@id":"https:\/\/enkoeducation.com\/kalanso\/curriculum-3\/#primaryimage"},"image":{"@id":"https:\/\/enkoeducation.com\/kalanso\/curriculum-3\/#primaryimage"},"thumbnailUrl":"http:\/\/enkoeducation.com\/kalanso\/wp-content\/uploads\/sites\/37\/2023\/09\/untitled-design-13-300x300.png","datePublished":"2018-01-22T13:23:59+00:00","dateModified":"2024-07-16T16:12:09+00:00","breadcrumb":{"@id":"https:\/\/enkoeducation.com\/kalanso\/curriculum-3\/#breadcrumb"},"inLanguage":"en-US","potentialAction":[{"@type":"ReadAction","target":["https:\/\/enkoeducation.com\/kalanso\/curriculum-3\/"]}]},{"@type":"ImageObject","inLanguage":"en-US","@id":"https:\/\/enkoeducation.com\/kalanso\/curriculum-3\/#primaryimage","url":"https:\/\/enkoeducation.com\/kalanso\/wp-content\/uploads\/sites\/37\/2023\/09\/untitled-design-13.png","contentUrl":"https:\/\/enkoeducation.com\/kalanso\/wp-content\/uploads\/sites\/37\/2023\/09\/untitled-design-13.png","width":500,"height":500},{"@type":"BreadcrumbList","@id":"https:\/\/enkoeducation.com\/kalanso\/curriculum-3\/#breadcrumb","itemListElement":[{"@type":"ListItem","position":1,"name":"Home","item":"https:\/\/enkoeducation.com\/kalanso\/"},{"@type":"ListItem","position":2,"name":"Curriculum"}]},{"@type":"WebSite","@id":"https:\/\/enkoeducation.com\/kalanso\/#website","url":"https:\/\/enkoeducation.com\/kalanso\/","name":"Kalanso International School","description":"\u00c9cole Internationale Africaine \u00e0 Abidjan","potentialAction":[{"@type":"SearchAction","target":{"@type":"EntryPoint","urlTemplate":"https:\/\/enkoeducation.com\/kalanso\/?s={search_term_string}"},"query-input":"required name=search_term_string"}],"inLanguage":"en-US"}]}},"_links":{"self":[{"href":"https:\/\/enkoeducation.com\/kalanso\/wp-json\/wp\/v2\/pages\/287"}],"collection":[{"href":"https:\/\/enkoeducation.com\/kalanso\/wp-json\/wp\/v2\/pages"}],"about":[{"href":"https:\/\/enkoeducation.com\/kalanso\/wp-json\/wp\/v2\/types\/page"}],"author":[{"embeddable":true,"href":"https:\/\/enkoeducation.com\/kalanso\/wp-json\/wp\/v2\/users\/1"}],"replies":[{"embeddable":true,"href":"https:\/\/enkoeducation.com\/kalanso\/wp-json\/wp\/v2\/comments?post=287"}],"version-history":[{"count":75,"href":"https:\/\/enkoeducation.com\/kalanso\/wp-json\/wp\/v2\/pages\/287\/revisions"}],"predecessor-version":[{"id":1980,"href":"https:\/\/enkoeducation.com\/kalanso\/wp-json\/wp\/v2\/pages\/287\/revisions\/1980"}],"wp:attachment":[{"href":"https:\/\/enkoeducation.com\/kalanso\/wp-json\/wp\/v2\/media?parent=287"}],"curies":[{"name":"wp","href":"https:\/\/api.w.org\/{rel}","templated":true}]}}