{"id":1287,"date":"2020-07-28T13:37:30","date_gmt":"2020-07-28T13:37:30","guid":{"rendered":"http:\/\/enkoeducation.com\/kodonso\/?page_id=1287"},"modified":"2024-04-15T07:47:49","modified_gmt":"2024-04-15T07:47:49","slug":"practical-information-2","status":"publish","type":"page","link":"https:\/\/enkoeducation.com\/kodonso\/en\/practical-information-2\/","title":{"rendered":"PRACTICAL INFORMATION"},"content":{"rendered":"<section class=\"wpb-content-wrapper\">\n<div class=\"mk-page-section-wrapper\" data-mk-full-width=\"true\" data-mk-full-width-init=\"true\" data-mk-stretch-content=\"true\">\n\t<div id=\"page-section-1\" class=\"mk-page-section self-hosted   full_layout full-width-1 js-el js-master-row jupiter-donut-\"    data-intro-effect=\"false\">\n\n\t\t\t\n\t\t\t<div class=\"mk-page-section-inner\">\n\t\t\t\t\n\n\n<div style=\"background-color:#0a0a0a;opacity:0.3;\" class=\"mk-video-color-mask\"><\/div>\n\n\t\t\t\t\n\t\t\t\t\n\t\n\t<div class=\"background-layer-holder\">\n\t\t<div id=\"background-layer--1\" data-mk-lazyload=\"false\" class=\"background-layer mk-background-stretch darken-blend-effect js-el\"   data-blend=\"darken\" data-mk-img-set='{\"landscape\":{\"external\":\"http:\/\/enkoeducation.com\/kodonso\/wp-content\/uploads\/sites\/38\/2024\/04\/a7400940-scaled.jpg\"},\"responsive\":\"true\"}' >\n\t\t\t\t\t\t\t\t\t\t<div class=\"mk-blend-layer\"><\/div>\n\t\t\t\t\t\t<div class=\"mk-color-layer\"><\/div>\n\t\t<\/div>\n\t<\/div>\n\n\t\t\t<\/div>\n\n\t\t\t\n        <div class=\"page-section-content vc_row-fluid mk-grid\" >\n            <div class=\"mk-padding-wrapper wpb_row\">\n<div class=\"vc_col-sm-12 wpb_column column_container  jupiter-donut- _ jupiter-donut-height-full\">\n\t<\/div>\n<\/div>\n            <div class=\"clearboth\"><\/div>\n        <\/div>\n\n\n\t\t\t\n\t\t\t\n\t\t\t\n\t\t<div class=\"clearboth\"><\/div>\n\t<\/div>\n<\/div>\n<div class=\"vc_row-full-width vc_clearfix\"><\/div>\n\n\n<div class=\"mk-page-section-wrapper\" data-mk-full-width=\"true\" data-mk-full-width-init=\"true\" data-mk-stretch-content=\"true\">\n\t<div id=\"page-section-3\" class=\"mk-page-section self-hosted   full_layout full-width-3 js-el js-master-row jupiter-donut-\"    data-intro-effect=\"false\">\n\n\t\t\t\n\t\t\t<div class=\"mk-page-section-inner\">\n\t\t\t\t\n\n\n<div class=\"mk-video-color-mask\"><\/div>\n\n\t\t\t\t\n\t\t\t\t\t\t\t<\/div>\n\n\t\t\t\n        <div class=\"page-section-content vc_row-fluid mk-grid\" >\n            <div class=\"mk-padding-wrapper wpb_row\">\n<div class=\"vc_col-sm-4 wpb_column column_container  jupiter-donut- _ jupiter-donut-height-full\">\n\t\n\t<div  class=\"wpb_single_image wpb_content_element vc_align_center\">\n\t\t\n\t\t<figure class=\"wpb_wrapper vc_figure\">\n\t\t\t<div class=\"vc_single_image-wrapper   vc_box_border_grey\"><img decoding=\"async\" width=\"88\" height=\"88\" src=\"https:\/\/enkoeducation.com\/kodonso\/wp-content\/uploads\/sites\/38\/2018\/01\/soccerball.png\" class=\"vc_single_image-img attachment-full\" alt=\"\" title=\"soccerball\" srcset=\"https:\/\/enkoeducation.com\/kodonso\/wp-content\/uploads\/sites\/38\/2018\/01\/soccerball.png 88w, https:\/\/enkoeducation.com\/kodonso\/wp-content\/uploads\/sites\/38\/2018\/01\/soccerball-80x80.png 80w, https:\/\/enkoeducation.com\/kodonso\/wp-content\/uploads\/sites\/38\/2018\/01\/soccerball-1024x1024.png 1024w, https:\/\/enkoeducation.com\/kodonso\/wp-content\/uploads\/sites\/38\/2018\/01\/soccerball-300x300.png 300w\" sizes=\"(max-width: 88px) 100vw, 88px\" itemprop=\"image\" \/><\/div>\n\t\t<\/figure>\n\t<\/div>\n\n<h2 id=\"fancy-title-5\" class=\"mk-fancy-title  simple-style jupiter-donut-  color-single\">\n\t<span>\n\t\t\t\t<p>Sports<\/p>\n\t\t\t<\/span>\n<\/h2>\n<div class=\"clearboth\"><\/div>\n\n\n\n\t<div class=\"vc_custom_1712845091425\">\n\n<div id=\"text-block-6\" class=\"mk-text-block  jupiter-donut-\">\n\n\t\n\t<p style=\"text-align: center;\">Course<\/p>\n<p style=\"text-align: center;\">Football<\/p>\n<div id=\"gtx-trans\" style=\"position: absolute; left: 505px; top: 70.7587px;\">\n<div class=\"gtx-trans-icon\"><\/div>\n<\/div>\n\n\t<div class=\"clearboth\"><\/div>\n<\/div>\n\n\t<\/div>\n<\/div>\n\n<div class=\"vc_col-sm-4 wpb_column column_container  jupiter-donut- _ jupiter-donut-height-full\">\n\t\n\t<div  class=\"wpb_single_image wpb_content_element vc_align_center\">\n\t\t\n\t\t<figure class=\"wpb_wrapper vc_figure\">\n\t\t\t<div class=\"vc_single_image-wrapper   vc_box_border_grey\"><img decoding=\"async\" width=\"65\" height=\"90\" src=\"https:\/\/enkoeducation.com\/kodonso\/wp-content\/uploads\/sites\/38\/2018\/01\/cuttlery.png\" class=\"vc_single_image-img attachment-full\" alt=\"\" title=\"cuttlery\" srcset=\"https:\/\/enkoeducation.com\/kodonso\/wp-content\/uploads\/sites\/38\/2018\/01\/cuttlery.png 65w, https:\/\/enkoeducation.com\/kodonso\/wp-content\/uploads\/sites\/38\/2018\/01\/cuttlery-20x27.png 20w\" sizes=\"(max-width: 65px) 100vw, 65px\" itemprop=\"image\" \/><\/div>\n\t\t<\/figure>\n\t<\/div>\n\n<h2 id=\"fancy-title-8\" class=\"mk-fancy-title  simple-style jupiter-donut-  color-single\">\n\t<span>\n\t\t\t\t<p>Cantine<\/p>\n\t\t\t<\/span>\n<\/h2>\n<div class=\"clearboth\"><\/div>\n\n\n\n\t<div class=\"vc_custom_1712844607923\">\n\n<div id=\"text-block-9\" class=\"mk-text-block  jupiter-donut-\">\n\n\t\n\t<p>30.000F\/Mois<br \/>\nLa cantine n&rsquo;est pas obligatoire !<\/p>\n<p>Des menus vari\u00e9s, frais et pr\u00e9par\u00e9s sur place compos\u00e9s d&rsquo;une entr\u00e9e, d&rsquo;un plat et d&rsquo;un dessert.<\/p>\n\n\t<div class=\"clearboth\"><\/div>\n<\/div>\n\n\t<\/div>\n<\/div>\n\n<div class=\"vc_col-sm-4 wpb_column column_container  jupiter-donut- _ jupiter-donut-height-full\">\n\t\n\t<div  class=\"wpb_single_image wpb_content_element vc_align_center\">\n\t\t\n\t\t<figure class=\"wpb_wrapper vc_figure\">\n\t\t\t<div class=\"vc_single_image-wrapper   vc_box_border_grey\"><img decoding=\"async\" width=\"72\" height=\"88\" src=\"https:\/\/enkoeducation.com\/kodonso\/wp-content\/uploads\/sites\/38\/2018\/01\/musicnote.png\" class=\"vc_single_image-img attachment-full\" alt=\"\" title=\"musicnote\" srcset=\"https:\/\/enkoeducation.com\/kodonso\/wp-content\/uploads\/sites\/38\/2018\/01\/musicnote.png 72w, https:\/\/enkoeducation.com\/kodonso\/wp-content\/uploads\/sites\/38\/2018\/01\/musicnote-22x27.png 22w\" sizes=\"(max-width: 72px) 100vw, 72px\" itemprop=\"image\" \/><\/div>\n\t\t<\/figure>\n\t<\/div>\n\n<h2 id=\"fancy-title-11\" class=\"mk-fancy-title  simple-style jupiter-donut-  color-single\">\n\t<span>\n\t\t\t\t<p style=\"text-align: center;\">Activit\u00e9s extrascolaires<\/p>\n\t\t\t<\/span>\n<\/h2>\n<div class=\"clearboth\"><\/div>\n\n\n\n\t<div class=\"vc_custom_1712844846157\">\n\n<div id=\"text-block-12\" class=\"mk-text-block  jupiter-donut-\">\n\n\t\n\t<p style=\"text-align: center;\">Anglais,Th\u00eaatre et po\u00e9sie, Escrime,Football, Basketball, Cricket, informatique, Arts martiaux, Tennis, Club des enfants journalistes, Arts plastiques, La Robotique , \u00c9nergie renouvelable (installation des panneaux solaires)<\/p>\n\n\t<div class=\"clearboth\"><\/div>\n<\/div>\n\n\t<\/div>\n<\/div>\n<\/div>\n            <div class=\"clearboth\"><\/div>\n        <\/div>\n\n\n\t\t\t\n\t\t\t\n\t\t\t\n\t\t<div class=\"clearboth\"><\/div>\n\t<\/div>\n<\/div>\n<div class=\"vc_row-full-width vc_clearfix\"><\/div>\n\n\n<\/section>","protected":false},"excerpt":{"rendered":"Sports Course Football Cantine 30.000F\/Mois La cantine n'est pas obligatoire ! Des menus vari\u00e9s, frais et pr\u00e9par\u00e9s sur place compos\u00e9s d'une entr\u00e9e, d'un plat et d'un dessert. Activit\u00e9s extrascolaires Anglais,Th\u00eaatre et po\u00e9sie, Escrime,Football, Basketball, Cricket, informatique, Arts martiaux, Tennis, Club des enfants journalistes, Arts plastiques, La Robotique , \u00c9nergie renouvelable (installation des panneaux solaires)","protected":false},"author":51,"featured_media":0,"parent":0,"menu_order":0,"comment_status":"closed","ping_status":"closed","template":"","meta":{"footnotes":""},"class_list":["post-1287","page","type-page","status-publish","hentry"],"yoast_head":"<!-- This site is optimized with the Yoast SEO Premium plugin v18.2.1 (Yoast SEO v23.2) - https:\/\/yoast.com\/wordpress\/plugins\/seo\/ -->\n<title>INFOS PRATIQUES - Kodonso International School<\/title>\n<meta name=\"robots\" content=\"index, follow, max-snippet:-1, max-image-preview:large, max-video-preview:-1\" \/>\n<link rel=\"canonical\" href=\"https:\/\/enkoeducation.com\/kodonso\/en\/practical-information-2\/\" \/>\n<meta property=\"og:locale\" content=\"en_US\" \/>\n<meta property=\"og:type\" content=\"article\" \/>\n<meta property=\"og:title\" content=\"INFOS PRATIQUES\" \/>\n<meta property=\"og:url\" content=\"https:\/\/enkoeducation.com\/kodonso\/en\/practical-information-2\/\" \/>\n<meta property=\"og:site_name\" content=\"Kodonso International School\" \/>\n<meta property=\"article:publisher\" content=\"https:\/\/fr-fr.facebook.com\/EnkoRiviera\/\" \/>\n<meta property=\"article:modified_time\" content=\"2024-04-15T07:47:49+00:00\" \/>\n<meta name=\"twitter:card\" content=\"summary_large_image\" \/>\n<meta name=\"twitter:label1\" content=\"Est. reading time\" \/>\n\t<meta name=\"twitter:data1\" content=\"1 minute\" \/>\n<script type=\"application\/ld+json\" class=\"yoast-schema-graph\">{\"@context\":\"https:\/\/schema.org\",\"@graph\":[{\"@type\":\"WebPage\",\"@id\":\"https:\/\/enkoeducation.com\/kodonso\/fr_fr\/practical-information-2\/\",\"url\":\"https:\/\/enkoeducation.com\/kodonso\/fr_fr\/practical-information-2\/\",\"name\":\"INFOS PRATIQUES - Kodonso International School\",\"isPartOf\":{\"@id\":\"https:\/\/enkoeducation.com\/kodonso\/en\/#website\"},\"datePublished\":\"2020-07-28T13:37:30+00:00\",\"dateModified\":\"2024-04-15T07:47:49+00:00\",\"breadcrumb\":{\"@id\":\"https:\/\/enkoeducation.com\/kodonso\/fr_fr\/practical-information-2\/#breadcrumb\"},\"inLanguage\":\"en-US\",\"potentialAction\":[{\"@type\":\"ReadAction\",\"target\":[\"https:\/\/enkoeducation.com\/kodonso\/fr_fr\/practical-information-2\/\"]}]},{\"@type\":\"BreadcrumbList\",\"@id\":\"https:\/\/enkoeducation.com\/kodonso\/fr_fr\/practical-information-2\/#breadcrumb\",\"itemListElement\":[{\"@type\":\"ListItem\",\"position\":1,\"name\":\"Home\",\"item\":\"https:\/\/enkoeducation.com\/kodonso\/\"},{\"@type\":\"ListItem\",\"position\":2,\"name\":\"INFOS PRATIQUES\"}]},{\"@type\":\"WebSite\",\"@id\":\"https:\/\/enkoeducation.com\/kodonso\/en\/#website\",\"url\":\"https:\/\/enkoeducation.com\/kodonso\/en\/\",\"name\":\"Kodonso International School\",\"description\":\"\u00c9cole Internationale Africaine \u00e0 Bamako\",\"potentialAction\":[{\"@type\":\"SearchAction\",\"target\":{\"@type\":\"EntryPoint\",\"urlTemplate\":\"https:\/\/enkoeducation.com\/kodonso\/en\/?s={search_term_string}\"},\"query-input\":\"required name=search_term_string\"}],\"inLanguage\":\"en-US\"}]}<\/script>\n<!-- \/ Yoast SEO Premium plugin. -->","yoast_head_json":{"title":"INFOS PRATIQUES - Kodonso International School","robots":{"index":"index","follow":"follow","max-snippet":"max-snippet:-1","max-image-preview":"max-image-preview:large","max-video-preview":"max-video-preview:-1"},"canonical":"https:\/\/enkoeducation.com\/kodonso\/en\/practical-information-2\/","og_locale":"en_US","og_type":"article","og_title":"INFOS PRATIQUES","og_url":"https:\/\/enkoeducation.com\/kodonso\/en\/practical-information-2\/","og_site_name":"Kodonso International School","article_publisher":"https:\/\/fr-fr.facebook.com\/EnkoRiviera\/","article_modified_time":"2024-04-15T07:47:49+00:00","twitter_card":"summary_large_image","twitter_misc":{"Est. reading time":"1 minute"},"schema":{"@context":"https:\/\/schema.org","@graph":[{"@type":"WebPage","@id":"https:\/\/enkoeducation.com\/kodonso\/fr_fr\/practical-information-2\/","url":"https:\/\/enkoeducation.com\/kodonso\/fr_fr\/practical-information-2\/","name":"INFOS PRATIQUES - Kodonso International School","isPartOf":{"@id":"https:\/\/enkoeducation.com\/kodonso\/en\/#website"},"datePublished":"2020-07-28T13:37:30+00:00","dateModified":"2024-04-15T07:47:49+00:00","breadcrumb":{"@id":"https:\/\/enkoeducation.com\/kodonso\/fr_fr\/practical-information-2\/#breadcrumb"},"inLanguage":"en-US","potentialAction":[{"@type":"ReadAction","target":["https:\/\/enkoeducation.com\/kodonso\/fr_fr\/practical-information-2\/"]}]},{"@type":"BreadcrumbList","@id":"https:\/\/enkoeducation.com\/kodonso\/fr_fr\/practical-information-2\/#breadcrumb","itemListElement":[{"@type":"ListItem","position":1,"name":"Home","item":"https:\/\/enkoeducation.com\/kodonso\/"},{"@type":"ListItem","position":2,"name":"INFOS PRATIQUES"}]},{"@type":"WebSite","@id":"https:\/\/enkoeducation.com\/kodonso\/en\/#website","url":"https:\/\/enkoeducation.com\/kodonso\/en\/","name":"Kodonso International School","description":"\u00c9cole Internationale Africaine \u00e0 Bamako","potentialAction":[{"@type":"SearchAction","target":{"@type":"EntryPoint","urlTemplate":"https:\/\/enkoeducation.com\/kodonso\/en\/?s={search_term_string}"},"query-input":"required name=search_term_string"}],"inLanguage":"en-US"}]}},"_links":{"self":[{"href":"https:\/\/enkoeducation.com\/kodonso\/en\/wp-json\/wp\/v2\/pages\/1287"}],"collection":[{"href":"https:\/\/enkoeducation.com\/kodonso\/en\/wp-json\/wp\/v2\/pages"}],"about":[{"href":"https:\/\/enkoeducation.com\/kodonso\/en\/wp-json\/wp\/v2\/types\/page"}],"author":[{"embeddable":true,"href":"https:\/\/enkoeducation.com\/kodonso\/en\/wp-json\/wp\/v2\/users\/51"}],"replies":[{"embeddable":true,"href":"https:\/\/enkoeducation.com\/kodonso\/en\/wp-json\/wp\/v2\/comments?post=1287"}],"version-history":[{"count":4,"href":"https:\/\/enkoeducation.com\/kodonso\/en\/wp-json\/wp\/v2\/pages\/1287\/revisions"}],"predecessor-version":[{"id":1963,"href":"https:\/\/enkoeducation.com\/kodonso\/en\/wp-json\/wp\/v2\/pages\/1287\/revisions\/1963"}],"wp:attachment":[{"href":"https:\/\/enkoeducation.com\/kodonso\/en\/wp-json\/wp\/v2\/media?parent=1287"}],"curies":[{"name":"wp","href":"https:\/\/api.w.org\/{rel}","templated":true}]}}