{"id":1740,"date":"2022-05-12T14:13:30","date_gmt":"2022-05-12T14:13:30","guid":{"rendered":"http:\/\/enkoeducation.com\/kodonso\/?page_id=1740"},"modified":"2024-04-11T14:01:44","modified_gmt":"2024-04-11T14:01:44","slug":"admission-2","status":"publish","type":"page","link":"https:\/\/enkoeducation.com\/kodonso\/admission-2\/","title":{"rendered":"Admission"},"content":{"rendered":"<section class=\"wpb-content-wrapper\">\n<div class=\"mk-page-section-wrapper\" data-mk-full-width=\"true\" data-mk-full-width-init=\"true\" data-mk-stretch-content=\"true\">\n\t<div id=\"page-section-1\" class=\"mk-page-section self-hosted   full_layout full-width-1 js-el js-master-row jupiter-donut-   \"    data-intro-effect=\"false\">\n\n\t\t\t\n\t\t\t<div class=\"mk-page-section-inner\">\n\t\t\t\t\n\n\n<div style=\"background-color:#0a0a0a;opacity:0.3;\" class=\"mk-video-color-mask\"><\/div>\n\n\t\t\t\t\n\t\t\t\t\n\t\n\t<div class=\"background-layer-holder\">\n\t\t<div id=\"background-layer--1\" data-mk-lazyload=\"false\" class=\"background-layer mk-background-stretch darken-blend-effect js-el\"   data-blend=\"darken\" data-mk-img-set='{\"landscape\":{\"external\":\"http:\/\/enkoeducation.com\/kodonso\/wp-content\/uploads\/sites\/38\/2024\/04\/img_9740-copie-scaled.jpg\"},\"responsive\":\"true\"}' >\n\t\t\t\t\t\t\t\t\t\t<div class=\"mk-blend-layer\"><\/div>\n\t\t\t\t\t\t<div class=\"mk-color-layer\"><\/div>\n\t\t<\/div>\n\t<\/div>\n\n\t\t\t<\/div>\n\n\t\t\t\n        <div class=\"page-section-content vc_row-fluid mk-grid \" >\n            <div class=\"mk-padding-wrapper wpb_row\">\n<div class=\"vc_col-sm-12 wpb_column column_container  jupiter-donut- _ jupiter-donut-height-full\">\n\t\n\n<div class=\"wpb_row vc_inner vc_row vc_row-fluid jupiter-donut-   attched-false   \">\n\t\t\t<div class=\"wpb_column vc_column_container vc_col-sm-12\"><div class=\"vc_column-inner\"><div class=\"wpb_wrapper\"><\/div><\/div><\/div>\t<\/div>\n<\/div>\n<\/div>\n            <div class=\"clearboth\"><\/div>\n        <\/div>\n\n\n\t\t\t\n\t\t\t\n\t\t\t\n\t\t<div class=\"clearboth\"><\/div>\n\t<\/div>\n<\/div>\n<div class=\"vc_row-full-width vc_clearfix\"><\/div>\n\n\n<div  data-mk-stretch-content=\"true\" class=\"wpb_row vc_row vc_row-fluid jupiter-donut- mk-fullwidth-false  attched-false     js-master-row  mk-grid\">\n\t\t\t\t\n<div class=\"vc_col-sm-12 wpb_column column_container  jupiter-donut- _ jupiter-donut-height-full\">\n\t<div id=\"mk-tabs\" class=\"wpb_tabs mk-tabs-4 wpb_content_element mobile-true simple-style horizental-style\" data-interval=\"\"><div class=\"wpb_wrapper wpb_tour_tabs_wrapper ui-tabs vc_clearfix\">\n\t\t\t<ul class=\"wpb_tabs_nav ui-tabs-nav vc_clearfix\"><li><a href=\"#tab-1516629401-1-4\">Proc\u00e9dure d'admission au lyc\u00e9e Kodonso<\/a><\/li><li><a href=\"#tab-1516629401-2-29\">Frais de scolarit\u00e9<\/a><\/li><\/ul>\n\t<div id=\"tab-1516629401-1-4\" class=\"wpb_tab ui-tabs-panel wpb_ui-tabs-hide vc_clearfix\">\n\t\t<div class=\"title-mobile\">Proc\u00e9dure d'admission au lyc\u00e9e Kodonso<\/div>\n\t\t\n\n<div class=\"wpb_row vc_inner vc_row vc_row-fluid jupiter-donut-   attched-false   \">\n\t\t\t<div class=\"wpb_column vc_column_container vc_col-sm-3\"><div class=\"vc_column-inner\"><div class=\"wpb_wrapper\">\n\t<div  class=\"wpb_single_image wpb_content_element vc_align_left\">\n\t\t\n\t\t<figure class=\"wpb_wrapper vc_figure\">\n\t\t\t<div class=\"vc_single_image-wrapper   vc_box_border_grey\"><img fetchpriority=\"high\" decoding=\"async\" width=\"1182\" height=\"1182\" src=\"https:\/\/enkoeducation.com\/kodonso\/wp-content\/uploads\/sites\/38\/2024\/04\/calendar.png\" class=\"vc_single_image-img attachment-full\" alt=\"\" title=\"calendar\" srcset=\"https:\/\/enkoeducation.com\/kodonso\/wp-content\/uploads\/sites\/38\/2024\/04\/calendar.png 1182w, https:\/\/enkoeducation.com\/kodonso\/wp-content\/uploads\/sites\/38\/2024\/04\/calendar-300x300.png 300w, https:\/\/enkoeducation.com\/kodonso\/wp-content\/uploads\/sites\/38\/2024\/04\/calendar-1024x1024.png 1024w, https:\/\/enkoeducation.com\/kodonso\/wp-content\/uploads\/sites\/38\/2024\/04\/calendar-150x150.png 150w, https:\/\/enkoeducation.com\/kodonso\/wp-content\/uploads\/sites\/38\/2024\/04\/calendar-768x768.png 768w, https:\/\/enkoeducation.com\/kodonso\/wp-content\/uploads\/sites\/38\/2024\/04\/calendar-12x12.png 12w, https:\/\/enkoeducation.com\/kodonso\/wp-content\/uploads\/sites\/38\/2024\/04\/calendar-100x100.png 100w, https:\/\/enkoeducation.com\/kodonso\/wp-content\/uploads\/sites\/38\/2024\/04\/calendar-650x650.png 650w, https:\/\/enkoeducation.com\/kodonso\/wp-content\/uploads\/sites\/38\/2024\/04\/calendar-27x27.png 27w\" sizes=\"(max-width: 1182px) 100vw, 1182px\" itemprop=\"image\" \/><\/div>\n\t\t<\/figure>\n\t<\/div>\n<\/div><\/div><\/div><div class=\"wpb_column vc_column_container vc_col-sm-9\"><div class=\"vc_column-inner\"><div class=\"wpb_wrapper\">\n<h2 id=\"fancy-title-5\" class=\"mk-fancy-title  simple-style jupiter-donut-  color-single\">\n\t<span>\n\t\t\t\t<p>Visiter l&rsquo;\u00e9cole et organiser un test d&rsquo;admission<\/p>\n<div id=\"gtx-trans\" style=\"position: absolute; left: 134px; top: 37.5538px;\">\n<div class=\"gtx-trans-icon\"><\/div>\n<\/div>\n\t\t\t<\/span>\n<\/h2>\n<div class=\"clearboth\"><\/div>\n\n\n\n\t<div class=\" vc_custom_1712829541771\">\n\n<div id=\"text-block-6\" class=\"mk-text-block  jupiter-donut- \">\n\n\t\n\t<p>Vous pouvez nous contacter :<\/p>\n<ul>\n<li>+223 71338005<\/li>\n<li><a href=\"mailto:kodonso@enkoeducation.com\">kodonso@enkoeducation.com<\/a><\/li>\n<li><a href=\"https:\/\/www.facebook.com\/kodonso\/?ref=br_rs\">httpss:\/\/www.facebook.com\/kodonso\/<\/a><\/li>\n<\/ul>\n<div id=\"gtx-trans\" style=\"position: absolute; left: 245px; top: 125.531px;\">\n<div class=\"gtx-trans-icon\"><\/div>\n<\/div>\n\n\t<div class=\"clearboth\"><\/div>\n<\/div>\n\n\t<\/div>\n<\/div><\/div><\/div>\t<\/div>\n<div class=\"vc_separator wpb_content_element vc_separator_align_center vc_sep_width_100 vc_sep_pos_align_center vc_separator_no_text vc_sep_color_grey\" ><span class=\"vc_sep_holder vc_sep_holder_l\"><span class=\"vc_sep_line\"><\/span><\/span><span class=\"vc_sep_holder vc_sep_holder_r\"><span class=\"vc_sep_line\"><\/span><\/span>\n<\/div>\n\n<div class=\"wpb_row vc_inner vc_row vc_row-fluid jupiter-donut-   attched-false   \">\n\t\t\t<div class=\"wpb_column vc_column_container vc_col-sm-3\"><div class=\"vc_column-inner\"><div class=\"wpb_wrapper\">\n\t<div  class=\"wpb_single_image wpb_content_element vc_align_left\">\n\t\t\n\t\t<figure class=\"wpb_wrapper vc_figure\">\n\t\t\t<div class=\"vc_single_image-wrapper   vc_box_border_grey\"><img decoding=\"async\" width=\"1182\" height=\"1182\" src=\"https:\/\/enkoeducation.com\/kodonso\/wp-content\/uploads\/sites\/38\/2024\/04\/pencil-1.png\" class=\"vc_single_image-img attachment-full\" alt=\"\" title=\"pencil-1\" srcset=\"https:\/\/enkoeducation.com\/kodonso\/wp-content\/uploads\/sites\/38\/2024\/04\/pencil-1.png 1182w, https:\/\/enkoeducation.com\/kodonso\/wp-content\/uploads\/sites\/38\/2024\/04\/pencil-1-300x300.png 300w, https:\/\/enkoeducation.com\/kodonso\/wp-content\/uploads\/sites\/38\/2024\/04\/pencil-1-1024x1024.png 1024w, https:\/\/enkoeducation.com\/kodonso\/wp-content\/uploads\/sites\/38\/2024\/04\/pencil-1-150x150.png 150w, https:\/\/enkoeducation.com\/kodonso\/wp-content\/uploads\/sites\/38\/2024\/04\/pencil-1-768x768.png 768w, https:\/\/enkoeducation.com\/kodonso\/wp-content\/uploads\/sites\/38\/2024\/04\/pencil-1-12x12.png 12w, https:\/\/enkoeducation.com\/kodonso\/wp-content\/uploads\/sites\/38\/2024\/04\/pencil-1-100x100.png 100w, https:\/\/enkoeducation.com\/kodonso\/wp-content\/uploads\/sites\/38\/2024\/04\/pencil-1-650x650.png 650w, https:\/\/enkoeducation.com\/kodonso\/wp-content\/uploads\/sites\/38\/2024\/04\/pencil-1-27x27.png 27w\" sizes=\"(max-width: 1182px) 100vw, 1182px\" itemprop=\"image\" \/><\/div>\n\t\t<\/figure>\n\t<\/div>\n<\/div><\/div><\/div><div class=\"wpb_column vc_column_container vc_col-sm-9\"><div class=\"vc_column-inner\"><div class=\"wpb_wrapper\">\n<h2 id=\"fancy-title-7\" class=\"mk-fancy-title  simple-style jupiter-donut-  color-single\">\n\t<span>\n\t\t\t\t<p>Passer le test d&rsquo;admission<\/p>\n<div id=\"gtx-trans\" style=\"position: absolute; left: 102px; top: -9.22396px;\">\n<div class=\"gtx-trans-icon\"><\/div>\n<\/div>\n\t\t\t<\/span>\n<\/h2>\n<div class=\"clearboth\"><\/div>\n\n\n\n\t<div class=\" vc_custom_1712829703820\">\n\n<div id=\"text-block-8\" class=\"mk-text-block  jupiter-donut- \">\n\n\t\n\t<p>Il s&rsquo;agit d&rsquo;un test d&rsquo;\u00e9valuation visant \u00e0 comprendre le potentiel de chaque \u00e9l\u00e8ve. Cela permet \u00e0 nos enseignants de concentrer leur attention sur chaque \u00e9l\u00e8ve individuellement.<\/p>\n<div id=\"gtx-trans\" style=\"position: absolute; left: 289px; top: 37.5538px;\">\n<div class=\"gtx-trans-icon\"><\/div>\n<\/div>\n\n\t<div class=\"clearboth\"><\/div>\n<\/div>\n\n\t<\/div>\n<\/div><\/div><\/div>\t<\/div>\n<div class=\"vc_separator wpb_content_element vc_separator_align_center vc_sep_width_100 vc_sep_pos_align_center vc_separator_no_text vc_sep_color_grey\" ><span class=\"vc_sep_holder vc_sep_holder_l\"><span class=\"vc_sep_line\"><\/span><\/span><span class=\"vc_sep_holder vc_sep_holder_r\"><span class=\"vc_sep_line\"><\/span><\/span>\n<\/div>\n\n<div class=\"wpb_row vc_inner vc_row vc_row-fluid jupiter-donut-   attched-false   \">\n\t\t\t<div class=\"wpb_column vc_column_container vc_col-sm-3\"><div class=\"vc_column-inner\"><div class=\"wpb_wrapper\">\n\t<div  class=\"wpb_single_image wpb_content_element vc_align_left\">\n\t\t\n\t\t<figure class=\"wpb_wrapper vc_figure\">\n\t\t\t<div class=\"vc_single_image-wrapper   vc_box_border_grey\"><img decoding=\"async\" width=\"1182\" height=\"1182\" src=\"https:\/\/enkoeducation.com\/kodonso\/wp-content\/uploads\/sites\/38\/2024\/04\/booksonshelf.png\" class=\"vc_single_image-img attachment-full\" alt=\"\" title=\"booksonshelf\" srcset=\"https:\/\/enkoeducation.com\/kodonso\/wp-content\/uploads\/sites\/38\/2024\/04\/booksonshelf.png 1182w, https:\/\/enkoeducation.com\/kodonso\/wp-content\/uploads\/sites\/38\/2024\/04\/booksonshelf-300x300.png 300w, https:\/\/enkoeducation.com\/kodonso\/wp-content\/uploads\/sites\/38\/2024\/04\/booksonshelf-1024x1024.png 1024w, https:\/\/enkoeducation.com\/kodonso\/wp-content\/uploads\/sites\/38\/2024\/04\/booksonshelf-150x150.png 150w, https:\/\/enkoeducation.com\/kodonso\/wp-content\/uploads\/sites\/38\/2024\/04\/booksonshelf-768x768.png 768w, https:\/\/enkoeducation.com\/kodonso\/wp-content\/uploads\/sites\/38\/2024\/04\/booksonshelf-12x12.png 12w, https:\/\/enkoeducation.com\/kodonso\/wp-content\/uploads\/sites\/38\/2024\/04\/booksonshelf-100x100.png 100w, https:\/\/enkoeducation.com\/kodonso\/wp-content\/uploads\/sites\/38\/2024\/04\/booksonshelf-650x650.png 650w, https:\/\/enkoeducation.com\/kodonso\/wp-content\/uploads\/sites\/38\/2024\/04\/booksonshelf-27x27.png 27w\" sizes=\"(max-width: 1182px) 100vw, 1182px\" itemprop=\"image\" \/><\/div>\n\t\t<\/figure>\n\t<\/div>\n<\/div><\/div><\/div><div class=\"wpb_column vc_column_container vc_col-sm-9\"><div class=\"vc_column-inner\"><div class=\"wpb_wrapper\">\n<h2 id=\"fancy-title-9\" class=\"mk-fancy-title  simple-style jupiter-donut-  color-single\">\n\t<span>\n\t\t\t\t<p>Remplir le formulaire d&rsquo;inscription et fournir tous les documents n\u00e9cessaires<\/p>\n<div id=\"gtx-trans\" style=\"position: absolute; left: 295px; top: -9.22396px;\">\n<div class=\"gtx-trans-icon\"><\/div>\n<\/div>\n\t\t\t<\/span>\n<\/h2>\n<div class=\"clearboth\"><\/div>\n\n\n\n\t<div class=\" vc_custom_1712829841589\">\n\n<div id=\"text-block-10\" class=\"mk-text-block  jupiter-donut- \">\n\n\t\n\t<p>Documents requis :<\/p>\n<ul>\n<li>Rapports, relev\u00e9s de notes 2022 &#8211; 2023 et 2023 &#8211; 2024<\/li>\n<li>Pi\u00e8ce d&rsquo;identit\u00e9 et acte de naissance de l&rsquo;\u00e9tudiant<\/li>\n<li>Photo d&rsquo;identit\u00e9 r\u00e9cente (papier ou scann\u00e9e)<\/li>\n<\/ul>\n\n\t<div class=\"clearboth\"><\/div>\n<\/div>\n\n\t<\/div>\n<\/div><\/div><\/div>\t<\/div>\n<div class=\"vc_separator wpb_content_element vc_separator_align_center vc_sep_width_100 vc_sep_pos_align_center vc_separator_no_text vc_sep_color_grey\" ><span class=\"vc_sep_holder vc_sep_holder_l\"><span class=\"vc_sep_line\"><\/span><\/span><span class=\"vc_sep_holder vc_sep_holder_r\"><span class=\"vc_sep_line\"><\/span><\/span>\n<\/div>\n\t<\/div>\n\n\t<div id=\"tab-1516629401-2-29\" class=\"wpb_tab ui-tabs-panel wpb_ui-tabs-hide vc_clearfix\">\n\t\t<div class=\"title-mobile\">Frais de scolarit\u00e9<\/div>\n\t\t\n\t<div class=\"wpb_raw_code wpb_content_element wpb_raw_html\" >\n\t\t<div class=\"wpb_wrapper\">\n\t\t\t<!DOCTYPE html>\n<html lang=\"fr\">\n<head>\n<meta charset=\"UTF-8\">\n<title>Frais de Scolarit\u00e9 - Lyc\u00e9e Kodonso<\/title>\n<style>\n    body {\n        font-family: Montserrat, sans-serif;\n        margin: 20px;\n        background-color: #f0f0f0;\n    }\n    table {\n        border-collapse: collapse;\n        width: 100%;\n        margin-bottom: 20px;\n        background-color: #ffffff;\n    }\n    caption {\n        margin-bottom: 10px;\n        font-size: 24px;\n        font-weight: bold;\n        color: #509E2F;\n    }\n    th, td {\n        border: 1px solid #509E2F;\n        text-align: left;\n        padding: 8px;\n    }\n    th {\n        background-color: #509E2F;\n        color: #ffffff;\n    }\n    tr:nth-child(even) {\n        background-color: #f2f2f2;\n    }\n    a.download-button {\n        background-color: #509E2F;\n        color: white;\n        padding: 10px 20px;\n        text-align: center;\n        display: inline-block;\n        border-radius: 25px;\n        text-decoration: none;\n        font-weight: bold;\n    }\n    a.download-button:hover {\n        background-color: #509E2F;\n        text-decoration: none;\n        color: white;\n    }\n<\/style>\n<\/head>\n<body>\n\n<table>\n    <caption>Lyc\u00e9e Kodonso - Frais de scolarit\u00e9 2024-2025<\/caption>\n    <thead>\n        <tr>\n            <th>Type de Frais<\/th>\n            <th>D\u00e9tails<\/th>\n            <th>Montant<\/th>\n        <\/tr>\n    <\/thead>\n    <tbody>\n        <tr>\n            <td>Frais d'inscription<\/td>\n            <td>Uniformes + fournitures scolaires. Non remboursables.<\/td>\n            <td>315,000 FCFA<\/td>\n        <\/tr>\n        <tr>\n            <td>Frais de r\u00e9inscription<\/td>\n            <td>Uniformes + fournitures scolaires. Non remboursables.<\/td>\n            <td>215,000 FCFA<\/td>\n        <\/tr>\n        <tr>\n            <td>Frais de scolarit\u00e9 annuels<\/td>\n            <td>Lyc\u00e9e : Paiement annuel avec 5% de r\u00e9duction ou paiement trimestriel (d\u00e9tails ci-dessous)<\/td>\n            <td>1,025,000 FCFA<\/td>\n        <\/tr>\n        <tr>\n            <td>Paiement trimestriel<\/td>\n            <td>\u00c0 l'inscription + Avant le 20 Octobre, Janvier, Avril<\/td>\n            <td>237,000 FCFA chaque<\/td>\n        <\/tr>\n        <tr>\n            <td>Frais suppl\u00e9mentaires<\/td>\n            <td>Uniformes, Manuels et fournitures, Cantine (30,000 FCFA\/mois), Activit\u00e9s Extra-Scolaires<\/td>\n            <td>Varie<\/td>\n        <\/tr>\n        <tr>\n            <td>Activit\u00e9s Extra-Scolaires<\/td>\n            <td>5,000 FCFA pour la 1\u00e8re activit\u00e9, 4,000 FCFA pour une 2\u00e8me, et 3,000 FCFA pour une 3\u00e8me<\/td>\n            <td>Varie<\/td>\n        <\/tr>\n        <tr>\n            <td>Modalit\u00e9s de paiement<\/td>\n            <td>R\u00e8glement par ch\u00e8que, virement bancaire ou d\u00e9p\u00f4t direct. R\u00e9f\u00e9rence du paiement : Nom Pr\u00e9nom Classe.<\/td>\n            <td><\/td>\n        <\/tr>\n        <tr>\n            <td>Coordonn\u00e9es bancaires<\/td>\n            <td>ORABANK, Num\u00e9ro de compte : 052994300202, IBAN : ML13ML1730150105299430020214, BIC\/SWIFT CODE : ORBKMLBA<\/td>\n            <td><\/td>\n        <\/tr>\n    <\/tbody>\n<\/table>\n\n<p>Pour plus d'informations, veuillez contacter <a href=\"mailto:kodonso@enkoeducation.com\">kodonso@enkoeducation.com<\/a>.<\/p>\n\n<a href=\"http:\/\/enkoeducation.com\/kodonso\/wp-content\/uploads\/sites\/38\/2024\/04\/mars-2024_2025-kodonso-school-fees-sheet-fr-1.pdf\" class=\"download-button\">Cliquez ici pour t\u00e9l\u00e9charger<\/a>\n\n<\/body>\n<\/html>\n\n\t\t<\/div>\n\t<\/div>\n\n\t<\/div>\n\n\t\t<\/div>\n\t<\/div>\n<\/div>\n\t<\/div>\n\n<\/section>","protected":false},"excerpt":{"rendered":"Proc\u00e9dure d'admission au lyc\u00e9e KodonsoFrais de scolarit\u00e9 Proc\u00e9dure d'admission au lyc\u00e9e Kodonso Visiter l'\u00e9cole et organiser un test d'admission Vous pouvez nous contacter : +223 71338005 kodonso@enkoeducation.com httpss:\/\/www.facebook.com\/kodonso\/ Passer le test d'admission Il s'agit d'un test d'\u00e9valuation visant \u00e0 comprendre le potentiel de chaque \u00e9l\u00e8ve. Cela permet \u00e0 nos enseignants de concentrer leur attention sur [...]","protected":false},"author":51,"featured_media":0,"parent":0,"menu_order":0,"comment_status":"closed","ping_status":"closed","template":"","meta":{"footnotes":""},"class_list":["post-1740","page","type-page","status-publish","hentry"],"yoast_head":"<!-- This site is optimized with the Yoast SEO Premium plugin v18.2.1 (Yoast SEO v23.2) - https:\/\/yoast.com\/wordpress\/plugins\/seo\/ -->\n<title>Admission - Kodonso International School<\/title>\n<meta name=\"robots\" content=\"index, follow, max-snippet:-1, max-image-preview:large, max-video-preview:-1\" \/>\n<link rel=\"canonical\" href=\"https:\/\/enkoeducation.com\/kodonso\/fr_fr\/admission-2\/\" \/>\n<meta property=\"og:locale\" content=\"fr_FR\" \/>\n<meta property=\"og:type\" content=\"article\" \/>\n<meta property=\"og:title\" content=\"Admission\" \/>\n<meta property=\"og:url\" content=\"https:\/\/enkoeducation.com\/kodonso\/fr_fr\/admission-2\/\" \/>\n<meta property=\"og:site_name\" content=\"Kodonso International School\" \/>\n<meta property=\"article:publisher\" content=\"https:\/\/fr-fr.facebook.com\/EnkoRiviera\/\" \/>\n<meta property=\"article:modified_time\" content=\"2024-04-11T14:01:44+00:00\" \/>\n<meta name=\"twitter:card\" content=\"summary_large_image\" \/>\n<meta name=\"twitter:label1\" content=\"Dur\u00e9e de lecture estim\u00e9e\" \/>\n\t<meta name=\"twitter:data1\" content=\"1 minute\" \/>\n<script type=\"application\/ld+json\" class=\"yoast-schema-graph\">{\"@context\":\"https:\/\/schema.org\",\"@graph\":[{\"@type\":\"WebPage\",\"@id\":\"https:\/\/enkoeducation.com\/kodonso\/fr_fr\/admission-2\/\",\"url\":\"https:\/\/enkoeducation.com\/kodonso\/fr_fr\/admission-2\/\",\"name\":\"Admission - Kodonso International School\",\"isPartOf\":{\"@id\":\"https:\/\/enkoeducation.com\/kodonso\/en\/#website\"},\"datePublished\":\"2022-05-12T14:13:30+00:00\",\"dateModified\":\"2024-04-11T14:01:44+00:00\",\"breadcrumb\":{\"@id\":\"https:\/\/enkoeducation.com\/kodonso\/fr_fr\/admission-2\/#breadcrumb\"},\"inLanguage\":\"fr-FR\",\"potentialAction\":[{\"@type\":\"ReadAction\",\"target\":[\"https:\/\/enkoeducation.com\/kodonso\/fr_fr\/admission-2\/\"]}]},{\"@type\":\"BreadcrumbList\",\"@id\":\"https:\/\/enkoeducation.com\/kodonso\/fr_fr\/admission-2\/#breadcrumb\",\"itemListElement\":[{\"@type\":\"ListItem\",\"position\":1,\"name\":\"Home\",\"item\":\"https:\/\/enkoeducation.com\/kodonso\/\"},{\"@type\":\"ListItem\",\"position\":2,\"name\":\"Admission\"}]},{\"@type\":\"WebSite\",\"@id\":\"https:\/\/enkoeducation.com\/kodonso\/en\/#website\",\"url\":\"https:\/\/enkoeducation.com\/kodonso\/en\/\",\"name\":\"Kodonso International School\",\"description\":\"\u00c9cole Internationale Africaine \u00e0 Bamako\",\"potentialAction\":[{\"@type\":\"SearchAction\",\"target\":{\"@type\":\"EntryPoint\",\"urlTemplate\":\"https:\/\/enkoeducation.com\/kodonso\/en\/?s={search_term_string}\"},\"query-input\":\"required name=search_term_string\"}],\"inLanguage\":\"fr-FR\"}]}<\/script>\n<!-- \/ Yoast SEO Premium plugin. -->","yoast_head_json":{"title":"Admission - Kodonso International School","robots":{"index":"index","follow":"follow","max-snippet":"max-snippet:-1","max-image-preview":"max-image-preview:large","max-video-preview":"max-video-preview:-1"},"canonical":"https:\/\/enkoeducation.com\/kodonso\/fr_fr\/admission-2\/","og_locale":"fr_FR","og_type":"article","og_title":"Admission","og_url":"https:\/\/enkoeducation.com\/kodonso\/fr_fr\/admission-2\/","og_site_name":"Kodonso International School","article_publisher":"https:\/\/fr-fr.facebook.com\/EnkoRiviera\/","article_modified_time":"2024-04-11T14:01:44+00:00","twitter_card":"summary_large_image","twitter_misc":{"Dur\u00e9e de lecture estim\u00e9e":"1 minute"},"schema":{"@context":"https:\/\/schema.org","@graph":[{"@type":"WebPage","@id":"https:\/\/enkoeducation.com\/kodonso\/fr_fr\/admission-2\/","url":"https:\/\/enkoeducation.com\/kodonso\/fr_fr\/admission-2\/","name":"Admission - Kodonso International School","isPartOf":{"@id":"https:\/\/enkoeducation.com\/kodonso\/en\/#website"},"datePublished":"2022-05-12T14:13:30+00:00","dateModified":"2024-04-11T14:01:44+00:00","breadcrumb":{"@id":"https:\/\/enkoeducation.com\/kodonso\/fr_fr\/admission-2\/#breadcrumb"},"inLanguage":"fr-FR","potentialAction":[{"@type":"ReadAction","target":["https:\/\/enkoeducation.com\/kodonso\/fr_fr\/admission-2\/"]}]},{"@type":"BreadcrumbList","@id":"https:\/\/enkoeducation.com\/kodonso\/fr_fr\/admission-2\/#breadcrumb","itemListElement":[{"@type":"ListItem","position":1,"name":"Home","item":"https:\/\/enkoeducation.com\/kodonso\/"},{"@type":"ListItem","position":2,"name":"Admission"}]},{"@type":"WebSite","@id":"https:\/\/enkoeducation.com\/kodonso\/en\/#website","url":"https:\/\/enkoeducation.com\/kodonso\/en\/","name":"Kodonso International School","description":"\u00c9cole Internationale Africaine \u00e0 Bamako","potentialAction":[{"@type":"SearchAction","target":{"@type":"EntryPoint","urlTemplate":"https:\/\/enkoeducation.com\/kodonso\/en\/?s={search_term_string}"},"query-input":"required name=search_term_string"}],"inLanguage":"fr-FR"}]}},"_links":{"self":[{"href":"https:\/\/enkoeducation.com\/kodonso\/wp-json\/wp\/v2\/pages\/1740"}],"collection":[{"href":"https:\/\/enkoeducation.com\/kodonso\/wp-json\/wp\/v2\/pages"}],"about":[{"href":"https:\/\/enkoeducation.com\/kodonso\/wp-json\/wp\/v2\/types\/page"}],"author":[{"embeddable":true,"href":"https:\/\/enkoeducation.com\/kodonso\/wp-json\/wp\/v2\/users\/51"}],"replies":[{"embeddable":true,"href":"https:\/\/enkoeducation.com\/kodonso\/wp-json\/wp\/v2\/comments?post=1740"}],"version-history":[{"count":13,"href":"https:\/\/enkoeducation.com\/kodonso\/wp-json\/wp\/v2\/pages\/1740\/revisions"}],"predecessor-version":[{"id":1958,"href":"https:\/\/enkoeducation.com\/kodonso\/wp-json\/wp\/v2\/pages\/1740\/revisions\/1958"}],"wp:attachment":[{"href":"https:\/\/enkoeducation.com\/kodonso\/wp-json\/wp\/v2\/media?parent=1740"}],"curies":[{"name":"wp","href":"https:\/\/api.w.org\/{rel}","templated":true}]}}