{"id":287,"date":"2018-01-22T13:23:59","date_gmt":"2018-01-22T13:23:59","guid":{"rendered":"http:\/\/165.227.224.6\/la-gaiete\/?page_id=287"},"modified":"2024-04-11T07:58:38","modified_gmt":"2024-04-11T07:58:38","slug":"curriculum-3","status":"publish","type":"page","link":"https:\/\/enkoeducation.com\/kodonso\/curriculum-3\/","title":{"rendered":"Curriculum"},"content":{"rendered":"<section class=\"wpb-content-wrapper\">\n<div class=\"mk-page-section-wrapper\" data-mk-full-width=\"true\" data-mk-full-width-init=\"true\" data-mk-stretch-content=\"true\">\n\t<div id=\"page-section-1\" class=\"mk-page-section self-hosted   full_layout full-width-1 js-el js-master-row jupiter-donut-   \"    data-intro-effect=\"false\">\n\n\t\t\t\n\t\t\t<div class=\"mk-page-section-inner\">\n\t\t\t\t\n\n\n<div style=\"background-color:#0a0a0a;opacity:0.3;\" class=\"mk-video-color-mask\"><\/div>\n\n\t\t\t\t\n\t\t\t\t\n\t\n\t<div class=\"background-layer-holder\">\n\t\t<div id=\"background-layer--1\" data-mk-lazyload=\"false\" class=\"background-layer mk-background-stretch darken-blend-effect js-el\"   data-blend=\"darken\" data-mk-img-set='{\"landscape\":{\"external\":\"http:\/\/enkoeducation.com\/kodonso\/wp-content\/uploads\/sites\/38\/2024\/03\/r9b6939-scaled.jpg\"},\"responsive\":\"true\"}' >\n\t\t\t\t\t\t\t\t\t\t<div class=\"mk-blend-layer\"><\/div>\n\t\t\t\t\t\t<div class=\"mk-color-layer\"><\/div>\n\t\t<\/div>\n\t<\/div>\n\n\t\t\t<\/div>\n\n\t\t\t\n        <div class=\"page-section-content vc_row-fluid mk-grid \" >\n            <div class=\"mk-padding-wrapper wpb_row\">\n<div class=\"vc_col-sm-12 wpb_column column_container  jupiter-donut- _ jupiter-donut-height-full\">\n\t\n\n<div class=\"wpb_row vc_inner vc_row vc_row-fluid jupiter-donut-   attched-false   \">\n\t\t\t<div class=\"wpb_column vc_column_container vc_col-sm-12\"><div class=\"vc_column-inner\"><div class=\"wpb_wrapper\"><\/div><\/div><\/div>\t<\/div>\n<\/div>\n<\/div>\n            <div class=\"clearboth\"><\/div>\n        <\/div>\n\n\n\t\t\t\n\t\t\t\n\t\t\t\n\t\t<div class=\"clearboth\"><\/div>\n\t<\/div>\n<\/div>\n<div class=\"vc_row-full-width vc_clearfix\"><\/div>\n\n\n<div  data-mk-stretch-content=\"true\" class=\"wpb_row vc_row vc_row-fluid jupiter-donut- mk-fullwidth-false  attched-false     js-master-row  mk-grid\">\n\t\t\t\t\n<div class=\"vc_col-sm-12 wpb_column column_container  jupiter-donut- _ jupiter-donut-height-full\">\n\t\n\t<div class=\"wpb_raw_code wpb_content_element wpb_raw_html\" >\n\t\t<div class=\"wpb_wrapper\">\n\t\t\t<!DOCTYPE html>\n<html lang=\"fr\">\n<head>\n    <meta charset=\"UTF-8\">\n    <title>Lyc\u00e9e Kodonso - Curriculum National Malien<\/title>\n    <style>\n        body {\n            font-family: Montserrat, sans-serif;\n            line-height: 1.6;\n            color: #333;\n        }\n        .container {\n            max-width: 800px;\n            margin: 20px auto;\n            padding: 20px;\n            background-color: #fff;\n        }\n        .success-stories {\n            background-color: #e7f6e8;\n            padding: 20px;\n            margin: 20px 0;\n            border-left: 5px solid #34a853;\n        }\n        .image-banner {\n            margin-top: 20px;\n            text-align: center;\n        }\n        .curriculum {\n            margin-top: 20px;\n        }\n        h1 {\n            color: #006400;\n        }\n        h2 {\n            color: #d35400;\n        }\n        ul {\n            list-style-type: none;\n            padding: 0;\n        }\n        ul li:before {\n            content: '';\n            margin-right: 8px;\n            color: #34a853;\n        }\n    <\/style>\n<\/head>\n<body>\n    <div class=\"container\">\n        <h1>Curriculum National Malien au Lyc\u00e9e Kodonso<\/h1>\n        <div class=\"curriculum\">\n            <p>Les vocations du lyc\u00e9e Kodonso sont de dispenser des formations au niveau secondaire g\u00e9n\u00e9ral (10e, 11e et 12e) avec une qualit\u00e9 incontest\u00e9e suivant les normes nationales et internationales :<\/p>\n            <ul>\n                <li>Un programme d'\u00e9tudes rigoureux conforme au curriculum national malien.<\/li>\n                <li>Des cours qui pr\u00e9parent les \u00e9l\u00e8ves aux d\u00e9fis acad\u00e9miques et aux examens nationaux.<\/li>\n                <li>Une \u00e9ducation compl\u00e8te comprenant des mati\u00e8res vari\u00e9es : sciences, math\u00e9matiques, langues, sciences sociales et plus encore.<\/li>\n                <li>Des professeurs qualifi\u00e9s et engag\u00e9s qui suivent de pr\u00e8s la r\u00e9ussite des \u00e9l\u00e8ves.<\/li>\n                <li>Des opportunit\u00e9s de d\u00e9veloppement personnel et professionnel par des activit\u00e9s extrascolaires diversifi\u00e9es.<\/li>\n                <li>Un soutien aux \u00e9l\u00e8ves dans la pr\u00e9paration de leur orientation future, que ce soit dans l'enseignement sup\u00e9rieur ou dans la vie professionnelle.<\/li>\n            <\/ul>\n        <\/div>\n        <div class=\"success-stories\">\n            <p>Nous sommes ravis d'annoncer les succ\u00e8s r\u00e9cents de nos \u00e9l\u00e8ves : Kadiatou Tamboura, accept\u00e9e en 2023 par l'Universit\u00e9 de Toulouse, et cette ann\u00e9e Dado Tour\u00e9, r\u00e9compens\u00e9e d'une prestigieuse bourse de 20 000$ \u00e0 l'Universit\u00e9 de l'Ontario. Ces r\u00e9alisations t\u00e9moignent de l'efficacit\u00e9 de notre approche personnalis\u00e9e de l'admission universitaire.<\/p>\n        <\/div>\n        <div class=\"image-banner\">\n            <img decoding=\"async\" src=\"http:\/\/enkoeducation.com\/kodonso\/wp-content\/uploads\/sites\/38\/2024\/04\/1712747760901-3544beb6-68f0-410e-8800-d4f9b06a8f2f_1.jpg\" alt=\"Succ\u00e8s des \u00e9l\u00e8ves du Lyc\u00e9e Kodonso\" style=\"max-width: 100%;\">\n        \n<\/body>\n<\/html>\n\n\t\t<\/div>\n\t<\/div>\n\n<div id=\"padding-4\" class=\"mk-padding-divider jupiter-donut-  jupiter-donut-clearfix\"><\/div>\n\n<\/div>\n\t<\/div>\n\n<\/section>","protected":false},"excerpt":{"rendered":"Lyc\u00e9e Kodonso - Curriculum National Malien Curriculum National Malien au Lyc\u00e9e Kodonso Les vocations du lyc\u00e9e Kodonso sont de dispenser des formations au niveau secondaire g\u00e9n\u00e9ral (10e, 11e et 12e) avec une qualit\u00e9 incontest\u00e9e suivant les normes nationales et internationales : Un programme d'\u00e9tudes rigoureux conforme au curriculum national malien. Des cours qui pr\u00e9parent les [...]","protected":false},"author":1,"featured_media":0,"parent":0,"menu_order":0,"comment_status":"closed","ping_status":"closed","template":"","meta":{"footnotes":""},"class_list":["post-287","page","type-page","status-publish","hentry"],"yoast_head":"<!-- This site is optimized with the Yoast SEO Premium plugin v18.2.1 (Yoast SEO v23.2) - https:\/\/yoast.com\/wordpress\/plugins\/seo\/ -->\n<title>Curriculum - Kodonso International School<\/title>\n<meta name=\"robots\" content=\"index, follow, max-snippet:-1, max-image-preview:large, max-video-preview:-1\" \/>\n<link rel=\"canonical\" href=\"https:\/\/enkoeducation.com\/kodonso\/curriculum-3\/\" \/>\n<meta property=\"og:locale\" content=\"fr_FR\" \/>\n<meta property=\"og:type\" content=\"article\" \/>\n<meta property=\"og:title\" content=\"Curriculum\" \/>\n<meta property=\"og:url\" content=\"https:\/\/enkoeducation.com\/kodonso\/curriculum-3\/\" \/>\n<meta property=\"og:site_name\" content=\"Kodonso International School\" \/>\n<meta property=\"article:publisher\" content=\"https:\/\/fr-fr.facebook.com\/EnkoRiviera\/\" \/>\n<meta property=\"article:modified_time\" content=\"2024-04-11T07:58:38+00:00\" \/>\n<meta name=\"twitter:card\" content=\"summary_large_image\" \/>\n<meta name=\"twitter:label1\" content=\"Dur\u00e9e de lecture estim\u00e9e\" \/>\n\t<meta name=\"twitter:data1\" content=\"1 minute\" \/>\n<script type=\"application\/ld+json\" class=\"yoast-schema-graph\">{\"@context\":\"https:\/\/schema.org\",\"@graph\":[{\"@type\":\"WebPage\",\"@id\":\"https:\/\/enkoeducation.com\/kodonso\/en\/curriculum-3\/\",\"url\":\"https:\/\/enkoeducation.com\/kodonso\/en\/curriculum-3\/\",\"name\":\"Curriculum - Kodonso International School\",\"isPartOf\":{\"@id\":\"https:\/\/enkoeducation.com\/kodonso\/en\/#website\"},\"datePublished\":\"2018-01-22T13:23:59+00:00\",\"dateModified\":\"2024-04-11T07:58:38+00:00\",\"breadcrumb\":{\"@id\":\"https:\/\/enkoeducation.com\/kodonso\/en\/curriculum-3\/#breadcrumb\"},\"inLanguage\":\"fr-FR\",\"potentialAction\":[{\"@type\":\"ReadAction\",\"target\":[\"https:\/\/enkoeducation.com\/kodonso\/en\/curriculum-3\/\"]}]},{\"@type\":\"BreadcrumbList\",\"@id\":\"https:\/\/enkoeducation.com\/kodonso\/en\/curriculum-3\/#breadcrumb\",\"itemListElement\":[{\"@type\":\"ListItem\",\"position\":1,\"name\":\"Home\",\"item\":\"https:\/\/enkoeducation.com\/kodonso\/\"},{\"@type\":\"ListItem\",\"position\":2,\"name\":\"Curriculum\"}]},{\"@type\":\"WebSite\",\"@id\":\"https:\/\/enkoeducation.com\/kodonso\/en\/#website\",\"url\":\"https:\/\/enkoeducation.com\/kodonso\/en\/\",\"name\":\"Kodonso International School\",\"description\":\"\u00c9cole Internationale Africaine \u00e0 Bamako\",\"potentialAction\":[{\"@type\":\"SearchAction\",\"target\":{\"@type\":\"EntryPoint\",\"urlTemplate\":\"https:\/\/enkoeducation.com\/kodonso\/en\/?s={search_term_string}\"},\"query-input\":\"required name=search_term_string\"}],\"inLanguage\":\"fr-FR\"}]}<\/script>\n<!-- \/ Yoast SEO Premium plugin. -->","yoast_head_json":{"title":"Curriculum - Kodonso International School","robots":{"index":"index","follow":"follow","max-snippet":"max-snippet:-1","max-image-preview":"max-image-preview:large","max-video-preview":"max-video-preview:-1"},"canonical":"https:\/\/enkoeducation.com\/kodonso\/curriculum-3\/","og_locale":"fr_FR","og_type":"article","og_title":"Curriculum","og_url":"https:\/\/enkoeducation.com\/kodonso\/curriculum-3\/","og_site_name":"Kodonso International School","article_publisher":"https:\/\/fr-fr.facebook.com\/EnkoRiviera\/","article_modified_time":"2024-04-11T07:58:38+00:00","twitter_card":"summary_large_image","twitter_misc":{"Dur\u00e9e de lecture estim\u00e9e":"1 minute"},"schema":{"@context":"https:\/\/schema.org","@graph":[{"@type":"WebPage","@id":"https:\/\/enkoeducation.com\/kodonso\/en\/curriculum-3\/","url":"https:\/\/enkoeducation.com\/kodonso\/en\/curriculum-3\/","name":"Curriculum - Kodonso International School","isPartOf":{"@id":"https:\/\/enkoeducation.com\/kodonso\/en\/#website"},"datePublished":"2018-01-22T13:23:59+00:00","dateModified":"2024-04-11T07:58:38+00:00","breadcrumb":{"@id":"https:\/\/enkoeducation.com\/kodonso\/en\/curriculum-3\/#breadcrumb"},"inLanguage":"fr-FR","potentialAction":[{"@type":"ReadAction","target":["https:\/\/enkoeducation.com\/kodonso\/en\/curriculum-3\/"]}]},{"@type":"BreadcrumbList","@id":"https:\/\/enkoeducation.com\/kodonso\/en\/curriculum-3\/#breadcrumb","itemListElement":[{"@type":"ListItem","position":1,"name":"Home","item":"https:\/\/enkoeducation.com\/kodonso\/"},{"@type":"ListItem","position":2,"name":"Curriculum"}]},{"@type":"WebSite","@id":"https:\/\/enkoeducation.com\/kodonso\/en\/#website","url":"https:\/\/enkoeducation.com\/kodonso\/en\/","name":"Kodonso International School","description":"\u00c9cole Internationale Africaine \u00e0 Bamako","potentialAction":[{"@type":"SearchAction","target":{"@type":"EntryPoint","urlTemplate":"https:\/\/enkoeducation.com\/kodonso\/en\/?s={search_term_string}"},"query-input":"required name=search_term_string"}],"inLanguage":"fr-FR"}]}},"_links":{"self":[{"href":"https:\/\/enkoeducation.com\/kodonso\/wp-json\/wp\/v2\/pages\/287"}],"collection":[{"href":"https:\/\/enkoeducation.com\/kodonso\/wp-json\/wp\/v2\/pages"}],"about":[{"href":"https:\/\/enkoeducation.com\/kodonso\/wp-json\/wp\/v2\/types\/page"}],"author":[{"embeddable":true,"href":"https:\/\/enkoeducation.com\/kodonso\/wp-json\/wp\/v2\/users\/1"}],"replies":[{"embeddable":true,"href":"https:\/\/enkoeducation.com\/kodonso\/wp-json\/wp\/v2\/comments?post=287"}],"version-history":[{"count":69,"href":"https:\/\/enkoeducation.com\/kodonso\/wp-json\/wp\/v2\/pages\/287\/revisions"}],"predecessor-version":[{"id":1939,"href":"https:\/\/enkoeducation.com\/kodonso\/wp-json\/wp\/v2\/pages\/287\/revisions\/1939"}],"wp:attachment":[{"href":"https:\/\/enkoeducation.com\/kodonso\/wp-json\/wp\/v2\/media?parent=287"}],"curies":[{"name":"wp","href":"https:\/\/api.w.org\/{rel}","templated":true}]}}