{"id":287,"date":"2018-01-22T13:23:59","date_gmt":"2018-01-22T13:23:59","guid":{"rendered":"http:\/\/165.227.224.6\/la-gaiete\/?page_id=287"},"modified":"2024-07-16T16:59:39","modified_gmt":"2024-07-16T16:59:39","slug":"curriculum","status":"publish","type":"page","link":"https:\/\/enkoeducation.com\/la-gaiete\/fr\/curriculum\/","title":{"rendered":"Programme d&#039;\u00e9tudes"},"content":{"rendered":"<section class=\"wpb-content-wrapper\">\n<div class=\"mk-page-section-wrapper\" data-mk-full-width=\"true\" data-mk-full-width-init=\"true\" data-mk-stretch-content=\"true\">\n\t<div id=\"page-section-1\" class=\"mk-page-section self-hosted   full_layout full-width-1 js-el js-master-row jupiter-donut-\"    data-intro-effect=\"false\">\n\n\t\t\t\n\t\t\t<div class=\"mk-page-section-inner\">\n\t\t\t\t\n\n\n<div style=\"background-color:#0a0a0a;opacity:0.3;\" class=\"mk-video-color-mask\"><\/div>\n\n\t\t\t\t\n\t\t\t\t\n\t\n\t<div class=\"background-layer-holder\">\n\t\t<div id=\"background-layer--1\" data-mk-lazyload=\"false\" class=\"background-layer mk-background-stretch darken-blend-effect js-el\"   data-blend=\"darken\" data-mk-img-set='{\"landscape\":{\"external\":\"https:\/\/enkoeducation.com\/la-gaiete\/wp-content\/uploads\/sites\/2\/2023\/02\/dsc01811-scaled.jpg\"},\"responsive\":\"true\"}' >\n\t\t\t\t\t\t\t\t\t\t<div class=\"mk-blend-layer\"><\/div>\n\t\t\t\t\t\t<div class=\"mk-color-layer\"><\/div>\n\t\t<\/div>\n\t<\/div>\n\n\t\t\t<\/div>\n\n\t\t\t\n        <div class=\"page-section-content vc_row-fluid mk-grid\" >\n            <div class=\"mk-padding-wrapper wpb_row\">\n<div class=\"vc_col-sm-12 wpb_column column_container  jupiter-donut- _ jupiter-donut-height-full\">\n\t\n\n<div class=\"wpb_row vc_inner vc_row vc_row-fluid jupiter-donut-   attched-false\">\n\t\t\t<div class=\"wpb_column vc_column_container vc_col-sm-12\"><div class=\"vc_column-inner\"><div class=\"wpb_wrapper\"><\/div><\/div><\/div>\t<\/div>\n<\/div>\n<\/div>\n            <div class=\"clearboth\"><\/div>\n        <\/div>\n\n\n\t\t\t\n\t\t\t\n\t\t\t\n\t\t<div class=\"clearboth\"><\/div>\n\t<\/div>\n<\/div>\n<div class=\"vc_row-full-width vc_clearfix\"><\/div>\n\n\n<div  data-mk-stretch-content=\"true\" class=\"wpb_row vc_row vc_row-fluid jupiter-donut- mk-fullwidth-false  attched-false     js-master-row  mk-grid\">\n\t\t\t\t\n<div class=\"vc_col-sm-12 wpb_column column_container  jupiter-donut- _ jupiter-donut-height-full\">\n\t\n<div id=\"padding-4\" class=\"mk-padding-divider jupiter-donut-  jupiter-donut-clearfix\"><\/div>\n\n<\/div>\n\t<\/div>\n\n<div class=\"mk-page-section-wrapper\" data-mk-full-width=\"true\" data-mk-full-width-init=\"true\" data-mk-stretch-content=\"true\">\n\t<div id=\"page-section-5\" class=\"mk-page-section self-hosted   full_layout full-width-5 js-el js-master-row jupiter-donut-\"    data-intro-effect=\"false\">\n\n\t\t\t\n\t\t\t<div class=\"mk-page-section-inner\">\n\t\t\t\t\n\n\n<div class=\"mk-video-color-mask\"><\/div>\n\n\t\t\t\t\n\t\t\t\t\t\t\t<\/div>\n\n\t\t\t\n        <div class=\"page-section-content vc_row-fluid mk-grid\" >\n            <div class=\"mk-padding-wrapper wpb_row\">\n<div class=\"vc_col-sm-12 wpb_column column_container  jupiter-donut- _ jupiter-donut-height-full\">\n\t\n<h2 id=\"fancy-title-7\" class=\"mk-fancy-title  simple-style jupiter-donut-  color-single\">\n\t<span>\n\t\t\t\t<p><strong>Enko La Gaiet\u00e9<\/strong>\u00a0Cursus international<\/p>\n\t\t\t<\/span>\n<\/h2>\n<div class=\"clearboth\"><\/div>\n\n\n\n<\/div>\n<\/div>\n            <div class=\"clearboth\"><\/div>\n        <\/div>\n\n\n\t\t\t\n\t\t\t\n\t\t\t\n\t\t<div class=\"clearboth\"><\/div>\n\t<\/div>\n<\/div>\n<div class=\"vc_row-full-width vc_clearfix\"><\/div>\n\n\n<div class=\"mk-page-section-wrapper\" data-mk-full-width=\"true\" data-mk-full-width-init=\"true\" data-mk-stretch-content=\"true\">\n\t<div id=\"page-section-8\" class=\"mk-page-section self-hosted   full_layout full-width-8 js-el js-master-row jupiter-donut-\"    data-intro-effect=\"false\">\n\n\t\t\t\n\t\t\t<div class=\"mk-page-section-inner\">\n\t\t\t\t\n\n\n<div class=\"mk-video-color-mask\"><\/div>\n\n\t\t\t\t\n\t\t\t\t\t\t\t<\/div>\n\n\t\t\t\n        <div class=\"page-section-content vc_row-fluid mk-grid\" >\n            <div class=\"mk-padding-wrapper wpb_row\">\n<div class=\"vc_col-sm-2 wpb_column column_container  jupiter-donut- _ jupiter-donut-height-full\">\n\t\n<div id=\"mk-button-10\" class=\"mk-button-container _ jupiter-donut-relative jupiter-donut-width-full   jupiter-donut-block jupiter-donut-text-center\">\n\n\t\n\t\t<a href=\"https:\/\/www.cambridgeinternational.org\/programmes-and-qualifications\/cambridge-primary\/cambridge-primary\/\" target=\"_self\" class=\"mk-button js-smooth-scroll mk-button--dimension-flat mk-button--size-xx-large mk-button--corner-full_rounded text-color-light _ jupiter-donut-relative jupiter-donut-text-center jupiter-donut-font-weight-700 jupiter-donut-no-backface  jupiter-donut-letter-spacing-2 jupiter-donut-block\"><span class=\"mk-button--text\">Les premi\u00e8res ann\u00e9es<\/span><\/a>\n\n\t\n<\/div>\n\n<h2 id=\"fancy-title-11\" class=\"mk-fancy-title  simple-style jupiter-donut-  color-single\">\n\t<span>\n\t\t\t\t<p>Nursery<\/p>\n\t\t\t<\/span>\n<\/h2>\n<div class=\"clearboth\"><\/div>\n\n\n\n<\/div>\n\n<div class=\"vc_col-sm-4 wpb_column column_container  jupiter-donut- _ jupiter-donut-height-full\">\n\t\n<div id=\"mk-button-13\" class=\"mk-button-container _ jupiter-donut-relative jupiter-donut-width-full   jupiter-donut-inline-block jupiter-donut-left\">\n\n\t\n\t\t<a href=\"https:\/\/www.cambridgeinternational.org\/programmes-and-qualifications\/cambridge-primary\/cambridge-primary\/\" target=\"_blank\" class=\"mk-button js-smooth-scroll mk-button--dimension-flat mk-button--size-xx-large mk-button--corner-full_rounded text-color-light _ jupiter-donut-relative jupiter-donut-text-center jupiter-donut-font-weight-700 jupiter-donut-no-backface  jupiter-donut-letter-spacing-2 jupiter-donut-block\"><span class=\"mk-button--text\">Programme de l&#039;\u00e9cole primaire de Cambridge<\/span><\/a>\n\n\t\n<\/div>\n\n<h2 id=\"fancy-title-14\" class=\"mk-fancy-title  simple-style jupiter-donut-  color-single\">\n\t<span>\n\t\t\t\t<p>Classe 1 \u00e0 6<\/p>\n\t\t\t<\/span>\n<\/h2>\n<div class=\"clearboth\"><\/div>\n\n\n\n<\/div>\n\n<div class=\"vc_col-sm-2 wpb_column column_container  jupiter-donut- _ jupiter-donut-height-full\">\n\t\n<div id=\"mk-button-16\" class=\"mk-button-container _ jupiter-donut-relative jupiter-donut-width-full   jupiter-donut-inline-block jupiter-donut-left\">\n\n\t\n\t\t<a href=\"https:\/\/www.cambridgeinternational.org\/programmes-and-qualifications\/cambridge-lower-secondary\/\" target=\"_blank\" class=\"mk-button js-smooth-scroll mk-button--dimension-flat mk-button--size-xx-large mk-button--corner-full_rounded text-color-light _ jupiter-donut-relative jupiter-donut-text-center jupiter-donut-font-weight-700 jupiter-donut-no-backface  jupiter-donut-letter-spacing-2 jupiter-donut-block\"><span class=\"mk-button--text\">Cambridge 1<\/span><\/a>\n\n\t\n<\/div>\n\n<h2 id=\"fancy-title-17\" class=\"mk-fancy-title  simple-style jupiter-donut-  color-single\">\n\t<span>\n\t\t\t\t<p>De la 1\u00e8re \u00e0 la 3\u00e8me ann\u00e9e<\/p>\n\t\t\t<\/span>\n<\/h2>\n<div class=\"clearboth\"><\/div>\n\n\n\n<\/div>\n\n<div class=\"vc_col-sm-2 wpb_column column_container  jupiter-donut- _ jupiter-donut-height-full\">\n\t\n<div id=\"mk-button-19\" class=\"mk-button-container _ jupiter-donut-relative jupiter-donut-width-full   jupiter-donut-inline-block jupiter-donut-left\">\n\n\t\n\t\t<a href=\"https:\/\/www.cambridgeinternational.org\/programmes-and-qualifications\/cambridge-upper-secondary\/\" target=\"_blank\" class=\"mk-button js-smooth-scroll mk-button--dimension-flat mk-button--size-xx-large mk-button--corner-full_rounded text-color-light _ jupiter-donut-relative jupiter-donut-text-center jupiter-donut-font-weight-700 jupiter-donut-no-backface  jupiter-donut-letter-spacing-2 jupiter-donut-block\"><span class=\"mk-button--text\">Cambridge 2<\/span><\/a>\n\n\t\n<\/div>\n\n<h2 id=\"fancy-title-20\" class=\"mk-fancy-title  simple-style jupiter-donut-  color-single\">\n\t<span>\n\t\t\t\t<p>Formulaire 4 et 5<\/p>\n\t\t\t<\/span>\n<\/h2>\n<div class=\"clearboth\"><\/div>\n\n\n\n<\/div>\n\n<div class=\"vc_col-sm-2 wpb_column column_container  jupiter-donut- _ jupiter-donut-height-full\">\n\t\n<div id=\"mk-button-22\" class=\"mk-button-container _ jupiter-donut-relative jupiter-donut-width-full   jupiter-donut-inline-block jupiter-donut-left\">\n\n\t\n\t\t<a href=\"https:\/\/www.ibo.org\/programmes\/diploma-programme\/\" target=\"_blank\" class=\"mk-button js-smooth-scroll mk-button--dimension-flat mk-button--size-xx-large mk-button--corner-full_rounded text-color-light _ jupiter-donut-relative jupiter-donut-text-center jupiter-donut-font-weight-700 jupiter-donut-no-backface  jupiter-donut-letter-spacing-2 jupiter-donut-block\"><span class=\"mk-button--text\">Programme de d\u00e9veloppement de l&#039;IB<\/span><\/a>\n\n\t\n<\/div>\n\n<h2 id=\"fancy-title-23\" class=\"mk-fancy-title  simple-style jupiter-donut-  color-single\">\n\t<span>\n\t\t\t\t<p>6e inf\u00e9rieure et sup\u00e9rieure<\/p>\n\t\t\t<\/span>\n<\/h2>\n<div class=\"clearboth\"><\/div>\n\n\n\n<\/div>\n<\/div>\n            <div class=\"clearboth\"><\/div>\n        <\/div>\n\n\n\t\t\t\n\t\t\t\n\t\t\t\n\t\t<div class=\"clearboth\"><\/div>\n\t<\/div>\n<\/div>\n<div class=\"vc_row-full-width vc_clearfix\"><\/div>\n\n\n<div class=\"mk-page-section-wrapper\" data-mk-full-width=\"true\" data-mk-full-width-init=\"true\" data-mk-stretch-content=\"true\">\n\t<div id=\"page-section-24\" class=\"mk-page-section self-hosted   full_layout full-width-24 js-el js-master-row jupiter-donut-\"    data-intro-effect=\"false\">\n\n\t\t\t\n\t\t\t<div class=\"mk-page-section-inner\">\n\t\t\t\t\n\n\n<div class=\"mk-video-color-mask\"><\/div>\n\n\t\t\t\t\n\t\t\t\t\t\t\t<\/div>\n\n\t\t\t\n        <div class=\"page-section-content vc_row-fluid mk-grid\" >\n            <div class=\"mk-padding-wrapper wpb_row\">\n<div class=\"vc_col-sm-12 wpb_column column_container  jupiter-donut- _ jupiter-donut-height-full\">\n\t\t<div class=\"vc_custom_1650285224042\">\n\n<div id=\"text-block-26\" class=\"mk-text-block  jupiter-donut-\">\n\n\t\n\t<p><b>Le contenu du programme de l&#039;\u00e9cole internationale Enko La Gaiet\u00e9<\/b><\/p>\n<p>Le campus Enko La Gaiet\u00e9 propose les programmes de Cambridge Secondary 1 et 2 de la 6e \u00e0 la 10e ann\u00e9e, menant \u00e0 l&#039;IGCSE, et le programme du baccalaur\u00e9at international en 11e et 12e ann\u00e9e. Pour les \u00e9l\u00e8ves issus du programme national, le campus Enko La Gaiet\u00e9 a d\u00e9velopp\u00e9 une \u00ab ann\u00e9e pr\u00e9paratoire \u00bb en 10e ann\u00e9e, qui permet aux \u00e9l\u00e8ves de faire la transition vers le programme de l&#039;IB et de maximiser leurs chances de r\u00e9ussite \u00e0 l&#039;IB. L&#039;ann\u00e9e pr\u00e9paratoire contribue \u00e9galement \u00e0 am\u00e9liorer les comp\u00e9tences linguistiques des \u00e9l\u00e8ves qui ont \u00e9tudi\u00e9 en fran\u00e7ais avant de rejoindre l&#039;\u00e9cole. De plus, ils peuvent s&#039;adapter \u00e0 l&#039;environnement acad\u00e9mique, aux approches d&#039;enseignement et d&#039;apprentissage, aux types d&#039;\u00e9valuations avant de commencer le programme IBDP.<\/p>\n<h4><\/h4>\n<h4><strong>La cellule d&#039;orientation<\/strong><\/h4>\n<p><span style=\"font-weight: 400;\"> \u00a0Toutes nos \u00e9coles proposant le programme Enko disposent d&#039;une cellule d&#039;orientation pour accompagner nos \u00e9tudiants dans leurs v\u0153ux d&#039;int\u00e9gration dans des universit\u00e9s \u00e0 l&#039;\u00e9tranger. Avec eux, nous identifions les universit\u00e9s qui correspondent \u00e0 leur ambition et \u00e0 leurs qualit\u00e9s, nous leur apportons des connaissances sur les proc\u00e9dures d&#039;admission, identifions les bourses disponibles et les aidons dans chaque d\u00e9marche.<\/span><\/p>\n<p>&nbsp;<\/p>\n<h4><strong>Conditions d&#039;apprentissage<\/strong><\/h4>\n<p><span style=\"font-weight: 400;\"> \u00a0Le programme propos\u00e9 \u00e0 l&#039;\u00e9cole internationale Enko Gaiet\u00e9 est administr\u00e9 par notre directeur d&#039;\u00e9cole, M. Bamidele Akinbo, pr\u00e9c\u00e9demment directeur de l&#039;Oriental English College (\u00e9cole IB) \u00e0 Shenzhen- Chine pendant plus de 10 ans. Pour enseigner dans notre \u00e9cole, les enseignants doivent recevoir une certification de l&#039;IBO (International Baccalaureate Organization). Pour cela, ils suivent une formation intensive de d\u00e9veloppement personnel.<\/span><\/p>\n<p><span style=\"font-weight: 400;\">Pour nos \u00e9tudiants francophones, un programme sp\u00e9cial de soutien en anglais est propos\u00e9 pour les placer dans les meilleures conditions de r\u00e9ussite.<\/span><\/p>\n<p>Nos \u00e9tudiants b\u00e9n\u00e9ficient d&#039;excellentes conditions d&#039;apprentissage :<\/p>\n<ul>\n<li><span style=\"font-weight: 400;\">Notre taille maximale de classe est de 24 \u00e9l\u00e8ves par classe<\/span><\/li>\n<li><span style=\"font-weight: 400;\">Nos cours sont \u00e9quip\u00e9s de Wifi<\/span><\/li>\n<\/ul>\n\n\t<div class=\"clearboth\"><\/div>\n<\/div>\n\n\t<\/div>\n<\/div>\n<\/div>\n            <div class=\"clearboth\"><\/div>\n        <\/div>\n\n\n\t\t\t\n\t\t\t\n\t\t\t\n\t\t<div class=\"clearboth\"><\/div>\n\t<\/div>\n<\/div>\n<div class=\"vc_row-full-width vc_clearfix\"><\/div>\n\n\n<div  data-mk-stretch-content=\"true\" class=\"wpb_row vc_row vc_row-fluid jupiter-donut- mk-fullwidth-false  attched-false     js-master-row  mk-grid\">\n\t\t\t\t\n<div class=\"vc_col-sm-12 wpb_column column_container  jupiter-donut- _ jupiter-donut-height-full\">\n\t<\/div>\n\t<\/div>\n\n<\/section>","protected":false},"excerpt":{"rendered":"Programme international Enko La Gaiet\u00e9 Petite enfance Maternelle Programme primaire de Cambridge Classe 1 \u00e0 Classe 6 Cambridge 1 Form 1 \u00e0 Form 3 Cambridge 2 Form 4 &amp; 5 IBDP Lower &amp; Upper 6th Le contenu du programme de l&#039;\u00e9cole internationale Enko La Gaiet\u00e9 Le campus Enko La Gaiete propose les programmes secondaires de Cambridge 1 et 2 [...]","protected":false},"author":1,"featured_media":0,"parent":0,"menu_order":0,"comment_status":"closed","ping_status":"closed","template":"","meta":{"footnotes":""},"class_list":["post-287","page","type-page","status-publish","hentry"],"yoast_head":"<!-- This site is optimized with the Yoast SEO Premium plugin v18.2.1 (Yoast SEO v23.2) - https:\/\/yoast.com\/wordpress\/plugins\/seo\/ -->\n<title>Curriculum - La Gaiet\u00e9 International School<\/title>\n<meta name=\"robots\" content=\"index, follow, max-snippet:-1, max-image-preview:large, max-video-preview:-1\" \/>\n<link rel=\"canonical\" href=\"https:\/\/enkoeducation.com\/la-gaiete\/fr\/curriculum\/\" \/>\n<meta property=\"og:locale\" content=\"fr_FR\" \/>\n<meta property=\"og:type\" content=\"article\" \/>\n<meta property=\"og:title\" content=\"Curriculum\" \/>\n<meta property=\"og:url\" content=\"https:\/\/enkoeducation.com\/la-gaiete\/fr\/curriculum\/\" \/>\n<meta property=\"og:site_name\" content=\"La Gaiet\u00e9 International School\" \/>\n<meta property=\"article:modified_time\" content=\"2024-07-16T16:59:39+00:00\" \/>\n<meta name=\"twitter:card\" content=\"summary_large_image\" \/>\n<meta name=\"twitter:label1\" content=\"Dur\u00e9e de lecture estim\u00e9e\" \/>\n\t<meta name=\"twitter:data1\" content=\"2 minutes\" \/>\n<script type=\"application\/ld+json\" class=\"yoast-schema-graph\">{\"@context\":\"https:\/\/schema.org\",\"@graph\":[{\"@type\":\"WebPage\",\"@id\":\"https:\/\/enkoeducation.com\/la-gaiete\/curriculum\/\",\"url\":\"https:\/\/enkoeducation.com\/la-gaiete\/curriculum\/\",\"name\":\"Curriculum - La Gaiet\u00e9 International School\",\"isPartOf\":{\"@id\":\"https:\/\/enkoeducation.com\/la-gaiete\/#website\"},\"datePublished\":\"2018-01-22T13:23:59+00:00\",\"dateModified\":\"2024-07-16T16:59:39+00:00\",\"breadcrumb\":{\"@id\":\"https:\/\/enkoeducation.com\/la-gaiete\/curriculum\/#breadcrumb\"},\"inLanguage\":\"fr-FR\",\"potentialAction\":[{\"@type\":\"ReadAction\",\"target\":[\"https:\/\/enkoeducation.com\/la-gaiete\/curriculum\/\"]}]},{\"@type\":\"BreadcrumbList\",\"@id\":\"https:\/\/enkoeducation.com\/la-gaiete\/curriculum\/#breadcrumb\",\"itemListElement\":[{\"@type\":\"ListItem\",\"position\":1,\"name\":\"Home\",\"item\":\"https:\/\/enkoeducation.com\/la-gaiete\/\"},{\"@type\":\"ListItem\",\"position\":2,\"name\":\"Curriculum\"}]},{\"@type\":\"WebSite\",\"@id\":\"https:\/\/enkoeducation.com\/la-gaiete\/#website\",\"url\":\"https:\/\/enkoeducation.com\/la-gaiete\/\",\"name\":\"La Gaiet\u00e9 International School\",\"description\":\"African International School in Yaound\u00e9\",\"potentialAction\":[{\"@type\":\"SearchAction\",\"target\":{\"@type\":\"EntryPoint\",\"urlTemplate\":\"https:\/\/enkoeducation.com\/la-gaiete\/?s={search_term_string}\"},\"query-input\":\"required name=search_term_string\"}],\"inLanguage\":\"fr-FR\"}]}<\/script>\n<!-- \/ Yoast SEO Premium plugin. -->","yoast_head_json":{"title":"Curriculum - La Gaiet\u00e9 International School","robots":{"index":"index","follow":"follow","max-snippet":"max-snippet:-1","max-image-preview":"max-image-preview:large","max-video-preview":"max-video-preview:-1"},"canonical":"https:\/\/enkoeducation.com\/la-gaiete\/fr\/curriculum\/","og_locale":"fr_FR","og_type":"article","og_title":"Curriculum","og_url":"https:\/\/enkoeducation.com\/la-gaiete\/fr\/curriculum\/","og_site_name":"La Gaiet\u00e9 International School","article_modified_time":"2024-07-16T16:59:39+00:00","twitter_card":"summary_large_image","twitter_misc":{"Dur\u00e9e de lecture estim\u00e9e":"2 minutes"},"schema":{"@context":"https:\/\/schema.org","@graph":[{"@type":"WebPage","@id":"https:\/\/enkoeducation.com\/la-gaiete\/curriculum\/","url":"https:\/\/enkoeducation.com\/la-gaiete\/curriculum\/","name":"Curriculum - La Gaiet\u00e9 International School","isPartOf":{"@id":"https:\/\/enkoeducation.com\/la-gaiete\/#website"},"datePublished":"2018-01-22T13:23:59+00:00","dateModified":"2024-07-16T16:59:39+00:00","breadcrumb":{"@id":"https:\/\/enkoeducation.com\/la-gaiete\/curriculum\/#breadcrumb"},"inLanguage":"fr-FR","potentialAction":[{"@type":"ReadAction","target":["https:\/\/enkoeducation.com\/la-gaiete\/curriculum\/"]}]},{"@type":"BreadcrumbList","@id":"https:\/\/enkoeducation.com\/la-gaiete\/curriculum\/#breadcrumb","itemListElement":[{"@type":"ListItem","position":1,"name":"Home","item":"https:\/\/enkoeducation.com\/la-gaiete\/"},{"@type":"ListItem","position":2,"name":"Curriculum"}]},{"@type":"WebSite","@id":"https:\/\/enkoeducation.com\/la-gaiete\/#website","url":"https:\/\/enkoeducation.com\/la-gaiete\/","name":"La Gaiet\u00e9 International School","description":"African International School in Yaound\u00e9","potentialAction":[{"@type":"SearchAction","target":{"@type":"EntryPoint","urlTemplate":"https:\/\/enkoeducation.com\/la-gaiete\/?s={search_term_string}"},"query-input":"required name=search_term_string"}],"inLanguage":"fr-FR"}]}},"_links":{"self":[{"href":"https:\/\/enkoeducation.com\/la-gaiete\/fr\/wp-json\/wp\/v2\/pages\/287"}],"collection":[{"href":"https:\/\/enkoeducation.com\/la-gaiete\/fr\/wp-json\/wp\/v2\/pages"}],"about":[{"href":"https:\/\/enkoeducation.com\/la-gaiete\/fr\/wp-json\/wp\/v2\/types\/page"}],"author":[{"embeddable":true,"href":"https:\/\/enkoeducation.com\/la-gaiete\/fr\/wp-json\/wp\/v2\/users\/1"}],"replies":[{"embeddable":true,"href":"https:\/\/enkoeducation.com\/la-gaiete\/fr\/wp-json\/wp\/v2\/comments?post=287"}],"version-history":[{"count":50,"href":"https:\/\/enkoeducation.com\/la-gaiete\/fr\/wp-json\/wp\/v2\/pages\/287\/revisions"}],"predecessor-version":[{"id":1653,"href":"https:\/\/enkoeducation.com\/la-gaiete\/fr\/wp-json\/wp\/v2\/pages\/287\/revisions\/1653"}],"wp:attachment":[{"href":"https:\/\/enkoeducation.com\/la-gaiete\/fr\/wp-json\/wp\/v2\/media?parent=287"}],"curies":[{"name":"wp","href":"https:\/\/api.w.org\/{rel}","templated":true}]}}