{"id":291,"date":"2018-01-22T13:24:39","date_gmt":"2018-01-22T13:24:39","guid":{"rendered":"http:\/\/165.227.224.6\/la-gaiete\/?page_id=291"},"modified":"2024-07-16T17:17:05","modified_gmt":"2024-07-16T17:17:05","slug":"practical-information","status":"publish","type":"page","link":"https:\/\/enkoeducation.com\/la-gaiete\/fr\/practical-information\/","title":{"rendered":"Informations pratiques"},"content":{"rendered":"<section class=\"wpb-content-wrapper\">\n<div class=\"mk-page-section-wrapper\" data-mk-full-width=\"true\" data-mk-full-width-init=\"true\" data-mk-stretch-content=\"true\">\n\t<div id=\"page-section-1\" class=\"mk-page-section self-hosted   full_layout full-width-1 js-el js-master-row jupiter-donut-\"    data-intro-effect=\"false\">\n\n\t\t\t\n\t\t\t<div class=\"mk-page-section-inner\">\n\t\t\t\t\n\n\n<div style=\"background-color:#0a0a0a;opacity:0.3;\" class=\"mk-video-color-mask\"><\/div>\n\n\t\t\t\t\n\t\t\t\t\n\t\n\t<div class=\"background-layer-holder\">\n\t\t<div id=\"background-layer--1\" data-mk-lazyload=\"false\" class=\"background-layer mk-background-stretch darken-blend-effect js-el\"   data-blend=\"darken\" data-mk-img-set='{\"landscape\":{\"external\":\"https:\/\/enkoeducation.com\/la-gaiete\/wp-content\/uploads\/sites\/2\/2021\/06\/mg_9317-2-scaled.jpg\"},\"responsive\":\"true\"}' >\n\t\t\t\t\t\t\t\t\t\t<div class=\"mk-blend-layer\"><\/div>\n\t\t\t\t\t\t<div class=\"mk-color-layer\"><\/div>\n\t\t<\/div>\n\t<\/div>\n\n\t\t\t<\/div>\n\n\t\t\t\n        <div class=\"page-section-content vc_row-fluid mk-grid\" >\n            <div class=\"mk-padding-wrapper wpb_row\">\n<div class=\"vc_col-sm-12 wpb_column column_container  jupiter-donut- _ jupiter-donut-height-full\">\n\t\n\n<div class=\"wpb_row vc_inner vc_row vc_row-fluid jupiter-donut-   attched-false\">\n\t\t\t<div class=\"wpb_column vc_column_container vc_col-sm-12\"><div class=\"vc_column-inner\"><div class=\"wpb_wrapper\"><\/div><\/div><\/div>\t<\/div>\n<\/div>\n<\/div>\n            <div class=\"clearboth\"><\/div>\n        <\/div>\n\n\n\t\t\t\n\t\t\t\n\t\t\t\n\t\t<div class=\"clearboth\"><\/div>\n\t<\/div>\n<\/div>\n<div class=\"vc_row-full-width vc_clearfix\"><\/div>\n\n\n<div  data-mk-stretch-content=\"true\" class=\"wpb_row vc_row vc_row-fluid jupiter-donut- mk-fullwidth-false  attched-false     js-master-row  mk-grid\">\n\t\t\t\t\n<div class=\"vc_col-sm-12 wpb_column column_container  jupiter-donut- _ jupiter-donut-height-full\">\n\t\n<div id=\"padding-4\" class=\"mk-padding-divider jupiter-donut-  jupiter-donut-clearfix\"><\/div>\n\n<\/div>\n\t<\/div>\n\n<div class=\"mk-page-section-wrapper\" data-mk-full-width=\"true\" data-mk-full-width-init=\"true\" data-mk-stretch-content=\"true\">\n\t<div id=\"page-section-5\" class=\"mk-page-section self-hosted   full_layout full-width-5 js-el js-master-row jupiter-donut-\"    data-intro-effect=\"false\">\n\n\t\t\t\n\t\t\t<div class=\"mk-page-section-inner\">\n\t\t\t\t\n\n\n<div class=\"mk-video-color-mask\"><\/div>\n\n\t\t\t\t\n\t\t\t\t\t\t\t<\/div>\n\n\t\t\t\n        <div class=\"page-section-content vc_row-fluid mk-grid\" >\n            <div class=\"mk-padding-wrapper wpb_row\">\n<div class=\"vc_col-sm-4 wpb_column column_container  jupiter-donut- _ jupiter-donut-height-full\">\n\t\n\t<div  class=\"wpb_single_image wpb_content_element vc_align_center\">\n\t\t\n\t\t<figure class=\"wpb_wrapper vc_figure\">\n\t\t\t<a href=\"https:\/\/enkoeducation.com\/la-gaiete\/wp-content\/uploads\/sites\/2\/2018\/07\/enko-la-gaiet-uniforme.docx.pdf\" target=\"_blank\" class=\"vc_single_image-wrapper   vc_box_border_grey\"><img decoding=\"async\" width=\"137\" height=\"72\" src=\"https:\/\/enkoeducation.com\/la-gaiete\/wp-content\/uploads\/sites\/2\/2018\/01\/uniform-icon.png\" class=\"vc_single_image-img attachment-full\" alt=\"\" title=\"ic\u00f4ne-uniforme\" itemprop=\"image\" \/><\/a>\n\t\t<\/figure>\n\t<\/div>\n\n<h2 id=\"fancy-title-7\" class=\"mk-fancy-title  simple-style jupiter-donut-  color-single\">\n\t<span>\n\t\t\t\t<p><span style=\"color: #509e2f;\">Uniforme<\/span><\/p>\n\t\t\t<\/span>\n<\/h2>\n<div class=\"clearboth\"><\/div>\n\n\n\n\t<div class=\"vc_custom_1720426787946\">\n\n<div id=\"text-block-8\" class=\"mk-text-block  jupiter-donut-\">\n\n\t\n\t<p>Bient\u00f4t disponible\u2026<\/p>\n<p>&nbsp;<\/p>\n<div id=\"gtx-trans\" style=\"position: absolute; left: 954px; top: 38px;\">\n<div class=\"gtx-trans-icon\"><\/div>\n<\/div>\n\n\t<div class=\"clearboth\"><\/div>\n<\/div>\n\n\t<\/div>\n<\/div>\n\n<div class=\"vc_col-sm-4 wpb_column column_container  jupiter-donut- _ jupiter-donut-height-full\">\n\t\n\t<div  class=\"wpb_single_image wpb_content_element vc_align_center\">\n\t\t\n\t\t<figure class=\"wpb_wrapper vc_figure\">\n\t\t\t<a href=\"https:\/\/enkoeducation.com\/la-gaiete\/wp-content\/uploads\/sites\/2\/2019\/08\/enko-la-gaiete-book-list-2019_2020-isp1-isp4.pdf\" target=\"_self\" class=\"vc_single_image-wrapper   vc_box_border_grey\"><img decoding=\"async\" width=\"114\" height=\"103\" src=\"https:\/\/enkoeducation.com\/la-gaiete\/wp-content\/uploads\/sites\/2\/2018\/01\/stationary-icon.png\" class=\"vc_single_image-img attachment-full\" alt=\"\" title=\"ic\u00f4ne stationnaire\" srcset=\"https:\/\/enkoeducation.com\/la-gaiete\/wp-content\/uploads\/sites\/2\/2018\/01\/stationary-icon.png 114w, https:\/\/enkoeducation.com\/la-gaiete\/wp-content\/uploads\/sites\/2\/2018\/01\/stationary-icon-31x27.png 31w\" sizes=\"(max-width: 114px) 100vw, 114px\" itemprop=\"image\" \/><\/a>\n\t\t<\/figure>\n\t<\/div>\n\n<h2 id=\"fancy-title-10\" class=\"mk-fancy-title  simple-style jupiter-donut-  color-single\">\n\t<span>\n\t\t\t\t<p><span style=\"color: #008000;\">Liste de livres et papeterie<\/span><\/p>\n\t\t\t<\/span>\n<\/h2>\n<div class=\"clearboth\"><\/div>\n\n\n\n\t<div class=\"vc_custom_1720426753219\">\n\n<div id=\"text-block-11\" class=\"mk-text-block  jupiter-donut-\">\n\n\t\n\t<p>Bient\u00f4t disponible\u2026<\/p>\n\n\t<div class=\"clearboth\"><\/div>\n<\/div>\n\n\t<\/div>\n<\/div>\n\n<div class=\"vc_col-sm-4 wpb_column column_container  jupiter-donut- _ jupiter-donut-height-full\">\n\t\n\t<div  class=\"wpb_single_image wpb_content_element vc_align_center\">\n\t\t\n\t\t<figure class=\"wpb_wrapper vc_figure\">\n\t\t\t<div class=\"vc_single_image-wrapper   vc_box_border_grey\"><img decoding=\"async\" width=\"65\" height=\"90\" src=\"https:\/\/enkoeducation.com\/la-gaiete\/wp-content\/uploads\/sites\/2\/2018\/01\/cuttlery.png\" class=\"vc_single_image-img attachment-full\" alt=\"\" title=\"couverts\" itemprop=\"image\" \/><\/div>\n\t\t<\/figure>\n\t<\/div>\n\n<h2 id=\"fancy-title-13\" class=\"mk-fancy-title  simple-style jupiter-donut-  color-single\">\n\t<span>\n\t\t\t\t<p>Cantine<\/p>\n\t\t\t<\/span>\n<\/h2>\n<div class=\"clearboth\"><\/div>\n\n\n\n\t<div class=\"vc_custom_1667563749247\">\n\n<div id=\"text-block-14\" class=\"mk-text-block  jupiter-donut-\">\n\n\t\n\t<p>Notre cantine a pour but de nourrir et ainsi fournir aux \u00e9l\u00e8ves l&#039;\u00e9nergie n\u00e9cessaire pour tenir toute la journ\u00e9e ! Le co\u00fbt mensuel de la cantine est de 22.000 FCFA.<\/p>\n\n\t<div class=\"clearboth\"><\/div>\n<\/div>\n\n\t<\/div>\n<\/div>\n<\/div>\n            <div class=\"clearboth\"><\/div>\n        <\/div>\n\n\n\t\t\t\n\t\t\t\n\t\t\t\n\t\t<div class=\"clearboth\"><\/div>\n\t<\/div>\n<\/div>\n<div class=\"vc_row-full-width vc_clearfix\"><\/div>\n\n\n<div class=\"mk-page-section-wrapper\" data-mk-full-width=\"true\" data-mk-full-width-init=\"true\" data-mk-stretch-content=\"true\">\n\t<div id=\"page-section-15\" class=\"mk-page-section self-hosted   full_layout full-width-15 js-el js-master-row jupiter-donut-\"    data-intro-effect=\"false\">\n\n\t\t\t\n\t\t\t<div class=\"mk-page-section-inner\">\n\t\t\t\t\n\n\n<div class=\"mk-video-color-mask\"><\/div>\n\n\t\t\t\t\n\t\t\t\t\t\t\t<\/div>\n\n\t\t\t\n        <div class=\"page-section-content vc_row-fluid mk-grid\" >\n            <div class=\"mk-padding-wrapper wpb_row\">\n<div class=\"vc_col-sm-4 wpb_column column_container  jupiter-donut- _ jupiter-donut-height-full\">\n\t\n\t<div  class=\"wpb_single_image wpb_content_element vc_align_center\">\n\t\t\n\t\t<figure class=\"wpb_wrapper vc_figure\">\n\t\t\t<a href=\"https:\/\/enkoeducation.com\/la-gaiete\/wp-content\/uploads\/sites\/2\/2018\/07\/enko-la-gaiete-school-calendar-2018-2019.pdf\" target=\"_self\" class=\"vc_single_image-wrapper   vc_box_border_grey\"><img loading=\"lazy\" decoding=\"async\" width=\"100\" height=\"100\" src=\"https:\/\/enkoeducation.com\/la-gaiete\/wp-content\/uploads\/sites\/2\/2018\/07\/calendar-e1532010458606.png\" class=\"vc_single_image-img attachment-full\" alt=\"\" title=\"calendrier\" itemprop=\"image\" \/><\/a>\n\t\t<\/figure>\n\t<\/div>\n\n<h2 id=\"fancy-title-17\" class=\"mk-fancy-title  simple-style jupiter-donut-  color-single\">\n\t<span>\n\t\t\t\t<p>Calendrier scolaire<\/p>\n\t\t\t<\/span>\n<\/h2>\n<div class=\"clearboth\"><\/div>\n\n\n\n\t<div class=\"vc_custom_1720426828023\">\n\n<div id=\"text-block-18\" class=\"mk-text-block  jupiter-donut-\">\n\n\t\n\t<p>Bient\u00f4t disponible<\/p>\n\n\t<div class=\"clearboth\"><\/div>\n<\/div>\n\n\t<\/div>\n<\/div>\n\n<div class=\"vc_col-sm-4 wpb_column column_container  jupiter-donut- _ jupiter-donut-height-full\">\n\t\n\t<div  class=\"wpb_single_image wpb_content_element vc_align_center\">\n\t\t\n\t\t<figure class=\"wpb_wrapper vc_figure\">\n\t\t\t<div class=\"vc_single_image-wrapper   vc_box_border_grey\"><img loading=\"lazy\" decoding=\"async\" width=\"150\" height=\"150\" src=\"https:\/\/enkoeducation.com\/la-gaiete\/wp-content\/uploads\/sites\/2\/2019\/06\/musicnote-150x150.png\" class=\"vc_single_image-img attachment-thumbnail\" alt=\"\" title=\"note de musique\" srcset=\"https:\/\/enkoeducation.com\/la-gaiete\/wp-content\/uploads\/sites\/2\/2019\/06\/musicnote-150x150.png 150w, https:\/\/enkoeducation.com\/la-gaiete\/wp-content\/uploads\/sites\/2\/2019\/06\/musicnote-300x300.png 300w, https:\/\/enkoeducation.com\/la-gaiete\/wp-content\/uploads\/sites\/2\/2019\/06\/musicnote-768x768.png 768w, https:\/\/enkoeducation.com\/la-gaiete\/wp-content\/uploads\/sites\/2\/2019\/06\/musicnote-1024x1024.png 1024w, https:\/\/enkoeducation.com\/la-gaiete\/wp-content\/uploads\/sites\/2\/2019\/06\/musicnote-100x100.png 100w, https:\/\/enkoeducation.com\/la-gaiete\/wp-content\/uploads\/sites\/2\/2019\/06\/musicnote-27x27.png 27w, https:\/\/enkoeducation.com\/la-gaiete\/wp-content\/uploads\/sites\/2\/2019\/06\/musicnote-e1584005436635.png 120w\" sizes=\"(max-width: 150px) 100vw, 150px\" itemprop=\"image\" \/><\/div>\n\t\t<\/figure>\n\t<\/div>\n\n<h2 id=\"fancy-title-20\" class=\"mk-fancy-title  simple-style jupiter-donut-  color-single\">\n\t<span>\n\t\t\t\t<p>Activit\u00e9s parascolaires<\/p>\n\t\t\t<\/span>\n<\/h2>\n<div class=\"clearboth\"><\/div>\n\n\n\n\t<div class=\"vc_custom_1667564042856\">\n\n<div id=\"text-block-21\" class=\"mk-text-block  jupiter-donut-\">\n\n\t\n\t<p style=\"text-align: center;\">Les \u00e9l\u00e8ves participent \u00e0 de nombreuses activit\u00e9s parascolaires. Ils participent \u00e0 des voyages internationaux organis\u00e9s par l&#039;\u00e9cole pour les sensibiliser \u00e0 l&#039;ouverture internationale. Nous organisons des foires d&#039;art et de sciences.<\/p>\n\n\t<div class=\"clearboth\"><\/div>\n<\/div>\n\n\t<\/div>\n<\/div>\n\n<div class=\"vc_col-sm-4 wpb_column column_container  jupiter-donut- _ jupiter-donut-height-full\">\n\t<\/div>\n<\/div>\n            <div class=\"clearboth\"><\/div>\n        <\/div>\n\n\n\t\t\t\n\t\t\t\n\t\t\t\n\t\t<div class=\"clearboth\"><\/div>\n\t<\/div>\n<\/div>\n<div class=\"vc_row-full-width vc_clearfix\"><\/div>\n\n\n<\/section>","protected":false},"excerpt":{"rendered":"Uniforme Disponible prochainement... Liste des livres et fournitures de bureau Disponible prochainement... Cantine Notre cantine a pour but de nourrir et ainsi fournir aux \u00e9tudiants l&#039;\u00e9nergie n\u00e9cessaire pour durer toute la journ\u00e9e ! Le co\u00fbt mensuel de la cantine est de 22.000 FCFA. Calendrier scolaire Disponible prochainement Activit\u00e9s extrascolaires Les \u00e9tudiants participent \u00e0 de multiples activit\u00e9s extrascolaires. Ils participent \u00e0 des voyages internationaux facilit\u00e9s par l&#039;\u00e9cole [...]","protected":false},"author":1,"featured_media":0,"parent":0,"menu_order":0,"comment_status":"closed","ping_status":"closed","template":"","meta":{"footnotes":""},"class_list":["post-291","page","type-page","status-publish","hentry"],"yoast_head":"<!-- This site is optimized with the Yoast SEO Premium plugin v18.2.1 (Yoast SEO v23.2) - https:\/\/yoast.com\/wordpress\/plugins\/seo\/ -->\n<title>Practical Information - La Gaiet\u00e9 International School<\/title>\n<meta name=\"robots\" content=\"index, follow, max-snippet:-1, max-image-preview:large, max-video-preview:-1\" \/>\n<link rel=\"canonical\" href=\"https:\/\/enkoeducation.com\/la-gaiete\/fr\/practical-information\/\" \/>\n<meta property=\"og:locale\" content=\"fr_FR\" \/>\n<meta property=\"og:type\" content=\"article\" \/>\n<meta property=\"og:title\" content=\"Practical Information\" \/>\n<meta property=\"og:url\" content=\"https:\/\/enkoeducation.com\/la-gaiete\/fr\/practical-information\/\" \/>\n<meta property=\"og:site_name\" content=\"La Gaiet\u00e9 International School\" \/>\n<meta property=\"article:modified_time\" content=\"2024-07-16T17:17:05+00:00\" \/>\n<meta name=\"twitter:card\" content=\"summary_large_image\" \/>\n<meta name=\"twitter:label1\" content=\"Dur\u00e9e de lecture estim\u00e9e\" \/>\n\t<meta name=\"twitter:data1\" content=\"1 minute\" \/>\n<script type=\"application\/ld+json\" class=\"yoast-schema-graph\">{\"@context\":\"https:\/\/schema.org\",\"@graph\":[{\"@type\":\"WebPage\",\"@id\":\"https:\/\/enkoeducation.com\/la-gaiete\/practical-information\/\",\"url\":\"https:\/\/enkoeducation.com\/la-gaiete\/practical-information\/\",\"name\":\"Practical Information - La Gaiet\u00e9 International School\",\"isPartOf\":{\"@id\":\"https:\/\/enkoeducation.com\/la-gaiete\/#website\"},\"datePublished\":\"2018-01-22T13:24:39+00:00\",\"dateModified\":\"2024-07-16T17:17:05+00:00\",\"breadcrumb\":{\"@id\":\"https:\/\/enkoeducation.com\/la-gaiete\/practical-information\/#breadcrumb\"},\"inLanguage\":\"fr-FR\",\"potentialAction\":[{\"@type\":\"ReadAction\",\"target\":[\"https:\/\/enkoeducation.com\/la-gaiete\/practical-information\/\"]}]},{\"@type\":\"BreadcrumbList\",\"@id\":\"https:\/\/enkoeducation.com\/la-gaiete\/practical-information\/#breadcrumb\",\"itemListElement\":[{\"@type\":\"ListItem\",\"position\":1,\"name\":\"Home\",\"item\":\"https:\/\/enkoeducation.com\/la-gaiete\/\"},{\"@type\":\"ListItem\",\"position\":2,\"name\":\"Practical Information\"}]},{\"@type\":\"WebSite\",\"@id\":\"https:\/\/enkoeducation.com\/la-gaiete\/#website\",\"url\":\"https:\/\/enkoeducation.com\/la-gaiete\/\",\"name\":\"La Gaiet\u00e9 International School\",\"description\":\"African International School in Yaound\u00e9\",\"potentialAction\":[{\"@type\":\"SearchAction\",\"target\":{\"@type\":\"EntryPoint\",\"urlTemplate\":\"https:\/\/enkoeducation.com\/la-gaiete\/?s={search_term_string}\"},\"query-input\":\"required name=search_term_string\"}],\"inLanguage\":\"fr-FR\"}]}<\/script>\n<!-- \/ Yoast SEO Premium plugin. -->","yoast_head_json":{"title":"Practical Information - La Gaiet\u00e9 International School","robots":{"index":"index","follow":"follow","max-snippet":"max-snippet:-1","max-image-preview":"max-image-preview:large","max-video-preview":"max-video-preview:-1"},"canonical":"https:\/\/enkoeducation.com\/la-gaiete\/fr\/practical-information\/","og_locale":"fr_FR","og_type":"article","og_title":"Practical Information","og_url":"https:\/\/enkoeducation.com\/la-gaiete\/fr\/practical-information\/","og_site_name":"La Gaiet\u00e9 International School","article_modified_time":"2024-07-16T17:17:05+00:00","twitter_card":"summary_large_image","twitter_misc":{"Dur\u00e9e de lecture estim\u00e9e":"1 minute"},"schema":{"@context":"https:\/\/schema.org","@graph":[{"@type":"WebPage","@id":"https:\/\/enkoeducation.com\/la-gaiete\/practical-information\/","url":"https:\/\/enkoeducation.com\/la-gaiete\/practical-information\/","name":"Practical Information - La Gaiet\u00e9 International School","isPartOf":{"@id":"https:\/\/enkoeducation.com\/la-gaiete\/#website"},"datePublished":"2018-01-22T13:24:39+00:00","dateModified":"2024-07-16T17:17:05+00:00","breadcrumb":{"@id":"https:\/\/enkoeducation.com\/la-gaiete\/practical-information\/#breadcrumb"},"inLanguage":"fr-FR","potentialAction":[{"@type":"ReadAction","target":["https:\/\/enkoeducation.com\/la-gaiete\/practical-information\/"]}]},{"@type":"BreadcrumbList","@id":"https:\/\/enkoeducation.com\/la-gaiete\/practical-information\/#breadcrumb","itemListElement":[{"@type":"ListItem","position":1,"name":"Home","item":"https:\/\/enkoeducation.com\/la-gaiete\/"},{"@type":"ListItem","position":2,"name":"Practical Information"}]},{"@type":"WebSite","@id":"https:\/\/enkoeducation.com\/la-gaiete\/#website","url":"https:\/\/enkoeducation.com\/la-gaiete\/","name":"La Gaiet\u00e9 International School","description":"African International School in Yaound\u00e9","potentialAction":[{"@type":"SearchAction","target":{"@type":"EntryPoint","urlTemplate":"https:\/\/enkoeducation.com\/la-gaiete\/?s={search_term_string}"},"query-input":"required name=search_term_string"}],"inLanguage":"fr-FR"}]}},"_links":{"self":[{"href":"https:\/\/enkoeducation.com\/la-gaiete\/fr\/wp-json\/wp\/v2\/pages\/291"}],"collection":[{"href":"https:\/\/enkoeducation.com\/la-gaiete\/fr\/wp-json\/wp\/v2\/pages"}],"about":[{"href":"https:\/\/enkoeducation.com\/la-gaiete\/fr\/wp-json\/wp\/v2\/types\/page"}],"author":[{"embeddable":true,"href":"https:\/\/enkoeducation.com\/la-gaiete\/fr\/wp-json\/wp\/v2\/users\/1"}],"replies":[{"embeddable":true,"href":"https:\/\/enkoeducation.com\/la-gaiete\/fr\/wp-json\/wp\/v2\/comments?post=291"}],"version-history":[{"count":39,"href":"https:\/\/enkoeducation.com\/la-gaiete\/fr\/wp-json\/wp\/v2\/pages\/291\/revisions"}],"predecessor-version":[{"id":597,"href":"https:\/\/enkoeducation.com\/la-gaiete\/fr\/wp-json\/wp\/v2\/pages\/291\/revisions\/597"}],"wp:attachment":[{"href":"https:\/\/enkoeducation.com\/la-gaiete\/fr\/wp-json\/wp\/v2\/media?parent=291"}],"curies":[{"name":"wp","href":"https:\/\/api.w.org\/{rel}","templated":true}]}}