{"id":631,"date":"2018-08-08T10:37:32","date_gmt":"2018-08-08T10:37:32","guid":{"rendered":"http:\/\/enkoeducation.com\/la-gaiete\/?page_id=631"},"modified":"2019-07-03T14:51:09","modified_gmt":"2019-07-03T14:51:09","slug":"enrol-now","status":"publish","type":"page","link":"https:\/\/enkoeducation.com\/la-gaiete\/fr\/enrol-now\/","title":{"rendered":"Inscriptions"},"content":{"rendered":"<section class=\"wpb-content-wrapper\">\n<div class=\"mk-page-section-wrapper\" data-mk-full-width=\"true\" data-mk-full-width-init=\"true\" data-mk-stretch-content=\"true\">\n\t<div id=\"page-section-1\" class=\"mk-page-section self-hosted   full_layout full-width-1 js-el js-master-row jupiter-donut-\"    data-intro-effect=\"false\">\n\n\t\t\t\n\t\t\t<div class=\"mk-page-section-inner\">\n\t\t\t\t\n\n\n<div style=\"background-color:#0a0a0a;opacity:0.3;\" class=\"mk-video-color-mask\"><\/div>\n\n\t\t\t\t\n\t\t\t\t\n\t\n\t<div class=\"background-layer-holder\">\n\t\t<div id=\"background-layer--1\" data-mk-lazyload=\"false\" class=\"background-layer mk-background-stretch darken-blend-effect js-el\"   data-blend=\"darken\" data-mk-img-set='{\"landscape\":{\"external\":\"https:\/\/enkoeducation.com\/la-gaiete\/wp-content\/uploads\/sites\/2\/2018\/08\/enko_la_gaiet_51.jpg\"},\"responsive\":\"true\"}' >\n\t\t\t\t\t\t\t\t\t\t<div class=\"mk-blend-layer\"><\/div>\n\t\t\t\t\t\t<div class=\"mk-color-layer\"><\/div>\n\t\t<\/div>\n\t<\/div>\n\n\t\t\t<\/div>\n\n\t\t\t\n        <div class=\"page-section-content vc_row-fluid mk-grid\" >\n            <div class=\"mk-padding-wrapper wpb_row\">\n<div class=\"vc_col-sm-12 wpb_column column_container  jupiter-donut- _ jupiter-donut-height-full\">\n\t\n\n<div class=\"wpb_row vc_inner vc_row vc_row-fluid jupiter-donut-   attched-false\">\n\t\t\t<div class=\"wpb_column vc_column_container vc_col-sm-12\"><div class=\"vc_column-inner\"><div class=\"wpb_wrapper\"><\/div><\/div><\/div>\t<\/div>\n<\/div>\n<\/div>\n            <div class=\"clearboth\"><\/div>\n        <\/div>\n\n\n\t\t\t\n\t\t\t\n\t\t\t\n\t\t<div class=\"clearboth\"><\/div>\n\t<\/div>\n<\/div>\n<div class=\"vc_row-full-width vc_clearfix\"><\/div>\n\n\n<div  data-mk-stretch-content=\"true\" class=\"wpb_row vc_row vc_row-fluid jupiter-donut- mk-fullwidth-false  attched-false     js-master-row  mk-grid\">\n\t\t\t\t\n<div class=\"vc_col-sm-12 wpb_column column_container  jupiter-donut- _ jupiter-donut-height-full\">\n\t\n<div id=\"padding-4\" class=\"mk-padding-divider jupiter-donut-  jupiter-donut-clearfix\"><\/div>\n\n<\/div>\n\t<\/div>\n\n<div class=\"mk-page-section-wrapper\" data-mk-full-width=\"true\" data-mk-full-width-init=\"true\" data-mk-stretch-content=\"true\">\n\t<div id=\"page-section-5\" class=\"mk-page-section self-hosted   full_layout full-width-5 js-el js-master-row jupiter-donut-\"    data-intro-effect=\"false\">\n\n\t\t\t\n\t\t\t<div class=\"mk-page-section-inner\">\n\t\t\t\t\n\n\n<div class=\"mk-video-color-mask\"><\/div>\n\n\t\t\t\t\n\t\t\t\t\t\t\t<\/div>\n\n\t\t\t\n        <div class=\"page-section-content vc_row-fluid mk-grid\" >\n            <div class=\"mk-padding-wrapper wpb_row\">\n<div class=\"vc_col-sm-6 wpb_column column_container  jupiter-donut- _ jupiter-donut-height-full\">\n\t\n<h2 id=\"fancy-title-7\" class=\"mk-fancy-title  simple-style jupiter-donut-  color-single\">\n\t<span>\n\t\t\t\t<p>Inscrire un \u00e9l\u00e8ve<\/p>\n\t\t\t<\/span>\n<\/h2>\n<div class=\"clearboth\"><\/div>\n\n\n\n\t<div class=\"vc_custom_1533724649333\">\n\n<div id=\"text-block-8\" class=\"mk-text-block  jupiter-donut-\">\n\n\t\n\t\n<div class=\"wpcf7 no-js\" id=\"wpcf7-f629-o1\" lang=\"en-US\" dir=\"ltr\">\n<div class=\"screen-reader-response\"><p role=\"status\" aria-live=\"polite\" aria-atomic=\"true\"><\/p> <ul><\/ul><\/div>\n<form action=\"\/la-gaiete\/fr\/wp-json\/wp\/v2\/pages\/631#wpcf7-f629-o1\" method=\"post\" class=\"wpcf7-form init cf7-style cf7-style-657\" aria-label=\"Formulaire de contact\" novalidate=\"novalidate\" data-status=\"init\" data-trp-original-action=\"\/la-gaiete\/fr\/wp-json\/wp\/v2\/pages\/631#wpcf7-f629-o1\">\n<div style=\"display: none;\">\n<input type=\"hidden\" name=\"_wpcf7\" value=\"629\" \/>\n<input type=\"hidden\" name=\"_wpcf7_version\" value=\"5.9.8\" \/>\n<input type=\"hidden\" name=\"_wpcf7_locale\" value=\"en_US\" \/>\n<input type=\"hidden\" name=\"_wpcf7_unit_tag\" value=\"wpcf7-f629-o1\" \/>\n<input type=\"hidden\" name=\"_wpcf7_container_post\" value=\"0\" \/>\n<input type=\"hidden\" name=\"_wpcf7_posted_data_hash\" value=\"\" \/>\n<input type=\"hidden\" name=\"_wpcf7_recaptcha_response\" value=\"\" \/>\n<\/div>\n<label>Nom du parent\/tuteur l\u00e9gal*\n    <span class=\"wpcf7-form-control-wrap\" data-name=\"parent-name\"><input size=\"40\" maxlength=\"400\" class=\"wpcf7-form-control wpcf7-text wpcf7-validates-as-required parent-name\" id=\"parent-name\" aria-required=\"true\" aria-invalid=\"false\" value=\"\" type=\"text\" name=\"parent-name\" \/><\/span>\n<\/label><br>\n\n<label>Pr\u00e9nom du parent\/tuteur l\u00e9gal*\n    <span class=\"wpcf7-form-control-wrap\" data-name=\"parent-surname\"><input size=\"40\" maxlength=\"400\" class=\"wpcf7-form-control wpcf7-text wpcf7-validates-as-required parent-surname\" id=\"parent-surname\" aria-required=\"true\" aria-invalid=\"false\" value=\"\" type=\"text\" name=\"parent-surname\" \/><\/span>\n<\/label><br>\n\n<label>Adresse email*\n    <span class=\"wpcf7-form-control-wrap\" data-name=\"user-email\"><input size=\"40\" maxlength=\"400\" class=\"wpcf7-form-control wpcf7-email wpcf7-validates-as-required wpcf7-text wpcf7-validates-as-email user-email\" id=\"user-email\" aria-required=\"true\" aria-invalid=\"false\" value=\"\" type=\"email\" name=\"user-email\" \/><\/span>\n<\/label><br>\n\n<label>T\u00e9l\u00e9phone*\n    <span class=\"wpcf7-form-control-wrap\" data-name=\"user-number\"><input size=\"40\" maxlength=\"400\" class=\"wpcf7-form-control wpcf7-tel wpcf7-validates-as-required wpcf7-text wpcf7-validates-as-tel\" aria-required=\"true\" aria-invalid=\"false\" value=\"\" type=\"tel\" name=\"user-number\" \/><\/span>\n<\/label><br>\n\n<label>T\u00e9l\u00e9phone (2)\n    <span class=\"wpcf7-form-control-wrap\" data-name=\"user-number2\"><input size=\"40\" maxlength=\"400\" class=\"wpcf7-form-control wpcf7-tel wpcf7-text wpcf7-validates-as-tel\" aria-invalid=\"false\" value=\"\" type=\"tel\" name=\"user-number2\" \/><\/span>\n<\/label><br>\n\n<label>Nom de l&#039;\u00e9l\u00e8ve\n    <span class=\"wpcf7-form-control-wrap\" data-name=\"student-name\"><input size=\"40\" maxlength=\"400\" class=\"wpcf7-form-control wpcf7-text student-name\" id=\"student-name\" aria-invalid=\"false\" value=\"\" type=\"text\" name=\"student-name\" \/><\/span>\n<\/label><br>\n\n<label>Pr\u00e9nom de l&#039;\u00e9l\u00e8ve\n    <span class=\"wpcf7-form-control-wrap\" data-name=\"student-surname\"><input size=\"40\" maxlength=\"400\" class=\"wpcf7-form-control wpcf7-text student-surname\" id=\"student-surname\" aria-invalid=\"false\" value=\"\" type=\"text\" name=\"student-surname\" \/><\/span>\n<\/label><br>\n\n<label>Cours actuel\n    <span class=\"wpcf7-form-control-wrap\" data-name=\"student-grade\"><input size=\"40\" maxlength=\"400\" class=\"wpcf7-form-control wpcf7-text student-grade\" id=\"student-grade\" aria-invalid=\"false\" value=\"\" type=\"text\" name=\"student-grade\" \/><\/span>\n<\/label><br>\n\n<label>\u00c9cole actuelle\n    <span class=\"wpcf7-form-control-wrap\" data-name=\"student-school\"><input size=\"40\" maxlength=\"400\" class=\"wpcf7-form-control wpcf7-text student-school\" id=\"student-school\" aria-invalid=\"false\" value=\"\" type=\"text\" name=\"student-school\" \/><\/span>\n<\/label><br>\n\n<label>Comment avez-vous entendu parler de nous ?\n    <span class=\"wpcf7-form-control-wrap\" data-name=\"drop-down-2\"><select class=\"wpcf7-form-control wpcf7-select drop-down-2\" id=\"drop-down-2\" aria-invalid=\"false\" name=\"drop-down-2\"><option value=\"L&#039;\u00e9cole de mon enfant\">L&#039;\u00e9cole de mon enfant<\/option><option value=\"Facebook\">Facebook<\/option><option value=\"Whatsapp\">WhatsApp<\/option><option value=\"Google Search\">Recherche Google<\/option><option value=\"Publicit\u00e9 (TV, Radio)\">Publicit\u00e9 (TV, Radio)<\/option><option value=\"Affiches\">Affiches<\/option><option value=\"Un Parent Enko\">Un parent Enko<\/option><option value=\"Un employ\u00e9 Enko\">Un employ\u00e9 d&#039;Enko<\/option><option value=\"Ev\u00e9nement\">\u00c9v\u00e9nement<\/option><option value=\"Autre\">Autre<\/option><\/select><\/span>\n<\/label><br>\n\n<label>Votre message :*\n    <span class=\"wpcf7-form-control-wrap\" data-name=\"user-question\"><textarea cols=\"40\" rows=\"10\" maxlength=\"2000\" class=\"wpcf7-form-control wpcf7-textarea wpcf7-validates-as-required user-question\" id=\"user-question\" aria-required=\"true\" aria-invalid=\"false\" name=\"user-question\"><\/textarea><\/span>\n<\/label><br>\n\n<input class=\"wpcf7-form-control wpcf7-submit has-spinner\" type=\"submit\" value=\"Envoyer\" \/><p style=\"display: none !important;\" class=\"akismet-fields-container\" data-prefix=\"_wpcf7_ak_\"><label>&#916;<textarea name=\"_wpcf7_ak_hp_textarea\" cols=\"45\" rows=\"8\" maxlength=\"100\"><\/textarea><\/label><input type=\"hidden\" id=\"ak_js_1\" name=\"_wpcf7_ak_js\" value=\"57\"\/><script>document.getElementById( \"ak_js_1\" ).setAttribute( \"value\", ( new Date() ).getTime() );<\/script><\/p><div class=\"wpcf7-response-output\" aria-hidden=\"true\"><\/div>\n<input type=\"hidden\" name=\"trp-form-language\" value=\"fr\"\/><\/form>\n<\/div>\n\n\n\t<div class=\"clearboth\"><\/div>\n<\/div>\n\n\t<\/div>\n\n\t<div class=\"wpb_raw_code wpb_raw_js\" >\n\t\t<div class=\"wpb_wrapper\">\n\t\t\t<script src=\"\/wp-content\/themes\/jupiter\/assets\/js\/library.js\"><\/script>\n\t\t<\/div>\n\t<\/div>\n<\/div>\n\n<div class=\"vc_col-sm-6 wpb_column column_container  jupiter-donut- _ jupiter-donut-height-full\">\n\t\n<h2 id=\"fancy-title-10\" class=\"mk-fancy-title  simple-style jupiter-donut-  color-single\">\n\t<span>\n\t\t\t\t<p>Nous contacter<\/p>\n\t\t\t<\/span>\n<\/h2>\n<div class=\"clearboth\"><\/div>\n\n\n\n\n\n<div class=\"wpb_row vc_inner vc_row vc_row-fluid jupiter-donut-   attched-false\">\n\t\t\t<div class=\"wpb_column vc_column_container vc_col-sm-3\"><div class=\"vc_column-inner\"><div class=\"wpb_wrapper\">\n\t<div  class=\"wpb_single_image wpb_content_element vc_align_center\">\n\t\t\n\t\t<figure class=\"wpb_wrapper vc_figure\">\n\t\t\t<div class=\"vc_single_image-wrapper   vc_box_border_grey\"><img decoding=\"async\" width=\"52\" height=\"52\" src=\"https:\/\/enkoeducation.com\/la-gaiete\/wp-content\/uploads\/sites\/2\/2018\/01\/locationicon.png\" class=\"vc_single_image-img attachment-full\" alt=\"\" title=\"ic\u00f4ne de localisation\" srcset=\"https:\/\/enkoeducation.com\/la-gaiete\/wp-content\/uploads\/sites\/2\/2018\/01\/locationicon.png 52w, https:\/\/enkoeducation.com\/la-gaiete\/wp-content\/uploads\/sites\/2\/2018\/01\/locationicon-27x27.png 27w, https:\/\/enkoeducation.com\/la-gaiete\/wp-content\/uploads\/sites\/2\/2018\/01\/locationicon-1024x1024.png 1024w, https:\/\/enkoeducation.com\/la-gaiete\/wp-content\/uploads\/sites\/2\/2018\/01\/locationicon-300x300.png 300w\" sizes=\"(max-width: 52px) 100vw, 52px\" itemprop=\"image\" \/><\/div>\n\t\t<\/figure>\n\t<\/div>\n<\/div><\/div><\/div><div class=\"wpb_column vc_column_container vc_col-sm-9\"><div class=\"vc_column-inner\"><div class=\"wpb_wrapper\">\n<h2 id=\"fancy-title-11\" class=\"mk-fancy-title  simple-style jupiter-donut-  color-single\">\n\t<span>\n\t\t\t\t<p>Nouvelle Route Bastos<\/p>\n\t\t\t<\/span>\n<\/h2>\n<div class=\"clearboth\"><\/div>\n\n\n\n<\/div><\/div><\/div>\t<\/div>\n\n\n<div class=\"wpb_row vc_inner vc_row vc_row-fluid jupiter-donut-   attched-false\">\n\t\t\t<div class=\"wpb_column vc_column_container vc_col-sm-3\"><div class=\"vc_column-inner\"><div class=\"wpb_wrapper\">\n\t<div  class=\"wpb_single_image wpb_content_element vc_align_center\">\n\t\t\n\t\t<figure class=\"wpb_wrapper vc_figure\">\n\t\t\t<div class=\"vc_single_image-wrapper   vc_box_border_grey\"><img decoding=\"async\" width=\"52\" height=\"52\" src=\"https:\/\/enkoeducation.com\/la-gaiete\/wp-content\/uploads\/sites\/2\/2018\/01\/postalicon.png\" class=\"vc_single_image-img attachment-full\" alt=\"\" title=\"ic\u00f4ne postale\" srcset=\"https:\/\/enkoeducation.com\/la-gaiete\/wp-content\/uploads\/sites\/2\/2018\/01\/postalicon.png 52w, https:\/\/enkoeducation.com\/la-gaiete\/wp-content\/uploads\/sites\/2\/2018\/01\/postalicon-27x27.png 27w, https:\/\/enkoeducation.com\/la-gaiete\/wp-content\/uploads\/sites\/2\/2018\/01\/postalicon-1024x1024.png 1024w, https:\/\/enkoeducation.com\/la-gaiete\/wp-content\/uploads\/sites\/2\/2018\/01\/postalicon-300x300.png 300w\" sizes=\"(max-width: 52px) 100vw, 52px\" itemprop=\"image\" \/><\/div>\n\t\t<\/figure>\n\t<\/div>\n<\/div><\/div><\/div><div class=\"wpb_column vc_column_container vc_col-sm-9\"><div class=\"vc_column-inner\"><div class=\"wpb_wrapper\">\n<h2 id=\"fancy-title-12\" class=\"mk-fancy-title  simple-style jupiter-donut-  color-single\">\n\t<span>\n\t\t\t\t<p>BP 784728, Yaound\u00e9<\/p>\n\t\t\t<\/span>\n<\/h2>\n<div class=\"clearboth\"><\/div>\n\n\n\n<\/div><\/div><\/div>\t<\/div>\n\n\n<div class=\"wpb_row vc_inner vc_row vc_row-fluid jupiter-donut-   attched-false\">\n\t\t\t<div class=\"wpb_column vc_column_container vc_col-sm-3\"><div class=\"vc_column-inner\"><div class=\"wpb_wrapper\">\n\t<div  class=\"wpb_single_image wpb_content_element vc_align_center\">\n\t\t\n\t\t<figure class=\"wpb_wrapper vc_figure\">\n\t\t\t<div class=\"vc_single_image-wrapper   vc_box_border_grey\"><img decoding=\"async\" width=\"52\" height=\"52\" src=\"https:\/\/enkoeducation.com\/la-gaiete\/wp-content\/uploads\/sites\/2\/2018\/01\/emailicon.png\" class=\"vc_single_image-img attachment-full\" alt=\"\" title=\"ic\u00f4ne de courrier \u00e9lectronique\" srcset=\"https:\/\/enkoeducation.com\/la-gaiete\/wp-content\/uploads\/sites\/2\/2018\/01\/emailicon.png 52w, https:\/\/enkoeducation.com\/la-gaiete\/wp-content\/uploads\/sites\/2\/2018\/01\/emailicon-27x27.png 27w, https:\/\/enkoeducation.com\/la-gaiete\/wp-content\/uploads\/sites\/2\/2018\/01\/emailicon-1024x1024.png 1024w, https:\/\/enkoeducation.com\/la-gaiete\/wp-content\/uploads\/sites\/2\/2018\/01\/emailicon-300x300.png 300w\" sizes=\"(max-width: 52px) 100vw, 52px\" itemprop=\"image\" \/><\/div>\n\t\t<\/figure>\n\t<\/div>\n<\/div><\/div><\/div><div class=\"wpb_column vc_column_container vc_col-sm-9\"><div class=\"vc_column-inner\"><div class=\"wpb_wrapper\">\n<h2 id=\"fancy-title-13\" class=\"mk-fancy-title  simple-style jupiter-donut-  color-single\">\n\t<span>\n\t\t\t\t<p>lagaiete@enkoeducation.com<\/p>\n\t\t\t<\/span>\n<\/h2>\n<div class=\"clearboth\"><\/div>\n\n\n\n<\/div><\/div><\/div>\t<\/div>\n\n\n<div class=\"wpb_row vc_inner vc_row vc_row-fluid jupiter-donut-   attched-false\">\n\t\t\t<div class=\"wpb_column vc_column_container vc_col-sm-3\"><div class=\"vc_column-inner\"><div class=\"wpb_wrapper\">\n\t<div  class=\"wpb_single_image wpb_content_element vc_align_center\">\n\t\t\n\t\t<figure class=\"wpb_wrapper vc_figure\">\n\t\t\t<div class=\"vc_single_image-wrapper   vc_box_border_grey\"><img loading=\"lazy\" decoding=\"async\" width=\"52\" height=\"52\" src=\"https:\/\/enkoeducation.com\/la-gaiete\/wp-content\/uploads\/sites\/2\/2018\/01\/phoneicon.png\" class=\"vc_single_image-img attachment-full\" alt=\"\" title=\"ic\u00f4ne de t\u00e9l\u00e9phone\" srcset=\"https:\/\/enkoeducation.com\/la-gaiete\/wp-content\/uploads\/sites\/2\/2018\/01\/phoneicon.png 52w, https:\/\/enkoeducation.com\/la-gaiete\/wp-content\/uploads\/sites\/2\/2018\/01\/phoneicon-27x27.png 27w, https:\/\/enkoeducation.com\/la-gaiete\/wp-content\/uploads\/sites\/2\/2018\/01\/phoneicon-1024x1024.png 1024w, https:\/\/enkoeducation.com\/la-gaiete\/wp-content\/uploads\/sites\/2\/2018\/01\/phoneicon-300x300.png 300w\" sizes=\"(max-width: 52px) 100vw, 52px\" itemprop=\"image\" \/><\/div>\n\t\t<\/figure>\n\t<\/div>\n<\/div><\/div><\/div><div class=\"wpb_column vc_column_container vc_col-sm-9\"><div class=\"vc_column-inner\"><div class=\"wpb_wrapper\">\n<h2 id=\"fancy-title-14\" class=\"mk-fancy-title  simple-style jupiter-donut-  color-single\">\n\t<span>\n\t\t\t\t<p class=\"textbox\" dir=\"ltr\">+237 653 23 56 52<\/p>\n\t\t\t<\/span>\n<\/h2>\n<div class=\"clearboth\"><\/div>\n\n\n\n<\/div><\/div><\/div>\t<\/div>\n\n\n<div class=\"wpb_row vc_inner vc_row vc_row-fluid jupiter-donut-   attched-false\">\n\t\t\t<div class=\"wpb_column vc_column_container vc_col-sm-12\"><div class=\"vc_column-inner\"><div class=\"wpb_wrapper\"><div class=\"wpb_gmaps_widget wpb_content_element\"><div class=\"wpb_wrapper\"><div class=\"wpb_map_wraper\"><iframe src=\"https:\/\/www.google.com\/maps\/embed?pb=!1m18!1m12!1m3!1d3980.6711807656393!2d11.511509115461783!3d3.8804914493017093!2m3!1f0!2f0!3f0!3m2!1i1024!2i768!4f13.1!3m3!1m2!1s0x108bcf6581a2289f%3A0x35f704708d716887!2sEnko+La+Gaiet%C3%A9+International+School%2C+Yaound%C3%A9!5e0!3m2!1sfr!2sza!4v1528898710303\" width=\"600\" height=\"450\" frameborder=\"0\" style=\"border:0\" allowfullscreen><\/iframe><\/div><\/div><\/div><\/div><\/div><\/div>\t<\/div>\n<\/div>\n<\/div>\n            <div class=\"clearboth\"><\/div>\n        <\/div>\n\n\n\t\t\t\n\t\t\t\n\t\t\t\n\t\t<div class=\"clearboth\"><\/div>\n\t<\/div>\n<\/div>\n<div class=\"vc_row-full-width vc_clearfix\"><\/div>\n\n\n<\/section>","protected":false},"excerpt":{"rendered":"Inscrire un \u00e9l\u00e8ve Nom du parent\/tuteur l\u00e9gal* Pr\u00e9nom du parent\/tuteur l\u00e9gal* Adresse email* T\u00e9l\u00e9phone* T\u00e9l\u00e9phone (2) Nom de l'\u00e9l\u00e8ve Pr\u00e9nom de l'\u00e9l\u00e8ve Classe actuelle Ecole actuelle Comment avez-vous entendu parler de nous ? L&#039;\u00e9cole de mon enfantFacebookWhatsappGoogle SearchPublicit\u00e9 (TV, Radio)AffichesUn Parent EnkoUn employ\u00e9 EnkoEv\u00e9nementAutre Votre message :* &#916; Nous contacter Nouvelle Route Bastos P.O. Box [...]","protected":false},"author":1,"featured_media":0,"parent":0,"menu_order":0,"comment_status":"closed","ping_status":"closed","template":"","meta":{"footnotes":""},"class_list":["post-631","page","type-page","status-publish","hentry"],"yoast_head":"<!-- This site is optimized with the Yoast SEO Premium plugin v18.2.1 (Yoast SEO v23.2) - https:\/\/yoast.com\/wordpress\/plugins\/seo\/ -->\n<title>Inscriptions - La Gaiet\u00e9 International School<\/title>\n<meta name=\"robots\" content=\"index, follow, max-snippet:-1, max-image-preview:large, max-video-preview:-1\" \/>\n<link rel=\"canonical\" href=\"https:\/\/enkoeducation.com\/la-gaiete\/fr\/enrol-now\/\" \/>\n<meta property=\"og:locale\" content=\"fr_FR\" \/>\n<meta property=\"og:type\" content=\"article\" \/>\n<meta property=\"og:title\" content=\"Inscriptions\" \/>\n<meta property=\"og:url\" content=\"https:\/\/enkoeducation.com\/la-gaiete\/fr\/enrol-now\/\" \/>\n<meta property=\"og:site_name\" content=\"La Gaiet\u00e9 International School\" \/>\n<meta property=\"article:modified_time\" content=\"2019-07-03T14:51:09+00:00\" \/>\n<meta name=\"twitter:card\" content=\"summary_large_image\" \/>\n<meta name=\"twitter:label1\" content=\"Dur\u00e9e de lecture estim\u00e9e\" \/>\n\t<meta name=\"twitter:data1\" content=\"2 minutes\" \/>\n<script type=\"application\/ld+json\" class=\"yoast-schema-graph\">{\"@context\":\"https:\/\/schema.org\",\"@graph\":[{\"@type\":\"WebPage\",\"@id\":\"https:\/\/enkoeducation.com\/la-gaiete\/enrol-now\/\",\"url\":\"https:\/\/enkoeducation.com\/la-gaiete\/enrol-now\/\",\"name\":\"Inscriptions - La Gaiet\u00e9 International School\",\"isPartOf\":{\"@id\":\"https:\/\/enkoeducation.com\/la-gaiete\/#website\"},\"datePublished\":\"2018-08-08T10:37:32+00:00\",\"dateModified\":\"2019-07-03T14:51:09+00:00\",\"breadcrumb\":{\"@id\":\"https:\/\/enkoeducation.com\/la-gaiete\/enrol-now\/#breadcrumb\"},\"inLanguage\":\"fr-FR\",\"potentialAction\":[{\"@type\":\"ReadAction\",\"target\":[\"https:\/\/enkoeducation.com\/la-gaiete\/enrol-now\/\"]}]},{\"@type\":\"BreadcrumbList\",\"@id\":\"https:\/\/enkoeducation.com\/la-gaiete\/enrol-now\/#breadcrumb\",\"itemListElement\":[{\"@type\":\"ListItem\",\"position\":1,\"name\":\"Home\",\"item\":\"https:\/\/enkoeducation.com\/la-gaiete\/\"},{\"@type\":\"ListItem\",\"position\":2,\"name\":\"Inscriptions\"}]},{\"@type\":\"WebSite\",\"@id\":\"https:\/\/enkoeducation.com\/la-gaiete\/#website\",\"url\":\"https:\/\/enkoeducation.com\/la-gaiete\/\",\"name\":\"La Gaiet\u00e9 International School\",\"description\":\"African International School in Yaound\u00e9\",\"potentialAction\":[{\"@type\":\"SearchAction\",\"target\":{\"@type\":\"EntryPoint\",\"urlTemplate\":\"https:\/\/enkoeducation.com\/la-gaiete\/?s={search_term_string}\"},\"query-input\":\"required name=search_term_string\"}],\"inLanguage\":\"fr-FR\"}]}<\/script>\n<!-- \/ Yoast SEO Premium plugin. -->","yoast_head_json":{"title":"Inscriptions - La Gaiet\u00e9 International School","robots":{"index":"index","follow":"follow","max-snippet":"max-snippet:-1","max-image-preview":"max-image-preview:large","max-video-preview":"max-video-preview:-1"},"canonical":"https:\/\/enkoeducation.com\/la-gaiete\/fr\/enrol-now\/","og_locale":"fr_FR","og_type":"article","og_title":"Inscriptions","og_url":"https:\/\/enkoeducation.com\/la-gaiete\/fr\/enrol-now\/","og_site_name":"La Gaiet\u00e9 International School","article_modified_time":"2019-07-03T14:51:09+00:00","twitter_card":"summary_large_image","twitter_misc":{"Dur\u00e9e de lecture estim\u00e9e":"2 minutes"},"schema":{"@context":"https:\/\/schema.org","@graph":[{"@type":"WebPage","@id":"https:\/\/enkoeducation.com\/la-gaiete\/enrol-now\/","url":"https:\/\/enkoeducation.com\/la-gaiete\/enrol-now\/","name":"Inscriptions - La Gaiet\u00e9 International School","isPartOf":{"@id":"https:\/\/enkoeducation.com\/la-gaiete\/#website"},"datePublished":"2018-08-08T10:37:32+00:00","dateModified":"2019-07-03T14:51:09+00:00","breadcrumb":{"@id":"https:\/\/enkoeducation.com\/la-gaiete\/enrol-now\/#breadcrumb"},"inLanguage":"fr-FR","potentialAction":[{"@type":"ReadAction","target":["https:\/\/enkoeducation.com\/la-gaiete\/enrol-now\/"]}]},{"@type":"BreadcrumbList","@id":"https:\/\/enkoeducation.com\/la-gaiete\/enrol-now\/#breadcrumb","itemListElement":[{"@type":"ListItem","position":1,"name":"Home","item":"https:\/\/enkoeducation.com\/la-gaiete\/"},{"@type":"ListItem","position":2,"name":"Inscriptions"}]},{"@type":"WebSite","@id":"https:\/\/enkoeducation.com\/la-gaiete\/#website","url":"https:\/\/enkoeducation.com\/la-gaiete\/","name":"La Gaiet\u00e9 International School","description":"African International School in Yaound\u00e9","potentialAction":[{"@type":"SearchAction","target":{"@type":"EntryPoint","urlTemplate":"https:\/\/enkoeducation.com\/la-gaiete\/?s={search_term_string}"},"query-input":"required name=search_term_string"}],"inLanguage":"fr-FR"}]}},"_links":{"self":[{"href":"https:\/\/enkoeducation.com\/la-gaiete\/fr\/wp-json\/wp\/v2\/pages\/631"}],"collection":[{"href":"https:\/\/enkoeducation.com\/la-gaiete\/fr\/wp-json\/wp\/v2\/pages"}],"about":[{"href":"https:\/\/enkoeducation.com\/la-gaiete\/fr\/wp-json\/wp\/v2\/types\/page"}],"author":[{"embeddable":true,"href":"https:\/\/enkoeducation.com\/la-gaiete\/fr\/wp-json\/wp\/v2\/users\/1"}],"replies":[{"embeddable":true,"href":"https:\/\/enkoeducation.com\/la-gaiete\/fr\/wp-json\/wp\/v2\/comments?post=631"}],"version-history":[{"count":6,"href":"https:\/\/enkoeducation.com\/la-gaiete\/fr\/wp-json\/wp\/v2\/pages\/631\/revisions"}],"predecessor-version":[{"id":744,"href":"https:\/\/enkoeducation.com\/la-gaiete\/fr\/wp-json\/wp\/v2\/pages\/631\/revisions\/744"}],"wp:attachment":[{"href":"https:\/\/enkoeducation.com\/la-gaiete\/fr\/wp-json\/wp\/v2\/media?parent=631"}],"curies":[{"name":"wp","href":"https:\/\/api.w.org\/{rel}","templated":true}]}}