{"id":1090,"date":"2020-05-13T16:05:53","date_gmt":"2020-05-13T16:05:53","guid":{"rendered":"https:\/\/enkoeducation.com\/ouaga\/?page_id=1090"},"modified":"2021-04-16T15:05:03","modified_gmt":"2021-04-16T15:05:03","slug":"accueil","status":"publish","type":"page","link":"https:\/\/enkoeducation.com\/ouaga\/en\/accueil\/","title":{"rendered":"Accueil"},"content":{"rendered":"<section class=\"wpb-content-wrapper\">\n<div class=\"mk-page-section-wrapper\" data-mk-full-width=\"true\" data-mk-full-width-init=\"true\" data-mk-stretch-content=\"true\">\n\t<div id=\"page-section-1\" class=\"mk-page-section self-hosted   full_layout full-width-1 js-el js-master-row jupiter-donut-   \"    data-intro-effect=\"false\">\n\n\t\t\t\n\t\t\t<div class=\"mk-page-section-inner\">\n\t\t\t\t\n\n\n<div style=\"background-color:#0a0a0a;opacity:0.3;\" class=\"mk-video-color-mask\"><\/div>\n\n\t\t\t\t\n\t\t\t\t\n\t\n\t<div class=\"background-layer-holder\">\n\t\t<div id=\"background-layer--1\" data-mk-lazyload=\"false\" class=\"background-layer mk-background-stretch darken-blend-effect js-el\"   data-blend=\"darken\" data-mk-img-set='{\"landscape\":{\"external\":\"https:\/\/enkoeducation.com\/ouaga\/wp-content\/uploads\/sites\/26\/2020\/02\/enko-ouaga.jpg\"},\"responsive\":\"true\"}' >\n\t\t\t\t\t\t\t\t\t\t<div class=\"mk-blend-layer\"><\/div>\n\t\t\t\t\t\t<div class=\"mk-color-layer\"><\/div>\n\t\t<\/div>\n\t<\/div>\n\n\t\t\t<\/div>\n\n\t\t\t\n        <div class=\"page-section-content vc_row-fluid mk-grid \" >\n            <div class=\"mk-padding-wrapper wpb_row\">\n<div class=\"vc_col-sm-12 wpb_column column_container  jupiter-donut- _ jupiter-donut-height-full\">\n\t<div class=\"vc_empty_space\"   style=\"height: 64px\"><span class=\"vc_empty_space_inner\"><\/span><\/div><\/div>\n\n<h1 id=\"fancy-title-3\" class=\"mk-fancy-title  simple-style jupiter-donut-  color-single\">\n\t<span>\n\t\t\t\t<p>Bienvenue \u00e0 Enko Ouaga<\/p>\n<p>Une \u00e9cole internationale africaine<\/p>\n\t\t\t<\/span>\n<\/h1>\n<div class=\"clearboth\"><\/div>\n\n\n\n<style>#fancy-title-3 {font-family: \"Montserrat\"}<\/style><div class=\"wpb_column vc_column_container vc_col-sm-12\"><div class=\"vc_column-inner\"><div class=\"wpb_wrapper\">\n<div id=\"mk-button-4\" class=\"mk-button-container _ jupiter-donut-relative    jupiter-donut-block jupiter-donut-text-center \">\n\n\t\n\t\t<a href=\"https:\/\/forms.gle\/wNVqB3Li5cKuJUJU6\" target=\"_blank\" class=\"mk-button js-smooth-scroll mk-button--dimension-two mk-button--size-x-large mk-button--corner-full_rounded text-color-dark _ jupiter-donut-relative jupiter-donut-text-center jupiter-donut-font-weight-700 jupiter-donut-no-backface  jupiter-donut-letter-spacing-2 jupiter-donut-inline-block\"><span class=\"mk-button--text\">PRE &#8211; INSCRIPTION EN LIGNE<\/span><\/a>\n\n\t\n<\/div>\n\n<div id=\"padding-5\" class=\"mk-padding-divider jupiter-donut-  jupiter-donut-clearfix\"><\/div>\n\n\n<div id=\"padding-6\" class=\"mk-padding-divider jupiter-donut-  jupiter-donut-clearfix\"><\/div>\n\n<\/div><\/div><\/div><\/div>\n            <div class=\"clearboth\"><\/div>\n        <\/div>\n\n\n\t\t\t\n\t\t\t\n\t\t\t\n\t\t<div class=\"clearboth\"><\/div>\n\t<\/div>\n<\/div>\n<div class=\"vc_row-full-width vc_clearfix\"><\/div>\n\n\n<div class=\"vc_col-sm-12 wpb_column column_container  jupiter-donut- _ jupiter-donut-height-full\">\n\t<\/div>\n\n<div  data-mk-stretch-content=\"true\" class=\"wpb_row vc_row vc_row-fluid jupiter-donut- mk-fullwidth-false  attched-false     js-master-row  mk-grid\">\n\t\t\t\t\t<\/div>\n\n<div class=\"vc_col-sm-6 wpb_column column_container  jupiter-donut- _ jupiter-donut-height-full\">\n\t<div class=\"vc_empty_space\"   style=\"height: 70px\"><span class=\"vc_empty_space_inner\"><\/span><\/div>\n<h2 id=\"fancy-title-9\" class=\"mk-fancy-title  simple-style jupiter-donut-  color-single\">\n\t<span>\n\t\t\t\t<h3><span style=\"color: #509e2f;\">Facebook Live &#8211; jeudi 07 mai \u00e0 16h<\/span><\/h3>\n<p style=\"text-align: left;\">Enko Ouaga Campus est la premi\u00e8re \u00e9cole du monde de l&#8217;IB au Burkina Faso. Nous d\u00e9livrons un enseignement de qualit\u00e9 avec un programme reconnu par les meilleures universit\u00e9s.<\/p>\n<p style=\"text-align: left;\">Retrouvez-nous le jeudi 07 mai \u00e0 16h sur notre <a href=\"https:\/\/www.facebook.com\/EnkoOuaga\/\" target=\"_blank\" rel=\"noopener noreferrer\"><span style=\"color: #339966;\"><strong>page Faceboo<\/strong><strong>k<\/strong><\/span><\/a> o\u00f9 notre directeur Thierry Adam et notre Culture Lead &amp; professeur d&#8217;anglais Yaya Dama r\u00e9pondront \u00e0 toutes vos questions sur la diff\u00e9rence Enko Ouaga Campus.<\/p>\n\t\t\t<\/span>\n<\/h2>\n<div class=\"clearboth\"><\/div>\n\n\n\n<div class=\"vc_empty_space\"   style=\"height: 70px\"><span class=\"vc_empty_space_inner\"><\/span><\/div><\/div>\n\n<div class=\"vc_col-sm-6 wpb_column column_container  jupiter-donut- _ jupiter-donut-height-full\">\n\t<\/div>\n<div class=\"vc_empty_space\"   style=\"height: 70px\"><span class=\"vc_empty_space_inner\"><\/span><\/div>\n<h2 id=\"fancy-title-11\" class=\"mk-fancy-title  simple-style jupiter-donut-  color-single\">\n\t<span>\n\t\t\t\t\t\t\t<\/span>\n<\/h2>\n<div class=\"clearboth\"><\/div>\n\n\n\n\n<h3><span style=\"color: #509e2f;\">Vid\u00e9o de pr\u00e9sentation de notre \u00e9cole :<\/span><\/h3>\n<p style=\"text-align: left;\">Enko Ouaga est une \u00e9cole Enko Education, un r\u00e9seau de 15 \u00e9coles africaines internationales. C&#8217;est le premier \u00e9tablissement scolaire au Burkina Faso \u00e0 proposer le programme du dipl\u00f4me du Baccalaur\u00e9at international <strong>(<span style=\"color: #509e2f;\"><a style=\"color: #509e2f;\" href=\"https:\/\/www.ibo.org\/fr\/\" target=\"_blank\" rel=\"noopener noreferrer\">IB<\/a><\/span>).<\/strong><\/p>\n<p><span style=\"vertical-align: inherit;\"><span style=\"vertical-align: inherit;\">[\/ Mk_fancy_title] <div class=\"vc_empty_space\"   style=\"height: 90px\"><span class=\"vc_empty_space_inner\"><\/span><\/div> \n\t<div class=\"wpb_raw_code wpb_content_element wpb_raw_html\" >\n\t\t<div class=\"wpb_wrapper\">\n\t\t\t\n\t\t<\/div>\n\t<\/div>\n JTNDaWZyYW1lJTIwd2lkdGglM0QlMjI2NTAlMjIlMjBoZWlnaHQlM0QlMjI0MTUlMjIlMjBzcmMlM0QlMjJodHRwcyUzQSUyRiUyRnd3dy55b3V0dWJlLmNvbSUyRmVtYmVkJTJGRFE2eGNva3VLTWclMjIlMjBmcmFtZWJvcmRlciUzRCUyMjAlMjIlMjBhbGxvdyUzRCUyMmFjY2VsZXJvbWV0ZXIlM0IlMjBhdXRvcGxheSUzQiUyMGVuY3J5cHRlZC1tZWRpYSUzQiUyMGd5cm9zY29wZSUzQiUyMHBpY3R1cmUtaW4tcGljdHVyZSUyMiUyMGFsbG93ZnVsbHNjcmVlbiUzRSUzQyUyRmlmcmFtZSUzRQ == [\/ vc_raw_html] <div class=\"vc_empty_space\"   style=\"height: 70px\"><span class=\"vc_empty_space_inner\"><\/span><\/div> [\/ vc_column] [\/ vc_row] \n<div class=\"mk-page-section-wrapper\" data-mk-full-width=\"true\" data-mk-full-width-init=\"true\" data-mk-stretch-content=\"true\">\n\t<div id=\"page-section-12\" class=\"mk-page-section self-hosted   full_layout full-width-12 js-el js-master-row jupiter-donut-   \"    data-intro-effect=\"false\">\n\n\t\t\t\n\t\t\t<div class=\"mk-page-section-inner\">\n\t\t\t\t\n\n\n<div class=\"mk-video-color-mask\"><\/div>\n\n\t\t\t\t\n\t\t\t\t\t\t\t<\/div>\n\n\t\t\t\n        <div class=\"page-section-content vc_row-fluid mk-grid \" >\n            <div class=\"mk-padding-wrapper wpb_row\"><\/div>\n            <div class=\"clearboth\"><\/div>\n        <\/div>\n\n\n\t\t\t\n\t\t\t\n\t\t\t\n\t\t<div class=\"clearboth\"><\/div>\n\t<\/div>\n<\/div>\n<div class=\"vc_row-full-width vc_clearfix\"><\/div>\n\n \n<div class=\"vc_col-sm-12 wpb_column column_container  jupiter-donut- _ jupiter-donut-height-full\">\n\t<\/div>\n [\/ vc_column] [\/ mk_page_section] \n<div class=\"mk-page-section-wrapper\" data-mk-full-width=\"true\" data-mk-full-width-init=\"true\" data-mk-stretch-content=\"true\">\n\t<div id=\"page-section-14\" class=\"mk-page-section self-hosted   full_layout full-width-14 js-el js-master-row jupiter-donut-   \"    data-intro-effect=\"false\">\n\n\t\t\t\n\t\t\t<div class=\"mk-page-section-inner\">\n\t\t\t\t\n\n\n<div class=\"mk-video-color-mask\"><\/div>\n\n\t\t\t\t\n\t\t\t\t\t\t\t<\/div>\n\n\t\t\t\n        <div class=\"page-section-content vc_row-fluid mk-grid \" >\n            <div class=\"mk-padding-wrapper wpb_row\"><\/div>\n            <div class=\"clearboth\"><\/div>\n        <\/div>\n\n\n\t\t\t\n\t\t\t\n\t\t\t\n\t\t<div class=\"clearboth\"><\/div>\n\t<\/div>\n<\/div>\n<div class=\"vc_row-full-width vc_clearfix\"><\/div>\n\n \n<div class=\"vc_col-sm-12 wpb_column column_container  jupiter-donut- _ jupiter-donut-height-full\">\n\t<\/div>\n [\/ vc_column] [\/ mk_page_section] \n<div  data-mk-stretch-content=\"true\" class=\"wpb_row vc_row vc_row-fluid jupiter-donut- mk-fullwidth-false  attched-false     js-master-row  mk-grid\">\n\t\t\t\t\t<\/div>\n \n<div class=\"vc_col-sm-12 wpb_column column_container  jupiter-donut- _ jupiter-donut-height-full\">\n\t<\/div>\n [\/ vc_column] [\/ vc_row]<\/span><\/span><\/p>\n<\/section>","protected":false},"excerpt":{"rendered":"<p>Vid\u00e9o de pr\u00e9sentation de notre \u00e9cole : Enko Ouaga est une \u00e9cole Enko Education, un r\u00e9seau de 15 \u00e9coles africaines internationales. C&#8217;est le premier \u00e9tablissement scolaire au Burkina Faso \u00e0 proposer le programme du dipl\u00f4me du Baccalaur\u00e9at international (IB). [\/ Mk_fancy_title] JTNDaWZyYW1lJTIwd2lkdGglM0QlMjI2NTAlMjIlMjBoZWlnaHQlM0QlMjI0MTUlMjIlMjBzcmMlM0QlMjJodHRwcyUzQSUyRiUyRnd3dy55b3V0dWJlLmNvbSUyRmVtYmVkJTJGRFE2eGNva3VLTWclMjIlMjBmcmFtZWJvcmRlciUzRCUyMjAlMjIlMjBhbGxvdyUzRCUyMmFjY2VsZXJvbWV0ZXIlM0IlMjBhdXRvcGxheSUzQiUyMGVuY3J5cHRlZC1tZWRpYSUzQiUyMGd5cm9zY29wZSUzQiUyMHBpY3R1cmUtaW4tcGljdHVyZSUyMiUyMGFsbG93ZnVsbHNjcmVlbiUzRSUzQyUyRmlmcmFtZSUzRQ == [\/ vc_raw_html] [\/ vc_column] [\/ vc_row] [\/ vc_column] [\/ mk_page_section] [\/ vc_column] [&hellip;]<\/p>\n","protected":false},"author":1,"featured_media":0,"parent":0,"menu_order":1,"comment_status":"closed","ping_status":"closed","template":"","meta":{"footnotes":""},"class_list":["post-1090","page","type-page","status-publish","hentry"],"yoast_head":"<!-- This site is optimized with the Yoast SEO Premium plugin v18.2.1 (Yoast SEO v23.2) - https:\/\/yoast.com\/wordpress\/plugins\/seo\/ -->\n<title>Accueil - Enko Ouaga International School<\/title>\n<meta name=\"description\" content=\"Enko Ouaga Campus : Une \u00e9cole internationale Africaine implant\u00e9e au Burkina Faso en 2018, couvrant les classes de la 6e \u00e0 la Terminale.\" \/>\n<meta name=\"robots\" content=\"index, follow, max-snippet:-1, max-image-preview:large, max-video-preview:-1\" \/>\n<link rel=\"canonical\" href=\"https:\/\/enkoeducation.com\/ouaga\/en\/accueil\/\" \/>\n<meta property=\"og:locale\" content=\"en_US\" \/>\n<meta property=\"og:type\" content=\"article\" \/>\n<meta property=\"og:title\" content=\"Accueil\" \/>\n<meta property=\"og:description\" content=\"Enko Ouaga Campus : Une \u00e9cole internationale Africaine implant\u00e9e au Burkina Faso en 2018, couvrant les classes de la 6e \u00e0 la Terminale.\" \/>\n<meta property=\"og:url\" content=\"https:\/\/enkoeducation.com\/ouaga\/en\/accueil\/\" \/>\n<meta property=\"og:site_name\" content=\"Enko Ouaga International School\" \/>\n<meta property=\"article:modified_time\" content=\"2021-04-16T15:05:03+00:00\" \/>\n<meta name=\"twitter:card\" content=\"summary_large_image\" \/>\n<meta name=\"twitter:label1\" content=\"Est. reading time\" \/>\n\t<meta name=\"twitter:data1\" content=\"2 minutes\" \/>\n<script type=\"application\/ld+json\" class=\"yoast-schema-graph\">{\"@context\":\"https:\/\/schema.org\",\"@graph\":[{\"@type\":\"WebPage\",\"@id\":\"https:\/\/enkoeducation.com\/ouaga\/accueil\/\",\"url\":\"https:\/\/enkoeducation.com\/ouaga\/accueil\/\",\"name\":\"Accueil - Enko Ouaga International School\",\"isPartOf\":{\"@id\":\"https:\/\/enkoeducation.com\/ouaga\/#website\"},\"datePublished\":\"2020-05-13T16:05:53+00:00\",\"dateModified\":\"2021-04-16T15:05:03+00:00\",\"description\":\"Enko Ouaga Campus : Une \u00e9cole internationale Africaine implant\u00e9e au Burkina Faso en 2018, couvrant les classes de la 6e \u00e0 la Terminale.\",\"breadcrumb\":{\"@id\":\"https:\/\/enkoeducation.com\/ouaga\/accueil\/#breadcrumb\"},\"inLanguage\":\"en-US\",\"potentialAction\":[{\"@type\":\"ReadAction\",\"target\":[\"https:\/\/enkoeducation.com\/ouaga\/accueil\/\"]}]},{\"@type\":\"BreadcrumbList\",\"@id\":\"https:\/\/enkoeducation.com\/ouaga\/accueil\/#breadcrumb\",\"itemListElement\":[{\"@type\":\"ListItem\",\"position\":1,\"name\":\"Home\",\"item\":\"https:\/\/enkoeducation.com\/ouaga\/\"},{\"@type\":\"ListItem\",\"position\":2,\"name\":\"Accueil\"}]},{\"@type\":\"WebSite\",\"@id\":\"https:\/\/enkoeducation.com\/ouaga\/#website\",\"url\":\"https:\/\/enkoeducation.com\/ouaga\/\",\"name\":\"Enko Ouaga International School\",\"description\":\"Just another Enko Education Sites site\",\"potentialAction\":[{\"@type\":\"SearchAction\",\"target\":{\"@type\":\"EntryPoint\",\"urlTemplate\":\"https:\/\/enkoeducation.com\/ouaga\/?s={search_term_string}\"},\"query-input\":\"required name=search_term_string\"}],\"inLanguage\":\"en-US\"}]}<\/script>\n<!-- \/ Yoast SEO Premium plugin. -->","yoast_head_json":{"title":"Accueil - Enko Ouaga International School","description":"Enko Ouaga Campus : Une \u00e9cole internationale Africaine implant\u00e9e au Burkina Faso en 2018, couvrant les classes de la 6e \u00e0 la Terminale.","robots":{"index":"index","follow":"follow","max-snippet":"max-snippet:-1","max-image-preview":"max-image-preview:large","max-video-preview":"max-video-preview:-1"},"canonical":"https:\/\/enkoeducation.com\/ouaga\/en\/accueil\/","og_locale":"en_US","og_type":"article","og_title":"Accueil","og_description":"Enko Ouaga Campus : Une \u00e9cole internationale Africaine implant\u00e9e au Burkina Faso en 2018, couvrant les classes de la 6e \u00e0 la Terminale.","og_url":"https:\/\/enkoeducation.com\/ouaga\/en\/accueil\/","og_site_name":"Enko Ouaga International School","article_modified_time":"2021-04-16T15:05:03+00:00","twitter_card":"summary_large_image","twitter_misc":{"Est. reading time":"2 minutes"},"schema":{"@context":"https:\/\/schema.org","@graph":[{"@type":"WebPage","@id":"https:\/\/enkoeducation.com\/ouaga\/accueil\/","url":"https:\/\/enkoeducation.com\/ouaga\/accueil\/","name":"Accueil - Enko Ouaga International School","isPartOf":{"@id":"https:\/\/enkoeducation.com\/ouaga\/#website"},"datePublished":"2020-05-13T16:05:53+00:00","dateModified":"2021-04-16T15:05:03+00:00","description":"Enko Ouaga Campus : Une \u00e9cole internationale Africaine implant\u00e9e au Burkina Faso en 2018, couvrant les classes de la 6e \u00e0 la Terminale.","breadcrumb":{"@id":"https:\/\/enkoeducation.com\/ouaga\/accueil\/#breadcrumb"},"inLanguage":"en-US","potentialAction":[{"@type":"ReadAction","target":["https:\/\/enkoeducation.com\/ouaga\/accueil\/"]}]},{"@type":"BreadcrumbList","@id":"https:\/\/enkoeducation.com\/ouaga\/accueil\/#breadcrumb","itemListElement":[{"@type":"ListItem","position":1,"name":"Home","item":"https:\/\/enkoeducation.com\/ouaga\/"},{"@type":"ListItem","position":2,"name":"Accueil"}]},{"@type":"WebSite","@id":"https:\/\/enkoeducation.com\/ouaga\/#website","url":"https:\/\/enkoeducation.com\/ouaga\/","name":"Enko Ouaga International School","description":"Just another Enko Education Sites site","potentialAction":[{"@type":"SearchAction","target":{"@type":"EntryPoint","urlTemplate":"https:\/\/enkoeducation.com\/ouaga\/?s={search_term_string}"},"query-input":"required name=search_term_string"}],"inLanguage":"en-US"}]}},"_links":{"self":[{"href":"https:\/\/enkoeducation.com\/ouaga\/en\/wp-json\/wp\/v2\/pages\/1090"}],"collection":[{"href":"https:\/\/enkoeducation.com\/ouaga\/en\/wp-json\/wp\/v2\/pages"}],"about":[{"href":"https:\/\/enkoeducation.com\/ouaga\/en\/wp-json\/wp\/v2\/types\/page"}],"author":[{"embeddable":true,"href":"https:\/\/enkoeducation.com\/ouaga\/en\/wp-json\/wp\/v2\/users\/1"}],"replies":[{"embeddable":true,"href":"https:\/\/enkoeducation.com\/ouaga\/en\/wp-json\/wp\/v2\/comments?post=1090"}],"version-history":[{"count":7,"href":"https:\/\/enkoeducation.com\/ouaga\/en\/wp-json\/wp\/v2\/pages\/1090\/revisions"}],"predecessor-version":[{"id":1224,"href":"https:\/\/enkoeducation.com\/ouaga\/en\/wp-json\/wp\/v2\/pages\/1090\/revisions\/1224"}],"wp:attachment":[{"href":"https:\/\/enkoeducation.com\/ouaga\/en\/wp-json\/wp\/v2\/media?parent=1090"}],"curies":[{"name":"wp","href":"https:\/\/api.w.org\/{rel}","templated":true}]}}