{"id":1122,"date":"2020-05-27T13:07:48","date_gmt":"2020-05-27T13:07:48","guid":{"rendered":"https:\/\/enkoeducation.com\/ouaga\/?page_id=1122"},"modified":"2020-05-27T13:08:51","modified_gmt":"2020-05-27T13:08:51","slug":"preinscriptions-enko-ouaga-3","status":"publish","type":"page","link":"https:\/\/enkoeducation.com\/ouaga\/en\/preinscriptions-enko-ouaga-3\/","title":{"rendered":"Pr\u00e9-Inscriptions 3"},"content":{"rendered":"<section class=\"wpb-content-wrapper\">\n<div class=\"mk-page-section-wrapper\" data-mk-full-width=\"true\" data-mk-full-width-init=\"true\" data-mk-stretch-content=\"true\">\n\t<div id=\"page-section-1\" class=\"mk-page-section self-hosted   full_layout full-width-1 js-el js-master-row jupiter-donut-   \"    data-intro-effect=\"false\">\n\n\t\t\t\n\t\t\t<div class=\"mk-page-section-inner\">\n\t\t\t\t\n\n\n<div style=\"background-color:#0a0a0a;opacity:0.3;\" class=\"mk-video-color-mask\"><\/div>\n\n\t\t\t\t\n\t\t\t\t\n\t\n\t<div class=\"background-layer-holder\">\n\t\t<div id=\"background-layer--1\" data-mk-lazyload=\"false\" class=\"background-layer mk-background-stretch darken-blend-effect js-el\"   data-blend=\"darken\" data-mk-img-set='{\"landscape\":{\"external\":\"https:\/\/enkoeducation.com\/ouaga\/wp-content\/uploads\/sites\/26\/2018\/03\/diapositive5.png\"},\"responsive\":\"true\"}' >\n\t\t\t\t\t\t\t\t\t\t<div class=\"mk-blend-layer\"><\/div>\n\t\t\t\t\t\t<div class=\"mk-color-layer\"><\/div>\n\t\t<\/div>\n\t<\/div>\n\n\t\t\t<\/div>\n\n\t\t\t\n        <div class=\"page-section-content vc_row-fluid mk-grid \" >\n            <div class=\"mk-padding-wrapper wpb_row\">\n<div class=\"vc_col-sm-12 wpb_column column_container  jupiter-donut- _ jupiter-donut-height-full\">\n\t\n\n<div class=\"wpb_row vc_inner vc_row vc_row-fluid jupiter-donut-   attched-false   \">\n\t\t\t<div class=\"wpb_column vc_column_container vc_col-sm-12\"><div class=\"vc_column-inner\"><div class=\"wpb_wrapper\"><\/div><\/div><\/div>\t<\/div>\n<\/div>\n<\/div>\n            <div class=\"clearboth\"><\/div>\n        <\/div>\n\n\n\t\t\t\n\t\t\t\n\t\t\t\n\t\t<div class=\"clearboth\"><\/div>\n\t<\/div>\n<\/div>\n<div class=\"vc_row-full-width vc_clearfix\"><\/div>\n\n\n<div  data-mk-stretch-content=\"true\" class=\"wpb_row vc_row vc_row-fluid jupiter-donut- mk-fullwidth-false  attched-false     js-master-row  mk-grid\">\n\t\t\t\t\n<div class=\"vc_col-sm-12 wpb_column column_container  jupiter-donut- _ jupiter-donut-height-full\">\n\t\n<div id=\"padding-4\" class=\"mk-padding-divider jupiter-donut-  jupiter-donut-clearfix\"><\/div>\n\n<\/div>\n\t<\/div>\n\n<div class=\"mk-page-section-wrapper\" data-mk-full-width=\"true\" data-mk-full-width-init=\"true\" data-mk-stretch-content=\"true\">\n\t<div id=\"page-section-5\" class=\"mk-page-section self-hosted   full_layout full-width-5 js-el js-master-row jupiter-donut-   \"    data-intro-effect=\"false\">\n\n\t\t\t\n\t\t\t<div class=\"mk-page-section-inner\">\n\t\t\t\t\n\n\n<div class=\"mk-video-color-mask\"><\/div>\n\n\t\t\t\t\n\t\t\t\t\t\t\t<\/div>\n\n\t\t\t\n        <div class=\"page-section-content vc_row-fluid mk-grid \" >\n            <div class=\"mk-padding-wrapper wpb_row\">\n<div class=\"vc_col-sm-8 wpb_column column_container  jupiter-donut- _ jupiter-donut-height-full\">\n\t\n<h2 id=\"fancy-title-7\" class=\"mk-fancy-title  simple-style jupiter-donut-  color-single\">\n\t<span>\n\t\t\t\t<p>Pr\u00e9-inscription et r\u00e9inscription 2020\/21<\/p>\n\t\t\t<\/span>\n<\/h2>\n<div class=\"clearboth\"><\/div>\n\n\n\n\n\t<div class=\"wpb_raw_code wpb_content_element wpb_raw_html\" >\n\t\t<div class=\"wpb_wrapper\">\n\t\t\t<iframe src=\"https:\/\/docs.google.com\/forms\/d\/e\/1FAIpQLSfcqj5EayTWRn9EQvuqG-JI4RWQlquu-dm4WRoynsoVTGMwpg\/viewform?embedded=true\" width=\"700\" height=\"800\" frameborder=\"0\" marginheight=\"0\" marginwidth=\"0\">Loading\u2026<\/iframe>\n\t\t<\/div>\n\t<\/div>\n<\/div>\n\n<div class=\"vc_col-sm-4 wpb_column column_container  jupiter-donut- _ jupiter-donut-height-full\">\n\t\n<h2 id=\"fancy-title-9\" class=\"mk-fancy-title  simple-style jupiter-donut-  color-single\">\n\t<span>\n\t\t\t\t<p>Contactez-nous<\/p>\n\t\t\t<\/span>\n<\/h2>\n<div class=\"clearboth\"><\/div>\n\n\n\n\n\n<div class=\"wpb_row vc_inner vc_row vc_row-fluid jupiter-donut-   attched-false   \">\n\t\t\t<div class=\"wpb_column vc_column_container vc_col-sm-3\"><div class=\"vc_column-inner\"><div class=\"wpb_wrapper\">\n\t<div  class=\"wpb_single_image wpb_content_element vc_align_center\">\n\t\t\n\t\t<figure class=\"wpb_wrapper vc_figure\">\n\t\t\t<div class=\"vc_single_image-wrapper   vc_box_border_grey\"><img decoding=\"async\" width=\"52\" height=\"52\" src=\"https:\/\/enkoeducation.com\/ouaga\/wp-content\/uploads\/sites\/26\/2018\/01\/locationicon.png\" class=\"vc_single_image-img attachment-full\" alt=\"\" title=\"locationicon\" srcset=\"https:\/\/enkoeducation.com\/ouaga\/wp-content\/uploads\/sites\/26\/2018\/01\/locationicon.png 52w, https:\/\/enkoeducation.com\/ouaga\/wp-content\/uploads\/sites\/26\/2018\/01\/locationicon-27x27.png 27w, https:\/\/enkoeducation.com\/ouaga\/wp-content\/uploads\/sites\/26\/2018\/01\/locationicon-1024x1024.png 1024w, https:\/\/enkoeducation.com\/ouaga\/wp-content\/uploads\/sites\/26\/2018\/01\/locationicon-300x300.png 300w\" sizes=\"(max-width: 52px) 100vw, 52px\" itemprop=\"image\" \/><\/div>\n\t\t<\/figure>\n\t<\/div>\n<\/div><\/div><\/div><div class=\"wpb_column vc_column_container vc_col-sm-9\"><div class=\"vc_column-inner\"><div class=\"wpb_wrapper\">\n<h2 id=\"fancy-title-10\" class=\"mk-fancy-title  simple-style jupiter-donut-  color-single\">\n\t<span>\n\t\t\t\t<p>Zogona, venant du Bd Charles de Gaulle, premier six-m\u00e8tres apr\u00e8s la mosqu\u00e9e de Zogona \u00e0 gauche Ouagadougou, Burkina Faso<\/p>\n\t\t\t<\/span>\n<\/h2>\n<div class=\"clearboth\"><\/div>\n\n\n\n<\/div><\/div><\/div>\t<\/div>\n\n\n<div class=\"wpb_row vc_inner vc_row vc_row-fluid jupiter-donut-   attched-false   \">\n\t\t\t<div class=\"wpb_column vc_column_container vc_col-sm-3\"><div class=\"vc_column-inner\"><div class=\"wpb_wrapper\">\n\t<div  class=\"wpb_single_image wpb_content_element vc_align_center\">\n\t\t\n\t\t<figure class=\"wpb_wrapper vc_figure\">\n\t\t\t<div class=\"vc_single_image-wrapper   vc_box_border_grey\"><img decoding=\"async\" width=\"52\" height=\"52\" src=\"https:\/\/enkoeducation.com\/ouaga\/wp-content\/uploads\/sites\/26\/2018\/01\/emailicon.png\" class=\"vc_single_image-img attachment-full\" alt=\"\" title=\"emailicon\" srcset=\"https:\/\/enkoeducation.com\/ouaga\/wp-content\/uploads\/sites\/26\/2018\/01\/emailicon.png 52w, https:\/\/enkoeducation.com\/ouaga\/wp-content\/uploads\/sites\/26\/2018\/01\/emailicon-27x27.png 27w, https:\/\/enkoeducation.com\/ouaga\/wp-content\/uploads\/sites\/26\/2018\/01\/emailicon-1024x1024.png 1024w, https:\/\/enkoeducation.com\/ouaga\/wp-content\/uploads\/sites\/26\/2018\/01\/emailicon-300x300.png 300w\" sizes=\"(max-width: 52px) 100vw, 52px\" itemprop=\"image\" \/><\/div>\n\t\t<\/figure>\n\t<\/div>\n<\/div><\/div><\/div><div class=\"wpb_column vc_column_container vc_col-sm-9\"><div class=\"vc_column-inner\"><div class=\"wpb_wrapper\">\n<h2 id=\"fancy-title-11\" class=\"mk-fancy-title  simple-style jupiter-donut-  color-single\">\n\t<span>\n\t\t\t\t<p>ouaga@enkoeducation.com<\/p>\n\t\t\t<\/span>\n<\/h2>\n<div class=\"clearboth\"><\/div>\n\n\n\n<\/div><\/div><\/div>\t<\/div>\n\n\n<div class=\"wpb_row vc_inner vc_row vc_row-fluid jupiter-donut-   attched-false   \">\n\t\t\t<div class=\"wpb_column vc_column_container vc_col-sm-3\"><div class=\"vc_column-inner\"><div class=\"wpb_wrapper\">\n\t<div  class=\"wpb_single_image wpb_content_element vc_align_center\">\n\t\t\n\t\t<figure class=\"wpb_wrapper vc_figure\">\n\t\t\t<div class=\"vc_single_image-wrapper   vc_box_border_grey\"><img decoding=\"async\" width=\"52\" height=\"52\" src=\"https:\/\/enkoeducation.com\/ouaga\/wp-content\/uploads\/sites\/26\/2018\/01\/phoneicon.png\" class=\"vc_single_image-img attachment-full\" alt=\"\" title=\"phoneicon\" srcset=\"https:\/\/enkoeducation.com\/ouaga\/wp-content\/uploads\/sites\/26\/2018\/01\/phoneicon.png 52w, https:\/\/enkoeducation.com\/ouaga\/wp-content\/uploads\/sites\/26\/2018\/01\/phoneicon-27x27.png 27w, https:\/\/enkoeducation.com\/ouaga\/wp-content\/uploads\/sites\/26\/2018\/01\/phoneicon-1024x1024.png 1024w, https:\/\/enkoeducation.com\/ouaga\/wp-content\/uploads\/sites\/26\/2018\/01\/phoneicon-300x300.png 300w\" sizes=\"(max-width: 52px) 100vw, 52px\" itemprop=\"image\" \/><\/div>\n\t\t<\/figure>\n\t<\/div>\n<\/div><\/div><\/div><div class=\"wpb_column vc_column_container vc_col-sm-9\"><div class=\"vc_column-inner\"><div class=\"wpb_wrapper\">\n<h2 id=\"fancy-title-12\" class=\"mk-fancy-title  simple-style jupiter-donut-  color-single\">\n\t<span>\n\t\t\t\t<p class=\"textbox\" dir=\"ltr\">+226 67 82 90 01 | +226 52 19 81 45<\/p>\n\t\t\t<\/span>\n<\/h2>\n<div class=\"clearboth\"><\/div>\n\n\n\n<\/div><\/div><\/div>\t<\/div>\n\n\n<div class=\"wpb_row vc_inner vc_row vc_row-fluid jupiter-donut-   attched-false   \">\n\t\t\t<div class=\"wpb_column vc_column_container vc_col-sm-12\"><div class=\"vc_column-inner\"><div class=\"wpb_wrapper\"><div class=\"wpb_gmaps_widget wpb_content_element\"><div class=\"wpb_wrapper\"><div class=\"wpb_map_wraper\"><iframe src=\"https:\/\/www.google.com\/maps\/embed?pb=!1m18!1m12!1m3!1d3897.028745008363!2d-1.4966840847048615!3d12.381006730910366!2m3!1f0!2f0!3f0!3m2!1i1024!2i768!4f13.1!3m3!1m2!1s0xe2ebff581b1c011%3A0xd86a5728a726e608!2sEnko+Ouaga+International+School!5e0!3m2!1sfr!2sza!4v1531410079616\" width=\"600\" height=\"450\" frameborder=\"0\" style=\"border:0\" allowfullscreen><\/iframe><\/div><\/div><\/div><\/div><\/div><\/div>\t<\/div>\n<\/div>\n<\/div>\n            <div class=\"clearboth\"><\/div>\n        <\/div>\n\n\n\t\t\t\n\t\t\t\n\t\t\t\n\t\t<div class=\"clearboth\"><\/div>\n\t<\/div>\n<\/div>\n<div class=\"vc_row-full-width vc_clearfix\"><\/div>\n\n\n<\/section>","protected":false},"excerpt":{"rendered":"Pr\u00e9-inscription et r\u00e9inscription 2020\/21 Loading\u2026 Contactez-nous Zogona, venant du Bd Charles de Gaulle, premier six-m\u00e8tres apr\u00e8s la mosqu\u00e9e de Zogona \u00e0 gauche Ouagadougou, Burkina Faso ouaga@enkoeducation.com +226 67 82 90 01 | +226 52 19 81 45","protected":false},"author":1,"featured_media":0,"parent":0,"menu_order":0,"comment_status":"closed","ping_status":"closed","template":"","meta":{"footnotes":""},"class_list":["post-1122","page","type-page","status-publish","hentry"],"yoast_head":"<!-- This site is optimized with the Yoast SEO Premium plugin v18.2.1 (Yoast SEO v23.2) - https:\/\/yoast.com\/wordpress\/plugins\/seo\/ -->\n<title>Pr\u00e9-Inscriptions 3 - Enko Ouaga International School<\/title>\n<meta name=\"robots\" content=\"index, follow, max-snippet:-1, max-image-preview:large, max-video-preview:-1\" \/>\n<link rel=\"canonical\" href=\"https:\/\/enkoeducation.com\/ouaga\/en\/preinscriptions-enko-ouaga-3\/\" \/>\n<meta property=\"og:locale\" content=\"en_US\" \/>\n<meta property=\"og:type\" content=\"article\" \/>\n<meta property=\"og:title\" content=\"Pr\u00e9-Inscriptions 3\" \/>\n<meta property=\"og:url\" content=\"https:\/\/enkoeducation.com\/ouaga\/en\/preinscriptions-enko-ouaga-3\/\" \/>\n<meta property=\"og:site_name\" content=\"Enko Ouaga International School\" \/>\n<meta property=\"article:modified_time\" content=\"2020-05-27T13:08:51+00:00\" \/>\n<meta name=\"twitter:card\" content=\"summary_large_image\" \/>\n<meta name=\"twitter:label1\" content=\"Est. reading time\" \/>\n\t<meta name=\"twitter:data1\" content=\"2 minutes\" \/>\n<script type=\"application\/ld+json\" class=\"yoast-schema-graph\">{\"@context\":\"https:\/\/schema.org\",\"@graph\":[{\"@type\":\"WebPage\",\"@id\":\"https:\/\/enkoeducation.com\/ouaga\/preinscriptions-enko-ouaga-3\/\",\"url\":\"https:\/\/enkoeducation.com\/ouaga\/preinscriptions-enko-ouaga-3\/\",\"name\":\"Pr\u00e9-Inscriptions 3 - Enko Ouaga International School\",\"isPartOf\":{\"@id\":\"https:\/\/enkoeducation.com\/ouaga\/#website\"},\"datePublished\":\"2020-05-27T13:07:48+00:00\",\"dateModified\":\"2020-05-27T13:08:51+00:00\",\"breadcrumb\":{\"@id\":\"https:\/\/enkoeducation.com\/ouaga\/preinscriptions-enko-ouaga-3\/#breadcrumb\"},\"inLanguage\":\"en-US\",\"potentialAction\":[{\"@type\":\"ReadAction\",\"target\":[\"https:\/\/enkoeducation.com\/ouaga\/preinscriptions-enko-ouaga-3\/\"]}]},{\"@type\":\"BreadcrumbList\",\"@id\":\"https:\/\/enkoeducation.com\/ouaga\/preinscriptions-enko-ouaga-3\/#breadcrumb\",\"itemListElement\":[{\"@type\":\"ListItem\",\"position\":1,\"name\":\"Home\",\"item\":\"https:\/\/enkoeducation.com\/ouaga\/\"},{\"@type\":\"ListItem\",\"position\":2,\"name\":\"Pr\u00e9-Inscriptions 3\"}]},{\"@type\":\"WebSite\",\"@id\":\"https:\/\/enkoeducation.com\/ouaga\/#website\",\"url\":\"https:\/\/enkoeducation.com\/ouaga\/\",\"name\":\"Enko Ouaga International School\",\"description\":\"Just another Enko Education Sites site\",\"potentialAction\":[{\"@type\":\"SearchAction\",\"target\":{\"@type\":\"EntryPoint\",\"urlTemplate\":\"https:\/\/enkoeducation.com\/ouaga\/?s={search_term_string}\"},\"query-input\":\"required name=search_term_string\"}],\"inLanguage\":\"en-US\"}]}<\/script>\n<!-- \/ Yoast SEO Premium plugin. -->","yoast_head_json":{"title":"Pr\u00e9-Inscriptions 3 - Enko Ouaga International School","robots":{"index":"index","follow":"follow","max-snippet":"max-snippet:-1","max-image-preview":"max-image-preview:large","max-video-preview":"max-video-preview:-1"},"canonical":"https:\/\/enkoeducation.com\/ouaga\/en\/preinscriptions-enko-ouaga-3\/","og_locale":"en_US","og_type":"article","og_title":"Pr\u00e9-Inscriptions 3","og_url":"https:\/\/enkoeducation.com\/ouaga\/en\/preinscriptions-enko-ouaga-3\/","og_site_name":"Enko Ouaga International School","article_modified_time":"2020-05-27T13:08:51+00:00","twitter_card":"summary_large_image","twitter_misc":{"Est. reading time":"2 minutes"},"schema":{"@context":"https:\/\/schema.org","@graph":[{"@type":"WebPage","@id":"https:\/\/enkoeducation.com\/ouaga\/preinscriptions-enko-ouaga-3\/","url":"https:\/\/enkoeducation.com\/ouaga\/preinscriptions-enko-ouaga-3\/","name":"Pr\u00e9-Inscriptions 3 - Enko Ouaga International School","isPartOf":{"@id":"https:\/\/enkoeducation.com\/ouaga\/#website"},"datePublished":"2020-05-27T13:07:48+00:00","dateModified":"2020-05-27T13:08:51+00:00","breadcrumb":{"@id":"https:\/\/enkoeducation.com\/ouaga\/preinscriptions-enko-ouaga-3\/#breadcrumb"},"inLanguage":"en-US","potentialAction":[{"@type":"ReadAction","target":["https:\/\/enkoeducation.com\/ouaga\/preinscriptions-enko-ouaga-3\/"]}]},{"@type":"BreadcrumbList","@id":"https:\/\/enkoeducation.com\/ouaga\/preinscriptions-enko-ouaga-3\/#breadcrumb","itemListElement":[{"@type":"ListItem","position":1,"name":"Home","item":"https:\/\/enkoeducation.com\/ouaga\/"},{"@type":"ListItem","position":2,"name":"Pr\u00e9-Inscriptions 3"}]},{"@type":"WebSite","@id":"https:\/\/enkoeducation.com\/ouaga\/#website","url":"https:\/\/enkoeducation.com\/ouaga\/","name":"Enko Ouaga International School","description":"Just another Enko Education Sites site","potentialAction":[{"@type":"SearchAction","target":{"@type":"EntryPoint","urlTemplate":"https:\/\/enkoeducation.com\/ouaga\/?s={search_term_string}"},"query-input":"required name=search_term_string"}],"inLanguage":"en-US"}]}},"_links":{"self":[{"href":"https:\/\/enkoeducation.com\/ouaga\/en\/wp-json\/wp\/v2\/pages\/1122"}],"collection":[{"href":"https:\/\/enkoeducation.com\/ouaga\/en\/wp-json\/wp\/v2\/pages"}],"about":[{"href":"https:\/\/enkoeducation.com\/ouaga\/en\/wp-json\/wp\/v2\/types\/page"}],"author":[{"embeddable":true,"href":"https:\/\/enkoeducation.com\/ouaga\/en\/wp-json\/wp\/v2\/users\/1"}],"replies":[{"embeddable":true,"href":"https:\/\/enkoeducation.com\/ouaga\/en\/wp-json\/wp\/v2\/comments?post=1122"}],"version-history":[{"count":2,"href":"https:\/\/enkoeducation.com\/ouaga\/en\/wp-json\/wp\/v2\/pages\/1122\/revisions"}],"predecessor-version":[{"id":1125,"href":"https:\/\/enkoeducation.com\/ouaga\/en\/wp-json\/wp\/v2\/pages\/1122\/revisions\/1125"}],"wp:attachment":[{"href":"https:\/\/enkoeducation.com\/ouaga\/en\/wp-json\/wp\/v2\/media?parent=1122"}],"curies":[{"name":"wp","href":"https:\/\/api.w.org\/{rel}","templated":true}]}}