{"id":287,"date":"2018-01-22T13:23:59","date_gmt":"2018-01-22T13:23:59","guid":{"rendered":"http:\/\/165.227.224.6\/la-gaiete\/?page_id=287"},"modified":"2024-12-16T17:46:05","modified_gmt":"2024-12-16T17:46:05","slug":"curriculum","status":"publish","type":"page","link":"https:\/\/enkoeducation.com\/ouaga\/fr\/curriculum\/","title":{"rendered":"Programme d&#039;\u00e9tudes"},"content":{"rendered":"<section class=\"wpb-content-wrapper\">\t\t<div data-elementor-type=\"wp-page\" data-elementor-id=\"287\" class=\"elementor elementor-287\" data-elementor-post-type=\"page\">\n\t\t\t\t\t\t<section class=\"elementor-section elementor-top-section elementor-element elementor-element-626ddd93 elementor-section-boxed elementor-section-height-default elementor-section-height-default\" data-id=\"626ddd93\" data-element_type=\"section\">\n\t\t\t\t\t\t<div class=\"elementor-container elementor-column-gap-default\">\n\t\t\t\t\t<div class=\"elementor-column elementor-col-100 elementor-top-column elementor-element elementor-element-10e08470\" data-id=\"10e08470\" data-element_type=\"column\">\n\t\t\t<div class=\"elementor-widget-wrap elementor-element-populated\">\n\t\t\t\t\t\t<div class=\"elementor-element elementor-element-1d3330ba elementor-widget elementor-widget-text-editor\" data-id=\"1d3330ba\" data-element_type=\"widget\" data-widget_type=\"text-editor.default\">\n\t\t\t\t<div class=\"elementor-widget-container\">\n\t\t\t\t\t\t\t<div class=\"mk-page-section-wrapper\" data-mk-full-width=\"true\" data-mk-full-width-init=\"true\" data-mk-stretch-content=\"true\">\n\t<div id=\"page-section-1\" class=\"mk-page-section self-hosted   full_layout full-width-1 js-el js-master-row jupiter-donut-\"    data-intro-effect=\"false\">\n\n\t\t\t\n\t\t\t<div class=\"mk-page-section-inner\">\n\t\t\t\t\n\n\n<div style=\"background-color:#0a0a0a;opacity:0.3;\" class=\"mk-video-color-mask\"><\/div>\n\n\t\t\t\t\n\t\t\t\t\n\t\n\t<div class=\"background-layer-holder\">\n\t\t<div id=\"background-layer--1\" data-mk-lazyload=\"false\" class=\"background-layer mk-background-stretch darken-blend-effect js-el\"   data-blend=\"darken\" data-mk-img-set='{\"landscape\":{\"external\":\"https:\/\/enkoeducation.com\/ouaga\/wp-content\/uploads\/sites\/26\/2021\/04\/173788527_5269137096489577_2566126107164515358_n.jpg\"},\"responsive\":\"true\"}' >\n\t\t\t\t\t\t\t\t\t\t<div class=\"mk-blend-layer\"><\/div>\n\t\t\t\t\t\t<div class=\"mk-color-layer\"><\/div>\n\t\t<\/div>\n\t<\/div>\n\n\t\t\t<\/div>\n\n\t\t\t\n        <div class=\"page-section-content vc_row-fluid mk-grid\" >\n            <div class=\"mk-padding-wrapper wpb_row\">\n<div class=\"vc_col-sm-12 wpb_column column_container  jupiter-donut- _ jupiter-donut-height-full\">\n\t\n\n<div class=\"wpb_row vc_inner vc_row vc_row-fluid jupiter-donut-   attched-false\">\n\t\t\t<div class=\"wpb_column vc_column_container vc_col-sm-12\"><div class=\"vc_column-inner\"><div class=\"wpb_wrapper\"><\/div><\/div><\/div>\t<\/div>\n<\/div>\n<\/div>\n            <div class=\"clearboth\"><\/div>\n        <\/div>\n\n\n\t\t\t\n\t\t\t\n\t\t\t\n\t\t<div class=\"clearboth\"><\/div>\n\t<\/div>\n<\/div>\n<div class=\"vc_row-full-width vc_clearfix\"><\/div>\n\n\n<div  data-mk-stretch-content=\"true\" class=\"wpb_row vc_row vc_row-fluid jupiter-donut- mk-fullwidth-false  attched-false     js-master-row  mk-grid\">\n\t\t\t\t\n<div class=\"vc_col-sm-12 wpb_column column_container  jupiter-donut- _ jupiter-donut-height-full\">\n\t\n<div id=\"padding-4\" class=\"mk-padding-divider jupiter-donut-  jupiter-donut-clearfix\"><\/div>\n\n\n<h2 id=\"fancy-title-5\" class=\"mk-fancy-title  simple-style jupiter-donut-  color-single\">\n\t<span>\n\t\t\t\t<p><b>Le programme du Baccalaur\u00e9at International<\/b><\/p>\n\t\t\t<\/span>\n<\/h2>\n<div class=\"clearboth\"><\/div>\n\n\n\n\t<div class=\"vc_custom_1619087261793\">\n\n<div id=\"text-block-6\" class=\"mk-text-block  jupiter-donut-\">\n\n\t\n\t<p>Enko Ouaga est le premier \u00e9tablissement scolaire accr\u00e9dit\u00e9 IB au Burkina Faso et propose le Programme du dipl\u00f4me du Baccalaur\u00e9at international (IB).<\/p>\n<p>Les \u00e9coles du monde de l&#039;IB partagent <strong>une philosophie commune<\/strong> : <em>elles s&#039;\u00e9vertuent \u00e0 am\u00e9liorer l&#039;enseignement et l&#039;apprentissage au profit d&#039;une communaut\u00e9 inclusive d&#039;\u00e9l\u00e8ves d&#039;une grande diversit\u00e9, en proposant des programmes d&#039;\u00e9ducation internationale stimulants et de grande qualit\u00e9 qui reposent sur une vision solide ** .<\/em><\/p>\n<p><em>Seuls les \u00e9tablissements autoris\u00e9s par le Baccalaur\u00e9at International peuvent dispenser l&#039;un de ses quatre programmes scolaires : le Programme primaire (PP), le Programme de premier cycle secondaire (PPCS), le Programme du dipl\u00f4me ou le Certificat \u00e0 orientation professionnelle de l&#039;IB. (COPIB).\u00a0<\/em><\/p>\n<p>Pour en savoir plus sur l&#039;IB et ses programmes, rendez-vous sur https:\/\/www.ibo.org\/fr\/<\/p>\n<p>\u00a0<\/p>\n<p><strong>** <em>D\u00e9claration de mission de l&#039;IB<\/em><\/strong><\/p>\n<p><em>Le Baccalaur\u00e9at international a pour mais de d\u00e9velopper chez les jeunes la curiosit\u00e9 intellectuelle, les connaissances et la sensibilit\u00e9 n\u00e9cessaires pour contribuer \u00e0 b\u00e2tir un monde meilleur et plus paisible, dans un esprit d&#039;entente mutuelle et de respect interculturel. <\/em><\/p>\n<p><em>\u00c0 cette fin, l&#039;IB collabore avec des \u00e9tablissements scolaires, des gouvernements et des organisations internationales pour mettre au point des programmes d&#039;\u00e9ducation internationale stimulants et des m\u00e9thodes d&#039;\u00e9valuation rigoureuses. <\/em><\/p>\n<p><em>Ces<\/em>\u00a0<em>programmes encouragent les \u00e9l\u00e8ves de tout pays \u00e0 apprendre activement tout au long de leur vie, \u00e0 \u00eatre empreints de compassion, et \u00e0 comprendre que les autres, en \u00e9tant diff\u00e9rents, peuvent aussi \u00eatre dans<\/em><br \/><em>le vrai.<\/em><\/p>\n\n\t<div class=\"clearboth\"><\/div>\n<\/div>\n\n\t<\/div>\n\n\n<div class=\"wpb_row vc_inner vc_row vc_row-fluid jupiter-donut-   attched-false\">\n\t\t\t<div class=\"wpb_column vc_column_container vc_col-sm-4\"><div class=\"vc_column-inner\"><div class=\"wpb_wrapper\">\n<div id=\"mk-button-7\" class=\"mk-button-container _ jupiter-donut-relative jupiter-donut-width-full   jupiter-donut-inline-block jupiter-donut-left\">\n\n\t\n\t\t<a href=\"https:\/\/enkoeducation.com\/ouaga\/fr\/primaire\/\" target=\"_blank\" class=\"mk-button js-smooth-scroll mk-button--dimension-flat mk-button--size-xx-large mk-button--corner-full_rounded text-color-light _ jupiter-donut-relative jupiter-donut-text-center jupiter-donut-font-weight-700 jupiter-donut-no-backface  jupiter-donut-letter-spacing-2 jupiter-donut-block\"><span class=\"mk-button--text\">Programme du primaire<\/span><\/a>\n\n\t\n<\/div>\n<\/div><\/div><\/div><div class=\"wpb_column vc_column_container vc_col-sm-4\"><div class=\"vc_column-inner\"><div class=\"wpb_wrapper\">\n<div id=\"mk-button-8\" class=\"mk-button-container _ jupiter-donut-relative jupiter-donut-width-full   jupiter-donut-inline-block jupiter-donut-left\">\n\n\t\n\t\t<a href=\"https:\/\/www.ibo.org\/programmes\/middle-years-programme\/\" target=\"_blank\" class=\"mk-button js-smooth-scroll mk-button--dimension-flat mk-button--size-xx-large mk-button--corner-full_rounded text-color-light _ jupiter-donut-relative jupiter-donut-text-center jupiter-donut-font-weight-700 jupiter-donut-no-backface  jupiter-donut-letter-spacing-2 jupiter-donut-block\"><span class=\"mk-button--text\">Programme du Coll\u00e8ge<\/span><\/a>\n\n\t\n<\/div>\n<\/div><\/div><\/div><div class=\"wpb_column vc_column_container vc_col-sm-4\"><div class=\"vc_column-inner\"><div class=\"wpb_wrapper\">\n<div id=\"mk-button-9\" class=\"mk-button-container _ jupiter-donut-relative    jupiter-donut-inline-block jupiter-donut-left\">\n\n\t\n\t\t<a href=\"https:\/\/www.ibo.org\/fr\/programmes\/diploma-programme\/\" target=\"_blank\" class=\"mk-button js-smooth-scroll mk-button--dimension-flat mk-button--size-xx-large mk-button--corner-full_rounded text-color-light _ jupiter-donut-relative jupiter-donut-text-center jupiter-donut-font-weight-700 jupiter-donut-no-backface  jupiter-donut-letter-spacing-2 jupiter-donut-inline-block\"><span class=\"mk-button--text\">Programme du Dipl\u00f4me IB<\/span><\/a>\n\n\t\n<\/div>\n<\/div><\/div><\/div>\t<\/div>\n\n\n<div class=\"wpb_row vc_inner vc_row vc_row-fluid jupiter-donut-   attched-false\">\n\t\t\t<div class=\"wpb_column vc_column_container vc_col-sm-4\"><div class=\"vc_column-inner\"><div class=\"wpb_wrapper\">\n<h2 id=\"fancy-title-10\" class=\"mk-fancy-title  simple-style jupiter-donut-  color-single\">\n\t<span>\n\t\t\t\t<p>Du CPU au CM2<\/p>\n\t\t\t<\/span>\n<\/h2>\n<div class=\"clearboth\"><\/div>\n\n\n\n<\/div><\/div><\/div><div class=\"wpb_column vc_column_container vc_col-sm-4\"><div class=\"vc_column-inner\"><div class=\"wpb_wrapper\">\n<h2 id=\"fancy-title-11\" class=\"mk-fancy-title  simple-style jupiter-donut-  color-single\">\n\t<span>\n\t\t\t\t<p>De la 6\u00e8me \u00e0 la Seconde<\/p>\n\t\t\t<\/span>\n<\/h2>\n<div class=\"clearboth\"><\/div>\n\n\n\n<\/div><\/div><\/div><div class=\"wpb_column vc_column_container vc_col-sm-4\"><div class=\"vc_column-inner\"><div class=\"wpb_wrapper\">\n<h2 id=\"fancy-title-12\" class=\"mk-fancy-title  simple-style jupiter-donut-  color-single\">\n\t<span>\n\t\t\t\t<p style=\"text-align: center\"><strong>De la 1\u00e8re \u00e0 la Terminale<\/strong><\/p>\n\t\t\t<\/span>\n<\/h2>\n<div class=\"clearboth\"><\/div>\n\n\n\n<\/div><\/div><\/div>\t<\/div>\n<\/div>\n\t<\/div>\n\n<div class=\"mk-page-section-wrapper\" data-mk-full-width=\"true\" data-mk-full-width-init=\"true\" data-mk-stretch-content=\"true\">\n\t<div id=\"page-section-13\" class=\"mk-page-section self-hosted   full_layout full-width-13 js-el js-master-row jupiter-donut-\"    data-intro-effect=\"false\">\n\n\t\t\t\n\t\t\t<div class=\"mk-page-section-inner\">\n\t\t\t\t\n\n\n<div class=\"mk-video-color-mask\"><\/div>\n\n\t\t\t\t\n\t\t\t\t\t\t\t<\/div>\n\n\t\t\t\n        <div class=\"page-section-content vc_row-fluid mk-grid\" >\n            <div class=\"mk-padding-wrapper wpb_row\">\n<div class=\"vc_col-sm-12 wpb_column column_container  jupiter-donut- _ jupiter-donut-height-full\">\n\t<\/div>\n<\/div>\n            <div class=\"clearboth\"><\/div>\n        <\/div>\n\n\n\t\t\t\n\t\t\t\n\t\t\t\n\t\t<div class=\"clearboth\"><\/div>\n\t<\/div>\n<\/div>\n<div class=\"vc_row-full-width vc_clearfix\"><\/div>\t\t\t\t\t\t<\/div>\n\t\t\t\t<\/div>\n\t\t\t\t\t<\/div>\n\t\t<\/div>\n\t\t\t\t\t<\/div>\n\t\t<\/section>\n\t\t\t\t<\/div>\n\t\t<\/section>","protected":false},"excerpt":{"rendered":"Le programme du Baccalaur\u00e9at International Enko Ouaga Campus est le premier \u00e9tablissement scolaire accr\u00e9dit\u00e9 IB au Burkina Faso et proposant le Programme du dipl\u00f4me du Baccalaur\u00e9at international (IB). Les \u00e9coles du monde de l&#039;IB partagent une philosophie commune : elles s&#039;\u00e9vertuent \u00e0 am\u00e9liorer l&#039;enseignement et l&#039;apprentissage au profit d&#039;une communaut\u00e9 inclusive d&#039;\u00e9l\u00e8ves d&#039;une grande diversit\u00e9, [...]","protected":false},"author":1,"featured_media":0,"parent":0,"menu_order":0,"comment_status":"closed","ping_status":"closed","template":"","meta":{"footnotes":""},"class_list":["post-287","page","type-page","status-publish","hentry"],"yoast_head":"<!-- This site is optimized with the Yoast SEO Premium plugin v18.2.1 (Yoast SEO v23.2) - https:\/\/yoast.com\/wordpress\/plugins\/seo\/ -->\n<title>Curriculum - Enko Ouaga International School<\/title>\n<meta name=\"robots\" content=\"index, follow, max-snippet:-1, max-image-preview:large, max-video-preview:-1\" \/>\n<link rel=\"canonical\" href=\"https:\/\/enkoeducation.com\/ouaga\/fr\/curriculum\/\" \/>\n<meta property=\"og:locale\" content=\"fr_FR\" \/>\n<meta property=\"og:type\" content=\"article\" \/>\n<meta property=\"og:title\" content=\"Curriculum\" \/>\n<meta property=\"og:url\" content=\"https:\/\/enkoeducation.com\/ouaga\/fr\/curriculum\/\" \/>\n<meta property=\"og:site_name\" content=\"Enko Ouaga International School\" \/>\n<meta property=\"article:modified_time\" content=\"2024-12-16T17:46:05+00:00\" \/>\n<meta name=\"twitter:card\" content=\"summary_large_image\" \/>\n<meta name=\"twitter:label1\" content=\"Dur\u00e9e de lecture estim\u00e9e\" \/>\n\t<meta name=\"twitter:data1\" content=\"2 minutes\" \/>\n<script type=\"application\/ld+json\" class=\"yoast-schema-graph\">{\"@context\":\"https:\/\/schema.org\",\"@graph\":[{\"@type\":\"WebPage\",\"@id\":\"https:\/\/enkoeducation.com\/ouaga\/curriculum\/\",\"url\":\"https:\/\/enkoeducation.com\/ouaga\/curriculum\/\",\"name\":\"Curriculum - Enko Ouaga International School\",\"isPartOf\":{\"@id\":\"https:\/\/enkoeducation.com\/ouaga\/#website\"},\"datePublished\":\"2018-01-22T13:23:59+00:00\",\"dateModified\":\"2024-12-16T17:46:05+00:00\",\"breadcrumb\":{\"@id\":\"https:\/\/enkoeducation.com\/ouaga\/curriculum\/#breadcrumb\"},\"inLanguage\":\"fr-FR\",\"potentialAction\":[{\"@type\":\"ReadAction\",\"target\":[\"https:\/\/enkoeducation.com\/ouaga\/curriculum\/\"]}]},{\"@type\":\"BreadcrumbList\",\"@id\":\"https:\/\/enkoeducation.com\/ouaga\/curriculum\/#breadcrumb\",\"itemListElement\":[{\"@type\":\"ListItem\",\"position\":1,\"name\":\"Home\",\"item\":\"https:\/\/enkoeducation.com\/ouaga\/\"},{\"@type\":\"ListItem\",\"position\":2,\"name\":\"Curriculum\"}]},{\"@type\":\"WebSite\",\"@id\":\"https:\/\/enkoeducation.com\/ouaga\/#website\",\"url\":\"https:\/\/enkoeducation.com\/ouaga\/\",\"name\":\"Enko Ouaga International School\",\"description\":\"Just another Enko Education Sites site\",\"potentialAction\":[{\"@type\":\"SearchAction\",\"target\":{\"@type\":\"EntryPoint\",\"urlTemplate\":\"https:\/\/enkoeducation.com\/ouaga\/?s={search_term_string}\"},\"query-input\":\"required name=search_term_string\"}],\"inLanguage\":\"fr-FR\"}]}<\/script>\n<!-- \/ Yoast SEO Premium plugin. -->","yoast_head_json":{"title":"Curriculum - Enko Ouaga International School","robots":{"index":"index","follow":"follow","max-snippet":"max-snippet:-1","max-image-preview":"max-image-preview:large","max-video-preview":"max-video-preview:-1"},"canonical":"https:\/\/enkoeducation.com\/ouaga\/fr\/curriculum\/","og_locale":"fr_FR","og_type":"article","og_title":"Curriculum","og_url":"https:\/\/enkoeducation.com\/ouaga\/fr\/curriculum\/","og_site_name":"Enko Ouaga International School","article_modified_time":"2024-12-16T17:46:05+00:00","twitter_card":"summary_large_image","twitter_misc":{"Dur\u00e9e de lecture estim\u00e9e":"2 minutes"},"schema":{"@context":"https:\/\/schema.org","@graph":[{"@type":"WebPage","@id":"https:\/\/enkoeducation.com\/ouaga\/curriculum\/","url":"https:\/\/enkoeducation.com\/ouaga\/curriculum\/","name":"Curriculum - Enko Ouaga International School","isPartOf":{"@id":"https:\/\/enkoeducation.com\/ouaga\/#website"},"datePublished":"2018-01-22T13:23:59+00:00","dateModified":"2024-12-16T17:46:05+00:00","breadcrumb":{"@id":"https:\/\/enkoeducation.com\/ouaga\/curriculum\/#breadcrumb"},"inLanguage":"fr-FR","potentialAction":[{"@type":"ReadAction","target":["https:\/\/enkoeducation.com\/ouaga\/curriculum\/"]}]},{"@type":"BreadcrumbList","@id":"https:\/\/enkoeducation.com\/ouaga\/curriculum\/#breadcrumb","itemListElement":[{"@type":"ListItem","position":1,"name":"Home","item":"https:\/\/enkoeducation.com\/ouaga\/"},{"@type":"ListItem","position":2,"name":"Curriculum"}]},{"@type":"WebSite","@id":"https:\/\/enkoeducation.com\/ouaga\/#website","url":"https:\/\/enkoeducation.com\/ouaga\/","name":"Enko Ouaga International School","description":"Just another Enko Education Sites site","potentialAction":[{"@type":"SearchAction","target":{"@type":"EntryPoint","urlTemplate":"https:\/\/enkoeducation.com\/ouaga\/?s={search_term_string}"},"query-input":"required name=search_term_string"}],"inLanguage":"fr-FR"}]}},"_links":{"self":[{"href":"https:\/\/enkoeducation.com\/ouaga\/fr\/wp-json\/wp\/v2\/pages\/287"}],"collection":[{"href":"https:\/\/enkoeducation.com\/ouaga\/fr\/wp-json\/wp\/v2\/pages"}],"about":[{"href":"https:\/\/enkoeducation.com\/ouaga\/fr\/wp-json\/wp\/v2\/types\/page"}],"author":[{"embeddable":true,"href":"https:\/\/enkoeducation.com\/ouaga\/fr\/wp-json\/wp\/v2\/users\/1"}],"replies":[{"embeddable":true,"href":"https:\/\/enkoeducation.com\/ouaga\/fr\/wp-json\/wp\/v2\/comments?post=287"}],"version-history":[{"count":55,"href":"https:\/\/enkoeducation.com\/ouaga\/fr\/wp-json\/wp\/v2\/pages\/287\/revisions"}],"predecessor-version":[{"id":2258,"href":"https:\/\/enkoeducation.com\/ouaga\/fr\/wp-json\/wp\/v2\/pages\/287\/revisions\/2258"}],"wp:attachment":[{"href":"https:\/\/enkoeducation.com\/ouaga\/fr\/wp-json\/wp\/v2\/media?parent=287"}],"curies":[{"name":"wp","href":"https:\/\/api.w.org\/{rel}","templated":true}]}}