{"id":249,"date":"2017-02-22T10:00:49","date_gmt":"2017-02-22T10:00:49","guid":{"rendered":"http:\/\/biandel.com\/osogoa\/?page_id=5"},"modified":"2022-05-11T08:06:08","modified_gmt":"2022-05-11T08:06:08","slug":"home","status":"publish","type":"page","link":"https:\/\/enkoeducation.com\/sekeleka\/fr\/","title":{"rendered":"Maison"},"content":{"rendered":"<section class=\"wpb-content-wrapper\">\n<div class=\"mk-page-section-wrapper\" data-mk-full-width=\"true\" data-mk-full-width-init=\"true\" data-mk-stretch-content=\"true\">\n\t<div id=\"page-section-1\" class=\"mk-page-section self-hosted   full_layout full-width-1 js-el js-master-row jupiter-donut-\"    data-intro-effect=\"false\">\n\n\t\t\t\n\t\t\t<div class=\"mk-page-section-inner\">\n\t\t\t\t\n\n\n<div style=\"background-color:#0a0a0a;opacity:0.3;\" class=\"mk-video-color-mask\"><\/div>\n\n\t\t\t\t\n\t\t\t\t\n\t\n\t<div class=\"background-layer-holder\">\n\t\t<div id=\"background-layer--1\" data-mk-lazyload=\"false\" class=\"background-layer mk-background-stretch darken-blend-effect js-el\"   data-blend=\"darken\" data-mk-img-set='{\"landscape\":{\"external\":\"https:\/\/enkoeducation.com\/sekeleka\/wp-content\/uploads\/sites\/23\/2020\/03\/crche-2.jpg\"},\"responsive\":\"true\"}' >\n\t\t\t\t\t\t\t\t\t\t<div class=\"mk-blend-layer\"><\/div>\n\t\t\t\t\t\t<div class=\"mk-color-layer\"><\/div>\n\t\t<\/div>\n\t<\/div>\n\n\t\t\t<\/div>\n\n\t\t\t\n        <div class=\"page-section-content vc_row-fluid mk-grid\" >\n            <div class=\"mk-padding-wrapper wpb_row\">\n<div class=\"vc_col-sm-12 wpb_column column_container  jupiter-donut- _ jupiter-donut-height-full\">\n\t\n<h1 id=\"fancy-title-3\" class=\"mk-fancy-title  simple-style jupiter-donut-  color-single\">\n\t<span>\n\t\t\t\t<h1 style=\"text-align: center;\"><strong><span style=\"color: #ffffff;\">Bienvenue au campus d&#039;Enko Sekeleka<\/span><\/strong><\/h1>\n\t\t\t<\/span>\n<\/h1>\n<div class=\"clearboth\"><\/div>\n\n\n\n<style>#fancy-title-3 {font-family: \"Montserrat\"}<\/style>\n\n<div class=\"wpb_row vc_inner vc_row vc_row-fluid jupiter-donut-   attched-false\">\n\t\t\t<div class=\"wpb_column vc_column_container vc_col-sm-12\"><div class=\"vc_column-inner\"><div class=\"wpb_wrapper\">\n\t<div  class=\"wpb_single_image wpb_content_element vc_align_center\">\n\t\t\n\t\t<figure class=\"wpb_wrapper vc_figure\">\n\t\t\t<a href=\"\/sekeleka\/fr\/enrol-now\/\" target=\"_self\" class=\"vc_single_image-wrapper   vc_box_border_grey\"><img decoding=\"async\" width=\"271\" height=\"75\" src=\"https:\/\/enkoeducation.com\/sekeleka\/wp-content\/uploads\/sites\/23\/2018\/08\/enrolnowbutton-e1533893415641.png\" class=\"vc_single_image-img attachment-full\" alt=\"\" title=\"bouton d&#039;inscription\" itemprop=\"image\" \/><\/a>\n\t\t<\/figure>\n\t<\/div>\n<\/div><\/div><\/div>\t<\/div>\n\n<div id=\"mk-button-4\" class=\"mk-button-container _ jupiter-donut-relative    jupiter-donut-block jupiter-donut-text-center\">\n\n\t\n\t\t<a href=\"https:\/\/enkoeducation.com\/sekeleka\/fr\/COVID-19\/\" target=\"_blank\" class=\"mk-button js-smooth-scroll mk-button--dimension-two mk-button--size-x-large mk-button--corner-full_rounded text-color-light _ jupiter-donut-relative jupiter-donut-text-center jupiter-donut-font-weight-700 jupiter-donut-no-backface  jupiter-donut-letter-spacing-2 jupiter-donut-inline-block\"><span class=\"mk-button--text\">COVID 19<\/span><\/a>\n\n\t\n<\/div>\n<\/div>\n<\/div>\n            <div class=\"clearboth\"><\/div>\n        <\/div>\n\n\n\t\t\t\n\t\t\t\n\t\t\t\n\t\t<div class=\"clearboth\"><\/div>\n\t<\/div>\n<\/div>\n<div class=\"vc_row-full-width vc_clearfix\"><\/div>\n\n\n<div  data-mk-stretch-content=\"true\" class=\"wpb_row vc_row vc_row-fluid jupiter-donut- mk-fullwidth-false  attched-false    vc_custom_1516613498951  js-master-row  mk-grid\">\n\t\t\t\t\n<div class=\"vc_col-sm-12 wpb_column column_container  jupiter-donut- _ jupiter-donut-height-full\">\n\t\n<div id=\"padding-6\" class=\"mk-padding-divider jupiter-donut-  jupiter-donut-clearfix\"><\/div>\n\n\n<h2 id=\"fancy-title-7\" class=\"mk-fancy-title  simple-style jupiter-donut-  color-single\">\n\t<span>\n\t\t\t\t<p>L&#039;\u00e9cole<\/p>\n\t\t\t<\/span>\n<\/h2>\n<div class=\"clearboth\"><\/div>\n\n\n\n\n\n<div class=\"wpb_row vc_inner vc_row vc_row-fluid jupiter-donut-   attched-false\">\n\t\t\t<div class=\"wpb_column vc_column_container vc_col-sm-4\"><div class=\"vc_column-inner\"><div class=\"wpb_wrapper\"><div  class=\"mk-image mk-image-8 jupiter-donut-  mk-image-lazyload align-left simple-frame inside-image\" style=\"margin-bottom:10px\"><div class=\"mk-image-container\" style=\"max-width: 800px;\"><div  class=\"mk-image-holder\" style=\"max-width: 800px;\"><div class=\"mk-image-inner\"><img fetchpriority=\"high\" decoding=\"async\" class=\"lightbox-false\" alt=\"Home\" title=\"Maison\" width=\"800\" height=\"600\" src=\"https:\/\/enkoeducation.com\/sekeleka\/wp-content\/uploads\/sites\/23\/bfi_thumb\/img_3197-omsyjdq1fwau5c2o8eya8xu8lr3n2r7s1clxnmedtc.jpg\" \/><\/div><\/div><div class=\"clearboth\"><\/div><\/div><\/div><\/div><\/div><\/div><div class=\"wpb_column vc_column_container vc_col-sm-4\"><div class=\"vc_column-inner\"><div class=\"wpb_wrapper\"><div  class=\"mk-image mk-image-9 jupiter-donut-  mk-image-lazyload align-left simple-frame inside-image\" style=\"margin-bottom:10px\"><div class=\"mk-image-container\" style=\"max-width: 800px;\"><div  class=\"mk-image-holder\" style=\"max-width: 800px;\"><div class=\"mk-image-inner\"><img decoding=\"async\" class=\"lightbox-false\" alt=\"Home\" title=\"Maison\" width=\"800\" height=\"600\" src=\"https:\/\/enkoeducation.com\/sekeleka\/wp-content\/uploads\/sites\/23\/bfi_thumb\/img_3188-1-omsyj3dtcpwolmhowshdzig62iilq32qbxfldktpps.jpg\" \/><\/div><\/div><div class=\"clearboth\"><\/div><\/div><\/div><\/div><\/div><\/div><div class=\"wpb_column vc_column_container vc_col-sm-4\"><div class=\"vc_column-inner\"><div class=\"wpb_wrapper\"><div  class=\"mk-image mk-image-10 jupiter-donut-  mk-image-lazyload align-left simple-frame inside-image\" style=\"margin-bottom:10px\"><div class=\"mk-image-container\" style=\"max-width: 800px;\"><div  class=\"mk-image-holder\" style=\"max-width: 800px;\"><div class=\"mk-image-inner\"><img loading=\"lazy\" decoding=\"async\" class=\"lightbox-false\" alt=\"Home\" title=\"Maison\" width=\"800\" height=\"600\" src=\"https:\/\/enkoeducation.com\/sekeleka\/wp-content\/uploads\/sites\/23\/bfi_thumb\/dscn4118-omsydclbl61lneu2gb3gqymrdqtuoo9s7hwrspcbqo.jpg\" \/><\/div><\/div><div class=\"clearboth\"><\/div><\/div><\/div><\/div><\/div><\/div>\t<\/div>\n\n<div id=\"padding-11\" class=\"mk-padding-divider jupiter-donut-  jupiter-donut-clearfix\"><\/div>\n\n\t<div class=\"vc_custom_1651749429188\">\n\n<div id=\"text-block-12\" class=\"mk-text-block  jupiter-donut-\">\n\n\t\n\t<p>Bienvenue au campus Enko Sekeleka.<\/p>\n<p>Notre objectif, gr\u00e2ce \u00e0 l\u2019enseignement secondaire en anglais dans un environnement multiculturel, est de d\u00e9mocratiser une \u00e9ducation abordable et de qualit\u00e9 en Afrique subsaharienne et de fournir \u00e0 nos jeunes \u00e9tudiants ambitieux du Mozambique une rampe de lancement vers les meilleures universit\u00e9s du monde.<\/p>\n<p>\u00c0 cette fin, nous disposons d\u2019une main-d\u2019\u0153uvre hautement qualifi\u00e9e et d\u00e9vou\u00e9e, form\u00e9e pour dispenser des programmes d\u2019\u00e9tudes internationaux actualis\u00e9s visant \u00e0 former des citoyens du monde \u00e9quilibr\u00e9s qui apporteront des contributions positives \u00e0 leurs communaut\u00e9s dans un monde en constante \u00e9volution.<\/p>\n\n\t<div class=\"clearboth\"><\/div>\n<\/div>\n\n\t<\/div>\n<\/div>\n\t<\/div>\n\n<div class=\"mk-page-section-wrapper\" data-mk-full-width=\"true\" data-mk-full-width-init=\"true\" data-mk-stretch-content=\"true\">\n\t<div id=\"page-section-13\" class=\"mk-page-section self-hosted   full_layout full-width-13 js-el js-master-row jupiter-donut-\"    data-intro-effect=\"false\">\n\n\t\t\t\n\t\t\t<div class=\"mk-page-section-inner\">\n\t\t\t\t\n\n\n<div class=\"mk-video-color-mask\"><\/div>\n\n\t\t\t\t\n\t\t\t\t\t\t\t<\/div>\n\n\t\t\t\n        <div class=\"page-section-content vc_row-fluid mk-grid\" >\n            <div class=\"mk-padding-wrapper wpb_row\">\n<div class=\"vc_col-sm-12 wpb_column column_container  jupiter-donut- _ jupiter-donut-height-full\">\n\t\n\n<div class=\"wpb_row vc_inner vc_row vc_row-fluid jupiter-donut-   attched-false   vc_custom_1532523496413\">\n\t\t\t<div class=\"wpb_column vc_column_container vc_col-sm-4\"><div class=\"vc_column-inner\"><div class=\"wpb_wrapper\"><div  class=\"mk-image mk-image-15 jupiter-donut-  mk-image-lazyload align-center simple-frame inside-image\" style=\"margin-bottom:10px\"><div class=\"mk-image-container\" style=\"max-width: 53px;\"><div  class=\"mk-image-holder\" style=\"max-width: 53px;\"><div class=\"mk-image-inner\"><img loading=\"lazy\" decoding=\"async\" class=\"lightbox-false\" alt=\"Home\" title=\"Maison\" width=\"53\" height=\"56\" src=\"https:\/\/enkoeducation.com\/new-sekeleka\/wp-content\/uploads\/sites\/23\/2018\/01\/case_icon.png\" \/><\/div><\/div><div class=\"clearboth\"><\/div><\/div><\/div>\n<h2 id=\"fancy-title-16\" class=\"mk-fancy-title  simple-style jupiter-donut-  color-single\">\n\t<span>\n\t\t\t\t<p>Ouvert en 2017<\/p>\n\t\t\t<\/span>\n<\/h2>\n<div class=\"clearboth\"><\/div>\n\n\n\n<\/div><\/div><\/div><div class=\"wpb_column vc_column_container vc_col-sm-4\"><div class=\"vc_column-inner\"><div class=\"wpb_wrapper\"><div  class=\"mk-image mk-image-17 jupiter-donut-  mk-image-lazyload align-center simple-frame inside-image\" style=\"margin-bottom:10px\"><div class=\"mk-image-container\" style=\"max-width: 51px;\"><div  class=\"mk-image-holder\" style=\"max-width: 51px;\"><div class=\"mk-image-inner\"><img loading=\"lazy\" decoding=\"async\" class=\"lightbox-false\" alt=\"Home\" title=\"Maison\" width=\"51\" height=\"45\" src=\"https:\/\/enkoeducation.com\/new-sekeleka\/wp-content\/uploads\/sites\/23\/2018\/01\/year_icon.png\" \/><\/div><\/div><div class=\"clearboth\"><\/div><\/div><\/div>\n<h2 id=\"fancy-title-18\" class=\"mk-fancy-title  simple-style jupiter-donut-  color-single\">\n\t<span>\n\t\t\t\t<p>25 \u00e9l\u00e8ves par classe<\/p>\n\t\t\t<\/span>\n<\/h2>\n<div class=\"clearboth\"><\/div>\n\n\n\n<\/div><\/div><\/div><div class=\"wpb_column vc_column_container vc_col-sm-4\"><div class=\"vc_column-inner\"><div class=\"wpb_wrapper\"><div  class=\"mk-image mk-image-19 jupiter-donut-  mk-image-lazyload align-center simple-frame inside-image\" style=\"margin-bottom:10px\"><div class=\"mk-image-container\" style=\"max-width: 56px;\"><div  class=\"mk-image-holder\" style=\"max-width: 56px;\"><div class=\"mk-image-inner\"><img loading=\"lazy\" decoding=\"async\" class=\"lightbox-false\" alt=\"Home\" title=\"Maison\" width=\"56\" height=\"48\" src=\"https:\/\/enkoeducation.com\/new-sekeleka\/wp-content\/uploads\/sites\/23\/2018\/01\/hat_icon.png\" \/><\/div><\/div><div class=\"clearboth\"><\/div><\/div><\/div>\n<h2 id=\"fancy-title-20\" class=\"mk-fancy-title  simple-style jupiter-donut-  color-single\">\n\t<span>\n\t\t\t\t<p>36 enseignants pour 124 \u00e9l\u00e8ves<\/p>\n\t\t\t<\/span>\n<\/h2>\n<div class=\"clearboth\"><\/div>\n\n\n\n<\/div><\/div><\/div>\t<\/div>\n<\/div>\n<\/div>\n            <div class=\"clearboth\"><\/div>\n        <\/div>\n\n\n\t\t\t\n\t\t\t\n\t\t\t\n\t\t<div class=\"clearboth\"><\/div>\n\t<\/div>\n<\/div>\n<div class=\"vc_row-full-width vc_clearfix\"><\/div>\n\n\n<div class=\"mk-page-section-wrapper\" data-mk-full-width=\"true\" data-mk-full-width-init=\"true\" data-mk-stretch-content=\"true\">\n\t<div id=\"page-section-21\" class=\"mk-page-section self-hosted   full_layout full-width-21 js-el js-master-row jupiter-donut-\"    data-intro-effect=\"false\">\n\n\t\t\t\n\t\t\t<div class=\"mk-page-section-inner\">\n\t\t\t\t\n\n\n<div class=\"mk-video-color-mask\"><\/div>\n\n\t\t\t\t\n\t\t\t\t\t\t\t<\/div>\n\n\t\t\t\n        <div class=\"page-section-content vc_row-fluid mk-grid\" >\n            <div class=\"mk-padding-wrapper wpb_row\">\n<div class=\"vc_col-sm-12 wpb_column column_container  jupiter-donut- _ jupiter-donut-height-full\">\n\t\n\n<div class=\"wpb_row vc_inner vc_row vc_row-fluid jupiter-donut-   attched-false   vc_custom_1516629025801\">\n\t\t\t<div class=\"wpb_column vc_column_container vc_col-sm-4\"><div class=\"vc_column-inner\"><div class=\"wpb_wrapper\"><div  class=\"mk-image mk-image-23 jupiter-donut-  mk-image-lazyload align-center simple-frame inside-image\" style=\"margin-bottom:10px\"><div class=\"mk-image-container\" style=\"max-width: 56px;\"><div  class=\"mk-image-holder\" style=\"max-width: 56px;\"><div class=\"mk-image-inner\"><img loading=\"lazy\" decoding=\"async\" class=\"lightbox-false\" alt=\"Home\" title=\"Maison\" width=\"56\" height=\"45\" src=\"https:\/\/enkoeducation.com\/new-sekeleka\/wp-content\/uploads\/sites\/23\/2018\/01\/trophy_icon.png\" \/><\/div><\/div><div class=\"clearboth\"><\/div><\/div><\/div>\n<div id=\"mk-button-24\" class=\"mk-button-container _ jupiter-donut-relative    jupiter-donut-block jupiter-donut-text-center\">\n\n\t\n\t\t<a href=\"https:\/\/enkoeducation.com\/sekeleka\/fr\/curriculum\/\" target=\"_self\" class=\"mk-button js-smooth-scroll mk-button--dimension-flat mk-button--size-large mk-button--corner-full_rounded text-color-light _ jupiter-donut-relative jupiter-donut-text-center jupiter-donut-font-weight-700 jupiter-donut-no-backface  jupiter-donut-letter-spacing-2 jupiter-donut-inline-block\"><span class=\"mk-button--text\">PROGRAMME D&#039;\u00c9TUDES<\/span><\/a>\n\n\t\n<\/div>\n<\/div><\/div><\/div><div class=\"wpb_column vc_column_container vc_col-sm-4\"><div class=\"vc_column-inner\"><div class=\"wpb_wrapper\"><div  class=\"mk-image mk-image-25 jupiter-donut-  mk-image-lazyload align-center simple-frame inside-image\" style=\"margin-bottom:10px\"><div class=\"mk-image-container\" style=\"max-width: 56px;\"><div  class=\"mk-image-holder\" style=\"max-width: 56px;\"><div class=\"mk-image-inner\"><img loading=\"lazy\" decoding=\"async\" class=\"lightbox-false\" alt=\"Home\" title=\"Maison\" width=\"56\" height=\"50\" src=\"https:\/\/enkoeducation.com\/new-sekeleka\/wp-content\/uploads\/sites\/23\/2018\/01\/envelope_icon.png\" \/><\/div><\/div><div class=\"clearboth\"><\/div><\/div><\/div>\n<div id=\"mk-button-26\" class=\"mk-button-container _ jupiter-donut-relative    jupiter-donut-block jupiter-donut-text-center\">\n\n\t\n\t\t<a href=\"https:\/\/enkoeducation.com\/sekeleka\/fr\/admission\/\" target=\"_self\" class=\"mk-button js-smooth-scroll mk-button--dimension-flat mk-button--size-large mk-button--corner-full_rounded text-color-light _ jupiter-donut-relative jupiter-donut-text-center jupiter-donut-font-weight-700 jupiter-donut-no-backface  jupiter-donut-letter-spacing-2 jupiter-donut-inline-block\"><span class=\"mk-button--text\">ADMISSION<\/span><\/a>\n\n\t\n<\/div>\n<\/div><\/div><\/div><div class=\"wpb_column vc_column_container vc_col-sm-4\"><div class=\"vc_column-inner\"><div class=\"wpb_wrapper\"><div  class=\"mk-image mk-image-27 jupiter-donut-  mk-image-lazyload align-center simple-frame inside-image\" style=\"margin-bottom:10px\"><div class=\"mk-image-container\" style=\"max-width: 28px;\"><div  class=\"mk-image-holder\" style=\"max-width: 28px;\"><div class=\"mk-image-inner\"><img loading=\"lazy\" decoding=\"async\" class=\"lightbox-false\" alt=\"Home\" title=\"Maison\" width=\"28\" height=\"56\" src=\"https:\/\/enkoeducation.com\/new-sekeleka\/wp-content\/uploads\/sites\/23\/2018\/01\/phone_icon.png\" \/><\/div><\/div><div class=\"clearboth\"><\/div><\/div><\/div>\n<div id=\"mk-button-28\" class=\"mk-button-container _ jupiter-donut-relative    jupiter-donut-block jupiter-donut-text-center\">\n\n\t\n\t\t<a href=\"https:\/\/enkoeducation.com\/sekeleka\/fr\/contact\/\" target=\"_self\" class=\"mk-button js-smooth-scroll mk-button--dimension-flat mk-button--size-large mk-button--corner-full_rounded text-color-light _ jupiter-donut-relative jupiter-donut-text-center jupiter-donut-font-weight-700 jupiter-donut-no-backface  jupiter-donut-letter-spacing-2 jupiter-donut-inline-block\"><span class=\"mk-button--text\">CONTACT<\/span><\/a>\n\n\t\n<\/div>\n<\/div><\/div><\/div>\t<\/div>\n<\/div>\n<\/div>\n            <div class=\"clearboth\"><\/div>\n        <\/div>\n\n\n\t\t\t\n\t\t\t\n\t\t\t\n\t\t<div class=\"clearboth\"><\/div>\n\t<\/div>\n<\/div>\n<div class=\"vc_row-full-width vc_clearfix\"><\/div>\n\n\n<\/section>","protected":false},"excerpt":{"rendered":"Bienvenue au campus Enko Sekeleka COVID-19 L&#039;\u00e9cole Bienvenue au campus Enko Sekeleka. Notre objectif, gr\u00e2ce \u00e0 l&#039;enseignement secondaire en anglais dans un cadre multiculturel, est de d\u00e9mocratiser une \u00e9ducation abordable et de qualit\u00e9 en Afrique subsaharienne et de fournir \u00e0 nos jeunes \u00e9tudiants ambitieux du Mozambique une rampe de lancement vers les meilleures universit\u00e9s du monde. \u00c0 cette fin, nous avons mis en place un [...]","protected":false},"author":1,"featured_media":0,"parent":0,"menu_order":0,"comment_status":"closed","ping_status":"closed","template":"","meta":{"footnotes":""},"class_list":["post-249","page","type-page","status-publish","hentry"],"yoast_head":"<!-- This site is optimized with the Yoast SEO Premium plugin v18.2.1 (Yoast SEO v23.2) - https:\/\/yoast.com\/wordpress\/plugins\/seo\/ -->\n<title>Home - Enko Sekeleka International School<\/title>\n<meta name=\"robots\" content=\"index, follow, max-snippet:-1, max-image-preview:large, max-video-preview:-1\" \/>\n<link rel=\"canonical\" href=\"https:\/\/enkoeducation.com\/sekeleka\/fr\/\" \/>\n<meta property=\"og:locale\" content=\"fr_FR\" \/>\n<meta property=\"og:type\" content=\"article\" \/>\n<meta property=\"og:title\" content=\"Home\" \/>\n<meta property=\"og:url\" content=\"https:\/\/enkoeducation.com\/sekeleka\/fr\/\" \/>\n<meta property=\"og:site_name\" content=\"Enko Sekeleka International School\" \/>\n<meta property=\"article:modified_time\" content=\"2022-05-11T08:06:08+00:00\" \/>\n<meta name=\"twitter:card\" content=\"summary_large_image\" \/>\n<meta name=\"twitter:label1\" content=\"Dur\u00e9e de lecture estim\u00e9e\" \/>\n\t<meta name=\"twitter:data1\" content=\"1 minute\" \/>\n<script type=\"application\/ld+json\" class=\"yoast-schema-graph\">{\"@context\":\"https:\/\/schema.org\",\"@graph\":[{\"@type\":\"WebPage\",\"@id\":\"https:\/\/enkoeducation.com\/sekeleka\/\",\"url\":\"https:\/\/enkoeducation.com\/sekeleka\/\",\"name\":\"Home - Enko Sekeleka International School\",\"isPartOf\":{\"@id\":\"https:\/\/enkoeducation.com\/sekeleka\/en\/#website\"},\"datePublished\":\"2017-02-22T10:00:49+00:00\",\"dateModified\":\"2022-05-11T08:06:08+00:00\",\"breadcrumb\":{\"@id\":\"https:\/\/enkoeducation.com\/sekeleka\/#breadcrumb\"},\"inLanguage\":\"fr-FR\",\"potentialAction\":[{\"@type\":\"ReadAction\",\"target\":[\"https:\/\/enkoeducation.com\/sekeleka\/\"]}]},{\"@type\":\"BreadcrumbList\",\"@id\":\"https:\/\/enkoeducation.com\/sekeleka\/#breadcrumb\",\"itemListElement\":[{\"@type\":\"ListItem\",\"position\":1,\"name\":\"Home\",\"item\":\"https:\/\/enkoeducation.com\/sekeleka\/\"},{\"@type\":\"ListItem\",\"position\":2,\"name\":\"Home\"}]},{\"@type\":\"WebSite\",\"@id\":\"https:\/\/enkoeducation.com\/sekeleka\/en\/#website\",\"url\":\"https:\/\/enkoeducation.com\/sekeleka\/en\/\",\"name\":\"Enko Sekeleka International School\",\"description\":\"African International Primary and Secondary School in Mozambique\",\"potentialAction\":[{\"@type\":\"SearchAction\",\"target\":{\"@type\":\"EntryPoint\",\"urlTemplate\":\"https:\/\/enkoeducation.com\/sekeleka\/en\/?s={search_term_string}\"},\"query-input\":\"required name=search_term_string\"}],\"inLanguage\":\"fr-FR\"}]}<\/script>\n<!-- \/ Yoast SEO Premium plugin. -->","yoast_head_json":{"title":"Home - Enko Sekeleka International School","robots":{"index":"index","follow":"follow","max-snippet":"max-snippet:-1","max-image-preview":"max-image-preview:large","max-video-preview":"max-video-preview:-1"},"canonical":"https:\/\/enkoeducation.com\/sekeleka\/fr\/","og_locale":"fr_FR","og_type":"article","og_title":"Home","og_url":"https:\/\/enkoeducation.com\/sekeleka\/fr\/","og_site_name":"Enko Sekeleka International School","article_modified_time":"2022-05-11T08:06:08+00:00","twitter_card":"summary_large_image","twitter_misc":{"Dur\u00e9e de lecture estim\u00e9e":"1 minute"},"schema":{"@context":"https:\/\/schema.org","@graph":[{"@type":"WebPage","@id":"https:\/\/enkoeducation.com\/sekeleka\/","url":"https:\/\/enkoeducation.com\/sekeleka\/","name":"Home - Enko Sekeleka International School","isPartOf":{"@id":"https:\/\/enkoeducation.com\/sekeleka\/en\/#website"},"datePublished":"2017-02-22T10:00:49+00:00","dateModified":"2022-05-11T08:06:08+00:00","breadcrumb":{"@id":"https:\/\/enkoeducation.com\/sekeleka\/#breadcrumb"},"inLanguage":"fr-FR","potentialAction":[{"@type":"ReadAction","target":["https:\/\/enkoeducation.com\/sekeleka\/"]}]},{"@type":"BreadcrumbList","@id":"https:\/\/enkoeducation.com\/sekeleka\/#breadcrumb","itemListElement":[{"@type":"ListItem","position":1,"name":"Home","item":"https:\/\/enkoeducation.com\/sekeleka\/"},{"@type":"ListItem","position":2,"name":"Home"}]},{"@type":"WebSite","@id":"https:\/\/enkoeducation.com\/sekeleka\/en\/#website","url":"https:\/\/enkoeducation.com\/sekeleka\/en\/","name":"Enko Sekeleka International School","description":"African International Primary and Secondary School in Mozambique","potentialAction":[{"@type":"SearchAction","target":{"@type":"EntryPoint","urlTemplate":"https:\/\/enkoeducation.com\/sekeleka\/en\/?s={search_term_string}"},"query-input":"required name=search_term_string"}],"inLanguage":"fr-FR"}]}},"_links":{"self":[{"href":"https:\/\/enkoeducation.com\/sekeleka\/fr\/wp-json\/wp\/v2\/pages\/249"}],"collection":[{"href":"https:\/\/enkoeducation.com\/sekeleka\/fr\/wp-json\/wp\/v2\/pages"}],"about":[{"href":"https:\/\/enkoeducation.com\/sekeleka\/fr\/wp-json\/wp\/v2\/types\/page"}],"author":[{"embeddable":true,"href":"https:\/\/enkoeducation.com\/sekeleka\/fr\/wp-json\/wp\/v2\/users\/1"}],"replies":[{"embeddable":true,"href":"https:\/\/enkoeducation.com\/sekeleka\/fr\/wp-json\/wp\/v2\/comments?post=249"}],"version-history":[{"count":76,"href":"https:\/\/enkoeducation.com\/sekeleka\/fr\/wp-json\/wp\/v2\/pages\/249\/revisions"}],"predecessor-version":[{"id":41605,"href":"https:\/\/enkoeducation.com\/sekeleka\/fr\/wp-json\/wp\/v2\/pages\/249\/revisions\/41605"}],"wp:attachment":[{"href":"https:\/\/enkoeducation.com\/sekeleka\/fr\/wp-json\/wp\/v2\/media?parent=249"}],"curies":[{"name":"wp","href":"https:\/\/api.w.org\/{rel}","templated":true}]}}