{"id":291,"date":"2018-01-22T13:24:39","date_gmt":"2018-01-22T13:24:39","guid":{"rendered":"http:\/\/165.227.224.6\/la-gaiete\/?page_id=291"},"modified":"2020-03-19T14:44:12","modified_gmt":"2020-03-19T14:44:12","slug":"practical-information","status":"publish","type":"page","link":"https:\/\/enkoeducation.com\/sekeleka\/fr\/practical-information\/","title":{"rendered":"Informations pratiques"},"content":{"rendered":"<section class=\"wpb-content-wrapper\">\n<div class=\"mk-page-section-wrapper\" data-mk-full-width=\"true\" data-mk-full-width-init=\"true\" data-mk-stretch-content=\"true\">\n\t<div id=\"page-section-1\" class=\"mk-page-section self-hosted   full_layout full-width-1 js-el js-master-row jupiter-donut-\"    data-intro-effect=\"false\">\n\n\t\t\t\n\t\t\t<div class=\"mk-page-section-inner\">\n\t\t\t\t\n\n\n<div style=\"background-color:#0a0a0a;opacity:0.3;\" class=\"mk-video-color-mask\"><\/div>\n\n\t\t\t\t\n\t\t\t\t\n\t\n\t<div class=\"background-layer-holder\">\n\t\t<div id=\"background-layer--1\" data-mk-lazyload=\"false\" class=\"background-layer mk-background-stretch darken-blend-effect js-el\"   data-blend=\"darken\" data-mk-img-set='{\"landscape\":{\"external\":\"https:\/\/enkoeducation.com\/sekeleka\/wp-content\/uploads\/sites\/23\/2018\/08\/enko-sekeleka-4.jpg\"},\"responsive\":\"true\"}' >\n\t\t\t\t\t\t\t\t\t\t<div class=\"mk-blend-layer\"><\/div>\n\t\t\t\t\t\t<div class=\"mk-color-layer\"><\/div>\n\t\t<\/div>\n\t<\/div>\n\n\t\t\t<\/div>\n\n\t\t\t\n        <div class=\"page-section-content vc_row-fluid mk-grid\" >\n            <div class=\"mk-padding-wrapper wpb_row\">\n<div class=\"vc_col-sm-12 wpb_column column_container  jupiter-donut- _ jupiter-donut-height-full\">\n\t\n\n<div class=\"wpb_row vc_inner vc_row vc_row-fluid jupiter-donut-   attched-false\">\n\t\t\t<div class=\"wpb_column vc_column_container vc_col-sm-12\"><div class=\"vc_column-inner\"><div class=\"wpb_wrapper\"><\/div><\/div><\/div>\t<\/div>\n<\/div>\n<\/div>\n            <div class=\"clearboth\"><\/div>\n        <\/div>\n\n\n\t\t\t\n\t\t\t\n\t\t\t\n\t\t<div class=\"clearboth\"><\/div>\n\t<\/div>\n<\/div>\n<div class=\"vc_row-full-width vc_clearfix\"><\/div>\n\n\n<div  data-mk-stretch-content=\"true\" class=\"wpb_row vc_row vc_row-fluid jupiter-donut- mk-fullwidth-false  attched-false     js-master-row  mk-grid\">\n\t\t\t\t\n<div class=\"vc_col-sm-12 wpb_column column_container  jupiter-donut- _ jupiter-donut-height-full\">\n\t\n<div id=\"padding-4\" class=\"mk-padding-divider jupiter-donut-  jupiter-donut-clearfix\"><\/div>\n\n\n\n<div class=\"wpb_row vc_inner vc_row vc_row-fluid jupiter-donut-   attched-false\">\n\t\t\t<div class=\"wpb_column vc_column_container vc_col-sm-3\"><div class=\"vc_column-inner\"><div class=\"wpb_wrapper\">\n\t<div  class=\"wpb_single_image wpb_content_element vc_align_left\">\n\t\t\n\t\t<figure class=\"wpb_wrapper vc_figure\">\n\t\t\t<div class=\"vc_single_image-wrapper   vc_box_border_grey\"><img decoding=\"async\" class=\"vc_single_image-img\" src=\"https:\/\/enkoeducation.com\/sekeleka\/wp-content\/uploads\/sites\/23\/2020\/03\/calendar-120x120.png\" width=\"120\" height=\"120\" alt=\"calendar\" title=\"calendrier\" \/><\/div>\n\t\t<\/figure>\n\t<\/div>\n<\/div><\/div><\/div><div class=\"wpb_column vc_column_container vc_col-sm-3\"><div class=\"vc_column-inner\"><div class=\"wpb_wrapper\">\n\t<div  class=\"wpb_single_image wpb_content_element vc_align_left\">\n\t\t\n\t\t<figure class=\"wpb_wrapper vc_figure\">\n\t\t\t<div class=\"vc_single_image-wrapper   vc_box_border_grey\"><img decoding=\"async\" class=\"vc_single_image-img\" src=\"https:\/\/enkoeducation.com\/sekeleka\/wp-content\/uploads\/sites\/23\/2020\/03\/book-150x150.png\" width=\"150\" height=\"150\" alt=\"book\" title=\"livre\" \/><\/div>\n\t\t<\/figure>\n\t<\/div>\n<\/div><\/div><\/div><div class=\"wpb_column vc_column_container vc_col-sm-3\"><div class=\"vc_column-inner\"><div class=\"wpb_wrapper\">\n\t<div  class=\"wpb_single_image wpb_content_element vc_align_left\">\n\t\t\n\t\t<figure class=\"wpb_wrapper vc_figure\">\n\t\t\t<div class=\"vc_single_image-wrapper   vc_box_border_grey\"><img decoding=\"async\" class=\"vc_single_image-img\" src=\"https:\/\/enkoeducation.com\/sekeleka\/wp-content\/uploads\/sites\/23\/2020\/03\/brush-120x120.png\" width=\"120\" height=\"120\" alt=\"brush\" title=\"brosse\" \/><\/div>\n\t\t<\/figure>\n\t<\/div>\n<\/div><\/div><\/div><div class=\"wpb_column vc_column_container vc_col-sm-3\"><div class=\"vc_column-inner\"><div class=\"wpb_wrapper\">\n\t<div  class=\"wpb_single_image wpb_content_element vc_align_left\">\n\t\t\n\t\t<figure class=\"wpb_wrapper vc_figure\">\n\t\t\t<div class=\"vc_single_image-wrapper   vc_box_border_grey\"><img loading=\"lazy\" decoding=\"async\" class=\"vc_single_image-img\" src=\"https:\/\/enkoeducation.com\/sekeleka\/wp-content\/uploads\/sites\/23\/2020\/03\/uniform-150x150.png\" width=\"150\" height=\"150\" alt=\"uniform\" title=\"uniforme\" \/><\/div>\n\t\t<\/figure>\n\t<\/div>\n<\/div><\/div><\/div>\t<\/div>\n\n\n<div class=\"wpb_row vc_inner vc_row vc_row-fluid jupiter-donut-   attched-false\">\n\t\t\t<div class=\"wpb_column vc_column_container vc_col-sm-3\"><div class=\"vc_column-inner\"><div class=\"wpb_wrapper\">\t<div class=\"vc_custom_1584628168493\">\n\n<div id=\"text-block-5\" class=\"mk-text-block  jupiter-donut-\">\n\n\t\n\t<h3>CALENDRIER<\/h3>\n<p>Informations \u00e0 venir<\/p>\n\n\t<div class=\"clearboth\"><\/div>\n<\/div>\n\n\t<\/div>\n<\/div><\/div><\/div><div class=\"wpb_column vc_column_container vc_col-sm-3\"><div class=\"vc_column-inner\"><div class=\"wpb_wrapper\">\t<div class=\"vc_custom_1584626879365\">\n\n<div id=\"text-block-6\" class=\"mk-text-block  jupiter-donut-\">\n\n\t\n\t<h3>LISTE DES LIVRES<\/h3>\n<p>Cliquez ici pour t\u00e9l\u00e9charger la liste des livres<\/p>\n\n\t<div class=\"clearboth\"><\/div>\n<\/div>\n\n\t<\/div>\n<\/div><\/div><\/div><div class=\"wpb_column vc_column_container vc_col-sm-3\"><div class=\"vc_column-inner\"><div class=\"wpb_wrapper\">\t<div class=\"vc_custom_1584628178549\">\n\n<div id=\"text-block-7\" class=\"mk-text-block  jupiter-donut-\">\n\n\t\n\t<h3>LISTE DE PAPETERIE<\/h3>\n<p>Nos \u00e9l\u00e8ves sont tenus de porter l&#039;uniforme.<\/p>\n<p>Veuillez t\u00e9l\u00e9charger les tarifs uniformes ici<\/p>\n\n\t<div class=\"clearboth\"><\/div>\n<\/div>\n\n\t<\/div>\n<\/div><\/div><\/div><div class=\"wpb_column vc_column_container vc_col-sm-3\"><div class=\"vc_column-inner\"><div class=\"wpb_wrapper\">\t<div class=\"vc_custom_1584628846270\">\n\n<div id=\"text-block-8\" class=\"mk-text-block  jupiter-donut-\">\n\n\t\n\t<h3>UNIFORME<\/h3>\n<p>Les \u00e9l\u00e8ves sont tenus de porter l&#039;uniforme scolaire. L&#039;\u00e9cole ne fournissant pas l&#039;uniforme, il est conseill\u00e9 aux parents de le sous-traiter eux-m\u00eames.<\/p>\n\n\t<div class=\"clearboth\"><\/div>\n<\/div>\n\n\t<\/div>\n<\/div><\/div><\/div>\t<\/div>\n\n<div id=\"padding-9\" class=\"mk-padding-divider jupiter-donut-  jupiter-donut-clearfix\"><\/div>\n\n\n\n<div class=\"wpb_row vc_inner vc_row vc_row-fluid jupiter-donut-   attched-false\">\n\t\t\t<div class=\"wpb_column vc_column_container vc_col-sm-3\"><div class=\"vc_column-inner\"><div class=\"wpb_wrapper\">\n\t<div  class=\"wpb_single_image wpb_content_element vc_align_center\">\n\t\t\n\t\t<figure class=\"wpb_wrapper vc_figure\">\n\t\t\t<div class=\"vc_single_image-wrapper   vc_box_border_grey\"><img loading=\"lazy\" decoding=\"async\" class=\"vc_single_image-img\" src=\"https:\/\/enkoeducation.com\/sekeleka\/wp-content\/uploads\/sites\/23\/2020\/03\/volleyball-120x120.png\" width=\"120\" height=\"120\" alt=\"volleyball\" title=\"volley-ball\" \/><\/div>\n\t\t<\/figure>\n\t<\/div>\n<\/div><\/div><\/div><div class=\"wpb_column vc_column_container vc_col-sm-3\"><div class=\"vc_column-inner\"><div class=\"wpb_wrapper\">\t<div class=\"vc_custom_1584626781153\">\n\n<div id=\"text-block-10\" class=\"mk-text-block  jupiter-donut-\">\n\n\t\n\t<h3>SPORTIF<\/h3>\n<p>L&#039;\u00e9cole propose les activit\u00e9s sportives suivantes :<\/p>\n<ul>\n<li>Football<\/li>\n<li>Basket-ball<\/li>\n<li>Athl\u00e9tisme<\/li>\n<\/ul>\n\n\t<div class=\"clearboth\"><\/div>\n<\/div>\n\n\t<\/div>\n<\/div><\/div><\/div><div class=\"wpb_column vc_column_container vc_col-sm-3\"><div class=\"vc_column-inner\"><div class=\"wpb_wrapper\">\n\t<div  class=\"wpb_single_image wpb_content_element vc_align_center\">\n\t\t\n\t\t<figure class=\"wpb_wrapper vc_figure\">\n\t\t\t<div class=\"vc_single_image-wrapper   vc_box_border_grey\"><img loading=\"lazy\" decoding=\"async\" class=\"vc_single_image-img\" src=\"https:\/\/enkoeducation.com\/sekeleka\/wp-content\/uploads\/sites\/23\/2020\/03\/theatre-150x150.png\" width=\"150\" height=\"150\" alt=\"theatre\" title=\"th\u00e9\u00e2tre\" \/><\/div>\n\t\t<\/figure>\n\t<\/div>\n<\/div><\/div><\/div><div class=\"wpb_column vc_column_container vc_col-sm-3\"><div class=\"vc_column-inner\"><div class=\"wpb_wrapper\">\t<div class=\"vc_custom_1584628118940\">\n\n<div id=\"text-block-11\" class=\"mk-text-block  jupiter-donut-\">\n\n\t\n\t<h3>ACTIVIT\u00c9S PARASCOLAIRES<\/h3>\n<p>L&#039;\u00e9cole propose les activit\u00e9s extrascolaires suivantes : cuisine et p\u00e2tisserie, laboratoire vivant, musique, danse et th\u00e9\u00e2tre, \u00e9criture cr\u00e9ative, arts et artisanat<\/p>\n\n\t<div class=\"clearboth\"><\/div>\n<\/div>\n\n\t<\/div>\n<\/div><\/div><\/div>\t<\/div>\n<\/div>\n\t<\/div>\n\n<\/section>","protected":false},"excerpt":{"rendered":"CALENDRIER Informations \u00e0 venir LISTE DES LIVRES Cliquez ici pour t\u00e9l\u00e9charger la liste des livres LISTE DES FOURNITURES DE PAPETERIE Nos \u00e9l\u00e8ves sont tenus de porter l&#039;uniforme. Veuillez t\u00e9l\u00e9charger les prix des uniformes ici UNIFORME Les \u00e9l\u00e8ves sont tenus de porter l&#039;uniforme scolaire. L&#039;\u00e9cole ne fournissant pas l&#039;uniforme, il est conseill\u00e9 aux parents de le sous-traiter eux-m\u00eames. SPORTS Le [...]","protected":false},"author":1,"featured_media":0,"parent":0,"menu_order":0,"comment_status":"closed","ping_status":"closed","template":"","meta":{"footnotes":""},"class_list":["post-291","page","type-page","status-publish","hentry"],"yoast_head":"<!-- This site is optimized with the Yoast SEO Premium plugin v18.2.1 (Yoast SEO v23.2) - https:\/\/yoast.com\/wordpress\/plugins\/seo\/ -->\n<title>Practical Information - Enko Sekeleka International School<\/title>\n<meta name=\"robots\" content=\"index, follow, max-snippet:-1, max-image-preview:large, max-video-preview:-1\" \/>\n<link rel=\"canonical\" href=\"https:\/\/enkoeducation.com\/sekeleka\/fr\/practical-information\/\" \/>\n<meta property=\"og:locale\" content=\"fr_FR\" \/>\n<meta property=\"og:type\" content=\"article\" \/>\n<meta property=\"og:title\" content=\"Practical Information\" \/>\n<meta property=\"og:url\" content=\"https:\/\/enkoeducation.com\/sekeleka\/fr\/practical-information\/\" \/>\n<meta property=\"og:site_name\" content=\"Enko Sekeleka International School\" \/>\n<meta property=\"article:modified_time\" content=\"2020-03-19T14:44:12+00:00\" \/>\n<meta name=\"twitter:card\" content=\"summary_large_image\" \/>\n<meta name=\"twitter:label1\" content=\"Dur\u00e9e de lecture estim\u00e9e\" \/>\n\t<meta name=\"twitter:data1\" content=\"2 minutes\" \/>\n<script type=\"application\/ld+json\" class=\"yoast-schema-graph\">{\"@context\":\"https:\/\/schema.org\",\"@graph\":[{\"@type\":\"WebPage\",\"@id\":\"https:\/\/enkoeducation.com\/sekeleka\/practical-information\/\",\"url\":\"https:\/\/enkoeducation.com\/sekeleka\/practical-information\/\",\"name\":\"Practical Information - Enko Sekeleka International School\",\"isPartOf\":{\"@id\":\"https:\/\/enkoeducation.com\/sekeleka\/en\/#website\"},\"datePublished\":\"2018-01-22T13:24:39+00:00\",\"dateModified\":\"2020-03-19T14:44:12+00:00\",\"breadcrumb\":{\"@id\":\"https:\/\/enkoeducation.com\/sekeleka\/practical-information\/#breadcrumb\"},\"inLanguage\":\"fr-FR\",\"potentialAction\":[{\"@type\":\"ReadAction\",\"target\":[\"https:\/\/enkoeducation.com\/sekeleka\/practical-information\/\"]}]},{\"@type\":\"BreadcrumbList\",\"@id\":\"https:\/\/enkoeducation.com\/sekeleka\/practical-information\/#breadcrumb\",\"itemListElement\":[{\"@type\":\"ListItem\",\"position\":1,\"name\":\"Home\",\"item\":\"https:\/\/enkoeducation.com\/sekeleka\/\"},{\"@type\":\"ListItem\",\"position\":2,\"name\":\"Practical Information\"}]},{\"@type\":\"WebSite\",\"@id\":\"https:\/\/enkoeducation.com\/sekeleka\/en\/#website\",\"url\":\"https:\/\/enkoeducation.com\/sekeleka\/en\/\",\"name\":\"Enko Sekeleka International School\",\"description\":\"African International Primary and Secondary School in Mozambique\",\"potentialAction\":[{\"@type\":\"SearchAction\",\"target\":{\"@type\":\"EntryPoint\",\"urlTemplate\":\"https:\/\/enkoeducation.com\/sekeleka\/en\/?s={search_term_string}\"},\"query-input\":\"required name=search_term_string\"}],\"inLanguage\":\"fr-FR\"}]}<\/script>\n<!-- \/ Yoast SEO Premium plugin. -->","yoast_head_json":{"title":"Practical Information - Enko Sekeleka International School","robots":{"index":"index","follow":"follow","max-snippet":"max-snippet:-1","max-image-preview":"max-image-preview:large","max-video-preview":"max-video-preview:-1"},"canonical":"https:\/\/enkoeducation.com\/sekeleka\/fr\/practical-information\/","og_locale":"fr_FR","og_type":"article","og_title":"Practical Information","og_url":"https:\/\/enkoeducation.com\/sekeleka\/fr\/practical-information\/","og_site_name":"Enko Sekeleka International School","article_modified_time":"2020-03-19T14:44:12+00:00","twitter_card":"summary_large_image","twitter_misc":{"Dur\u00e9e de lecture estim\u00e9e":"2 minutes"},"schema":{"@context":"https:\/\/schema.org","@graph":[{"@type":"WebPage","@id":"https:\/\/enkoeducation.com\/sekeleka\/practical-information\/","url":"https:\/\/enkoeducation.com\/sekeleka\/practical-information\/","name":"Practical Information - Enko Sekeleka International School","isPartOf":{"@id":"https:\/\/enkoeducation.com\/sekeleka\/en\/#website"},"datePublished":"2018-01-22T13:24:39+00:00","dateModified":"2020-03-19T14:44:12+00:00","breadcrumb":{"@id":"https:\/\/enkoeducation.com\/sekeleka\/practical-information\/#breadcrumb"},"inLanguage":"fr-FR","potentialAction":[{"@type":"ReadAction","target":["https:\/\/enkoeducation.com\/sekeleka\/practical-information\/"]}]},{"@type":"BreadcrumbList","@id":"https:\/\/enkoeducation.com\/sekeleka\/practical-information\/#breadcrumb","itemListElement":[{"@type":"ListItem","position":1,"name":"Home","item":"https:\/\/enkoeducation.com\/sekeleka\/"},{"@type":"ListItem","position":2,"name":"Practical Information"}]},{"@type":"WebSite","@id":"https:\/\/enkoeducation.com\/sekeleka\/en\/#website","url":"https:\/\/enkoeducation.com\/sekeleka\/en\/","name":"Enko Sekeleka International School","description":"African International Primary and Secondary School in Mozambique","potentialAction":[{"@type":"SearchAction","target":{"@type":"EntryPoint","urlTemplate":"https:\/\/enkoeducation.com\/sekeleka\/en\/?s={search_term_string}"},"query-input":"required name=search_term_string"}],"inLanguage":"fr-FR"}]}},"_links":{"self":[{"href":"https:\/\/enkoeducation.com\/sekeleka\/fr\/wp-json\/wp\/v2\/pages\/291"}],"collection":[{"href":"https:\/\/enkoeducation.com\/sekeleka\/fr\/wp-json\/wp\/v2\/pages"}],"about":[{"href":"https:\/\/enkoeducation.com\/sekeleka\/fr\/wp-json\/wp\/v2\/types\/page"}],"author":[{"embeddable":true,"href":"https:\/\/enkoeducation.com\/sekeleka\/fr\/wp-json\/wp\/v2\/users\/1"}],"replies":[{"embeddable":true,"href":"https:\/\/enkoeducation.com\/sekeleka\/fr\/wp-json\/wp\/v2\/comments?post=291"}],"version-history":[{"count":37,"href":"https:\/\/enkoeducation.com\/sekeleka\/fr\/wp-json\/wp\/v2\/pages\/291\/revisions"}],"predecessor-version":[{"id":935,"href":"https:\/\/enkoeducation.com\/sekeleka\/fr\/wp-json\/wp\/v2\/pages\/291\/revisions\/935"}],"wp:attachment":[{"href":"https:\/\/enkoeducation.com\/sekeleka\/fr\/wp-json\/wp\/v2\/media?parent=291"}],"curies":[{"name":"wp","href":"https:\/\/api.w.org\/{rel}","templated":true}]}}