{"id":1386,"date":"2019-07-15T17:15:35","date_gmt":"2019-07-15T17:15:35","guid":{"rendered":"http:\/\/enkoeducation.com\/services\/?page_id=1386"},"modified":"2022-07-13T15:17:57","modified_gmt":"2022-07-13T15:17:57","slug":"projects","status":"publish","type":"page","link":"https:\/\/enkoeducation.com\/services\/fr\/projects\/","title":{"rendered":"Nos projets"},"content":{"rendered":"<section class=\"wpb-content-wrapper\">\n<div class=\"mk-page-section-wrapper\" data-mk-full-width=\"true\" data-mk-full-width-init=\"true\" data-mk-stretch-content=\"true\">\n\t<div id=\"page-section-1\" class=\"mk-page-section self-hosted   full_layout full-width-1 js-el js-master-row jupiter-donut-\"    data-intro-effect=\"false\">\n\n\t\t\t\n\t\t\t<div class=\"mk-page-section-inner\">\n\t\t\t\t\n\n\n<div style=\"background-color:#000000;opacity:0.3;\" class=\"mk-video-color-mask\"><\/div>\n\n\t\t\t\t\n\t\t\t\t\n\t\n\t<div class=\"background-layer-holder\">\n\t\t<div id=\"background-layer--1\" data-mk-lazyload=\"false\" class=\"background-layer mk-background-stretch darken-blend-effect js-el\"   data-blend=\"darken\" data-mk-img-set='{\"landscape\":{\"external\":\"http:\/\/enkoeducation.com\/services\/wp-content\/uploads\/sites\/35\/2020\/12\/a2-poster.1-copy.-jpg-1-scaled.jpg\"},\"responsive\":\"true\"}' >\n\t\t\t\t\t\t\t\t\t\t<div class=\"mk-blend-layer\"><\/div>\n\t\t\t\t\t\t<div class=\"mk-color-layer\"><\/div>\n\t\t<\/div>\n\t<\/div>\n\n\t\t\t<\/div>\n\n\t\t\t\n        <div class=\"page-section-content vc_row-fluid mk-grid\" >\n            <div class=\"mk-padding-wrapper wpb_row\">\n<div class=\"vc_col-sm-12 wpb_column column_container  jupiter-donut- _ jupiter-donut-height-full\">\n\t\n\n<div class=\"wpb_row vc_inner vc_row vc_row-fluid jupiter-donut-   attched-false\">\n\t\t\t<div class=\"wpb_column vc_column_container vc_col-sm-12\"><div class=\"vc_column-inner\"><div class=\"wpb_wrapper\"><\/div><\/div><\/div>\t<\/div>\n<\/div>\n<\/div>\n            <div class=\"clearboth\"><\/div>\n        <\/div>\n\n\n\t\t\t\n\t\t\t\n\t\t\t\n\t\t<div class=\"clearboth\"><\/div>\n\t<\/div>\n<\/div>\n<div class=\"vc_row-full-width vc_clearfix\"><\/div>\n\n\n<div  data-mk-stretch-content=\"true\" class=\"wpb_row vc_row vc_row-fluid jupiter-donut- mk-fullwidth-false  attched-false     js-master-row  mk-grid\">\n\t\t\t\t\n<div class=\"vc_col-sm-12 wpb_column column_container  jupiter-donut- _ jupiter-donut-height-full\">\n\t\n<div id=\"padding-4\" class=\"mk-padding-divider jupiter-donut-  jupiter-donut-clearfix\"><\/div>\n\n\n<div class=\"mk-page-section-wrapper\" data-mk-full-width=\"true\" data-mk-full-width-init=\"true\" data-mk-stretch-content=\"true\">\n\t<div id=\"page-section-5\" class=\"mk-page-section self-hosted   full_layout full-width-5 js-el js-master-row jupiter-donut-\"    data-intro-effect=\"false\">\n\n\t\t\t\n\t\t\t<div class=\"mk-page-section-inner\">\n\t\t\t\t\n\n\n<div class=\"mk-video-color-mask\"><\/div>\n\n\t\t\t\t\n\t\t\t\t\t\t\t<\/div>\n\n\t\t\t\n        <div class=\"page-section-content vc_row-fluid mk-grid\" >\n            <div class=\"mk-padding-wrapper wpb_row\"><\/div>\n            <div class=\"clearboth\"><\/div>\n        <\/div>\n\n\n\t\t\t\n\t\t\t\n\t\t\t\n\t\t<div class=\"clearboth\"><\/div>\n\t<\/div>\n<\/div>\n<div class=\"vc_row-full-width vc_clearfix\"><\/div>\n\n\n<h2 id=\"fancy-title-6\" class=\"mk-fancy-title  simple-style jupiter-donut-  color-single\">\n\t<span>\n\t\t\t\t<h2 style=\"text-align: center;\"><span style=\"font-weight: 500;\">Nous avons r\u00e9alis\u00e9 21 projets dans 18 villes africaines depuis 2013<\/span><\/h2>\n\t\t\t<\/span>\n<\/h2>\n<div class=\"clearboth\"><\/div>\n\n\n\n\n\t<div  class=\"wpb_single_image wpb_content_element vc_align_center\">\n\t\t\n\t\t<figure class=\"wpb_wrapper vc_figure\">\n\t\t\t<div class=\"vc_single_image-wrapper   vc_box_border_grey\"><img fetchpriority=\"high\" decoding=\"async\" width=\"840\" height=\"344\" src=\"https:\/\/enkoeducation.com\/services\/wp-content\/uploads\/sites\/35\/2020\/10\/screen-shot-2020-10-23-at-19.20.14.png\" class=\"vc_single_image-img attachment-full\" alt=\"\" title=\"capture d&#039;\u00e9cran-2020-10-23-\u00e0-19.20.14\" srcset=\"https:\/\/enkoeducation.com\/services\/wp-content\/uploads\/sites\/35\/2020\/10\/screen-shot-2020-10-23-at-19.20.14.png 840w, https:\/\/enkoeducation.com\/services\/wp-content\/uploads\/sites\/35\/2020\/10\/screen-shot-2020-10-23-at-19.20.14-768x315.png 768w, https:\/\/enkoeducation.com\/services\/wp-content\/uploads\/sites\/35\/2020\/10\/screen-shot-2020-10-23-at-19.20.14-31x13.png 31w\" sizes=\"(max-width: 840px) 100vw, 840px\" itemprop=\"image\" \/><\/div>\n\t\t<\/figure>\n\t<\/div>\n<div id=\"mk-tabs\" class=\"wpb_tabs mk-tabs-7 wpb_content_element mobile-false simple-style horizental-style\" data-interval=\"\"><div class=\"wpb_wrapper wpb_tour_tabs_wrapper ui-tabs vc_clearfix\">\n\t\t\t<ul class=\"wpb_tabs_nav ui-tabs-nav vc_clearfix\"><li><a href=\"#tab-1528971433414-4-6\">EXEMPLES DE PROJETS<\/a><\/li><li><a href=\"#tab-1563288045589-2-9\">NOS R\u00c9F\u00c9RENCES<\/a><\/li><\/ul>\n\t<div id=\"tab-1528971433414-4-6\" class=\"wpb_tab ui-tabs-panel wpb_ui-tabs-hide vc_clearfix\">\n\t\t<div class=\"title-mobile\">EXEMPLES DE PROJETS<\/div>\n\t\t\n\t<div  class=\"wpb_single_image wpb_content_element vc_align_center  vc_custom_1602003139942\">\n\t\t\n\t\t<figure class=\"wpb_wrapper vc_figure\">\n\t\t\t<div class=\"vc_single_image-wrapper   vc_box_border_grey\"><img decoding=\"async\" width=\"760\" height=\"362\" src=\"https:\/\/enkoeducation.com\/services\/wp-content\/uploads\/sites\/35\/2020\/10\/screen-shot-2020-10-06-at-17.51.19.png\" class=\"vc_single_image-img attachment-full\" alt=\"\" title=\"capture d&#039;\u00e9cran-2020-10-06-\u00e0-17.51.19\" srcset=\"https:\/\/enkoeducation.com\/services\/wp-content\/uploads\/sites\/35\/2020\/10\/screen-shot-2020-10-06-at-17.51.19.png 760w, https:\/\/enkoeducation.com\/services\/wp-content\/uploads\/sites\/35\/2020\/10\/screen-shot-2020-10-06-at-17.51.19-31x15.png 31w\" sizes=\"(max-width: 760px) 100vw, 760px\" itemprop=\"image\" \/><\/div>\n\t\t<\/figure>\n\t<\/div>\n\n\t<\/div>\n\n\t<div id=\"tab-1563288045589-2-9\" class=\"wpb_tab ui-tabs-panel wpb_ui-tabs-hide vc_clearfix\">\n\t\t<div class=\"title-mobile\">NOS R\u00c9F\u00c9RENCES<\/div>\n\t\t\n<h2 id=\"fancy-title-8\" class=\"mk-fancy-title  simple-style jupiter-donut-  color-single\">\n\t<span>\n\t\t\t\t<h3>Nos clients<\/h3>\n\t\t\t<\/span>\n<\/h2>\n<div class=\"clearboth\"><\/div>\n\n\n\n\t<div class=\"vc_custom_1602003229532\">\n\n<div id=\"text-block-9\" class=\"mk-text-block  jupiter-donut-\">\n\n\t\n\t<p><span style=\"font-weight: 400;\">Parmi nos clients figurent des propri\u00e9taires et des exploitants d&#039;\u00e9coles primaires et secondaires publiques, priv\u00e9es \u00e0 but non lucratif et priv\u00e9es \u00e0 but lucratif. Nous travaillons \u00e9galement avec des prestataires de services auxiliaires ainsi qu&#039;avec des investisseurs en capital-investissement ciblant le secteur primaire et secondaire ou des investisseurs immobiliers.<\/span><\/p>\n<p><span style=\"font-weight: 400;\">L\u2019objectif premier est d\u2019obtenir de meilleurs r\u00e9sultats pour les \u00e9tudiants. Que vous soyez un \u00e9tablissement d\u2019enseignement, une fondation, une institution financi\u00e8re cherchant \u00e0 investir ou un promoteur immobilier, c\u2019est ind\u00e9niablement l\u2019objectif ultime.<\/span><\/p>\n<p><span style=\"font-weight: 400;\">Avoir travaill\u00e9 avec toutes les parties prenantes de l\u2019\u00e9cosyst\u00e8me \u00e9ducatif aide nos clients \u00e0 r\u00e9fl\u00e9chir \u00e0 chaque situation sous tous les angles, y compris les besoins des clients et la dynamique du march\u00e9.<\/span><\/p>\n\n\t<div class=\"clearboth\"><\/div>\n<\/div>\n\n\t<\/div>\n\n\t<\/div>\n\n\t\t<\/div>\n\t<\/div>\n<\/div>\n\t<\/div>\n\n<div class=\"vc_col-sm-12 wpb_column column_container  jupiter-donut- _ jupiter-donut-height-full\">\n\t<\/div>\n\n<\/section>","protected":false},"excerpt":{"rendered":"Nous avons r\u00e9alis\u00e9 21 projets dans 18 villes africaines depuis 2013 EXEMPLES DE PROJETSNOS R\u00c9F\u00c9RENCES EXEMPLES DE PROJETS NOS R\u00c9F\u00c9RENCES Nos clients Nos clients comprennent des propri\u00e9taires et des exploitants d&#039;\u00e9coles primaires et secondaires publiques, priv\u00e9es \u00e0 but non lucratif et priv\u00e9es \u00e0 but lucratif. Nous travaillons \u00e9galement avec des prestataires de services auxiliaires ainsi qu&#039;avec des investisseurs en capital-investissement ciblant le secteur de l&#039;\u00e9ducation primaire et secondaire ou l&#039;immobilier [...]","protected":false},"author":1,"featured_media":0,"parent":0,"menu_order":4,"comment_status":"closed","ping_status":"closed","template":"","meta":{"footnotes":""},"class_list":["post-1386","page","type-page","status-publish","hentry"],"yoast_head":"<!-- This site is optimized with the Yoast SEO Premium plugin v18.2.1 (Yoast SEO v23.2) - https:\/\/yoast.com\/wordpress\/plugins\/seo\/ -->\n<title>Our Projects - Enko Services<\/title>\n<meta name=\"description\" content=\"We have completed many projects across 18 African cities : due diligence, feasibility studies, IB Accreditations, building planning\" \/>\n<meta name=\"robots\" content=\"index, follow, max-snippet:-1, max-image-preview:large, max-video-preview:-1\" \/>\n<link rel=\"canonical\" href=\"https:\/\/enkoeducation.com\/services\/fr\/projects\/\" \/>\n<meta property=\"og:locale\" content=\"fr_FR\" \/>\n<meta property=\"og:type\" content=\"article\" \/>\n<meta property=\"og:title\" content=\"Our Projects\" \/>\n<meta property=\"og:description\" content=\"We have completed many projects across 18 African cities : due diligence, feasibility studies, IB Accreditations, building planning\" \/>\n<meta property=\"og:url\" content=\"https:\/\/enkoeducation.com\/services\/fr\/projects\/\" \/>\n<meta property=\"og:site_name\" content=\"Enko Services\" \/>\n<meta property=\"article:modified_time\" content=\"2022-07-13T15:17:57+00:00\" \/>\n<meta name=\"twitter:card\" content=\"summary_large_image\" \/>\n<meta name=\"twitter:label1\" content=\"Dur\u00e9e de lecture estim\u00e9e\" \/>\n\t<meta name=\"twitter:data1\" content=\"1 minute\" \/>\n<script type=\"application\/ld+json\" class=\"yoast-schema-graph\">{\"@context\":\"https:\/\/schema.org\",\"@graph\":[{\"@type\":\"WebPage\",\"@id\":\"https:\/\/enkoeducation.com\/services\/projects\/\",\"url\":\"https:\/\/enkoeducation.com\/services\/projects\/\",\"name\":\"Our Projects - Enko Services\",\"isPartOf\":{\"@id\":\"https:\/\/enkoeducation.com\/services\/#website\"},\"datePublished\":\"2019-07-15T17:15:35+00:00\",\"dateModified\":\"2022-07-13T15:17:57+00:00\",\"description\":\"We have completed many projects across 18 African cities : due diligence, feasibility studies, IB Accreditations, building planning\",\"breadcrumb\":{\"@id\":\"https:\/\/enkoeducation.com\/services\/projects\/#breadcrumb\"},\"inLanguage\":\"fr-FR\",\"potentialAction\":[{\"@type\":\"ReadAction\",\"target\":[\"https:\/\/enkoeducation.com\/services\/projects\/\"]}]},{\"@type\":\"BreadcrumbList\",\"@id\":\"https:\/\/enkoeducation.com\/services\/projects\/#breadcrumb\",\"itemListElement\":[{\"@type\":\"ListItem\",\"position\":1,\"name\":\"Home\",\"item\":\"https:\/\/enkoeducation.com\/services\/\"},{\"@type\":\"ListItem\",\"position\":2,\"name\":\"Our Projects\"}]},{\"@type\":\"WebSite\",\"@id\":\"https:\/\/enkoeducation.com\/services\/#website\",\"url\":\"https:\/\/enkoeducation.com\/services\/\",\"name\":\"Enko Services\",\"description\":\"Enko Education\",\"potentialAction\":[{\"@type\":\"SearchAction\",\"target\":{\"@type\":\"EntryPoint\",\"urlTemplate\":\"https:\/\/enkoeducation.com\/services\/?s={search_term_string}\"},\"query-input\":\"required name=search_term_string\"}],\"inLanguage\":\"fr-FR\"}]}<\/script>\n<!-- \/ Yoast SEO Premium plugin. -->","yoast_head_json":{"title":"Our Projects - Enko Services","description":"We have completed many projects across 18 African cities : due diligence, feasibility studies, IB Accreditations, building planning","robots":{"index":"index","follow":"follow","max-snippet":"max-snippet:-1","max-image-preview":"max-image-preview:large","max-video-preview":"max-video-preview:-1"},"canonical":"https:\/\/enkoeducation.com\/services\/fr\/projects\/","og_locale":"fr_FR","og_type":"article","og_title":"Our Projects","og_description":"We have completed many projects across 18 African cities : due diligence, feasibility studies, IB Accreditations, building planning","og_url":"https:\/\/enkoeducation.com\/services\/fr\/projects\/","og_site_name":"Enko Services","article_modified_time":"2022-07-13T15:17:57+00:00","twitter_card":"summary_large_image","twitter_misc":{"Dur\u00e9e de lecture estim\u00e9e":"1 minute"},"schema":{"@context":"https:\/\/schema.org","@graph":[{"@type":"WebPage","@id":"https:\/\/enkoeducation.com\/services\/projects\/","url":"https:\/\/enkoeducation.com\/services\/projects\/","name":"Our Projects - Enko Services","isPartOf":{"@id":"https:\/\/enkoeducation.com\/services\/#website"},"datePublished":"2019-07-15T17:15:35+00:00","dateModified":"2022-07-13T15:17:57+00:00","description":"We have completed many projects across 18 African cities : due diligence, feasibility studies, IB Accreditations, building planning","breadcrumb":{"@id":"https:\/\/enkoeducation.com\/services\/projects\/#breadcrumb"},"inLanguage":"fr-FR","potentialAction":[{"@type":"ReadAction","target":["https:\/\/enkoeducation.com\/services\/projects\/"]}]},{"@type":"BreadcrumbList","@id":"https:\/\/enkoeducation.com\/services\/projects\/#breadcrumb","itemListElement":[{"@type":"ListItem","position":1,"name":"Home","item":"https:\/\/enkoeducation.com\/services\/"},{"@type":"ListItem","position":2,"name":"Our Projects"}]},{"@type":"WebSite","@id":"https:\/\/enkoeducation.com\/services\/#website","url":"https:\/\/enkoeducation.com\/services\/","name":"Enko Services","description":"Enko Education","potentialAction":[{"@type":"SearchAction","target":{"@type":"EntryPoint","urlTemplate":"https:\/\/enkoeducation.com\/services\/?s={search_term_string}"},"query-input":"required name=search_term_string"}],"inLanguage":"fr-FR"}]}},"_links":{"self":[{"href":"https:\/\/enkoeducation.com\/services\/fr\/wp-json\/wp\/v2\/pages\/1386"}],"collection":[{"href":"https:\/\/enkoeducation.com\/services\/fr\/wp-json\/wp\/v2\/pages"}],"about":[{"href":"https:\/\/enkoeducation.com\/services\/fr\/wp-json\/wp\/v2\/types\/page"}],"author":[{"embeddable":true,"href":"https:\/\/enkoeducation.com\/services\/fr\/wp-json\/wp\/v2\/users\/1"}],"replies":[{"embeddable":true,"href":"https:\/\/enkoeducation.com\/services\/fr\/wp-json\/wp\/v2\/comments?post=1386"}],"version-history":[{"count":48,"href":"https:\/\/enkoeducation.com\/services\/fr\/wp-json\/wp\/v2\/pages\/1386\/revisions"}],"predecessor-version":[{"id":1391,"href":"https:\/\/enkoeducation.com\/services\/fr\/wp-json\/wp\/v2\/pages\/1386\/revisions\/1391"}],"wp:attachment":[{"href":"https:\/\/enkoeducation.com\/services\/fr\/wp-json\/wp\/v2\/media?parent=1386"}],"curies":[{"name":"wp","href":"https:\/\/api.w.org\/{rel}","templated":true}]}}