{"id":15,"date":"2017-02-22T10:03:49","date_gmt":"2017-02-22T10:03:49","guid":{"rendered":"http:\/\/biandel.com\/osogoa\/?page_id=15"},"modified":"2022-07-13T15:03:02","modified_gmt":"2022-07-13T15:03:02","slug":"about","status":"publish","type":"page","link":"https:\/\/enkoeducation.com\/services\/fr\/about\/","title":{"rendered":"\u00c0 propos"},"content":{"rendered":"<section class=\"wpb-content-wrapper\">\n<div class=\"mk-page-section-wrapper\" data-mk-full-width=\"true\" data-mk-full-width-init=\"true\" data-mk-stretch-content=\"true\">\n\t<div id=\"page-section-1\" class=\"mk-page-section self-hosted   full_layout full-width-1 js-el js-master-row jupiter-donut-\"    data-intro-effect=\"false\">\n\n\t\t\t\n\t\t\t<div class=\"mk-page-section-inner\">\n\t\t\t\t\n\n\n<div style=\"background-color:#0a0a0a;opacity:0.3;\" class=\"mk-video-color-mask\"><\/div>\n\n\t\t\t\t\n\t\t\t\t\n\t\n\t<div class=\"background-layer-holder\">\n\t\t<div id=\"background-layer--1\" data-mk-lazyload=\"false\" class=\"background-layer mk-background-stretch darken-blend-effect js-el\"   data-blend=\"darken\" data-mk-img-set='{\"landscape\":{\"external\":\"http:\/\/enkoeducation.com\/services\/wp-content\/uploads\/sites\/35\/2020\/10\/a2-poster-1copy-scaled.jpg\"},\"responsive\":\"true\"}' >\n\t\t\t\t\t\t\t\t\t\t<div class=\"mk-blend-layer\"><\/div>\n\t\t\t\t\t\t<div class=\"mk-color-layer\"><\/div>\n\t\t<\/div>\n\t<\/div>\n\n\t\t\t<\/div>\n\n\t\t\t\n        <div class=\"page-section-content vc_row-fluid mk-grid\" >\n            <div class=\"mk-padding-wrapper wpb_row\">\n<div class=\"vc_col-sm-12 wpb_column column_container  jupiter-donut- _ jupiter-donut-height-full\">\n\t\n\n<div class=\"wpb_row vc_inner vc_row vc_row-fluid jupiter-donut-   attched-false\">\n\t\t\t<div class=\"wpb_column vc_column_container vc_col-sm-12\"><div class=\"vc_column-inner\"><div class=\"wpb_wrapper\"><\/div><\/div><\/div>\t<\/div>\n<\/div>\n<\/div>\n            <div class=\"clearboth\"><\/div>\n        <\/div>\n\n\n\t\t\t\n\t\t\t\n\t\t\t\n\t\t<div class=\"clearboth\"><\/div>\n\t<\/div>\n<\/div>\n<div class=\"vc_row-full-width vc_clearfix\"><\/div>\n\n\n<div  data-mk-stretch-content=\"true\" class=\"wpb_row vc_row vc_row-fluid jupiter-donut- mk-fullwidth-false  attched-false     js-master-row  mk-grid\">\n\t\t\t\t\n<div class=\"vc_col-sm-12 wpb_column column_container  jupiter-donut- _ jupiter-donut-height-full\">\n\t\n<div id=\"padding-4\" class=\"mk-padding-divider jupiter-donut-  jupiter-donut-clearfix\"><\/div>\n\n<\/div>\n\t<\/div>\n\n<div  data-mk-stretch-content=\"true\" class=\"wpb_row vc_row vc_row-fluid jupiter-donut- mk-fullwidth-false  attched-false     js-master-row  mk-grid\">\n\t\t\t\t\n<div class=\"vc_col-sm-12 wpb_column column_container  jupiter-donut- _ jupiter-donut-height-full\">\n\t<div id=\"mk-tabs\" class=\"wpb_tabs mk-tabs-6 wpb_content_element mobile-true simple-style horizental-style\" data-interval=\"\"><div class=\"wpb_wrapper wpb_tour_tabs_wrapper ui-tabs vc_clearfix\">\n\t\t\t<ul class=\"wpb_tabs_nav ui-tabs-nav vc_clearfix\"><li><a href=\"#tab-1516617174-1-24\">NOTRE VISION<\/a><\/li><li><a href=\"#tab-1516617174-2-76\">NOS VALEURS<\/a><\/li><\/ul>\n\t<div id=\"tab-1516617174-1-24\" class=\"wpb_tab ui-tabs-panel wpb_ui-tabs-hide vc_clearfix\">\n\t\t<div class=\"title-mobile\">NOTRE VISION<\/div>\n\t\t\n<div id=\"padding-7\" class=\"mk-padding-divider jupiter-donut-  jupiter-donut-clearfix\"><\/div>\n\n\n<h2 id=\"fancy-title-8\" class=\"mk-fancy-title  simple-style jupiter-donut-  color-single\">\n\t<span>\n\t\t\t\t<h3 style=\"text-align: center;\">Enko Education un groupe avec une vision intercontinentale<\/h3>\n\t\t\t<\/span>\n<\/h2>\n<div class=\"clearboth\"><\/div>\n\n\n\n\n\n<div class=\"wpb_row vc_inner vc_row vc_row-fluid jupiter-donut-   attched-false\">\n\t\t\t<div class=\"wpb_column vc_column_container vc_col-sm-12\"><div class=\"vc_column-inner\"><div class=\"wpb_wrapper\">\t<div class=\"vc_custom_1592394117226\">\n\n<div id=\"text-block-9\" class=\"mk-text-block  jupiter-donut-\">\n\n\t\n\t<p style=\"font-size: 18px;\"><strong><img fetchpriority=\"high\" decoding=\"async\" class=\"wp-image-1524 size-medium alignleft\" src=\"http:\/\/enkoeducation.com\/services\/wp-content\/uploads\/sites\/35\/2020\/06\/screen-shot-2020-06-17-at-12.37.57-191x300.png\" alt=\"\" width=\"191\" height=\"300\" srcset=\"https:\/\/enkoeducation.com\/services\/wp-content\/uploads\/sites\/35\/2020\/06\/screen-shot-2020-06-17-at-12.37.57-191x300.png 191w, https:\/\/enkoeducation.com\/services\/wp-content\/uploads\/sites\/35\/2020\/06\/screen-shot-2020-06-17-at-12.37.57-17x27.png 17w, https:\/\/enkoeducation.com\/services\/wp-content\/uploads\/sites\/35\/2020\/06\/screen-shot-2020-06-17-at-12.37.57.png 306w\" sizes=\"(max-width: 191px) 100vw, 191px\" \/><\/strong><\/p>\n<p><strong>NOTRE VISION<br \/>\n<\/strong><br \/>\n<i><span style=\"font-weight: 400;\">Notre vision est de lib\u00e9rer le potentiel des apprenants \u00e0 travers l\u2019Afrique pour am\u00e9liorer l\u2019avenir mondial.\u00a0<\/span><\/i><\/p>\n<p><span style=\"font-weight: 400;\">Enko Education agit pour la jeunesse africaine, la plus grande population de jeunes au monde : son talent, ses ambitions et son avenir.<\/span><\/p>\n<p><span style=\"font-weight: 400;\">Nous voulons donner aux apprenants africains les moyens de s\u2019\u00e9panouir, de lib\u00e9rer leur potentiel et de leur permettre d\u2019acc\u00e9der aux meilleures universit\u00e9s du monde. En relevant ce d\u00e9fi, nous partageons inspirations, r\u00eaves, rires et connaissances.<\/span><\/p>\n<p><span style=\"font-weight: 400;\">Nous voulons que les \u00e9tudiants africains s&#039;\u00e9panouissent. Ici et maintenant, dans leurs \u00e9tudes. Et demain, dans leur vie accomplie. Nous renfor\u00e7ons la confiance des \u00e9tudiants africains. Nous leur donnons les outils pour les aider \u00e0 devenir les architectes de leur propre avenir, \u00e0 avoir un impact significatif et durable sur le monde d&#039;aujourd&#039;hui et de demain.<\/span><\/p>\n<p><span style=\"font-weight: 400;\">Les bases de ces futurs sont pos\u00e9es aujourd\u2019hui.<\/span><\/p>\n<p><span style=\"font-weight: 400;\">Enko Education est africaine. Notre ambition s\u2019incarne dans nos \u00e9quipes et se refl\u00e8te dans tous nos projets \u00e0 travers le continent. Nous avons \u00e0 c\u0153ur de respecter et de c\u00e9l\u00e9brer la diversit\u00e9 des \u00e9coles africaines.<\/span><\/p>\n<p><span style=\"font-weight: 400;\">Et nous poursuivrons notre mission plus loin. Nous donnerons de plus en plus de moyens \u00e0 de plus en plus de personnes sur le continent, lib\u00e9rant de plus en plus de potentiels pour changer de plus en plus de destins. En tant que pionniers, nous d\u00e9couvrirons et essaierons en permanence. En tant qu&#039;apprenants permanents, nous chercherons toujours \u00e0 am\u00e9liorer ce que nous avons commenc\u00e9.<\/span><\/p>\n<p><span style=\"font-weight: 400;\">Chez Enko Education, nous croyons que l\u2019apprentissage est un pouvoir, nous croyons en nos racines africaines et nous croyons que les chemins que nous cr\u00e9ons sont infinis.<\/span><\/p>\n\n\t<div class=\"clearboth\"><\/div>\n<\/div>\n\n\t<\/div>\n\n<div id=\"mk-button-10\" class=\"mk-button-container _ jupiter-donut-relative    jupiter-donut-block jupiter-donut-text-center\">\n\n\t\n\t\t<a href=\"https:\/\/enkoeducation.com\/services\/fr\/\" target=\"_blank\" class=\"mk-button js-smooth-scroll mk-button--dimension-flat mk-button--size-large mk-button--corner-full_rounded text-color-light _ jupiter-donut-relative jupiter-donut-text-center jupiter-donut-font-weight-700 jupiter-donut-no-backface  jupiter-donut-letter-spacing-2 jupiter-donut-inline-block\"><span class=\"mk-button--text\">En savoir plus sur Enko Education<\/span><\/a>\n\n\t\n<\/div>\n<\/div><\/div><\/div>\t<\/div>\n\n\n<div class=\"wpb_row vc_inner vc_row vc_row-fluid jupiter-donut-   attched-false   vc_custom_1539851779850\">\n\t\t\t<div class=\"wpb_column vc_column_container vc_col-sm-4\"><div class=\"vc_column-inner\"><div class=\"wpb_wrapper\"><div  class=\"mk-image mk-image-11 jupiter-donut-  mk-image-lazyload align-center simple-frame inside-image\" style=\"margin-bottom:10px\"><div class=\"mk-image-container\" style=\"max-width: 59px;\"><div  class=\"mk-image-holder\" style=\"max-width: 59px;\"><div class=\"mk-image-inner\"><img decoding=\"async\" class=\"lightbox-false\" alt=\"About\" title=\"\u00c0 propos\" width=\"59\" height=\"59\" src=\"https:\/\/enkoeducation.com\/bamako\/wp-content\/uploads\/sites\/25\/2018\/08\/schoolbag-e1533723878704.png\" \/><\/div><\/div><div class=\"clearboth\"><\/div><\/div><\/div>\n<h2 id=\"fancy-title-12\" class=\"mk-fancy-title  simple-style jupiter-donut-  color-single\">\n\t<span>\n\t\t\t\t<p><span style=\"color: #509e2f;\">14<\/span><\/p>\n\t\t\t<\/span>\n<\/h2>\n<div class=\"clearboth\"><\/div>\n\n\n\n\n<h2 id=\"fancy-title-13\" class=\"mk-fancy-title  simple-style jupiter-donut-  color-single\">\n\t<span>\n\t\t\t\t<p><span style=\"color: #509e2f;\">\u00e9coles dans 9 pays africains<\/span><\/p>\n\t\t\t<\/span>\n<\/h2>\n<div class=\"clearboth\"><\/div>\n\n\n\n<\/div><\/div><\/div><div class=\"wpb_column vc_column_container vc_col-sm-4\"><div class=\"vc_column-inner\"><div class=\"wpb_wrapper\"><div  class=\"mk-image mk-image-14 jupiter-donut-  mk-image-lazyload align-center simple-frame inside-image\" style=\"margin-bottom:10px\"><div class=\"mk-image-container\" style=\"max-width: 59px;\"><div  class=\"mk-image-holder\" style=\"max-width: 59px;\"><div class=\"mk-image-inner\"><img decoding=\"async\" class=\"lightbox-false\" alt=\"About\" title=\"\u00c0 propos\" width=\"59\" height=\"61\" src=\"https:\/\/enkoeducation.com\/bamako\/wp-content\/uploads\/sites\/25\/2018\/08\/africadotspositive-e1533723749336.png\" \/><\/div><\/div><div class=\"clearboth\"><\/div><\/div><\/div>\n<h2 id=\"fancy-title-15\" class=\"mk-fancy-title  simple-style jupiter-donut-  color-single\">\n\t<span>\n\t\t\t\t<p><span style=\"color: #509e2f;\">2,100+<\/span><\/p>\n\t\t\t<\/span>\n<\/h2>\n<div class=\"clearboth\"><\/div>\n\n\n\n\n<h2 id=\"fancy-title-16\" class=\"mk-fancy-title  simple-style jupiter-donut-  color-single\">\n\t<span>\n\t\t\t\t<p><span style=\"color: #509e2f;\">apprenants \u00e0 travers le continent<\/span><\/p>\n\t\t\t<\/span>\n<\/h2>\n<div class=\"clearboth\"><\/div>\n\n\n\n<\/div><\/div><\/div><div class=\"wpb_column vc_column_container vc_col-sm-4\"><div class=\"vc_column-inner\"><div class=\"wpb_wrapper\"><div  class=\"mk-image mk-image-17 jupiter-donut-  mk-image-lazyload align-center simple-frame inside-image\" style=\"margin-bottom:10px\"><div class=\"mk-image-container\" style=\"max-width: 59px;\"><div  class=\"mk-image-holder\" style=\"max-width: 59px;\"><div class=\"mk-image-inner\"><img loading=\"lazy\" decoding=\"async\" class=\"lightbox-false\" alt=\"About\" title=\"\u00c0 propos\" width=\"59\" height=\"59\" src=\"https:\/\/enkoeducation.com\/bamako\/wp-content\/uploads\/sites\/25\/2018\/08\/graduationcap-e1533723678532.png\" \/><\/div><\/div><div class=\"clearboth\"><\/div><\/div><\/div>\n<h2 id=\"fancy-title-18\" class=\"mk-fancy-title  simple-style jupiter-donut-  color-single\">\n\t<span>\n\t\t\t\t<p><span style=\"color: #509e2f;\">100%<\/span><\/p>\n\t\t\t<\/span>\n<\/h2>\n<div class=\"clearboth\"><\/div>\n\n\n\n\n<h2 id=\"fancy-title-19\" class=\"mk-fancy-title  simple-style jupiter-donut-  color-single\">\n\t<span>\n\t\t\t\t<p><span style=\"color: #509e2f;\">de la premi\u00e8re promotion d&#039;\u00e9tudiants admis dans des universit\u00e9s prestigieuses<\/span><\/p>\n\t\t\t<\/span>\n<\/h2>\n<div class=\"clearboth\"><\/div>\n\n\n\n<\/div><\/div><\/div>\t<\/div>\n\n\t<\/div>\n\n\t<div id=\"tab-1516617174-2-76\" class=\"wpb_tab ui-tabs-panel wpb_ui-tabs-hide vc_clearfix\">\n\t\t<div class=\"title-mobile\">NOS VALEURS<\/div>\n\t\t\n<h2 id=\"fancy-title-20\" class=\"mk-fancy-title  simple-style jupiter-donut-  color-single\">\n\t<span>\n\t\t\t\t<h3 style=\"text-align: center;\">Tout le monde \u00e0 <strong>Enko \u00c9ducation\u00a0<\/strong>incarne ces valeurs alors que nous cherchons \u00e0 obtenir des r\u00e9sultats exceptionnels<\/h3>\n\t\t\t<\/span>\n<\/h2>\n<div class=\"clearboth\"><\/div>\n\n\n\n\t<div class=\"vc_custom_1603478913661\">\n\n<div id=\"text-block-21\" class=\"mk-text-block  jupiter-donut-\">\n\n\t\n\t<p><strong>NOS VALEURS<\/strong><\/p>\n<p><i><span style=\"font-weight: 300;\">Chaque jour, quatre valeurs nous guident. Elles expriment qui nous sommes, et guident ce que nous faisons ainsi que ce que nous disons. Cet ensemble de normes signifie que nous parlons d\u2019une seule voix, que nous incarnons Enko Education et que nous avons un r\u00e9el impact.<\/span><\/i><\/p>\n<p><em><span style=\"font-weight: 500;\">Bienveillance<\/span><\/em><\/p>\n<p><span style=\"font-weight: 300;\">Nous cherchons \u00e0 d\u00e9velopper les autres et nous-m\u00eames<\/span><\/p>\n<p><span style=\"font-weight: 300;\">Nous sommes positifs et optimistes<\/span><\/p>\n<p><span style=\"font-weight: 300;\">Nous b\u00e2tissons la confiance gr\u00e2ce \u00e0 une communication honn\u00eate et ouverte<\/span><\/p>\n<p><em><span style=\"font-weight: 500;\">Engag\u00e9<\/span><\/em><\/p>\n<p><span style=\"font-weight: 300;\">Nous sommes r\u00e9silients, nous n&#039;abandonnons pas<\/span><\/p>\n<p><span style=\"font-weight: 300;\">Nous faisons ce que nous disons et disons ce que nous faisons<\/span><\/p>\n<p><span style=\"font-weight: 300;\">Nous assumons la responsabilit\u00e9 de nos objectifs et faisons le maximum pour les atteindre<\/span><\/p>\n<p><em><span style=\"font-weight: 500;\">Les cr\u00e9ateurs de chemins<\/span><\/em><\/p>\n<p><span style=\"font-weight: 300;\">Nous osons commencer et ensuite nous am\u00e9liorer<\/span><\/p>\n<p><span style=\"font-weight: 300;\">Nous concevons de nouvelles solutions adapt\u00e9es \u00e0 notre contexte unique, sans r\u00e9inventer la roue<\/span><\/p>\n<p><span style=\"font-weight: 300;\">Nous sommes humbles et ambitieux<\/span><\/p>\n<p><em><span style=\"font-weight: 500;\">Esprit d&#039;\u00e9quipe<\/span><\/em><\/p>\n<p><span style=\"font-weight: 300;\">Nous pratiquons la solidarit\u00e9 : nous allons au-del\u00e0 de nos propres responsabilit\u00e9s pour soutenir nos co\u00e9quipiers<\/span><\/p>\n<p><span style=\"font-weight: 300;\">Nous permettons aux autres de s&#039;\u00e9panouir et de grandir ensemble<\/span><\/p>\n<p><span style=\"font-weight: 300;\">Nous c\u00e9l\u00e9brons notre diversit\u00e9<\/span><\/p>\n<p><span style=\"font-weight: 300;\">\u00a0<\/span><\/p>\n<p>&nbsp;<\/p>\n<p>&nbsp;<\/p>\n<p><span style=\"font-weight: 300;\">\u00a0<\/span><\/p>\n\n\t<div class=\"clearboth\"><\/div>\n<\/div>\n\n\t<\/div>\n\n\t<\/div>\n\n\t\t<\/div>\n\t<\/div>\n<\/div>\n\t<\/div>\n\n<\/section>","protected":false},"excerpt":{"rendered":"NOTRE VISIONNOS VALEURS NOTRE VISION Enko Education un groupe avec une vision intercontinentale NOTRE VISION Notre vision est de lib\u00e9rer le potentiel des apprenants \u00e0 travers l&#039;Afrique pour am\u00e9liorer l&#039;avenir mondial. Enko Education agit pour la jeunesse africaine, la plus grande population de jeunes au monde : son talent, ses ambitions et son avenir. Nous voulons [...]","protected":false},"author":1,"featured_media":0,"parent":0,"menu_order":0,"comment_status":"closed","ping_status":"closed","template":"","meta":{"footnotes":""},"class_list":["post-15","page","type-page","status-publish","hentry"],"yoast_head":"<!-- This site is optimized with the Yoast SEO Premium plugin v18.2.1 (Yoast SEO v23.2) - https:\/\/yoast.com\/wordpress\/plugins\/seo\/ -->\n<title>About - Enko Services<\/title>\n<meta name=\"description\" content=\"Enko Services is Enko Education&#039;s consultancy practice and management services. It provides educational consultancy services for any stakeholders involved in the education sector in Africa as well as school operator services for school owners. %\" \/>\n<meta name=\"robots\" content=\"index, follow, max-snippet:-1, max-image-preview:large, max-video-preview:-1\" \/>\n<link rel=\"canonical\" href=\"https:\/\/enkoeducation.com\/services\/fr\/about\/\" \/>\n<meta property=\"og:locale\" content=\"fr_FR\" \/>\n<meta property=\"og:type\" content=\"article\" \/>\n<meta property=\"og:title\" content=\"About\" \/>\n<meta property=\"og:description\" content=\"Enko Services is Enko Education&#039;s consultancy practice and management services. It provides educational consultancy services for any stakeholders involved in the education sector in Africa as well as school operator services for school owners. %\" \/>\n<meta property=\"og:url\" content=\"https:\/\/enkoeducation.com\/services\/fr\/about\/\" \/>\n<meta property=\"og:site_name\" content=\"Enko Services\" \/>\n<meta property=\"article:modified_time\" content=\"2022-07-13T15:03:02+00:00\" \/>\n<meta property=\"og:image\" content=\"http:\/\/enkoeducation.com\/services\/wp-content\/uploads\/sites\/35\/2020\/06\/screen-shot-2020-06-17-at-12.37.57-191x300.png\" \/>\n<meta name=\"twitter:card\" content=\"summary_large_image\" \/>\n<meta name=\"twitter:label1\" content=\"Dur\u00e9e de lecture estim\u00e9e\" \/>\n\t<meta name=\"twitter:data1\" content=\"4 minutes\" \/>\n<script type=\"application\/ld+json\" class=\"yoast-schema-graph\">{\"@context\":\"https:\/\/schema.org\",\"@graph\":[{\"@type\":\"WebPage\",\"@id\":\"https:\/\/enkoeducation.com\/services\/about\/\",\"url\":\"https:\/\/enkoeducation.com\/services\/about\/\",\"name\":\"About - Enko Services\",\"isPartOf\":{\"@id\":\"https:\/\/enkoeducation.com\/services\/#website\"},\"primaryImageOfPage\":{\"@id\":\"https:\/\/enkoeducation.com\/services\/about\/#primaryimage\"},\"image\":{\"@id\":\"https:\/\/enkoeducation.com\/services\/about\/#primaryimage\"},\"thumbnailUrl\":\"http:\/\/enkoeducation.com\/services\/wp-content\/uploads\/sites\/35\/2020\/06\/screen-shot-2020-06-17-at-12.37.57-191x300.png\",\"datePublished\":\"2017-02-22T10:03:49+00:00\",\"dateModified\":\"2022-07-13T15:03:02+00:00\",\"description\":\"Enko Services is Enko Education's consultancy practice and management services. It provides educational consultancy services for any stakeholders involved in the education sector in Africa as well as school operator services for school owners. %\",\"breadcrumb\":{\"@id\":\"https:\/\/enkoeducation.com\/services\/about\/#breadcrumb\"},\"inLanguage\":\"fr-FR\",\"potentialAction\":[{\"@type\":\"ReadAction\",\"target\":[\"https:\/\/enkoeducation.com\/services\/about\/\"]}]},{\"@type\":\"ImageObject\",\"inLanguage\":\"fr-FR\",\"@id\":\"https:\/\/enkoeducation.com\/services\/about\/#primaryimage\",\"url\":\"http:\/\/enkoeducation.com\/services\/wp-content\/uploads\/sites\/35\/2020\/06\/screen-shot-2020-06-17-at-12.37.57-191x300.png\",\"contentUrl\":\"http:\/\/enkoeducation.com\/services\/wp-content\/uploads\/sites\/35\/2020\/06\/screen-shot-2020-06-17-at-12.37.57-191x300.png\"},{\"@type\":\"BreadcrumbList\",\"@id\":\"https:\/\/enkoeducation.com\/services\/about\/#breadcrumb\",\"itemListElement\":[{\"@type\":\"ListItem\",\"position\":1,\"name\":\"Home\",\"item\":\"https:\/\/enkoeducation.com\/services\/\"},{\"@type\":\"ListItem\",\"position\":2,\"name\":\"About\"}]},{\"@type\":\"WebSite\",\"@id\":\"https:\/\/enkoeducation.com\/services\/#website\",\"url\":\"https:\/\/enkoeducation.com\/services\/\",\"name\":\"Enko Services\",\"description\":\"Enko Education\",\"potentialAction\":[{\"@type\":\"SearchAction\",\"target\":{\"@type\":\"EntryPoint\",\"urlTemplate\":\"https:\/\/enkoeducation.com\/services\/?s={search_term_string}\"},\"query-input\":\"required name=search_term_string\"}],\"inLanguage\":\"fr-FR\"}]}<\/script>\n<!-- \/ Yoast SEO Premium plugin. -->","yoast_head_json":{"title":"About - Enko Services","description":"Enko Services is Enko Education's consultancy practice and management services. It provides educational consultancy services for any stakeholders involved in the education sector in Africa as well as school operator services for school owners. %","robots":{"index":"index","follow":"follow","max-snippet":"max-snippet:-1","max-image-preview":"max-image-preview:large","max-video-preview":"max-video-preview:-1"},"canonical":"https:\/\/enkoeducation.com\/services\/fr\/about\/","og_locale":"fr_FR","og_type":"article","og_title":"About","og_description":"Enko Services is Enko Education's consultancy practice and management services. It provides educational consultancy services for any stakeholders involved in the education sector in Africa as well as school operator services for school owners. %","og_url":"https:\/\/enkoeducation.com\/services\/fr\/about\/","og_site_name":"Enko Services","article_modified_time":"2022-07-13T15:03:02+00:00","og_image":[{"url":"http:\/\/enkoeducation.com\/services\/wp-content\/uploads\/sites\/35\/2020\/06\/screen-shot-2020-06-17-at-12.37.57-191x300.png"}],"twitter_card":"summary_large_image","twitter_misc":{"Dur\u00e9e de lecture estim\u00e9e":"4 minutes"},"schema":{"@context":"https:\/\/schema.org","@graph":[{"@type":"WebPage","@id":"https:\/\/enkoeducation.com\/services\/about\/","url":"https:\/\/enkoeducation.com\/services\/about\/","name":"About - Enko Services","isPartOf":{"@id":"https:\/\/enkoeducation.com\/services\/#website"},"primaryImageOfPage":{"@id":"https:\/\/enkoeducation.com\/services\/about\/#primaryimage"},"image":{"@id":"https:\/\/enkoeducation.com\/services\/about\/#primaryimage"},"thumbnailUrl":"http:\/\/enkoeducation.com\/services\/wp-content\/uploads\/sites\/35\/2020\/06\/screen-shot-2020-06-17-at-12.37.57-191x300.png","datePublished":"2017-02-22T10:03:49+00:00","dateModified":"2022-07-13T15:03:02+00:00","description":"Enko Services is Enko Education's consultancy practice and management services. It provides educational consultancy services for any stakeholders involved in the education sector in Africa as well as school operator services for school owners. %","breadcrumb":{"@id":"https:\/\/enkoeducation.com\/services\/about\/#breadcrumb"},"inLanguage":"fr-FR","potentialAction":[{"@type":"ReadAction","target":["https:\/\/enkoeducation.com\/services\/about\/"]}]},{"@type":"ImageObject","inLanguage":"fr-FR","@id":"https:\/\/enkoeducation.com\/services\/about\/#primaryimage","url":"http:\/\/enkoeducation.com\/services\/wp-content\/uploads\/sites\/35\/2020\/06\/screen-shot-2020-06-17-at-12.37.57-191x300.png","contentUrl":"http:\/\/enkoeducation.com\/services\/wp-content\/uploads\/sites\/35\/2020\/06\/screen-shot-2020-06-17-at-12.37.57-191x300.png"},{"@type":"BreadcrumbList","@id":"https:\/\/enkoeducation.com\/services\/about\/#breadcrumb","itemListElement":[{"@type":"ListItem","position":1,"name":"Home","item":"https:\/\/enkoeducation.com\/services\/"},{"@type":"ListItem","position":2,"name":"About"}]},{"@type":"WebSite","@id":"https:\/\/enkoeducation.com\/services\/#website","url":"https:\/\/enkoeducation.com\/services\/","name":"Enko Services","description":"Enko Education","potentialAction":[{"@type":"SearchAction","target":{"@type":"EntryPoint","urlTemplate":"https:\/\/enkoeducation.com\/services\/?s={search_term_string}"},"query-input":"required name=search_term_string"}],"inLanguage":"fr-FR"}]}},"_links":{"self":[{"href":"https:\/\/enkoeducation.com\/services\/fr\/wp-json\/wp\/v2\/pages\/15"}],"collection":[{"href":"https:\/\/enkoeducation.com\/services\/fr\/wp-json\/wp\/v2\/pages"}],"about":[{"href":"https:\/\/enkoeducation.com\/services\/fr\/wp-json\/wp\/v2\/types\/page"}],"author":[{"embeddable":true,"href":"https:\/\/enkoeducation.com\/services\/fr\/wp-json\/wp\/v2\/users\/1"}],"replies":[{"embeddable":true,"href":"https:\/\/enkoeducation.com\/services\/fr\/wp-json\/wp\/v2\/comments?post=15"}],"version-history":[{"count":59,"href":"https:\/\/enkoeducation.com\/services\/fr\/wp-json\/wp\/v2\/pages\/15\/revisions"}],"predecessor-version":[{"id":1940,"href":"https:\/\/enkoeducation.com\/services\/fr\/wp-json\/wp\/v2\/pages\/15\/revisions\/1940"}],"wp:attachment":[{"href":"https:\/\/enkoeducation.com\/services\/fr\/wp-json\/wp\/v2\/media?parent=15"}],"curies":[{"name":"wp","href":"https:\/\/api.w.org\/{rel}","templated":true}]}}