{"id":1812,"date":"2020-12-05T15:23:15","date_gmt":"2020-12-05T15:23:15","guid":{"rendered":"https:\/\/enkoeducation.com\/services\/?page_id=1812"},"modified":"2020-12-16T15:12:23","modified_gmt":"2020-12-16T15:12:23","slug":"operator","status":"publish","type":"page","link":"https:\/\/enkoeducation.com\/services\/fr\/operator\/","title":{"rendered":"Nos services de gestion"},"content":{"rendered":"<section class=\"wpb-content-wrapper\">\n<div class=\"mk-page-section-wrapper\" data-mk-full-width=\"true\" data-mk-full-width-init=\"true\" data-mk-stretch-content=\"true\">\n\t<div id=\"page-section-1\" class=\"mk-page-section self-hosted   full_layout full-width-1 js-el js-master-row jupiter-donut-\"    data-intro-effect=\"false\">\n\n\t\t\t\n\t\t\t<div class=\"mk-page-section-inner\">\n\t\t\t\t\n\n\n<div style=\"background-color:#0a0a0a;opacity:0.3;\" class=\"mk-video-color-mask\"><\/div>\n\n\t\t\t\t\n\t\t\t\t\n\t\n\t<div class=\"background-layer-holder\">\n\t\t<div id=\"background-layer--1\" data-mk-lazyload=\"false\" class=\"background-layer mk-background-stretch darken-blend-effect js-el\"   data-blend=\"darken\" data-mk-img-set='{\"landscape\":{\"external\":\"http:\/\/enkoeducation.com\/services\/wp-content\/uploads\/sites\/35\/2020\/12\/retreat-17-scaled-e1608035678360.jpg\"},\"responsive\":\"true\"}' >\n\t\t\t\t\t\t\t\t\t\t<div class=\"mk-blend-layer\"><\/div>\n\t\t\t\t\t\t<div class=\"mk-color-layer\"><\/div>\n\t\t<\/div>\n\t<\/div>\n\n\t\t\t<\/div>\n\n\t\t\t\n        <div class=\"page-section-content vc_row-fluid mk-grid\" >\n            <div class=\"mk-padding-wrapper wpb_row\">\n<div class=\"vc_col-sm-12 wpb_column column_container  jupiter-donut- _ jupiter-donut-height-full\">\n\t\n\n<div class=\"wpb_row vc_inner vc_row vc_row-fluid jupiter-donut-   attched-false\">\n\t\t\t<div class=\"wpb_column vc_column_container vc_col-sm-12\"><div class=\"vc_column-inner\"><div class=\"wpb_wrapper\"><\/div><\/div><\/div>\t<\/div>\n<\/div>\n<\/div>\n            <div class=\"clearboth\"><\/div>\n        <\/div>\n\n\n\t\t\t\n\t\t\t\n\t\t\t\n\t\t<div class=\"clearboth\"><\/div>\n\t<\/div>\n<\/div>\n<div class=\"vc_row-full-width vc_clearfix\"><\/div>\n\n\n<div  data-mk-stretch-content=\"true\" class=\"wpb_row vc_row vc_row-fluid jupiter-donut- mk-fullwidth-false  attched-false     js-master-row  mk-grid\">\n\t\t\t\t\n<div class=\"vc_col-sm-12 wpb_column column_container  jupiter-donut- _ jupiter-donut-height-full\">\n\t\n<div id=\"padding-4\" class=\"mk-padding-divider jupiter-donut-  jupiter-donut-clearfix\"><\/div>\n\n<\/div>\n\t<\/div>\n\n<div class=\"mk-page-section-wrapper\" data-mk-full-width=\"true\" data-mk-full-width-init=\"true\" data-mk-stretch-content=\"true\">\n\t<div id=\"page-section-5\" class=\"mk-page-section self-hosted   full_layout full-width-5 js-el js-master-row jupiter-donut-\"    data-intro-effect=\"false\">\n\n\t\t\t\n\t\t\t<div class=\"mk-page-section-inner\">\n\t\t\t\t\n\n\n<div class=\"mk-video-color-mask\"><\/div>\n\n\t\t\t\t\n\t\t\t\t\t\t\t<\/div>\n\n\t\t\t\n        <div class=\"page-section-content vc_row-fluid mk-grid\" >\n            <div class=\"mk-padding-wrapper wpb_row\">\n<div class=\"vc_col-sm-12 wpb_column column_container  jupiter-donut- _ jupiter-donut-height-full\">\n\t\n<h2 id=\"fancy-title-7\" class=\"mk-fancy-title  simple-style jupiter-donut-  color-single\">\n\t<span>\n\t\t\t\t<h3>Nos services d&#039;op\u00e9rateur<\/h3>\n\t\t\t<\/span>\n<\/h2>\n<div class=\"clearboth\"><\/div>\n\n\n\n<div class=\"vc_separator wpb_content_element vc_separator_align_center vc_sep_width_100 vc_sep_pos_align_center vc_separator_no_text vc_sep_color_grey\" ><span class=\"vc_sep_holder vc_sep_holder_l\"><span class=\"vc_sep_line\"><\/span><\/span><span class=\"vc_sep_holder vc_sep_holder_r\"><span class=\"vc_sep_line\"><\/span><\/span>\n<\/div><\/div>\n\n<div class=\"vc_col-sm-12 wpb_column column_container  jupiter-donut- _ jupiter-donut-height-full\">\n\t\n<h2 id=\"fancy-title-9\" class=\"mk-fancy-title  simple-style jupiter-donut-  color-single\">\n\t<span>\n\t\t\t\t<h3 style=\"text-align: center\"><span style=\"font-weight: 600\">En tant qu&#039;op\u00e9rateur, nous offrons un service complet pour assurer le succ\u00e8s du projet<\/span><\/h3>\n\t\t\t<\/span>\n<\/h2>\n<div class=\"clearboth\"><\/div>\n\n\n\n\n\t<div  class=\"wpb_single_image wpb_content_element vc_align_center\">\n\t\t\n\t\t<figure class=\"wpb_wrapper vc_figure\">\n\t\t\t<div class=\"vc_single_image-wrapper   vc_box_border_grey\"><img fetchpriority=\"high\" decoding=\"async\" width=\"740\" height=\"363\" src=\"https:\/\/enkoeducation.com\/services\/wp-content\/uploads\/sites\/35\/2020\/12\/screen-shot-2020-12-16-at-16.06.35.png\" class=\"vc_single_image-img attachment-full\" alt=\"\" title=\"capture d&#039;\u00e9cran-2020-12-16-at-16.06.35\" srcset=\"https:\/\/enkoeducation.com\/services\/wp-content\/uploads\/sites\/35\/2020\/12\/screen-shot-2020-12-16-at-16.06.35.png 740w, https:\/\/enkoeducation.com\/services\/wp-content\/uploads\/sites\/35\/2020\/12\/screen-shot-2020-12-16-at-16.06.35-31x15.png 31w\" sizes=\"(max-width: 740px) 100vw, 740px\" itemprop=\"image\" \/><\/div>\n\t\t<\/figure>\n\t<\/div>\n<\/div>\n\n<div class=\"vc_col-sm-12 wpb_column column_container  jupiter-donut- _ jupiter-donut-height-full\">\n\t\n<h2 id=\"fancy-title-11\" class=\"mk-fancy-title  simple-style jupiter-donut-  color-single\">\n\t<span>\n\t\t\t\t<h3 style=\"text-align: center\"><span style=\"font-weight: 600\">En tant qu&#039;op\u00e9rateur, nous g\u00e9rons l&#039;\u00e9cole pour le compte de nos investisseurs<\/span><\/h3>\n\t\t\t<\/span>\n<\/h2>\n<div class=\"clearboth\"><\/div>\n\n\n\n\n\t<div  class=\"wpb_single_image wpb_content_element vc_align_center\">\n\t\t\n\t\t<figure class=\"wpb_wrapper vc_figure\">\n\t\t\t<div class=\"vc_single_image-wrapper   vc_box_border_grey\"><img decoding=\"async\" width=\"716\" height=\"342\" src=\"https:\/\/enkoeducation.com\/services\/wp-content\/uploads\/sites\/35\/2020\/12\/screen-shot-2020-12-16-at-16.09.57.png\" class=\"vc_single_image-img attachment-full\" alt=\"\" title=\"capture d&#039;\u00e9cran-2020-12-16-at-16.09.57\" srcset=\"https:\/\/enkoeducation.com\/services\/wp-content\/uploads\/sites\/35\/2020\/12\/screen-shot-2020-12-16-at-16.09.57.png 716w, https:\/\/enkoeducation.com\/services\/wp-content\/uploads\/sites\/35\/2020\/12\/screen-shot-2020-12-16-at-16.09.57-31x15.png 31w\" sizes=\"(max-width: 716px) 100vw, 716px\" itemprop=\"image\" \/><\/div>\n\t\t<\/figure>\n\t<\/div>\n<\/div>\n<\/div>\n            <div class=\"clearboth\"><\/div>\n        <\/div>\n\n\n\t\t\t\n\t\t\t\n\t\t\t\n\t\t<div class=\"clearboth\"><\/div>\n\t<\/div>\n<\/div>\n<div class=\"vc_row-full-width vc_clearfix\"><\/div>\n\n\n<div  data-mk-stretch-content=\"true\" class=\"wpb_row vc_row vc_row-fluid jupiter-donut- mk-fullwidth-false  attched-false     js-master-row  mk-grid\">\n\t\t\t\t\n<div class=\"vc_col-sm-12 wpb_column column_container  jupiter-donut- _ jupiter-donut-height-full\">\n\t\n<div id=\"padding-13\" class=\"mk-padding-divider jupiter-donut-  jupiter-donut-clearfix\"><\/div>\n\n<\/div>\n\t<\/div>\n\n<\/section>","protected":false},"excerpt":{"rendered":"Nos services d&#039;op\u00e9rateur En tant qu&#039;op\u00e9rateur, nous offrons un service complet pour assurer la r\u00e9ussite du projet En tant qu&#039;op\u00e9rateur, nous g\u00e9rons l&#039;\u00e9cole pour le compte de nos investisseurs","protected":false},"author":51,"featured_media":0,"parent":0,"menu_order":6,"comment_status":"closed","ping_status":"closed","template":"","meta":{"footnotes":""},"class_list":["post-1812","page","type-page","status-publish","hentry"],"yoast_head":"<!-- This site is optimized with the Yoast SEO Premium plugin v18.2.1 (Yoast SEO v23.2) - https:\/\/yoast.com\/wordpress\/plugins\/seo\/ -->\n<title>Enko Services - School Consultancy<\/title>\n<meta name=\"robots\" content=\"index, follow, max-snippet:-1, max-image-preview:large, max-video-preview:-1\" \/>\n<link rel=\"canonical\" href=\"https:\/\/enkoeducation.com\/services\/fr\/operator\/\" \/>\n<meta property=\"og:locale\" content=\"fr_FR\" \/>\n<meta property=\"og:type\" content=\"article\" \/>\n<meta property=\"og:title\" content=\"Our Management Services\" \/>\n<meta property=\"og:url\" content=\"https:\/\/enkoeducation.com\/services\/fr\/operator\/\" \/>\n<meta property=\"og:site_name\" content=\"Enko Services\" \/>\n<meta property=\"article:modified_time\" content=\"2020-12-16T15:12:23+00:00\" \/>\n<meta name=\"twitter:card\" content=\"summary_large_image\" \/>\n<meta name=\"twitter:label1\" content=\"Dur\u00e9e de lecture estim\u00e9e\" \/>\n\t<meta name=\"twitter:data1\" content=\"1 minute\" \/>\n<script type=\"application\/ld+json\" class=\"yoast-schema-graph\">{\"@context\":\"https:\/\/schema.org\",\"@graph\":[{\"@type\":\"WebPage\",\"@id\":\"https:\/\/enkoeducation.com\/services\/operator\/\",\"url\":\"https:\/\/enkoeducation.com\/services\/operator\/\",\"name\":\"Enko Services - School Consultancy\",\"isPartOf\":{\"@id\":\"https:\/\/enkoeducation.com\/services\/#website\"},\"datePublished\":\"2020-12-05T15:23:15+00:00\",\"dateModified\":\"2020-12-16T15:12:23+00:00\",\"breadcrumb\":{\"@id\":\"https:\/\/enkoeducation.com\/services\/operator\/#breadcrumb\"},\"inLanguage\":\"fr-FR\",\"potentialAction\":[{\"@type\":\"ReadAction\",\"target\":[\"https:\/\/enkoeducation.com\/services\/operator\/\"]}]},{\"@type\":\"BreadcrumbList\",\"@id\":\"https:\/\/enkoeducation.com\/services\/operator\/#breadcrumb\",\"itemListElement\":[{\"@type\":\"ListItem\",\"position\":1,\"name\":\"Home\",\"item\":\"https:\/\/enkoeducation.com\/services\/\"},{\"@type\":\"ListItem\",\"position\":2,\"name\":\"Our Management Services\"}]},{\"@type\":\"WebSite\",\"@id\":\"https:\/\/enkoeducation.com\/services\/#website\",\"url\":\"https:\/\/enkoeducation.com\/services\/\",\"name\":\"Enko Services\",\"description\":\"Enko Education\",\"potentialAction\":[{\"@type\":\"SearchAction\",\"target\":{\"@type\":\"EntryPoint\",\"urlTemplate\":\"https:\/\/enkoeducation.com\/services\/?s={search_term_string}\"},\"query-input\":\"required name=search_term_string\"}],\"inLanguage\":\"fr-FR\"}]}<\/script>\n<!-- \/ Yoast SEO Premium plugin. -->","yoast_head_json":{"title":"Enko Services - School Consultancy","robots":{"index":"index","follow":"follow","max-snippet":"max-snippet:-1","max-image-preview":"max-image-preview:large","max-video-preview":"max-video-preview:-1"},"canonical":"https:\/\/enkoeducation.com\/services\/fr\/operator\/","og_locale":"fr_FR","og_type":"article","og_title":"Our Management Services","og_url":"https:\/\/enkoeducation.com\/services\/fr\/operator\/","og_site_name":"Enko Services","article_modified_time":"2020-12-16T15:12:23+00:00","twitter_card":"summary_large_image","twitter_misc":{"Dur\u00e9e de lecture estim\u00e9e":"1 minute"},"schema":{"@context":"https:\/\/schema.org","@graph":[{"@type":"WebPage","@id":"https:\/\/enkoeducation.com\/services\/operator\/","url":"https:\/\/enkoeducation.com\/services\/operator\/","name":"Enko Services - School Consultancy","isPartOf":{"@id":"https:\/\/enkoeducation.com\/services\/#website"},"datePublished":"2020-12-05T15:23:15+00:00","dateModified":"2020-12-16T15:12:23+00:00","breadcrumb":{"@id":"https:\/\/enkoeducation.com\/services\/operator\/#breadcrumb"},"inLanguage":"fr-FR","potentialAction":[{"@type":"ReadAction","target":["https:\/\/enkoeducation.com\/services\/operator\/"]}]},{"@type":"BreadcrumbList","@id":"https:\/\/enkoeducation.com\/services\/operator\/#breadcrumb","itemListElement":[{"@type":"ListItem","position":1,"name":"Home","item":"https:\/\/enkoeducation.com\/services\/"},{"@type":"ListItem","position":2,"name":"Our Management Services"}]},{"@type":"WebSite","@id":"https:\/\/enkoeducation.com\/services\/#website","url":"https:\/\/enkoeducation.com\/services\/","name":"Enko Services","description":"Enko Education","potentialAction":[{"@type":"SearchAction","target":{"@type":"EntryPoint","urlTemplate":"https:\/\/enkoeducation.com\/services\/?s={search_term_string}"},"query-input":"required name=search_term_string"}],"inLanguage":"fr-FR"}]}},"_links":{"self":[{"href":"https:\/\/enkoeducation.com\/services\/fr\/wp-json\/wp\/v2\/pages\/1812"}],"collection":[{"href":"https:\/\/enkoeducation.com\/services\/fr\/wp-json\/wp\/v2\/pages"}],"about":[{"href":"https:\/\/enkoeducation.com\/services\/fr\/wp-json\/wp\/v2\/types\/page"}],"author":[{"embeddable":true,"href":"https:\/\/enkoeducation.com\/services\/fr\/wp-json\/wp\/v2\/users\/51"}],"replies":[{"embeddable":true,"href":"https:\/\/enkoeducation.com\/services\/fr\/wp-json\/wp\/v2\/comments?post=1812"}],"version-history":[{"count":23,"href":"https:\/\/enkoeducation.com\/services\/fr\/wp-json\/wp\/v2\/pages\/1812\/revisions"}],"predecessor-version":[{"id":1890,"href":"https:\/\/enkoeducation.com\/services\/fr\/wp-json\/wp\/v2\/pages\/1812\/revisions\/1890"}],"wp:attachment":[{"href":"https:\/\/enkoeducation.com\/services\/fr\/wp-json\/wp\/v2\/media?parent=1812"}],"curies":[{"name":"wp","href":"https:\/\/api.w.org\/{rel}","templated":true}]}}