{"id":249,"date":"2017-02-22T10:00:49","date_gmt":"2017-02-22T10:00:49","guid":{"rendered":"http:\/\/biandel.com\/osogoa\/?page_id=5"},"modified":"2022-07-14T07:58:13","modified_gmt":"2022-07-14T07:58:13","slug":"home","status":"publish","type":"page","link":"https:\/\/enkoeducation.com\/services\/fr\/","title":{"rendered":"Maison"},"content":{"rendered":"<section class=\"wpb-content-wrapper\">\n<div class=\"mk-page-section-wrapper\" data-mk-full-width=\"true\" data-mk-full-width-init=\"true\" data-mk-stretch-content=\"true\">\n\t<div id=\"page-section-1\" class=\"mk-page-section self-hosted   full_layout full-width-1 js-el js-master-row jupiter-donut-\"    data-intro-effect=\"false\">\n\n\t\t\t\n\t\t\t<div class=\"mk-page-section-inner\">\n\t\t\t\t\n\n\n<div style=\"background-color:#0a0a0a;opacity:0.3;\" class=\"mk-video-color-mask\"><\/div>\n\n\t\t\t\t\n\t\t\t\t\n\t\n\t<div class=\"background-layer-holder\">\n\t\t<div id=\"background-layer--1\" data-mk-lazyload=\"false\" class=\"background-layer mk-background-stretch darken-blend-effect js-el\"   data-blend=\"darken\" data-mk-img-set='{\"landscape\":{\"external\":\"http:\/\/enkoeducation.com\/services\/wp-content\/uploads\/sites\/35\/2020\/12\/enko-waca-8.jpg\"},\"responsive\":\"true\"}' >\n\t\t\t\t\t\t\t\t\t\t<div class=\"mk-blend-layer\"><\/div>\n\t\t\t\t\t\t<div class=\"mk-color-layer\"><\/div>\n\t\t<\/div>\n\t<\/div>\n\n\t\t\t<\/div>\n\n\t\t\t\n        <div class=\"page-section-content vc_row-fluid mk-grid\" >\n            <div class=\"mk-padding-wrapper wpb_row\">\n<div class=\"vc_col-sm-12 wpb_column column_container  jupiter-donut- _ jupiter-donut-height-full\">\n\t\n<h1 id=\"fancy-title-3\" class=\"mk-fancy-title  simple-style jupiter-donut-  color-single\">\n\t<span>\n\t\t\t\t<h1 style=\"text-align: center;\"><span style=\"color: #ffffff;\">\u00a0Services Enko<\/span><\/h1>\n<h1 style=\"text-align: center;\"><span style=\"color: #ffffff;\">Services de gestion et de conseil scolaire<\/span><\/h1>\n\t\t\t<\/span>\n<\/h1>\n<div class=\"clearboth\"><\/div>\n\n\n\n<style>#fancy-title-3 {font-family: \"Montserrat\"}<\/style><\/div>\n<\/div>\n            <div class=\"clearboth\"><\/div>\n        <\/div>\n\n\n\t\t\t\n\t\t\t\n\t\t\t\n\t\t<div class=\"clearboth\"><\/div>\n\t<\/div>\n<\/div>\n<div class=\"vc_row-full-width vc_clearfix\"><\/div>\n\n\n<div class=\"mk-page-section-wrapper\" data-mk-full-width=\"true\" data-mk-full-width-init=\"true\" data-mk-stretch-content=\"true\">\n\t<div id=\"page-section-4\" class=\"mk-page-section self-hosted   full_layout full-width-4 js-el js-master-row jupiter-donut-\"    data-intro-effect=\"false\">\n\n\t\t\t\n\t\t\t<div class=\"mk-page-section-inner\">\n\t\t\t\t\n\n\n<div class=\"mk-video-color-mask\"><\/div>\n\n\t\t\t\t\n\t\t\t\t\t\t\t<\/div>\n\n\t\t\t\n        <div class=\"page-section-content vc_row-fluid mk-grid\" >\n            <div class=\"mk-padding-wrapper wpb_row\">\n<div class=\"vc_col-sm-12 wpb_column column_container  jupiter-donut- _ jupiter-donut-height-full\">\n\t\n\n<div class=\"wpb_row vc_inner vc_row vc_row-fluid jupiter-donut-   attched-false   vc_custom_1608138366247\">\n\t\t\t<div class=\"wpb_column vc_column_container vc_col-sm-12\"><div class=\"vc_column-inner\"><div class=\"wpb_wrapper\">\n<div id=\"padding-6\" class=\"mk-padding-divider jupiter-donut-  jupiter-donut-clearfix\"><\/div>\n\n\n<h2 id=\"fancy-title-7\" class=\"mk-fancy-title  simple-style jupiter-donut-  color-single\">\n\t<span>\n\t\t\t\t<h4 style=\"text-align: center;\"><span style=\"color: #ffffff;\">Enko Services est le cabinet de conseil et de services de gestion d&#039;Enko Education.<\/span><\/h4>\n<h4 style=\"text-align: center;\"><span style=\"color: #ffffff;\">Elle fournit des services de conseil p\u00e9dagogique \u00e0 toutes les parties prenantes impliqu\u00e9es dans le secteur de l\u2019\u00e9ducation en Afrique ainsi que des services d\u2019exploitation scolaire pour les propri\u00e9taires d\u2019\u00e9coles.<\/span><\/h4>\n\t\t\t<\/span>\n<\/h2>\n<div class=\"clearboth\"><\/div>\n\n\n\n\n<div id=\"padding-8\" class=\"mk-padding-divider jupiter-donut-  jupiter-donut-clearfix\"><\/div>\n\n<\/div><\/div><\/div>\t<\/div>\n<\/div>\n<\/div>\n            <div class=\"clearboth\"><\/div>\n        <\/div>\n\n\n\t\t\t\n\t\t\t\n\t\t\t\n\t\t<div class=\"clearboth\"><\/div>\n\t<\/div>\n<\/div>\n<div class=\"vc_row-full-width vc_clearfix\"><\/div>\n\n\n<div  data-mk-stretch-content=\"true\" class=\"wpb_row vc_row vc_row-fluid jupiter-donut- mk-fullwidth-false  attched-false    vc_custom_1603397619545  js-master-row  mk-grid\">\n\t\t\t\t\n<div class=\"vc_col-sm-12 wpb_column column_container  jupiter-donut- _ jupiter-donut-height-full\">\n\t\n<div id=\"padding-10\" class=\"mk-padding-divider jupiter-donut-  jupiter-donut-clearfix\"><\/div>\n\n\n<h2 id=\"fancy-title-11\" class=\"mk-fancy-title  simple-style jupiter-donut-  color-single\">\n\t<span>\n\t\t\t\t<h3 style=\"text-align: center;\">Message de bienvenue du PDG d&#039;Enko Education<\/h3>\n\t\t\t<\/span>\n<\/h2>\n<div class=\"clearboth\"><\/div>\n\n\n\n\t<div class=\"vc_custom_1608037812381\">\n\n<div id=\"text-block-12\" class=\"mk-text-block  jupiter-donut-\">\n\n\t\n\t<p><img fetchpriority=\"high\" decoding=\"async\" class=\"wp-image-1790 size-medium alignleft\" src=\"http:\/\/enkoeducation.com\/services\/wp-content\/uploads\/sites\/35\/2020\/12\/circle-cropped-4-300x300.png\" alt=\"\" width=\"300\" height=\"300\" srcset=\"https:\/\/enkoeducation.com\/services\/wp-content\/uploads\/sites\/35\/2020\/12\/circle-cropped-4-300x300.png 300w, https:\/\/enkoeducation.com\/services\/wp-content\/uploads\/sites\/35\/2020\/12\/circle-cropped-4-1024x1024.png 1024w, https:\/\/enkoeducation.com\/services\/wp-content\/uploads\/sites\/35\/2020\/12\/circle-cropped-4-150x150.png 150w, https:\/\/enkoeducation.com\/services\/wp-content\/uploads\/sites\/35\/2020\/12\/circle-cropped-4-768x768.png 768w, https:\/\/enkoeducation.com\/services\/wp-content\/uploads\/sites\/35\/2020\/12\/circle-cropped-4-1536x1536.png 1536w, https:\/\/enkoeducation.com\/services\/wp-content\/uploads\/sites\/35\/2020\/12\/circle-cropped-4-2048x2048.png 2048w, https:\/\/enkoeducation.com\/services\/wp-content\/uploads\/sites\/35\/2020\/12\/circle-cropped-4-100x100.png 100w, https:\/\/enkoeducation.com\/services\/wp-content\/uploads\/sites\/35\/2020\/12\/circle-cropped-4-27x27.png 27w, https:\/\/enkoeducation.com\/services\/wp-content\/uploads\/sites\/35\/2020\/12\/circle-cropped-4-60x60.png 60w\" sizes=\"(max-width: 300px) 100vw, 300px\" \/>Chers partenaires et clients d&#039;Enko Education,<\/p>\n<p>Le conseil scolaire est au c\u0153ur de nos services. Chez Enko Services, nous \u00e9laborons des strat\u00e9gies innovantes, visionnaires et sur mesure pour vos \u00e9coles et march\u00e9s \u00e9ducatifs d\u00e9j\u00e0 existants sur le continent africain. Au-del\u00e0 de notre objectif de fournir des solutions r\u00e9alistes et individualis\u00e9es, nous cherchons \u00e0 vous aider \u00e0 atteindre l&#039;excellence gr\u00e2ce \u00e0 des \u00e9valuations cibl\u00e9es des positions actuelles et des pr\u00e9visions r\u00e9alistes de l&#039;avenir.<\/p>\n<p>L\u2019am\u00e9lioration et le d\u00e9veloppement sont les \u00e9l\u00e9ments cl\u00e9s de notre approche. Ainsi, nous veillons \u00e0 ce que notre approche soit bas\u00e9e sur des plans sur mesure, en fonction de vos besoins et d\u00e9fis, suivant des processus approfondis, qui nous permettent d\u2019approfondir les diff\u00e9rents segments et perspectives \u00e0 aborder, tout en fixant des objectifs \u00e0 court et \u00e0 long terme qui rendent notre travail impactant.<\/p>\n<p>Pour r\u00e9pondre au mieux \u00e0 vos besoins, nous avons constitu\u00e9 une \u00e9quipe de talents exp\u00e9riment\u00e9s, issus de diff\u00e9rents pays et horizons. Un vivier d&#039;individus anim\u00e9s par la passion de l&#039;\u00e9ducation mais surtout par l&#039;analyse de donn\u00e9es et les r\u00e9sultats positifs. L&#039;atteinte de vos objectifs est leur qu\u00eate num\u00e9ro un.<\/p>\n<p>Votre r\u00e9ussite, notre priorit\u00e9.<\/p>\n\n\t<div class=\"clearboth\"><\/div>\n<\/div>\n\n\t<\/div>\n\n<div id=\"padding-13\" class=\"mk-padding-divider jupiter-donut-  jupiter-donut-clearfix\"><\/div>\n\n\n<h2 id=\"fancy-title-14\" class=\"mk-fancy-title  simple-style jupiter-donut-  color-single\">\n\t<span>\n\t\t\t\t<h3 style=\"text-align: center;\">Nos approches holistiques sont adapt\u00e9es \u00e0 vos besoins<\/h3>\n\t\t\t<\/span>\n<\/h2>\n<div class=\"clearboth\"><\/div>\n\n\n\n\n\n<div class=\"wpb_row vc_inner vc_row vc_row-fluid jupiter-donut-   attched-false   vc_custom_1516629025801\">\n\t\t\t<div class=\"wpb_column vc_column_container vc_col-sm-3\"><div class=\"vc_column-inner\"><div class=\"wpb_wrapper\"><div  class=\"mk-image mk-image-15 jupiter-donut-  mk-image-lazyload align-center simple-frame inside-image\" style=\"margin-bottom:10px\"><div class=\"mk-image-container\" style=\"max-width: px;\"><div  class=\"mk-image-holder\" style=\"max-width: px;\"><div class=\"mk-image-inner\"><a href=\"https:\/\/enkoeducation.com\/services\/fr\/sandton\/curriculum\/\" target=\"_blank\" class=\"mk-image-link\"><img decoding=\"async\" class=\"lightbox-false\" alt=\"Home\" title=\"Maison\" width=\"\" height=\"\" src=\"http:\/\/enkoeducation.com\/services\/wp-content\/uploads\/sites\/35\/2018\/07\/tickedlist.png\" \/><\/a><\/div><\/div><div class=\"clearboth\"><\/div><\/div><\/div>\n<div id=\"mk-button-16\" class=\"mk-button-container _ jupiter-donut-relative    jupiter-donut-block jupiter-donut-text-center\">\n\n\t\n\t\t<a href=\"https:\/\/enkoeducation.com\/services\/fr\/suggestedservices\/\" target=\"_self\" class=\"mk-button js-smooth-scroll mk-button--dimension-flat mk-button--size-large mk-button--corner-full_rounded text-color-light _ jupiter-donut-relative jupiter-donut-text-center jupiter-donut-font-weight-700 jupiter-donut-no-backface  jupiter-donut-letter-spacing-2 jupiter-donut-inline-block\"><span class=\"mk-button--text\">NOS SERVICES <\/span><\/a>\n\n\t\n<\/div>\n<\/div><\/div><\/div><div class=\"wpb_column vc_column_container vc_col-sm-3\"><div class=\"vc_column-inner\"><div class=\"wpb_wrapper\"><div  class=\"mk-image mk-image-17 jupiter-donut-  mk-image-lazyload align-center simple-frame inside-image\" style=\"margin-bottom:10px\"><div class=\"mk-image-container\" style=\"max-width: px;\"><div  class=\"mk-image-holder\" style=\"max-width: px;\"><div class=\"mk-image-inner\"><a href=\"https:\/\/enkoeducation.com\/services\/fr\/sandton\/admission\/\" target=\"_self\" class=\"mk-image-link\"><img decoding=\"async\" class=\"lightbox-false\" alt=\"Home\" title=\"Maison\" width=\"\" height=\"\" src=\"http:\/\/enkoeducation.com\/services\/wp-content\/uploads\/sites\/35\/2018\/07\/school-1.png\" \/><\/a><\/div><\/div><div class=\"clearboth\"><\/div><\/div><\/div>\n<div id=\"mk-button-18\" class=\"mk-button-container _ jupiter-donut-relative    jupiter-donut-block jupiter-donut-text-center\">\n\n\t\n\t\t<a href=\"https:\/\/enkoeducation.com\/services\/fr\/project\/\" target=\"_self\" class=\"mk-button js-smooth-scroll mk-button--dimension-flat mk-button--size-large mk-button--corner-full_rounded text-color-light _ jupiter-donut-relative jupiter-donut-text-center jupiter-donut-font-weight-700 jupiter-donut-no-backface  jupiter-donut-letter-spacing-2 jupiter-donut-inline-block\"><span class=\"mk-button--text\">NOS PROJETS <\/span><\/a>\n\n\t\n<\/div>\n<\/div><\/div><\/div><div class=\"wpb_column vc_column_container vc_col-sm-3\"><div class=\"vc_column-inner\"><div class=\"wpb_wrapper\"><div  class=\"mk-image mk-image-19 jupiter-donut-  mk-image-lazyload align-center simple-frame inside-image\" style=\"margin-bottom:10px\"><div class=\"mk-image-container\" style=\"max-width: px;\"><div  class=\"mk-image-holder\" style=\"max-width: px;\"><div class=\"mk-image-inner\"><a href=\"https:\/\/enkoeducation.com\/services\/fr\/sandton\/contact\/\" target=\"_self\" class=\"mk-image-link\"><img decoding=\"async\" class=\"lightbox-false\" alt=\"Home\" title=\"Maison\" width=\"\" height=\"\" src=\"http:\/\/enkoeducation.com\/services\/wp-content\/uploads\/sites\/35\/2018\/07\/cogs.png\" \/><\/a><\/div><\/div><div class=\"clearboth\"><\/div><\/div><\/div>\n<div id=\"mk-button-20\" class=\"mk-button-container _ jupiter-donut-relative    jupiter-donut-block jupiter-donut-text-center\">\n\n\t\n\t\t<a href=\"https:\/\/enkoeducation.com\/services\/fr\/approach\/\" target=\"_self\" class=\"mk-button js-smooth-scroll mk-button--dimension-flat mk-button--size-large mk-button--corner-full_rounded text-color-light _ jupiter-donut-relative jupiter-donut-text-center jupiter-donut-font-weight-700 jupiter-donut-no-backface  jupiter-donut-letter-spacing-2 jupiter-donut-inline-block\"><span class=\"mk-button--text\">NOTRE APPROCHE<\/span><\/a>\n\n\t\n<\/div>\n<\/div><\/div><\/div><div class=\"wpb_column vc_column_container vc_col-sm-3\"><div class=\"vc_column-inner\"><div class=\"wpb_wrapper\"><div  class=\"mk-image mk-image-21 jupiter-donut-  mk-image-lazyload align-center simple-frame inside-image\" style=\"margin-bottom:10px\"><div class=\"mk-image-container\" style=\"max-width: px;\"><div  class=\"mk-image-holder\" style=\"max-width: px;\"><div class=\"mk-image-inner\"><a href=\"https:\/\/enkoeducation.com\/services\/fr\/sandton\/contact\/\" target=\"_self\" class=\"mk-image-link\"><img decoding=\"async\" class=\"lightbox-false\" alt=\"Home\" title=\"Maison\" width=\"\" height=\"\" src=\"http:\/\/enkoeducation.com\/services\/wp-content\/uploads\/sites\/35\/2018\/07\/malefemaletoiletsign.png\" \/><\/a><\/div><\/div><div class=\"clearboth\"><\/div><\/div><\/div>\n<div id=\"mk-button-22\" class=\"mk-button-container _ jupiter-donut-relative    jupiter-donut-block jupiter-donut-text-center\">\n\n\t\n\t\t<a href=\"https:\/\/enkoeducation.com\/services\/fr\/ourteam\/\" target=\"_self\" class=\"mk-button js-smooth-scroll mk-button--dimension-flat mk-button--size-large mk-button--corner-full_rounded text-color-light _ jupiter-donut-relative jupiter-donut-text-center jupiter-donut-font-weight-700 jupiter-donut-no-backface  jupiter-donut-letter-spacing-2 jupiter-donut-inline-block\"><span class=\"mk-button--text\">NOTRE \u00c9QUIPE<\/span><\/a>\n\n\t\n<\/div>\n<\/div><\/div><\/div>\t<\/div>\n<\/div>\n\t<\/div>\n\n<div class=\"mk-page-section-wrapper\" data-mk-full-width=\"true\" data-mk-full-width-init=\"true\" data-mk-stretch-content=\"true\">\n\t<div id=\"page-section-23\" class=\"mk-page-section self-hosted   full_layout full-width-23 js-el js-master-row jupiter-donut-\"    data-intro-effect=\"false\">\n\n\t\t\t\n\t\t\t<div class=\"mk-page-section-inner\">\n\t\t\t\t\n\n\n<div class=\"mk-video-color-mask\"><\/div>\n\n\t\t\t\t\n\t\t\t\t\t\t\t<\/div>\n\n\t\t\t\n        <div class=\"page-section-content vc_row-fluid mk-grid\" >\n            <div class=\"mk-padding-wrapper wpb_row\">\n<div class=\"vc_col-sm-12 wpb_column column_container  jupiter-donut- _ jupiter-donut-height-full\">\n\t<\/div>\n<\/div>\n            <div class=\"clearboth\"><\/div>\n        <\/div>\n\n\n\t\t\t\n\t\t\t\n\t\t\t\n\t\t<div class=\"clearboth\"><\/div>\n\t<\/div>\n<\/div>\n<div class=\"vc_row-full-width vc_clearfix\"><\/div>\n\n\n<\/section>","protected":false},"excerpt":{"rendered":"\u00a0Enko Services Services de conseil et de gestion scolaire Enko Services est le cabinet de conseil et de gestion d&#039;Enko Education. Il fournit des services de conseil p\u00e9dagogique \u00e0 tous les acteurs impliqu\u00e9s dans le secteur de l&#039;\u00e9ducation en Afrique ainsi que des services d&#039;exploitation scolaire aux propri\u00e9taires d&#039;\u00e9coles. Message de bienvenue du PDG d&#039;Enko Education Chers partenaires et clients d&#039;Enko Education, [...]","protected":false},"author":1,"featured_media":0,"parent":0,"menu_order":3,"comment_status":"closed","ping_status":"closed","template":"","meta":{"footnotes":""},"class_list":["post-249","page","type-page","status-publish","hentry"],"yoast_head":"<!-- This site is optimized with the Yoast SEO Premium plugin v18.2.1 (Yoast SEO v23.2) - https:\/\/yoast.com\/wordpress\/plugins\/seo\/ -->\n<title>Enko Services - School Consultancy - Home Page<\/title>\n<meta name=\"description\" content=\"We craft innovative and tailored strategies for your already existing schools and educational markets within the African continent.\" \/>\n<meta name=\"robots\" content=\"index, follow, max-snippet:-1, max-image-preview:large, max-video-preview:-1\" \/>\n<link rel=\"canonical\" href=\"https:\/\/enkoeducation.com\/services\/fr\/\" \/>\n<meta property=\"og:locale\" content=\"fr_FR\" \/>\n<meta property=\"og:type\" content=\"article\" \/>\n<meta property=\"og:title\" content=\"Home\" \/>\n<meta property=\"og:description\" content=\"We craft innovative and tailored strategies for your already existing schools and educational markets within the African continent.\" \/>\n<meta property=\"og:url\" content=\"https:\/\/enkoeducation.com\/services\/fr\/\" \/>\n<meta property=\"og:site_name\" content=\"Enko Services\" \/>\n<meta property=\"article:modified_time\" content=\"2022-07-14T07:58:13+00:00\" \/>\n<meta property=\"og:image\" content=\"http:\/\/enkoeducation.com\/services\/wp-content\/uploads\/sites\/35\/2020\/12\/circle-cropped-4-300x300.png\" \/>\n<meta name=\"twitter:card\" content=\"summary_large_image\" \/>\n<meta name=\"twitter:label1\" content=\"Dur\u00e9e de lecture estim\u00e9e\" \/>\n\t<meta name=\"twitter:data1\" content=\"4 minutes\" \/>\n<script type=\"application\/ld+json\" class=\"yoast-schema-graph\">{\"@context\":\"https:\/\/schema.org\",\"@graph\":[{\"@type\":\"WebPage\",\"@id\":\"https:\/\/enkoeducation.com\/services\/\",\"url\":\"https:\/\/enkoeducation.com\/services\/\",\"name\":\"Enko Services - School Consultancy - Home Page\",\"isPartOf\":{\"@id\":\"https:\/\/enkoeducation.com\/services\/#website\"},\"primaryImageOfPage\":{\"@id\":\"https:\/\/enkoeducation.com\/services\/#primaryimage\"},\"image\":{\"@id\":\"https:\/\/enkoeducation.com\/services\/#primaryimage\"},\"thumbnailUrl\":\"http:\/\/enkoeducation.com\/services\/wp-content\/uploads\/sites\/35\/2020\/12\/circle-cropped-4-300x300.png\",\"datePublished\":\"2017-02-22T10:00:49+00:00\",\"dateModified\":\"2022-07-14T07:58:13+00:00\",\"description\":\"We craft innovative and tailored strategies for your already existing schools and educational markets within the African continent.\",\"breadcrumb\":{\"@id\":\"https:\/\/enkoeducation.com\/services\/#breadcrumb\"},\"inLanguage\":\"fr-FR\",\"potentialAction\":[{\"@type\":\"ReadAction\",\"target\":[\"https:\/\/enkoeducation.com\/services\/\"]}]},{\"@type\":\"ImageObject\",\"inLanguage\":\"fr-FR\",\"@id\":\"https:\/\/enkoeducation.com\/services\/#primaryimage\",\"url\":\"http:\/\/enkoeducation.com\/services\/wp-content\/uploads\/sites\/35\/2020\/12\/circle-cropped-4-300x300.png\",\"contentUrl\":\"http:\/\/enkoeducation.com\/services\/wp-content\/uploads\/sites\/35\/2020\/12\/circle-cropped-4-300x300.png\"},{\"@type\":\"BreadcrumbList\",\"@id\":\"https:\/\/enkoeducation.com\/services\/#breadcrumb\",\"itemListElement\":[{\"@type\":\"ListItem\",\"position\":1,\"name\":\"Home\",\"item\":\"https:\/\/enkoeducation.com\/services\/\"},{\"@type\":\"ListItem\",\"position\":2,\"name\":\"Home\"}]},{\"@type\":\"WebSite\",\"@id\":\"https:\/\/enkoeducation.com\/services\/#website\",\"url\":\"https:\/\/enkoeducation.com\/services\/\",\"name\":\"Enko Services\",\"description\":\"Enko Education\",\"potentialAction\":[{\"@type\":\"SearchAction\",\"target\":{\"@type\":\"EntryPoint\",\"urlTemplate\":\"https:\/\/enkoeducation.com\/services\/?s={search_term_string}\"},\"query-input\":\"required name=search_term_string\"}],\"inLanguage\":\"fr-FR\"}]}<\/script>\n<!-- \/ Yoast SEO Premium plugin. -->","yoast_head_json":{"title":"Enko Services - School Consultancy - Home Page","description":"We craft innovative and tailored strategies for your already existing schools and educational markets within the African continent.","robots":{"index":"index","follow":"follow","max-snippet":"max-snippet:-1","max-image-preview":"max-image-preview:large","max-video-preview":"max-video-preview:-1"},"canonical":"https:\/\/enkoeducation.com\/services\/fr\/","og_locale":"fr_FR","og_type":"article","og_title":"Home","og_description":"We craft innovative and tailored strategies for your already existing schools and educational markets within the African continent.","og_url":"https:\/\/enkoeducation.com\/services\/fr\/","og_site_name":"Enko Services","article_modified_time":"2022-07-14T07:58:13+00:00","og_image":[{"url":"http:\/\/enkoeducation.com\/services\/wp-content\/uploads\/sites\/35\/2020\/12\/circle-cropped-4-300x300.png"}],"twitter_card":"summary_large_image","twitter_misc":{"Dur\u00e9e de lecture estim\u00e9e":"4 minutes"},"schema":{"@context":"https:\/\/schema.org","@graph":[{"@type":"WebPage","@id":"https:\/\/enkoeducation.com\/services\/","url":"https:\/\/enkoeducation.com\/services\/","name":"Enko Services - School Consultancy - Home Page","isPartOf":{"@id":"https:\/\/enkoeducation.com\/services\/#website"},"primaryImageOfPage":{"@id":"https:\/\/enkoeducation.com\/services\/#primaryimage"},"image":{"@id":"https:\/\/enkoeducation.com\/services\/#primaryimage"},"thumbnailUrl":"http:\/\/enkoeducation.com\/services\/wp-content\/uploads\/sites\/35\/2020\/12\/circle-cropped-4-300x300.png","datePublished":"2017-02-22T10:00:49+00:00","dateModified":"2022-07-14T07:58:13+00:00","description":"We craft innovative and tailored strategies for your already existing schools and educational markets within the African continent.","breadcrumb":{"@id":"https:\/\/enkoeducation.com\/services\/#breadcrumb"},"inLanguage":"fr-FR","potentialAction":[{"@type":"ReadAction","target":["https:\/\/enkoeducation.com\/services\/"]}]},{"@type":"ImageObject","inLanguage":"fr-FR","@id":"https:\/\/enkoeducation.com\/services\/#primaryimage","url":"http:\/\/enkoeducation.com\/services\/wp-content\/uploads\/sites\/35\/2020\/12\/circle-cropped-4-300x300.png","contentUrl":"http:\/\/enkoeducation.com\/services\/wp-content\/uploads\/sites\/35\/2020\/12\/circle-cropped-4-300x300.png"},{"@type":"BreadcrumbList","@id":"https:\/\/enkoeducation.com\/services\/#breadcrumb","itemListElement":[{"@type":"ListItem","position":1,"name":"Home","item":"https:\/\/enkoeducation.com\/services\/"},{"@type":"ListItem","position":2,"name":"Home"}]},{"@type":"WebSite","@id":"https:\/\/enkoeducation.com\/services\/#website","url":"https:\/\/enkoeducation.com\/services\/","name":"Enko Services","description":"Enko Education","potentialAction":[{"@type":"SearchAction","target":{"@type":"EntryPoint","urlTemplate":"https:\/\/enkoeducation.com\/services\/?s={search_term_string}"},"query-input":"required name=search_term_string"}],"inLanguage":"fr-FR"}]}},"_links":{"self":[{"href":"https:\/\/enkoeducation.com\/services\/fr\/wp-json\/wp\/v2\/pages\/249"}],"collection":[{"href":"https:\/\/enkoeducation.com\/services\/fr\/wp-json\/wp\/v2\/pages"}],"about":[{"href":"https:\/\/enkoeducation.com\/services\/fr\/wp-json\/wp\/v2\/types\/page"}],"author":[{"embeddable":true,"href":"https:\/\/enkoeducation.com\/services\/fr\/wp-json\/wp\/v2\/users\/1"}],"replies":[{"embeddable":true,"href":"https:\/\/enkoeducation.com\/services\/fr\/wp-json\/wp\/v2\/comments?post=249"}],"version-history":[{"count":207,"href":"https:\/\/enkoeducation.com\/services\/fr\/wp-json\/wp\/v2\/pages\/249\/revisions"}],"predecessor-version":[{"id":864,"href":"https:\/\/enkoeducation.com\/services\/fr\/wp-json\/wp\/v2\/pages\/249\/revisions\/864"}],"wp:attachment":[{"href":"https:\/\/enkoeducation.com\/services\/fr\/wp-json\/wp\/v2\/media?parent=249"}],"curies":[{"name":"wp","href":"https:\/\/api.w.org\/{rel}","templated":true}]}}