{"id":287,"date":"2018-01-22T13:23:59","date_gmt":"2018-01-22T13:23:59","guid":{"rendered":"http:\/\/165.227.224.6\/la-gaiete\/?page_id=287"},"modified":"2020-12-16T16:44:40","modified_gmt":"2020-12-16T16:44:40","slug":"suggestedservices","status":"publish","type":"page","link":"https:\/\/enkoeducation.com\/services\/fr\/suggestedservices\/","title":{"rendered":"Nos services de conseil"},"content":{"rendered":"<section class=\"wpb-content-wrapper\">\n<div class=\"mk-page-section-wrapper\" data-mk-full-width=\"true\" data-mk-full-width-init=\"true\" data-mk-stretch-content=\"true\">\n\t<div id=\"page-section-1\" class=\"mk-page-section self-hosted   full_layout full-width-1 js-el js-master-row jupiter-donut-\"    data-intro-effect=\"false\">\n\n\t\t\t\n\t\t\t<div class=\"mk-page-section-inner\">\n\t\t\t\t\n\n\n<div style=\"background-color:#0a0a0a;opacity:0.3;\" class=\"mk-video-color-mask\"><\/div>\n\n\t\t\t\t\n\t\t\t\t\n\t\n\t<div class=\"background-layer-holder\">\n\t\t<div id=\"background-layer--1\" data-mk-lazyload=\"false\" class=\"background-layer mk-background-stretch darken-blend-effect js-el\"   data-blend=\"darken\" data-mk-img-set='{\"landscape\":{\"external\":\"http:\/\/enkoeducation.com\/services\/wp-content\/uploads\/sites\/35\/2020\/12\/img_8951-1-scaled.jpg\"},\"responsive\":\"true\"}' >\n\t\t\t\t\t\t\t\t\t\t<div class=\"mk-blend-layer\"><\/div>\n\t\t\t\t\t\t<div class=\"mk-color-layer\"><\/div>\n\t\t<\/div>\n\t<\/div>\n\n\t\t\t<\/div>\n\n\t\t\t\n        <div class=\"page-section-content vc_row-fluid mk-grid\" >\n            <div class=\"mk-padding-wrapper wpb_row\">\n<div class=\"vc_col-sm-12 wpb_column column_container  jupiter-donut- _ jupiter-donut-height-full\">\n\t\n\n<div class=\"wpb_row vc_inner vc_row vc_row-fluid jupiter-donut-   attched-false\">\n\t\t\t<div class=\"wpb_column vc_column_container vc_col-sm-12\"><div class=\"vc_column-inner\"><div class=\"wpb_wrapper\"><\/div><\/div><\/div>\t<\/div>\n<\/div>\n<\/div>\n            <div class=\"clearboth\"><\/div>\n        <\/div>\n\n\n\t\t\t\n\t\t\t\n\t\t\t\n\t\t<div class=\"clearboth\"><\/div>\n\t<\/div>\n<\/div>\n<div class=\"vc_row-full-width vc_clearfix\"><\/div>\n\n\n<div  data-mk-stretch-content=\"true\" class=\"wpb_row vc_row vc_row-fluid jupiter-donut- mk-fullwidth-false  attched-false     js-master-row  mk-grid\">\n\t\t\t\t\n<div class=\"vc_col-sm-12 wpb_column column_container  jupiter-donut- _ jupiter-donut-height-full\">\n\t\n<div id=\"padding-4\" class=\"mk-padding-divider jupiter-donut-  jupiter-donut-clearfix\"><\/div>\n\n<\/div>\n\t<\/div>\n\n<div class=\"mk-page-section-wrapper\" data-mk-full-width=\"true\" data-mk-full-width-init=\"true\" data-mk-stretch-content=\"true\">\n\t<div id=\"page-section-5\" class=\"mk-page-section self-hosted   full_layout full-width-5 js-el js-master-row jupiter-donut-\"    data-intro-effect=\"false\">\n\n\t\t\t\n\t\t\t<div class=\"mk-page-section-inner\">\n\t\t\t\t\n\n\n<div class=\"mk-video-color-mask\"><\/div>\n\n\t\t\t\t\n\t\t\t\t\t\t\t<\/div>\n\n\t\t\t\n        <div class=\"page-section-content vc_row-fluid mk-grid\" >\n            <div class=\"mk-padding-wrapper wpb_row\">\n<div class=\"vc_col-sm-12 wpb_column column_container  jupiter-donut- _ jupiter-donut-height-full\">\n\t\n<h2 id=\"fancy-title-7\" class=\"mk-fancy-title  simple-style jupiter-donut-  color-single\">\n\t<span>\n\t\t\t\t<h3>Nos services de conseil<\/h3>\n\t\t\t<\/span>\n<\/h2>\n<div class=\"clearboth\"><\/div>\n\n\n\n<div class=\"vc_separator wpb_content_element vc_separator_align_center vc_sep_width_100 vc_sep_pos_align_center vc_separator_no_text vc_sep_color_grey\" ><span class=\"vc_sep_holder vc_sep_holder_l\"><span class=\"vc_sep_line\"><\/span><\/span><span class=\"vc_sep_holder vc_sep_holder_r\"><span class=\"vc_sep_line\"><\/span><\/span>\n<\/div><\/div>\n\n<div class=\"vc_col-sm-12 wpb_column column_container  jupiter-donut- _ jupiter-donut-height-full\">\n\t\t<div class=\"vc_custom_1608128949600\">\n\n<div id=\"text-block-9\" class=\"mk-text-block  jupiter-donut-\">\n\n\t\n\t<h3>Ce que nous faisons<\/h3>\n<p><span style=\"font-weight: 400\">L\u2019essor de la classe moyenne urbaine, la demande croissante d\u2019\u00e9ducation internationale, l\u2019\u00e9volution de la r\u00e9glementation, le d\u00e9veloppement des comp\u00e9tences du XXIe si\u00e8cle, la digitalisation\u2026 Les facteurs qui d\u00e9terminent l\u2019\u00e9volution du secteur \u00e9ducatif africain sont nombreux et les \u00e9coles ont du mal \u00e0 suivre le rythme de cette \u00e9volution. Certaines \u00e9coles ont grandi et se sont heurt\u00e9es \u00e0 une p\u00e9nurie d\u2019enseignants qualifi\u00e9s, d\u2019autres sont confront\u00e9es \u00e0 une baisse des effectifs. Il en r\u00e9sulte qu\u2019en mati\u00e8re d\u2019\u00e9ducation, une strat\u00e9gie et une mise en \u0153uvre solides sont plus essentielles que jamais. <\/span><span style=\"font-weight: 400\">Dans ce contexte, Enko Services, en association avec le groupe Enko au sens large, offre aux \u00e9tablissements d&#039;enseignement \u00e0 but lucratif et non lucratif, mais \u00e9galement aux investisseurs et aux fondations, toute une gamme de capacit\u00e9s, depuis la phase de cr\u00e9ation jusqu&#039;\u00e0 la mise en \u0153uvre et au suivi.<\/span><\/p>\n<p><span style=\"font-weight: 400\">Nous mettons \u00e0 profit notre exp\u00e9rience pour aider nos clients \u00e0 d\u00e9velopper des strat\u00e9gies de croissance r\u00e9alisables et \u00e0 b\u00e2tir des \u00e9tablissements d\u2019enseignement primaire et secondaire de classe mondiale sur tout le continent. <\/span><span style=\"font-weight: 400\">Nous le faisons en adaptant constamment nos m\u00e9thodologies car pour nous, chaque organisation est unique.<\/span><\/p>\n\n\t<div class=\"clearboth\"><\/div>\n<\/div>\n\n\t<\/div>\n\t<div class=\"vc_custom_1608128894094\">\n\n<div id=\"text-block-10\" class=\"mk-text-block  jupiter-donut-\">\n\n\t\n\t<h3>\u00c9tendue de nos services<\/h3>\n\n\t<div class=\"clearboth\"><\/div>\n<\/div>\n\n\t<\/div>\n\n\n<div class=\"wpb_row vc_inner vc_row vc_row-fluid jupiter-donut-   attched-false\">\n\t\t\t<div class=\"wpb_column vc_column_container vc_col-sm-6\"><div class=\"vc_column-inner\"><div class=\"wpb_wrapper\">\t<div class=\"vc_custom_1608128887278\">\n\n<div id=\"text-block-11\" class=\"mk-text-block  jupiter-donut-\">\n\n\t\n\t<p><b>D\u00e9veloppement de l&#039;apprentissage et de l&#039;enseignement<\/b><\/p>\n<ul>\n<li style=\"font-weight: 300\"><span style=\"font-weight: 300\">Soutien \u00e0 l&#039;accr\u00e9ditation<\/span><\/li>\n<li style=\"font-weight: 300\"><span style=\"font-weight: 300\">D\u00e9veloppement du programme d&#039;\u00e9tudes<\/span><\/li>\n<li style=\"font-weight: 300\"><span style=\"font-weight: 300\">Partenariat acad\u00e9mique international<\/span><\/li>\n<li style=\"font-weight: 300\"><span style=\"font-weight: 300\">Programmes \u00e9tudiants, \u00e9changes<\/span><\/li>\n<li style=\"font-weight: 300\"><span style=\"font-weight: 300\">Bourses et opportunit\u00e9s de financement<\/span><\/li>\n<li style=\"font-weight: 300\"><span style=\"font-weight: 300\">Programme de conseil universitaire<\/span><\/li>\n<li style=\"font-weight: 300\"><span style=\"font-weight: 300\">Gestion du cycle de vie des \u00e9tudiants<br \/>\n<\/span><\/li>\n<\/ul>\n<p><b>Strat\u00e9gie de croissance<\/b><\/p>\n<ul>\n<li style=\"font-weight: 300\"><span style=\"font-weight: 300\">D\u00e9veloppement de Newmarket<\/span><\/li>\n<li style=\"font-weight: 300\"><span style=\"font-weight: 300\">Strat\u00e9gie d\u2019entr\u00e9e sur le march\u00e9<\/span><\/li>\n<li style=\"font-weight: 300\"><span style=\"font-weight: 300\">Diversification des revenus<\/span><\/li>\n<li style=\"font-weight: 300\"><span style=\"font-weight: 300\">Pr\u00e9visions\/mod\u00e9lisation d&#039;entreprise<\/span><\/li>\n<li style=\"font-weight: 300\"><span style=\"font-weight: 300\">Repositionnement du march\u00e9<\/span><\/li>\n<\/ul>\n<p><b>Recrutement et formation du personnel<\/b><\/p>\n<ul>\n<li style=\"font-weight: 300\"><span style=\"font-weight: 300\">Recherche de cadres<\/span><\/li>\n<li style=\"font-weight: 300\"><span style=\"font-weight: 300\">Recrutement d&#039;enseignants et d&#039;administrateurs<\/span><\/li>\n<li style=\"font-weight: 300\"><span style=\"font-weight: 300\">D\u00e9veloppement professionnel<\/span><\/li>\n<\/ul>\n<p><b>Acquisition d&#039;\u00e9cole<\/b><\/p>\n<ul>\n<li><span style=\"font-weight: 300\">Strat\u00e9gie de fusion et d&#039;acquisition<\/span><\/li>\n<li><span style=\"font-weight: 300\">Identification et priorisation des cibles<\/span><\/li>\n<li><span style=\"font-weight: 300\">Int\u00e9gration post-fusion<\/span><\/li>\n<li><span style=\"font-weight: 300\">Due diligence commerciale<\/span><\/li>\n<li style=\"list-style-type: none\"><\/li>\n<\/ul>\n\n\t<div class=\"clearboth\"><\/div>\n<\/div>\n\n\t<\/div>\n<\/div><\/div><\/div><div class=\"wpb_column vc_column_container vc_col-sm-6\"><div class=\"vc_column-inner\"><div class=\"wpb_wrapper\">\t<div class=\"vc_custom_1603479834793\">\n\n<div id=\"text-block-12\" class=\"mk-text-block  jupiter-donut-\">\n\n\t\n\t<p><b>Installations scolaires<\/b><\/p>\n<ul>\n<li><b><span style=\"font-weight: 300\">Gestion des installations<\/span><\/b><\/li>\n<li><span style=\"font-weight: 300\">Dimensionnement des infrastructures scolaires<\/span><\/li>\n<li><span style=\"font-weight: 300\"><span style=\"font-weight: 300\">Conception des sp\u00e9cifications du b\u00e2timent<\/span><\/span><\/li>\n<\/ul>\n<p><b>\u00c9tude de faisabilit\u00e9<\/b><\/p>\n<ul>\n<li style=\"font-weight: 300\"><span style=\"font-weight: 300\">\u00c9valuation avant le lancement<\/span><\/li>\n<li style=\"font-weight: 300\"><span style=\"font-weight: 300\">Dimensionnement du march\u00e9<\/span><\/li>\n<li style=\"font-weight: 300\"><span style=\"font-weight: 300\"><span style=\"font-weight: 300\">Comparaison des concurrents<br \/>\n<\/span><\/span><\/li>\n<\/ul>\n<p><b>Gestion scolaire<\/b><\/p>\n<ul>\n<li><span style=\"font-weight: 300\">Lancement de l&#039;\u00e9cole<\/span><\/li>\n<li><span style=\"font-weight: 300\">Gestion scolaire au nom du propri\u00e9taire de l&#039;\u00e9cole<br \/>\n<\/span><\/li>\n<\/ul>\n<p><b>Marketing scolaire<\/b><\/p>\n<ul>\n<li><b><span style=\"font-weight: 300\">Efficacit\u00e9 de Salesforce<\/span><\/b><\/li>\n<li><span style=\"font-weight: 300\">Strat\u00e9gie de recrutement des \u00e9tudiants<\/span><\/li>\n<li><span style=\"font-weight: 300\">Strat\u00e9gie de marque<\/span><\/li>\n<li><span style=\"font-weight: 300\">Plan de marketing num\u00e9rique<\/span><\/li>\n<\/ul>\n\n\t<div class=\"clearboth\"><\/div>\n<\/div>\n\n\t<\/div>\n<\/div><\/div><\/div>\t<\/div>\n<\/div>\n\n<div class=\"vc_col-sm-12 wpb_column column_container  jupiter-donut- _ jupiter-donut-height-full\">\n\t\n<div id=\"padding-14\" class=\"mk-padding-divider jupiter-donut-  jupiter-donut-clearfix\"><\/div>\n\n<\/div>\n<\/div>\n            <div class=\"clearboth\"><\/div>\n        <\/div>\n\n\n\t\t\t\n\t\t\t\n\t\t\t\n\t\t<div class=\"clearboth\"><\/div>\n\t<\/div>\n<\/div>\n<div class=\"vc_row-full-width vc_clearfix\"><\/div>\n\n\n<\/section>","protected":false},"excerpt":{"rendered":"Nos services de conseil Nos m\u00e9tiers L&#039;essor de la classe moyenne urbaine, la demande croissante d&#039;\u00e9ducation internationale, l&#039;\u00e9volution de la r\u00e9glementation, le d\u00e9veloppement des comp\u00e9tences du XXIe si\u00e8cle, la digitalisation,... Les facteurs qui d\u00e9terminent l&#039;\u00e9volution du secteur \u00e9ducatif africain sont nombreux et les \u00e9coles ont du mal \u00e0 suivre le rythme de cette \u00e9volution. Certaines ont grandi et se sont heurt\u00e9es \u00e0 des p\u00e9nuries d&#039;enseignants qualifi\u00e9s, d&#039;autres sont confront\u00e9es \u00e0 des p\u00e9nuries de personnel enseignant, d&#039;autres encore ...","protected":false},"author":1,"featured_media":0,"parent":0,"menu_order":6,"comment_status":"closed","ping_status":"closed","template":"","meta":{"footnotes":""},"class_list":["post-287","page","type-page","status-publish","hentry"],"yoast_head":"<!-- This site is optimized with the Yoast SEO Premium plugin v18.2.1 (Yoast SEO v23.2) - https:\/\/yoast.com\/wordpress\/plugins\/seo\/ -->\n<title>Enko Services - School Consultancy<\/title>\n<meta name=\"robots\" content=\"index, follow, max-snippet:-1, max-image-preview:large, max-video-preview:-1\" \/>\n<link rel=\"canonical\" href=\"https:\/\/enkoeducation.com\/services\/fr\/suggestedservices\/\" \/>\n<meta property=\"og:locale\" content=\"fr_FR\" \/>\n<meta property=\"og:type\" content=\"article\" \/>\n<meta property=\"og:title\" content=\"Our Consultancy Services\" \/>\n<meta property=\"og:url\" content=\"https:\/\/enkoeducation.com\/services\/fr\/suggestedservices\/\" \/>\n<meta property=\"og:site_name\" content=\"Enko Services\" \/>\n<meta property=\"article:modified_time\" content=\"2020-12-16T16:44:40+00:00\" \/>\n<meta name=\"twitter:card\" content=\"summary_large_image\" \/>\n<meta name=\"twitter:label1\" content=\"Dur\u00e9e de lecture estim\u00e9e\" \/>\n\t<meta name=\"twitter:data1\" content=\"2 minutes\" \/>\n<script type=\"application\/ld+json\" class=\"yoast-schema-graph\">{\"@context\":\"https:\/\/schema.org\",\"@graph\":[{\"@type\":\"WebPage\",\"@id\":\"https:\/\/enkoeducation.com\/services\/suggestedservices\/\",\"url\":\"https:\/\/enkoeducation.com\/services\/suggestedservices\/\",\"name\":\"Enko Services - School Consultancy\",\"isPartOf\":{\"@id\":\"https:\/\/enkoeducation.com\/services\/#website\"},\"datePublished\":\"2018-01-22T13:23:59+00:00\",\"dateModified\":\"2020-12-16T16:44:40+00:00\",\"breadcrumb\":{\"@id\":\"https:\/\/enkoeducation.com\/services\/suggestedservices\/#breadcrumb\"},\"inLanguage\":\"fr-FR\",\"potentialAction\":[{\"@type\":\"ReadAction\",\"target\":[\"https:\/\/enkoeducation.com\/services\/suggestedservices\/\"]}]},{\"@type\":\"BreadcrumbList\",\"@id\":\"https:\/\/enkoeducation.com\/services\/suggestedservices\/#breadcrumb\",\"itemListElement\":[{\"@type\":\"ListItem\",\"position\":1,\"name\":\"Home\",\"item\":\"https:\/\/enkoeducation.com\/services\/\"},{\"@type\":\"ListItem\",\"position\":2,\"name\":\"Our Consultancy Services\"}]},{\"@type\":\"WebSite\",\"@id\":\"https:\/\/enkoeducation.com\/services\/#website\",\"url\":\"https:\/\/enkoeducation.com\/services\/\",\"name\":\"Enko Services\",\"description\":\"Enko Education\",\"potentialAction\":[{\"@type\":\"SearchAction\",\"target\":{\"@type\":\"EntryPoint\",\"urlTemplate\":\"https:\/\/enkoeducation.com\/services\/?s={search_term_string}\"},\"query-input\":\"required name=search_term_string\"}],\"inLanguage\":\"fr-FR\"}]}<\/script>\n<!-- \/ Yoast SEO Premium plugin. -->","yoast_head_json":{"title":"Enko Services - School Consultancy","robots":{"index":"index","follow":"follow","max-snippet":"max-snippet:-1","max-image-preview":"max-image-preview:large","max-video-preview":"max-video-preview:-1"},"canonical":"https:\/\/enkoeducation.com\/services\/fr\/suggestedservices\/","og_locale":"fr_FR","og_type":"article","og_title":"Our Consultancy Services","og_url":"https:\/\/enkoeducation.com\/services\/fr\/suggestedservices\/","og_site_name":"Enko Services","article_modified_time":"2020-12-16T16:44:40+00:00","twitter_card":"summary_large_image","twitter_misc":{"Dur\u00e9e de lecture estim\u00e9e":"2 minutes"},"schema":{"@context":"https:\/\/schema.org","@graph":[{"@type":"WebPage","@id":"https:\/\/enkoeducation.com\/services\/suggestedservices\/","url":"https:\/\/enkoeducation.com\/services\/suggestedservices\/","name":"Enko Services - School Consultancy","isPartOf":{"@id":"https:\/\/enkoeducation.com\/services\/#website"},"datePublished":"2018-01-22T13:23:59+00:00","dateModified":"2020-12-16T16:44:40+00:00","breadcrumb":{"@id":"https:\/\/enkoeducation.com\/services\/suggestedservices\/#breadcrumb"},"inLanguage":"fr-FR","potentialAction":[{"@type":"ReadAction","target":["https:\/\/enkoeducation.com\/services\/suggestedservices\/"]}]},{"@type":"BreadcrumbList","@id":"https:\/\/enkoeducation.com\/services\/suggestedservices\/#breadcrumb","itemListElement":[{"@type":"ListItem","position":1,"name":"Home","item":"https:\/\/enkoeducation.com\/services\/"},{"@type":"ListItem","position":2,"name":"Our Consultancy Services"}]},{"@type":"WebSite","@id":"https:\/\/enkoeducation.com\/services\/#website","url":"https:\/\/enkoeducation.com\/services\/","name":"Enko Services","description":"Enko Education","potentialAction":[{"@type":"SearchAction","target":{"@type":"EntryPoint","urlTemplate":"https:\/\/enkoeducation.com\/services\/?s={search_term_string}"},"query-input":"required name=search_term_string"}],"inLanguage":"fr-FR"}]}},"_links":{"self":[{"href":"https:\/\/enkoeducation.com\/services\/fr\/wp-json\/wp\/v2\/pages\/287"}],"collection":[{"href":"https:\/\/enkoeducation.com\/services\/fr\/wp-json\/wp\/v2\/pages"}],"about":[{"href":"https:\/\/enkoeducation.com\/services\/fr\/wp-json\/wp\/v2\/types\/page"}],"author":[{"embeddable":true,"href":"https:\/\/enkoeducation.com\/services\/fr\/wp-json\/wp\/v2\/users\/1"}],"replies":[{"embeddable":true,"href":"https:\/\/enkoeducation.com\/services\/fr\/wp-json\/wp\/v2\/comments?post=287"}],"version-history":[{"count":98,"href":"https:\/\/enkoeducation.com\/services\/fr\/wp-json\/wp\/v2\/pages\/287\/revisions"}],"predecessor-version":[{"id":1905,"href":"https:\/\/enkoeducation.com\/services\/fr\/wp-json\/wp\/v2\/pages\/287\/revisions\/1905"}],"wp:attachment":[{"href":"https:\/\/enkoeducation.com\/services\/fr\/wp-json\/wp\/v2\/media?parent=287"}],"curies":[{"name":"wp","href":"https:\/\/api.w.org\/{rel}","templated":true}]}}