{"id":295,"date":"2018-01-22T13:24:59","date_gmt":"2018-01-22T13:24:59","guid":{"rendered":"http:\/\/165.227.224.6\/la-gaiete\/?page_id=295"},"modified":"2020-10-23T18:55:32","modified_gmt":"2020-10-23T18:55:32","slug":"contact","status":"publish","type":"page","link":"https:\/\/enkoeducation.com\/services\/fr\/contact\/","title":{"rendered":"Contact"},"content":{"rendered":"<section class=\"wpb-content-wrapper\">\n<div class=\"mk-page-section-wrapper\" data-mk-full-width=\"true\" data-mk-full-width-init=\"true\" data-mk-stretch-content=\"true\">\n\t<div id=\"page-section-1\" class=\"mk-page-section self-hosted   full_layout full-width-1 js-el js-master-row jupiter-donut-\"    data-intro-effect=\"false\">\n\n\t\t\t\n\t\t\t<div class=\"mk-page-section-inner\">\n\t\t\t\t\n\n\n<div style=\"background-color:#0a0a0a;opacity:0.3;\" class=\"mk-video-color-mask\"><\/div>\n\n\t\t\t\t\n\t\t\t\t\n\t\n\t<div class=\"background-layer-holder\">\n\t\t<div id=\"background-layer--1\" data-mk-lazyload=\"false\" class=\"background-layer mk-background-stretch darken-blend-effect js-el\"   data-blend=\"darken\" data-mk-img-set='{\"landscape\":{\"external\":\"http:\/\/enkoeducation.com\/services\/wp-content\/uploads\/sites\/35\/2020\/10\/a2-poster-1-copy-scaled.jpg\"},\"responsive\":\"true\"}' >\n\t\t\t\t\t\t\t\t\t\t<div class=\"mk-blend-layer\"><\/div>\n\t\t\t\t\t\t<div class=\"mk-color-layer\"><\/div>\n\t\t<\/div>\n\t<\/div>\n\n\t\t\t<\/div>\n\n\t\t\t\n        <div class=\"page-section-content vc_row-fluid mk-grid\" >\n            <div class=\"mk-padding-wrapper wpb_row\">\n<div class=\"vc_col-sm-12 wpb_column column_container  jupiter-donut- _ jupiter-donut-height-full\">\n\t\n\n<div class=\"wpb_row vc_inner vc_row vc_row-fluid jupiter-donut-   attched-false\">\n\t\t\t<div class=\"wpb_column vc_column_container vc_col-sm-12\"><div class=\"vc_column-inner\"><div class=\"wpb_wrapper\"><\/div><\/div><\/div>\t<\/div>\n<\/div>\n<\/div>\n            <div class=\"clearboth\"><\/div>\n        <\/div>\n\n\n\t\t\t\n\t\t\t\n\t\t\t\n\t\t<div class=\"clearboth\"><\/div>\n\t<\/div>\n<\/div>\n<div class=\"vc_row-full-width vc_clearfix\"><\/div>\n\n\n<div  data-mk-stretch-content=\"true\" class=\"wpb_row vc_row vc_row-fluid jupiter-donut- mk-fullwidth-false  attched-false     js-master-row  mk-grid\">\n\t\t\t\t\n<div class=\"vc_col-sm-12 wpb_column column_container  jupiter-donut- _ jupiter-donut-height-full\">\n\t\n<div id=\"padding-4\" class=\"mk-padding-divider jupiter-donut-  jupiter-donut-clearfix\"><\/div>\n\n<\/div>\n\t<\/div>\n\n<div class=\"mk-page-section-wrapper\" data-mk-full-width=\"true\" data-mk-full-width-init=\"true\" data-mk-stretch-content=\"true\">\n\t<div id=\"page-section-5\" class=\"mk-page-section self-hosted   full_layout full-width-5 js-el js-master-row jupiter-donut-\"    data-intro-effect=\"false\">\n\n\t\t\t\n\t\t\t<div class=\"mk-page-section-inner\">\n\t\t\t\t\n\n\n<div class=\"mk-video-color-mask\"><\/div>\n\n\t\t\t\t\n\t\t\t\t\t\t\t<\/div>\n\n\t\t\t\n        <div class=\"page-section-content vc_row-fluid mk-grid\" >\n            <div class=\"mk-padding-wrapper wpb_row\">\n<div class=\"vc_col-sm-6 wpb_column column_container  jupiter-donut- _ jupiter-donut-height-full\">\n\t\n<h2 id=\"fancy-title-7\" class=\"mk-fancy-title  simple-style jupiter-donut-  color-single\">\n\t<span>\n\t\t\t\t<p><span class=\"fontstyle0\">Des questions ?<br \/>\nFaites-nous savoir<\/span><\/p>\n\t\t\t<\/span>\n<\/h2>\n<div class=\"clearboth\"><\/div>\n\n\n\n\t<div class=\"vc_custom_1534323669088\">\n\n<div id=\"text-block-8\" class=\"mk-text-block  jupiter-donut-\">\n\n\t\n\t\n<div class=\"wpcf7 no-js\" id=\"wpcf7-f855-o1\" lang=\"en-US\" dir=\"ltr\">\n<div class=\"screen-reader-response\"><p role=\"status\" aria-live=\"polite\" aria-atomic=\"true\"><\/p> <ul><\/ul><\/div>\n<form action=\"\/services\/fr\/wp-json\/wp\/v2\/pages\/295#wpcf7-f855-o1\" method=\"post\" class=\"wpcf7-form init cf7-style cf7-style-854\" aria-label=\"Formulaire de contact\" novalidate=\"novalidate\" data-status=\"init\" data-trp-original-action=\"\/services\/fr\/wp-json\/wp\/v2\/pages\/295#wpcf7-f855-o1\">\n<div style=\"display: none;\">\n<input type=\"hidden\" name=\"_wpcf7\" value=\"855\" \/>\n<input type=\"hidden\" name=\"_wpcf7_version\" value=\"5.9.8\" \/>\n<input type=\"hidden\" name=\"_wpcf7_locale\" value=\"en_US\" \/>\n<input type=\"hidden\" name=\"_wpcf7_unit_tag\" value=\"wpcf7-f855-o1\" \/>\n<input type=\"hidden\" name=\"_wpcf7_container_post\" value=\"0\" \/>\n<input type=\"hidden\" name=\"_wpcf7_posted_data_hash\" value=\"\" \/>\n<\/div>\n<label>Votre nom*\n<span class=\"wpcf7-form-control-wrap\" data-name=\"user-name\"><input size=\"40\" maxlength=\"400\" class=\"wpcf7-form-control wpcf7-text wpcf7-validates-as-required user-name\" id=\"user-name\" aria-required=\"true\" aria-invalid=\"false\" value=\"\" type=\"text\" name=\"user-name\" \/><\/span><\/label>\n<label>Votre nom de famille*\n<span class=\"wpcf7-form-control-wrap\" data-name=\"user-surname\"><input size=\"40\" maxlength=\"400\" class=\"wpcf7-form-control wpcf7-text wpcf7-validates-as-required user-surname\" id=\"user-surname\" aria-required=\"true\" aria-invalid=\"false\" value=\"\" type=\"text\" name=\"user-surname\" \/><\/span><\/label>\n<label>Votre adresse e-mail*\n<span class=\"wpcf7-form-control-wrap\" data-name=\"user-email\"><input size=\"40\" maxlength=\"400\" class=\"wpcf7-form-control wpcf7-email wpcf7-validates-as-required wpcf7-text wpcf7-validates-as-email user-email\" id=\"user-email\" aria-required=\"true\" aria-invalid=\"false\" value=\"\" type=\"email\" name=\"user-email\" \/><\/span><\/label>\n<label>Votre num\u00e9ro de t\u00e9l\u00e9phone*\n<span class=\"wpcf7-form-control-wrap\" data-name=\"user-phone\"><input size=\"40\" maxlength=\"400\" class=\"wpcf7-form-control wpcf7-tel wpcf7-validates-as-required wpcf7-text wpcf7-validates-as-tel\" aria-required=\"true\" aria-invalid=\"false\" value=\"\" type=\"tel\" name=\"user-phone\" \/><\/span><\/label>\n<label>Autre num\u00e9ro de t\u00e9l\u00e9phone\n<span class=\"wpcf7-form-control-wrap\" data-name=\"user-phone2\"><input size=\"40\" maxlength=\"400\" class=\"wpcf7-form-control wpcf7-tel wpcf7-text wpcf7-validates-as-tel\" aria-invalid=\"false\" value=\"\" type=\"tel\" name=\"user-phone2\" \/><\/span><\/label>\n<label>Voulez-vous:*\n<span class=\"wpcf7-form-control-wrap\" data-name=\"drop-down-3\"><select class=\"wpcf7-form-control wpcf7-select wpcf7-validates-as-required drop-down-3\" id=\"drop-down-3\" aria-required=\"true\" aria-invalid=\"false\" name=\"drop-down-3\"><option value=\"\">\u2014Veuillez choisir une option\u2014<\/option><option value=\"Get more information\">Obtenir plus d&#039;informations<\/option><option value=\"Enrol a child \/ children\">Inscrire un\/des enfant(s)<\/option><option value=\"Apply for a job\">Postuler \u00e0 un emploi<\/option><option value=\"Other\">Autre<\/option><\/select><\/span><\/label>\n<label>Comment avez-vous entendu parler de nous ?*\n<span class=\"wpcf7-form-control-wrap\" data-name=\"drop-down-2\"><select class=\"wpcf7-form-control wpcf7-select wpcf7-validates-as-required drop-down-2\" id=\"drop-down-2\" aria-required=\"true\" aria-invalid=\"false\" name=\"drop-down-2\"><option value=\"\">\u2014Veuillez choisir une option\u2014<\/option><option value=\"My child&#039;s school\">L&#039;\u00e9cole de mon enfant<\/option><option value=\"Facebook\">Facebook<\/option><option value=\"Whatsapp\">WhatsApp<\/option><option value=\"Google Search\">Recherche Google<\/option><option value=\"Media (TV, Radio)\">M\u00e9dias (t\u00e9l\u00e9vision, radio)<\/option><option value=\"Billboards\">Panneaux d&#039;affichage<\/option><option value=\"Enko parent\">Parents d&#039;Enko<\/option><option value=\"Enko employee\">Employ\u00e9 d&#039;Enko<\/option><option value=\"Events\">\u00c9v\u00e9nements<\/option><option value=\"Other\">Autre<\/option><\/select><\/span><\/label>\n<label>Question:*\n<span class=\"wpcf7-form-control-wrap\" data-name=\"user-question\"><textarea cols=\"40\" rows=\"10\" maxlength=\"2000\" class=\"wpcf7-form-control wpcf7-textarea wpcf7-validates-as-required user-question\" id=\"user-question\" aria-required=\"true\" aria-invalid=\"false\" name=\"user-question\"><\/textarea><\/span><\/label>\n<input class=\"wpcf7-form-control wpcf7-submit has-spinner\" type=\"submit\" value=\"Envoyer\" \/><p style=\"display: none !important;\" class=\"akismet-fields-container\" data-prefix=\"_wpcf7_ak_\"><label>&#916;<textarea name=\"_wpcf7_ak_hp_textarea\" cols=\"45\" rows=\"8\" maxlength=\"100\"><\/textarea><\/label><input type=\"hidden\" id=\"ak_js_1\" name=\"_wpcf7_ak_js\" value=\"141\"\/><script>document.getElementById( \"ak_js_1\" ).setAttribute( \"value\", ( new Date() ).getTime() );<\/script><\/p><div class=\"wpcf7-response-output\" aria-hidden=\"true\"><\/div>\n<input type=\"hidden\" name=\"trp-form-language\" value=\"fr\"\/><\/form>\n<\/div>\n\n\n\t<div class=\"clearboth\"><\/div>\n<\/div>\n\n\t<\/div>\n\n\t<div class=\"wpb_raw_code wpb_raw_js\" >\n\t\t<div class=\"wpb_wrapper\">\n\t\t\t<script src=\"\/wp-content\/themes\/jupiter\/assets\/js\/library.js\"><\/script>\n\t\t<\/div>\n\t<\/div>\n<\/div>\n\n<div class=\"vc_col-sm-6 wpb_column column_container  jupiter-donut- _ jupiter-donut-height-full\">\n\t\n<h2 id=\"fancy-title-10\" class=\"mk-fancy-title  simple-style jupiter-donut-  color-single\">\n\t<span>\n\t\t\t\t<p>Contactez-nous directement<\/p>\n\t\t\t<\/span>\n<\/h2>\n<div class=\"clearboth\"><\/div>\n\n\n\n\n\n<div class=\"wpb_row vc_inner vc_row vc_row-fluid jupiter-donut-   attched-false\">\n\t\t\t<div class=\"wpb_column vc_column_container vc_col-sm-3\"><div class=\"vc_column-inner\"><div class=\"wpb_wrapper\">\n\t<div  class=\"wpb_single_image wpb_content_element vc_align_center\">\n\t\t\n\t\t<figure class=\"wpb_wrapper vc_figure\">\n\t\t\t<div class=\"vc_single_image-wrapper   vc_box_border_grey\"><img decoding=\"async\" width=\"52\" height=\"52\" src=\"https:\/\/enkoeducation.com\/services\/wp-content\/uploads\/sites\/35\/2018\/01\/locationicon.png\" class=\"vc_single_image-img attachment-full\" alt=\"\" title=\"ic\u00f4ne de localisation\" srcset=\"https:\/\/enkoeducation.com\/services\/wp-content\/uploads\/sites\/35\/2018\/01\/locationicon.png 52w, https:\/\/enkoeducation.com\/services\/wp-content\/uploads\/sites\/35\/2018\/01\/locationicon-27x27.png 27w, https:\/\/enkoeducation.com\/services\/wp-content\/uploads\/sites\/35\/2018\/01\/locationicon-1024x1024.png 1024w, https:\/\/enkoeducation.com\/services\/wp-content\/uploads\/sites\/35\/2018\/01\/locationicon-300x300.png 300w\" sizes=\"(max-width: 52px) 100vw, 52px\" itemprop=\"image\" \/><\/div>\n\t\t<\/figure>\n\t<\/div>\n<\/div><\/div><\/div><div class=\"wpb_column vc_column_container vc_col-sm-9\"><div class=\"vc_column-inner\"><div class=\"wpb_wrapper\">\n<h2 id=\"fancy-title-11\" class=\"mk-fancy-title  simple-style jupiter-donut-  color-single\">\n\t<span>\n\t\t\t\t<p>Troisi\u00e8me \u00e9tage, The Place, 1 Sandton Drive, Sandown, 2196 PO Box 784728, Sandown 2148, Afrique du Sud<\/p>\n\t\t\t<\/span>\n<\/h2>\n<div class=\"clearboth\"><\/div>\n\n\n\n<\/div><\/div><\/div>\t<\/div>\n\n\n<div class=\"wpb_row vc_inner vc_row vc_row-fluid jupiter-donut-   attched-false\">\n\t\t\t<div class=\"wpb_column vc_column_container vc_col-sm-3\"><div class=\"vc_column-inner\"><div class=\"wpb_wrapper\">\n\t<div  class=\"wpb_single_image wpb_content_element vc_align_center\">\n\t\t\n\t\t<figure class=\"wpb_wrapper vc_figure\">\n\t\t\t<div class=\"vc_single_image-wrapper   vc_box_border_grey\"><img decoding=\"async\" width=\"52\" height=\"52\" src=\"https:\/\/enkoeducation.com\/services\/wp-content\/uploads\/sites\/35\/2018\/01\/emailicon.png\" class=\"vc_single_image-img attachment-full\" alt=\"\" title=\"ic\u00f4ne de courrier \u00e9lectronique\" srcset=\"https:\/\/enkoeducation.com\/services\/wp-content\/uploads\/sites\/35\/2018\/01\/emailicon.png 52w, https:\/\/enkoeducation.com\/services\/wp-content\/uploads\/sites\/35\/2018\/01\/emailicon-27x27.png 27w, https:\/\/enkoeducation.com\/services\/wp-content\/uploads\/sites\/35\/2018\/01\/emailicon-1024x1024.png 1024w, https:\/\/enkoeducation.com\/services\/wp-content\/uploads\/sites\/35\/2018\/01\/emailicon-300x300.png 300w\" sizes=\"(max-width: 52px) 100vw, 52px\" itemprop=\"image\" \/><\/div>\n\t\t<\/figure>\n\t<\/div>\n<\/div><\/div><\/div><div class=\"wpb_column vc_column_container vc_col-sm-9\"><div class=\"vc_column-inner\"><div class=\"wpb_wrapper\">\n<h2 id=\"fancy-title-12\" class=\"mk-fancy-title  simple-style jupiter-donut-  color-single\">\n\t<span>\n\t\t\t\t<p>xavier@enkoeducation.com<\/p>\n\t\t\t<\/span>\n<\/h2>\n<div class=\"clearboth\"><\/div>\n\n\n\n<\/div><\/div><\/div>\t<\/div>\n\n\n<div class=\"wpb_row vc_inner vc_row vc_row-fluid jupiter-donut-   attched-false\">\n\t\t\t<div class=\"wpb_column vc_column_container vc_col-sm-3\"><div class=\"vc_column-inner\"><div class=\"wpb_wrapper\">\n\t<div  class=\"wpb_single_image wpb_content_element vc_align_center\">\n\t\t\n\t\t<figure class=\"wpb_wrapper vc_figure\">\n\t\t\t<div class=\"vc_single_image-wrapper   vc_box_border_grey\"><img decoding=\"async\" width=\"52\" height=\"52\" src=\"https:\/\/enkoeducation.com\/services\/wp-content\/uploads\/sites\/35\/2018\/01\/phoneicon.png\" class=\"vc_single_image-img attachment-full\" alt=\"\" title=\"ic\u00f4ne de t\u00e9l\u00e9phone\" srcset=\"https:\/\/enkoeducation.com\/services\/wp-content\/uploads\/sites\/35\/2018\/01\/phoneicon.png 52w, https:\/\/enkoeducation.com\/services\/wp-content\/uploads\/sites\/35\/2018\/01\/phoneicon-27x27.png 27w, https:\/\/enkoeducation.com\/services\/wp-content\/uploads\/sites\/35\/2018\/01\/phoneicon-1024x1024.png 1024w, https:\/\/enkoeducation.com\/services\/wp-content\/uploads\/sites\/35\/2018\/01\/phoneicon-300x300.png 300w\" sizes=\"(max-width: 52px) 100vw, 52px\" itemprop=\"image\" \/><\/div>\n\t\t<\/figure>\n\t<\/div>\n<\/div><\/div><\/div><div class=\"wpb_column vc_column_container vc_col-sm-9\"><div class=\"vc_column-inner\"><div class=\"wpb_wrapper\">\n<h2 id=\"fancy-title-13\" class=\"mk-fancy-title  simple-style jupiter-donut-  color-single\">\n\t<span>\n\t\t\t\t<p>+33 6 66 17 58 99<\/p>\n\t\t\t<\/span>\n<\/h2>\n<div class=\"clearboth\"><\/div>\n\n\n\n<\/div><\/div><\/div>\t<\/div>\n\n\n<div class=\"wpb_row vc_inner vc_row vc_row-fluid jupiter-donut-   attched-false\">\n\t\t\t<div class=\"wpb_column vc_column_container vc_col-sm-12\"><div class=\"vc_column-inner\"><div class=\"wpb_wrapper\"><div id=\"mk-advanced-gmaps-14\" class=\"mk-advanced-gmaps  jupiter-donut-  js-el\" \n\tstyle=\"height: 300px;\"\n\tdata-mk-component='[ \"AdvancedGMaps\" ]'\n\tdata-advancedgmaps-config='{\"places\":[{\"address\":\"Third Floor, The Place, 1 Sandton Drive, Sandown, 2196 P.O. Box 784728, Sandown 2148, South Africa\",\"latitude\":\"-26.084438\",\"longitude\":\"28.006772\",\"marker\":\"\"}],\"options\":{\"zoom\":14,\"draggable\":true,\"panControl\":true,\"zoomControl\":true,\"scaleControl\":true,\"mapTypeControl\":true,\"mapTypeId\":\"ROADMAP\",\"apikey\":\"AIzaSyASBrlqLSjXhViDbb4F3bzxW4lTR-wJ1Jc\"},\"style\":[],\"icon\":\"\"}'\n><\/div><\/div><\/div><\/div>\t<\/div>\n<\/div>\n<\/div>\n            <div class=\"clearboth\"><\/div>\n        <\/div>\n\n\n\t\t\t\n\t\t\t\n\t\t\t\n\t\t<div class=\"clearboth\"><\/div>\n\t<\/div>\n<\/div>\n<div class=\"vc_row-full-width vc_clearfix\"><\/div>\n\n\n<\/section>","protected":false},"excerpt":{"rendered":"Des questions ? Faites-le nous savoir Votre nom* Votre pr\u00e9nom* Votre adresse e-mail* Votre num\u00e9ro de t\u00e9l\u00e9phone* Autre num\u00e9ro de t\u00e9l\u00e9phone Voulez-vous :* \u2014Veuillez choisir une option\u2014Obtenir plus d&#039;informationsInscrire un ou plusieurs enfantsPostulez pour un emploiAutre Comment avez-vous entendu parler de nous ?* \u2014Veuillez choisir une option\u2014L&#039;\u00e9cole de mon enfantFacebookWhatsappGoogle SearchM\u00e9dias (TV, radio)Panneaux d&#039;affichageParent EnkoEmploy\u00e9 Enko\u00c9v\u00e9nementsAutre Question :* \u0394 Contact [...]","protected":false},"author":1,"featured_media":0,"parent":0,"menu_order":7,"comment_status":"closed","ping_status":"closed","template":"","meta":{"footnotes":""},"class_list":["post-295","page","type-page","status-publish","hentry"],"yoast_head":"<!-- This site is optimized with the Yoast SEO Premium plugin v18.2.1 (Yoast SEO v23.2) - https:\/\/yoast.com\/wordpress\/plugins\/seo\/ -->\n<title>Contact - Enquire today - Enko Education Services<\/title>\n<meta name=\"robots\" content=\"index, follow, max-snippet:-1, max-image-preview:large, max-video-preview:-1\" \/>\n<link rel=\"canonical\" href=\"https:\/\/enkoeducation.com\/services\/fr\/contact\/\" \/>\n<meta property=\"og:locale\" content=\"fr_FR\" \/>\n<meta property=\"og:type\" content=\"article\" \/>\n<meta property=\"og:title\" content=\"Contact\" \/>\n<meta property=\"og:url\" content=\"https:\/\/enkoeducation.com\/services\/fr\/contact\/\" \/>\n<meta property=\"og:site_name\" content=\"Enko Services\" \/>\n<meta property=\"article:modified_time\" content=\"2020-10-23T18:55:32+00:00\" \/>\n<meta name=\"twitter:card\" content=\"summary_large_image\" \/>\n<meta name=\"twitter:label1\" content=\"Dur\u00e9e de lecture estim\u00e9e\" \/>\n\t<meta name=\"twitter:data1\" content=\"2 minutes\" \/>\n<script type=\"application\/ld+json\" class=\"yoast-schema-graph\">{\"@context\":\"https:\/\/schema.org\",\"@graph\":[{\"@type\":\"WebPage\",\"@id\":\"https:\/\/enkoeducation.com\/services\/contact\/\",\"url\":\"https:\/\/enkoeducation.com\/services\/contact\/\",\"name\":\"Contact - Enquire today - Enko Education Services\",\"isPartOf\":{\"@id\":\"https:\/\/enkoeducation.com\/services\/#website\"},\"datePublished\":\"2018-01-22T13:24:59+00:00\",\"dateModified\":\"2020-10-23T18:55:32+00:00\",\"breadcrumb\":{\"@id\":\"https:\/\/enkoeducation.com\/services\/contact\/#breadcrumb\"},\"inLanguage\":\"fr-FR\",\"potentialAction\":[{\"@type\":\"ReadAction\",\"target\":[\"https:\/\/enkoeducation.com\/services\/contact\/\"]}]},{\"@type\":\"BreadcrumbList\",\"@id\":\"https:\/\/enkoeducation.com\/services\/contact\/#breadcrumb\",\"itemListElement\":[{\"@type\":\"ListItem\",\"position\":1,\"name\":\"Home\",\"item\":\"https:\/\/enkoeducation.com\/services\/\"},{\"@type\":\"ListItem\",\"position\":2,\"name\":\"Contact\"}]},{\"@type\":\"WebSite\",\"@id\":\"https:\/\/enkoeducation.com\/services\/#website\",\"url\":\"https:\/\/enkoeducation.com\/services\/\",\"name\":\"Enko Services\",\"description\":\"Enko Education\",\"potentialAction\":[{\"@type\":\"SearchAction\",\"target\":{\"@type\":\"EntryPoint\",\"urlTemplate\":\"https:\/\/enkoeducation.com\/services\/?s={search_term_string}\"},\"query-input\":\"required name=search_term_string\"}],\"inLanguage\":\"fr-FR\"}]}<\/script>\n<!-- \/ Yoast SEO Premium plugin. -->","yoast_head_json":{"title":"Contact - Enquire today - Enko Education Services","robots":{"index":"index","follow":"follow","max-snippet":"max-snippet:-1","max-image-preview":"max-image-preview:large","max-video-preview":"max-video-preview:-1"},"canonical":"https:\/\/enkoeducation.com\/services\/fr\/contact\/","og_locale":"fr_FR","og_type":"article","og_title":"Contact","og_url":"https:\/\/enkoeducation.com\/services\/fr\/contact\/","og_site_name":"Enko Services","article_modified_time":"2020-10-23T18:55:32+00:00","twitter_card":"summary_large_image","twitter_misc":{"Dur\u00e9e de lecture estim\u00e9e":"2 minutes"},"schema":{"@context":"https:\/\/schema.org","@graph":[{"@type":"WebPage","@id":"https:\/\/enkoeducation.com\/services\/contact\/","url":"https:\/\/enkoeducation.com\/services\/contact\/","name":"Contact - Enquire today - Enko Education Services","isPartOf":{"@id":"https:\/\/enkoeducation.com\/services\/#website"},"datePublished":"2018-01-22T13:24:59+00:00","dateModified":"2020-10-23T18:55:32+00:00","breadcrumb":{"@id":"https:\/\/enkoeducation.com\/services\/contact\/#breadcrumb"},"inLanguage":"fr-FR","potentialAction":[{"@type":"ReadAction","target":["https:\/\/enkoeducation.com\/services\/contact\/"]}]},{"@type":"BreadcrumbList","@id":"https:\/\/enkoeducation.com\/services\/contact\/#breadcrumb","itemListElement":[{"@type":"ListItem","position":1,"name":"Home","item":"https:\/\/enkoeducation.com\/services\/"},{"@type":"ListItem","position":2,"name":"Contact"}]},{"@type":"WebSite","@id":"https:\/\/enkoeducation.com\/services\/#website","url":"https:\/\/enkoeducation.com\/services\/","name":"Enko Services","description":"Enko Education","potentialAction":[{"@type":"SearchAction","target":{"@type":"EntryPoint","urlTemplate":"https:\/\/enkoeducation.com\/services\/?s={search_term_string}"},"query-input":"required name=search_term_string"}],"inLanguage":"fr-FR"}]}},"_links":{"self":[{"href":"https:\/\/enkoeducation.com\/services\/fr\/wp-json\/wp\/v2\/pages\/295"}],"collection":[{"href":"https:\/\/enkoeducation.com\/services\/fr\/wp-json\/wp\/v2\/pages"}],"about":[{"href":"https:\/\/enkoeducation.com\/services\/fr\/wp-json\/wp\/v2\/types\/page"}],"author":[{"embeddable":true,"href":"https:\/\/enkoeducation.com\/services\/fr\/wp-json\/wp\/v2\/users\/1"}],"replies":[{"embeddable":true,"href":"https:\/\/enkoeducation.com\/services\/fr\/wp-json\/wp\/v2\/comments?post=295"}],"version-history":[{"count":51,"href":"https:\/\/enkoeducation.com\/services\/fr\/wp-json\/wp\/v2\/pages\/295\/revisions"}],"predecessor-version":[{"id":1779,"href":"https:\/\/enkoeducation.com\/services\/fr\/wp-json\/wp\/v2\/pages\/295\/revisions\/1779"}],"wp:attachment":[{"href":"https:\/\/enkoeducation.com\/services\/fr\/wp-json\/wp\/v2\/media?parent=295"}],"curies":[{"name":"wp","href":"https:\/\/api.w.org\/{rel}","templated":true}]}}