{"id":287,"date":"2018-01-22T13:23:59","date_gmt":"2018-01-22T13:23:59","guid":{"rendered":"http:\/\/165.227.224.6\/la-gaiete\/?page_id=287"},"modified":"2024-02-07T10:35:28","modified_gmt":"2024-02-07T10:35:28","slug":"curriculum-2","status":"publish","type":"page","link":"https:\/\/enkoeducation.com\/waca\/fr\/curriculum-2\/","title":{"rendered":"Programme d&#039;\u00e9tudes"},"content":{"rendered":"<section class=\"wpb-content-wrapper\">\n<div class=\"mk-page-section-wrapper\" data-mk-full-width=\"true\" data-mk-full-width-init=\"true\" data-mk-stretch-content=\"true\">\n\t<div id=\"page-section-1\" class=\"mk-page-section self-hosted   full_layout full-width-1 js-el js-master-row jupiter-donut-\"    data-intro-effect=\"false\">\n\n\t\t\t\n\t\t\t<div class=\"mk-page-section-inner\">\n\t\t\t\t\n\n\n<div style=\"background-color:#0a0a0a;opacity:0.3;\" class=\"mk-video-color-mask\"><\/div>\n\n\t\t\t\t\n\t\t\t\t\n\t\n\t<div class=\"background-layer-holder\">\n\t\t<div id=\"background-layer--1\" data-mk-lazyload=\"false\" class=\"background-layer mk-background-stretch darken-blend-effect js-el\"   data-blend=\"darken\" data-mk-img-set='{\"landscape\":{\"external\":\"https:\/\/enkoeducation.com\/waca\/wp-content\/uploads\/sites\/27\/2020\/04\/p1210488-1.jpg\"},\"responsive\":\"true\"}' >\n\t\t\t\t\t\t\t\t\t\t<div class=\"mk-blend-layer\"><\/div>\n\t\t\t\t\t\t<div class=\"mk-color-layer\"><\/div>\n\t\t<\/div>\n\t<\/div>\n\n\t\t\t<\/div>\n\n\t\t\t\n        <div class=\"page-section-content vc_row-fluid mk-grid\" >\n            <div class=\"mk-padding-wrapper wpb_row\">\n<div class=\"vc_col-sm-12 wpb_column column_container  jupiter-donut- _ jupiter-donut-height-full\">\n\t\n\n<div class=\"wpb_row vc_inner vc_row vc_row-fluid jupiter-donut-   attched-false\">\n\t\t\t<div class=\"wpb_column vc_column_container vc_col-sm-12\"><div class=\"vc_column-inner\"><div class=\"wpb_wrapper\"><\/div><\/div><\/div>\t<\/div>\n<\/div>\n<\/div>\n            <div class=\"clearboth\"><\/div>\n        <\/div>\n\n\n\t\t\t\n\t\t\t\n\t\t\t\n\t\t<div class=\"clearboth\"><\/div>\n\t<\/div>\n<\/div>\n<div class=\"vc_row-full-width vc_clearfix\"><\/div>\n\n\n<div  data-mk-stretch-content=\"true\" class=\"wpb_row vc_row vc_row-fluid jupiter-donut- mk-fullwidth-false  attched-false     js-master-row  mk-grid\">\n\t\t\t\t\n<div class=\"vc_col-sm-12 wpb_column column_container  jupiter-donut- _ jupiter-donut-height-full\">\n\t\n<div id=\"padding-4\" class=\"mk-padding-divider jupiter-donut-  jupiter-donut-clearfix\"><\/div>\n\n<\/div>\n\t<\/div>\n\n<div class=\"mk-page-section-wrapper\" data-mk-full-width=\"true\" data-mk-full-width-init=\"true\" data-mk-stretch-content=\"true\">\n\t<div id=\"page-section-5\" class=\"mk-page-section self-hosted   full_layout full-width-5 js-el js-master-row jupiter-donut-\"    data-intro-effect=\"false\">\n\n\t\t\t\n\t\t\t<div class=\"mk-page-section-inner\">\n\t\t\t\t\n\n\n<div class=\"mk-video-color-mask\"><\/div>\n\n\t\t\t\t\n\t\t\t\t\t\t\t<\/div>\n\n\t\t\t\n        <div class=\"page-section-content vc_row-fluid mk-grid\" >\n            <div class=\"mk-padding-wrapper wpb_row\">\n<div class=\"vc_col-sm-12 wpb_column column_container  jupiter-donut- _ jupiter-donut-height-full\">\n\t\n<h2 id=\"fancy-title-7\" class=\"mk-fancy-title  simple-style jupiter-donut-  color-single\">\n\t<span>\n\t\t\t\t<p><strong>Enko Waca<\/strong> Cursus international<\/p>\n\t\t\t<\/span>\n<\/h2>\n<div class=\"clearboth\"><\/div>\n\n\n\n\n\n<div class=\"wpb_row vc_inner vc_row vc_row-fluid jupiter-donut-   attched-false\">\n\t\t\t<div class=\"wpb_column vc_column_container vc_col-sm-8\"><div class=\"vc_column-inner\"><div class=\"wpb_wrapper\">\n<div id=\"mk-button-8\" class=\"mk-button-container _ jupiter-donut-relative jupiter-donut-width-full   jupiter-donut-inline-block jupiter-donut-left\">\n\n\t\n\t\t<a href=\"#\" target=\"_self\" class=\"mk-button js-smooth-scroll mk-button--dimension-flat mk-button--size-xx-large mk-button--corner-full_rounded text-color-dark _ jupiter-donut-relative jupiter-donut-text-center jupiter-donut-font-weight-700 jupiter-donut-no-backface  jupiter-donut-letter-spacing-2 jupiter-donut-block\"><span class=\"mk-button--text\">Programme national du S\u00e9n\u00e9gal<\/span><\/a>\n\n\t\n<\/div>\n<\/div><\/div><\/div><div class=\"wpb_column vc_column_container vc_col-sm-4\"><div class=\"vc_column-inner\"><div class=\"wpb_wrapper\">\n<div id=\"mk-button-9\" class=\"mk-button-container _ jupiter-donut-relative jupiter-donut-width-full   jupiter-donut-inline-block jupiter-donut-left\">\n\n\t\n\t\t<a href=\"https:\/\/www.ibo.org\/programmes\/diploma-programme\/\" target=\"_blank\" class=\"mk-button js-smooth-scroll mk-button--dimension-flat mk-button--size-xx-large mk-button--corner-full_rounded text-color-light _ jupiter-donut-relative jupiter-donut-text-center jupiter-donut-font-weight-700 jupiter-donut-no-backface  jupiter-donut-letter-spacing-2 jupiter-donut-block\"><span class=\"mk-button--text\">Programme de d\u00e9veloppement de l&#039;IB<\/span><\/a>\n\n\t\n<\/div>\n<\/div><\/div><\/div>\t<\/div>\n\n\n<div class=\"wpb_row vc_inner vc_row vc_row-fluid jupiter-donut-   attched-false\">\n\t\t\t<div class=\"wpb_column vc_column_container vc_col-sm-6\"><div class=\"vc_column-inner\"><div class=\"wpb_wrapper\">\n<div id=\"mk-button-10\" class=\"mk-button-container _ jupiter-donut-relative jupiter-donut-width-full   jupiter-donut-inline-block jupiter-donut-left\">\n\n\t\n\t\t<a href=\"https:\/\/bit.ly\/3BhT2io\" target=\"_blank\" class=\"mk-button js-smooth-scroll mk-button--dimension-flat mk-button--size-xx-large mk-button--corner-full_rounded text-color-light _ jupiter-donut-relative jupiter-donut-text-center jupiter-donut-font-weight-700 jupiter-donut-no-backface  jupiter-donut-letter-spacing-2 jupiter-donut-block\"><span class=\"mk-button--text\">Profil d&#039;Enko Waca IB<\/span><\/a>\n\n\t\n<\/div>\n<\/div><\/div><\/div><div class=\"wpb_column vc_column_container vc_col-sm-6\"><div class=\"vc_column-inner\"><div class=\"wpb_wrapper\">\t<div class=\"vc_custom_1529501865388\">\n\n<div id=\"text-block-11\" class=\"mk-text-block  jupiter-donut-\">\n\n\t\n\t<p>|<strong>\u00a0 Programme de d\u00e9veloppement de l&#039;IB<\/strong> = Programme du dipl\u00f4me du baccalaur\u00e9at international<\/p>\n\n\t<div class=\"clearboth\"><\/div>\n<\/div>\n\n\t<\/div>\n<\/div><\/div><\/div>\t<\/div>\n\n<div id=\"padding-12\" class=\"mk-padding-divider jupiter-donut-  jupiter-donut-clearfix\"><\/div>\n\n\t<div class=\"vc_custom_1707301943961\">\n\n<div id=\"text-block-13\" class=\"mk-text-block  jupiter-donut-\">\n\n\t\n\t<div>\n<div class=\"why-text\">\n<div>\n<h4>Code d&#039;\u00e9tablissement IB : 001215<\/h4>\n<h4>Pays : S\u00e9n\u00e9gal<\/h4>\n<h4>R\u00e9gion IB : Afrique \/ Europe \/ Moyen-Orient<\/h4>\n<\/div>\n<\/div>\n<\/div>\n<div>\n<div class=\"why-text\">\n<p>Le West African College of the Atlantic est une \u00e9cole du monde de l&#039;IB depuis mars 2000. Il propose le programme du dipl\u00f4me de l&#039;IB. L&#039;\u00e9cole est priv\u00e9e. La directrice est Alanna Ross.<\/p>\n<h4>Programme du dipl\u00f4me de l&#039;IB<\/h4>\n<p>Programme du dipl\u00f4me de l&#039;IB Autoris\u00e9e \u00e0 proposer le Programme du dipl\u00f4me de l&#039;IB depuis mars 2000, la formation est dispens\u00e9e en fran\u00e7ais. L&#039;\u00e9cole est ouverte aux \u00e9l\u00e8ves des deux sexes. Les \u00e9l\u00e8ves de cette \u00e9cole passent g\u00e9n\u00e9ralement les examens de l&#039;IB en mai.<\/p>\n<p>Lors de la derni\u00e8re session d&#039;examens, les \u00e9tudiants ont pass\u00e9 les examens suivants :<\/p>\n<ul>\n<li>Biologie NS\/NM<\/li>\n<li>Gestion d&#039;entreprise HL\/SL<\/li>\n<li>\u00c9conomie NS\/NM<\/li>\n<li>Anglais A HL\/SL<\/li>\n<li>Fran\u00e7ais A HL\/SL<\/li>\n<li>Histoire HL\/SL<\/li>\n<li>Math\u00e9matiques : Approches et Analyses NM\/HL<\/li>\n<li>Math\u00e9matiques : application et interpr\u00e9tation NM\/HL<\/li>\n<li>Physique HL\/SL Espagnol B HL\/SL<\/li>\n<li>Th\u00e9orie de la connaissance TK<\/li>\n<\/ul>\n<p><b>Source: <a href=\"https:\/\/www.ibo.org\/\" target=\"_blank\" rel=\"noopener noreferrer\">ibo.org<\/a><\/b><\/p>\n<\/div>\n<\/div>\n\n\t<div class=\"clearboth\"><\/div>\n<\/div>\n\n\t<\/div>\n<\/div>\n<\/div>\n            <div class=\"clearboth\"><\/div>\n        <\/div>\n\n\n\t\t\t\n\t\t\t\n\t\t\t\n\t\t<div class=\"clearboth\"><\/div>\n\t<\/div>\n<\/div>\n<div class=\"vc_row-full-width vc_clearfix\"><\/div>\n\n\n<\/section>","protected":false},"excerpt":{"rendered":"Programme international Enko Waca Programme national s\u00e9n\u00e9galais IBDP Profil IB Enko Waca | IBDP = Programme du dipl\u00f4me du baccalaur\u00e9at international Code d&#039;\u00e9tablissement IB : 001215 Pays : S\u00e9n\u00e9gal R\u00e9gion IB : Afrique \/ Europe \/ Moyen-Orient Le West African College of the Atlantic est une \u00e9cole du monde de l&#039;IB depuis mars 2000. Il propose le programme du dipl\u00f4me de l&#039;IB [...]","protected":false},"author":1,"featured_media":0,"parent":0,"menu_order":0,"comment_status":"closed","ping_status":"closed","template":"","meta":{"footnotes":""},"class_list":["post-287","page","type-page","status-publish","hentry"],"yoast_head":"<!-- This site is optimized with the Yoast SEO Premium plugin v18.2.1 (Yoast SEO v23.2) - https:\/\/yoast.com\/wordpress\/plugins\/seo\/ -->\n<title>Curriculum - Enko Waca International School<\/title>\n<meta name=\"robots\" content=\"index, follow, max-snippet:-1, max-image-preview:large, max-video-preview:-1\" \/>\n<link rel=\"canonical\" href=\"https:\/\/enkoeducation.com\/waca\/fr\/curriculum-2\/\" \/>\n<meta property=\"og:locale\" content=\"fr_FR\" \/>\n<meta property=\"og:type\" content=\"article\" \/>\n<meta property=\"og:title\" content=\"Curriculum\" \/>\n<meta property=\"og:url\" content=\"https:\/\/enkoeducation.com\/waca\/fr\/curriculum-2\/\" \/>\n<meta property=\"og:site_name\" content=\"Enko Waca International School\" \/>\n<meta property=\"article:modified_time\" content=\"2024-02-07T10:35:28+00:00\" \/>\n<meta name=\"twitter:card\" content=\"summary_large_image\" \/>\n<meta name=\"twitter:label1\" content=\"Dur\u00e9e de lecture estim\u00e9e\" \/>\n\t<meta name=\"twitter:data1\" content=\"1 minute\" \/>\n<script type=\"application\/ld+json\" class=\"yoast-schema-graph\">{\"@context\":\"https:\/\/schema.org\",\"@graph\":[{\"@type\":\"WebPage\",\"@id\":\"https:\/\/enkoeducation.com\/waca\/curriculum-2\/\",\"url\":\"https:\/\/enkoeducation.com\/waca\/curriculum-2\/\",\"name\":\"Curriculum - Enko Waca International School\",\"isPartOf\":{\"@id\":\"https:\/\/enkoeducation.com\/waca\/#website\"},\"datePublished\":\"2018-01-22T13:23:59+00:00\",\"dateModified\":\"2024-02-07T10:35:28+00:00\",\"breadcrumb\":{\"@id\":\"https:\/\/enkoeducation.com\/waca\/curriculum-2\/#breadcrumb\"},\"inLanguage\":\"fr-FR\",\"potentialAction\":[{\"@type\":\"ReadAction\",\"target\":[\"https:\/\/enkoeducation.com\/waca\/curriculum-2\/\"]}]},{\"@type\":\"BreadcrumbList\",\"@id\":\"https:\/\/enkoeducation.com\/waca\/curriculum-2\/#breadcrumb\",\"itemListElement\":[{\"@type\":\"ListItem\",\"position\":1,\"name\":\"Home\",\"item\":\"https:\/\/enkoeducation.com\/waca\/\"},{\"@type\":\"ListItem\",\"position\":2,\"name\":\"Curriculum\"}]},{\"@type\":\"WebSite\",\"@id\":\"https:\/\/enkoeducation.com\/waca\/#website\",\"url\":\"https:\/\/enkoeducation.com\/waca\/\",\"name\":\"Enko Waca International School\",\"description\":\"Just another Enko Education Sites site\",\"potentialAction\":[{\"@type\":\"SearchAction\",\"target\":{\"@type\":\"EntryPoint\",\"urlTemplate\":\"https:\/\/enkoeducation.com\/waca\/?s={search_term_string}\"},\"query-input\":\"required name=search_term_string\"}],\"inLanguage\":\"fr-FR\"}]}<\/script>\n<!-- \/ Yoast SEO Premium plugin. -->","yoast_head_json":{"title":"Curriculum - Enko Waca International School","robots":{"index":"index","follow":"follow","max-snippet":"max-snippet:-1","max-image-preview":"max-image-preview:large","max-video-preview":"max-video-preview:-1"},"canonical":"https:\/\/enkoeducation.com\/waca\/fr\/curriculum-2\/","og_locale":"fr_FR","og_type":"article","og_title":"Curriculum","og_url":"https:\/\/enkoeducation.com\/waca\/fr\/curriculum-2\/","og_site_name":"Enko Waca International School","article_modified_time":"2024-02-07T10:35:28+00:00","twitter_card":"summary_large_image","twitter_misc":{"Dur\u00e9e de lecture estim\u00e9e":"1 minute"},"schema":{"@context":"https:\/\/schema.org","@graph":[{"@type":"WebPage","@id":"https:\/\/enkoeducation.com\/waca\/curriculum-2\/","url":"https:\/\/enkoeducation.com\/waca\/curriculum-2\/","name":"Curriculum - Enko Waca International School","isPartOf":{"@id":"https:\/\/enkoeducation.com\/waca\/#website"},"datePublished":"2018-01-22T13:23:59+00:00","dateModified":"2024-02-07T10:35:28+00:00","breadcrumb":{"@id":"https:\/\/enkoeducation.com\/waca\/curriculum-2\/#breadcrumb"},"inLanguage":"fr-FR","potentialAction":[{"@type":"ReadAction","target":["https:\/\/enkoeducation.com\/waca\/curriculum-2\/"]}]},{"@type":"BreadcrumbList","@id":"https:\/\/enkoeducation.com\/waca\/curriculum-2\/#breadcrumb","itemListElement":[{"@type":"ListItem","position":1,"name":"Home","item":"https:\/\/enkoeducation.com\/waca\/"},{"@type":"ListItem","position":2,"name":"Curriculum"}]},{"@type":"WebSite","@id":"https:\/\/enkoeducation.com\/waca\/#website","url":"https:\/\/enkoeducation.com\/waca\/","name":"Enko Waca International School","description":"Just another Enko Education Sites site","potentialAction":[{"@type":"SearchAction","target":{"@type":"EntryPoint","urlTemplate":"https:\/\/enkoeducation.com\/waca\/?s={search_term_string}"},"query-input":"required name=search_term_string"}],"inLanguage":"fr-FR"}]}},"_links":{"self":[{"href":"https:\/\/enkoeducation.com\/waca\/fr\/wp-json\/wp\/v2\/pages\/287"}],"collection":[{"href":"https:\/\/enkoeducation.com\/waca\/fr\/wp-json\/wp\/v2\/pages"}],"about":[{"href":"https:\/\/enkoeducation.com\/waca\/fr\/wp-json\/wp\/v2\/types\/page"}],"author":[{"embeddable":true,"href":"https:\/\/enkoeducation.com\/waca\/fr\/wp-json\/wp\/v2\/users\/1"}],"replies":[{"embeddable":true,"href":"https:\/\/enkoeducation.com\/waca\/fr\/wp-json\/wp\/v2\/comments?post=287"}],"version-history":[{"count":29,"href":"https:\/\/enkoeducation.com\/waca\/fr\/wp-json\/wp\/v2\/pages\/287\/revisions"}],"predecessor-version":[{"id":1261,"href":"https:\/\/enkoeducation.com\/waca\/fr\/wp-json\/wp\/v2\/pages\/287\/revisions\/1261"}],"wp:attachment":[{"href":"https:\/\/enkoeducation.com\/waca\/fr\/wp-json\/wp\/v2\/media?parent=287"}],"curies":[{"name":"wp","href":"https:\/\/api.w.org\/{rel}","templated":true}]}}