{"id":289,"date":"2018-01-22T13:24:22","date_gmt":"2018-01-22T13:24:22","guid":{"rendered":"http:\/\/165.227.224.6\/la-gaiete\/?page_id=289"},"modified":"2024-06-18T19:05:42","modified_gmt":"2024-06-18T19:05:42","slug":"admission","status":"publish","type":"page","link":"https:\/\/enkoeducation.com\/waca\/fr\/admission\/","title":{"rendered":"Admission"},"content":{"rendered":"<section class=\"wpb-content-wrapper\">\n<div class=\"mk-page-section-wrapper\" data-mk-full-width=\"true\" data-mk-full-width-init=\"true\" data-mk-stretch-content=\"true\">\n\t<div id=\"page-section-1\" class=\"mk-page-section self-hosted   full_layout full-width-1 js-el js-master-row jupiter-donut-\"    data-intro-effect=\"false\">\n\n\t\t\t\n\t\t\t<div class=\"mk-page-section-inner\">\n\t\t\t\t\n\n\n<div style=\"background-color:#0a0a0a;opacity:0.3;\" class=\"mk-video-color-mask\"><\/div>\n\n\t\t\t\t\n\t\t\t\t\n\t\n\t<div class=\"background-layer-holder\">\n\t\t<div id=\"background-layer--1\" data-mk-lazyload=\"false\" class=\"background-layer mk-background-stretch darken-blend-effect js-el\"   data-blend=\"darken\" data-mk-img-set='{\"landscape\":{\"external\":\"https:\/\/enkoeducation.com\/waca\/wp-content\/uploads\/sites\/27\/2020\/04\/p1210236.jpg\"},\"responsive\":\"true\"}' >\n\t\t\t\t\t\t\t\t\t\t<div class=\"mk-blend-layer\"><\/div>\n\t\t\t\t\t\t<div class=\"mk-color-layer\"><\/div>\n\t\t<\/div>\n\t<\/div>\n\n\t\t\t<\/div>\n\n\t\t\t\n        <div class=\"page-section-content vc_row-fluid mk-grid\" >\n            <div class=\"mk-padding-wrapper wpb_row\">\n<div class=\"vc_col-sm-12 wpb_column column_container  jupiter-donut- _ jupiter-donut-height-full\">\n\t\n\n<div class=\"wpb_row vc_inner vc_row vc_row-fluid jupiter-donut-   attched-false\">\n\t\t\t<div class=\"wpb_column vc_column_container vc_col-sm-12\"><div class=\"vc_column-inner\"><div class=\"wpb_wrapper\"><\/div><\/div><\/div>\t<\/div>\n<\/div>\n<\/div>\n            <div class=\"clearboth\"><\/div>\n        <\/div>\n\n\n\t\t\t\n\t\t\t\n\t\t\t\n\t\t<div class=\"clearboth\"><\/div>\n\t<\/div>\n<\/div>\n<div class=\"vc_row-full-width vc_clearfix\"><\/div>\n\n\n<div  data-mk-stretch-content=\"true\" class=\"wpb_row vc_row vc_row-fluid jupiter-donut- mk-fullwidth-false  attched-false     js-master-row  mk-grid\">\n\t\t\t\t\n<div class=\"vc_col-sm-12 wpb_column column_container  jupiter-donut- _ jupiter-donut-height-full\">\n\t<div id=\"mk-tabs\" class=\"wpb_tabs mk-tabs-4 wpb_content_element mobile-true simple-style horizental-style\" data-interval=\"\"><div class=\"wpb_wrapper wpb_tour_tabs_wrapper ui-tabs vc_clearfix\">\n\t\t\t<ul class=\"wpb_tabs_nav ui-tabs-nav vc_clearfix\"><li><a href=\"#tab-1516629401-1-4\">Proc\u00e9dure d&#039;admission\/Admission process<\/a><\/li><li><a href=\"#tab-1516629401-2-29\">Frais de scolarit\u00e9\/School Fees<\/a><\/li><\/ul>\n\t<div id=\"tab-1516629401-1-4\" class=\"wpb_tab ui-tabs-panel wpb_ui-tabs-hide vc_clearfix\">\n\t\t<div class=\"title-mobile\">Proc\u00e9dure d&#039;admission\/Admission process<\/div>\n\t\t\n\n<div class=\"wpb_row vc_inner vc_row vc_row-fluid jupiter-donut-   attched-false\">\n\t\t\t<div class=\"wpb_column vc_column_container vc_col-sm-3\"><div class=\"vc_column-inner\"><div class=\"wpb_wrapper\">\n\t<div  class=\"wpb_single_image wpb_content_element vc_align_left\">\n\t\t\n\t\t<figure class=\"wpb_wrapper vc_figure\">\n\t\t\t<div class=\"vc_single_image-wrapper   vc_box_border_grey\"><img fetchpriority=\"high\" decoding=\"async\" width=\"343\" height=\"225\" src=\"https:\/\/enkoeducation.com\/waca\/wp-content\/uploads\/sites\/27\/2018\/08\/1.png\" class=\"vc_single_image-img attachment-full\" alt=\"\" title=\"1\" srcset=\"https:\/\/enkoeducation.com\/waca\/wp-content\/uploads\/sites\/27\/2018\/08\/1.png 343w, https:\/\/enkoeducation.com\/waca\/wp-content\/uploads\/sites\/27\/2018\/08\/1-300x197.png 300w, https:\/\/enkoeducation.com\/waca\/wp-content\/uploads\/sites\/27\/2018\/08\/1-31x20.png 31w\" sizes=\"(max-width: 343px) 100vw, 343px\" itemprop=\"image\" \/><\/div>\n\t\t<\/figure>\n\t<\/div>\n<\/div><\/div><\/div><div class=\"wpb_column vc_column_container vc_col-sm-9\"><div class=\"vc_column-inner\"><div class=\"wpb_wrapper\">\n<h2 id=\"fancy-title-5\" class=\"mk-fancy-title  simple-style jupiter-donut-  color-single\">\n\t<span>\n\t\t\t\t<p>Pr\u00e9-inscription en ligne<\/p>\n<div id=\"gtx-trans\" style=\"position: absolute; left: 91px; top: -9.22396px;\">\n<div class=\"gtx-trans-icon\"><\/div>\n<\/div>\n\t\t\t<\/span>\n<\/h2>\n<div class=\"clearboth\"><\/div>\n\n\n\n\t<div class=\"vc_custom_1708449267419\">\n\n<div id=\"text-block-6\" class=\"mk-text-block  jupiter-donut-\">\n\n\t\n\t<p id=\"tw-target-text\" class=\"tw-data-text tw-text-large tw-ta\" dir=\"ltr\" data-placeholder=\"Translation\">Ce formulaire vous permettra de pr\u00e9inscrire ou de r\u00e9inscrire votre enfant pour l&#039;ann\u00e9e acad\u00e9mique. Apr\u00e8s avoir soumis ce formulaire, nos responsables des admissions reviendront vers vous pour finaliser la proc\u00e9dure.<\/p>\n\n\t<div class=\"clearboth\"><\/div>\n<\/div>\n\n\t<\/div>\n\n<div id=\"mk-button-7\" class=\"mk-button-container _ jupiter-donut-relative    jupiter-donut-inline-block jupiter-donut-left\">\n\n\t\n\t\t<a href=\"https:\/\/forms.gle\/ErkqxqDRMMV19TkC6\" target=\"_blank\" class=\"mk-button js-smooth-scroll mk-button--dimension-flat mk-button--size-x-large mk-button--corner-full_rounded text-color-light _ jupiter-donut-relative jupiter-donut-text-center jupiter-donut-font-weight-700 jupiter-donut-no-backface  jupiter-donut-letter-spacing-2 jupiter-donut-inline-block\"><span class=\"mk-button--text\"> Portail d&#039;inscription<\/span><\/a>\n\n\t\n<\/div>\n<\/div><\/div><\/div>\t<\/div>\n<div class=\"vc_separator wpb_content_element vc_separator_align_center vc_sep_width_100 vc_sep_pos_align_center vc_separator_no_text vc_sep_color_grey\" ><span class=\"vc_sep_holder vc_sep_holder_l\"><span class=\"vc_sep_line\"><\/span><\/span><span class=\"vc_sep_holder vc_sep_holder_r\"><span class=\"vc_sep_line\"><\/span><\/span>\n<\/div><div class=\"vc_separator wpb_content_element vc_separator_align_center vc_sep_width_100 vc_sep_pos_align_center vc_separator_no_text vc_sep_color_grey\" ><span class=\"vc_sep_holder vc_sep_holder_l\"><span class=\"vc_sep_line\"><\/span><\/span><span class=\"vc_sep_holder vc_sep_holder_r\"><span class=\"vc_sep_line\"><\/span><\/span>\n<\/div>\n\n<div class=\"wpb_row vc_inner vc_row vc_row-fluid jupiter-donut-   attched-false\">\n\t\t\t<div class=\"wpb_column vc_column_container vc_col-sm-3\"><div class=\"vc_column-inner\"><div class=\"wpb_wrapper\">\n\t<div  class=\"wpb_single_image wpb_content_element vc_align_left\">\n\t\t\n\t\t<figure class=\"wpb_wrapper vc_figure\">\n\t\t\t<div class=\"vc_single_image-wrapper   vc_box_border_grey\"><img decoding=\"async\" width=\"343\" height=\"225\" src=\"https:\/\/enkoeducation.com\/waca\/wp-content\/uploads\/sites\/27\/2018\/08\/2.png\" class=\"vc_single_image-img attachment-full\" alt=\"\" title=\"2\" srcset=\"https:\/\/enkoeducation.com\/waca\/wp-content\/uploads\/sites\/27\/2018\/08\/2.png 343w, https:\/\/enkoeducation.com\/waca\/wp-content\/uploads\/sites\/27\/2018\/08\/2-300x197.png 300w, https:\/\/enkoeducation.com\/waca\/wp-content\/uploads\/sites\/27\/2018\/08\/2-31x20.png 31w\" sizes=\"(max-width: 343px) 100vw, 343px\" itemprop=\"image\" \/><\/div>\n\t\t<\/figure>\n\t<\/div>\n<\/div><\/div><\/div><div class=\"wpb_column vc_column_container vc_col-sm-9\"><div class=\"vc_column-inner\"><div class=\"wpb_wrapper\">\n<h2 id=\"fancy-title-8\" class=\"mk-fancy-title  simple-style jupiter-donut-  color-single\">\n\t<span>\n\t\t\t\t<p>Crit\u00e8res d&#039;admission<\/p>\n\t\t\t<\/span>\n<\/h2>\n<div class=\"clearboth\"><\/div>\n\n\n\n\t<div class=\"vc_custom_1708449286313\">\n\n<div id=\"text-block-9\" class=\"mk-text-block  jupiter-donut-\">\n\n\t\n\t<p>Les admissions sont ouvertes ! L&#039;admission de votre enfant d\u00e9pend de la d\u00e9cision de la commission d&#039;admission bas\u00e9e sur ses r\u00e9sultats acad\u00e9miques. En cas d&#039;avis favorable, le responsable des admissions vous contactera pour finaliser et compl\u00e9ter l&#039;inscription ainsi que le paiement des frais de scolarit\u00e9.<\/p>\n\n\t<div class=\"clearboth\"><\/div>\n<\/div>\n\n\t<\/div>\n<\/div><\/div><\/div>\t<\/div>\n\n\n<div class=\"wpb_row vc_inner vc_row vc_row-fluid jupiter-donut-   attched-false\">\n\t\t\t<div class=\"wpb_column vc_column_container vc_col-sm-3\"><div class=\"vc_column-inner\"><div class=\"wpb_wrapper\">\n\t<div  class=\"wpb_single_image wpb_content_element vc_align_left\">\n\t\t\n\t\t<figure class=\"wpb_wrapper vc_figure\">\n\t\t\t<div class=\"vc_single_image-wrapper   vc_box_border_grey\"><img decoding=\"async\" width=\"343\" height=\"225\" src=\"https:\/\/enkoeducation.com\/waca\/wp-content\/uploads\/sites\/27\/2018\/08\/3.png\" class=\"vc_single_image-img attachment-full\" alt=\"\" title=\"3\" srcset=\"https:\/\/enkoeducation.com\/waca\/wp-content\/uploads\/sites\/27\/2018\/08\/3.png 343w, https:\/\/enkoeducation.com\/waca\/wp-content\/uploads\/sites\/27\/2018\/08\/3-300x197.png 300w\" sizes=\"(max-width: 343px) 100vw, 343px\" itemprop=\"image\" \/><\/div>\n\t\t<\/figure>\n\t<\/div>\n<\/div><\/div><\/div><div class=\"wpb_column vc_column_container vc_col-sm-9\"><div class=\"vc_column-inner\"><div class=\"wpb_wrapper\">\n<h2 id=\"fancy-title-10\" class=\"mk-fancy-title  simple-style jupiter-donut-  color-single\">\n\t<span>\n\t\t\t\t<div id=\"translation\">\n<div class=\"gtx-body\">Visitez l&#039;\u00e9cole!<\/div>\n<\/div>\n<div id=\"gtx-trans\" style=\"position: absolute; left: 180px; top: -9.22396px;\">\n<div class=\"gtx-trans-icon\"><\/div>\n<\/div>\n\t\t\t<\/span>\n<\/h2>\n<div class=\"clearboth\"><\/div>\n\n\n\n\t<div class=\"vc_custom_1707486946637\">\n\n<div id=\"text-block-11\" class=\"mk-text-block  jupiter-donut-\">\n\n\t\n\t<p id=\"tw-target-text\" class=\"tw-data-text tw-text-large tw-ta\" dir=\"ltr\" data-placeholder=\"Translation\">Rendez-nous visite ! Notre \u00e9quipe vous pr\u00e9sentera l&#039;\u00e9cole et le programme, et vous fera visiter l&#039;\u00e9tablissement.<\/p>\n<div id=\"gtx-trans\" style=\"position: absolute; left: 151px; top: 37.5538px;\">\n<div class=\"gtx-trans-icon\"><\/div>\n<\/div>\n\n\t<div class=\"clearboth\"><\/div>\n<\/div>\n\n\t<\/div>\n<\/div><\/div><\/div>\t<\/div>\n\n\t<\/div>\n\n\t<div id=\"tab-1516629401-2-29\" class=\"wpb_tab ui-tabs-panel wpb_ui-tabs-hide vc_clearfix\">\n\t\t<div class=\"title-mobile\">Frais de scolarit\u00e9\/School Fees<\/div>\n\t\t\n\n<div class=\"wpb_row vc_inner vc_row vc_row-fluid jupiter-donut-   attched-false\">\n\t\t\t<div class=\"wpb_column vc_column_container vc_col-sm-3\"><div class=\"vc_column-inner\"><div class=\"wpb_wrapper\">\n\t<div  class=\"wpb_single_image wpb_content_element vc_align_left\">\n\t\t\n\t\t<figure class=\"wpb_wrapper vc_figure\">\n\t\t\t<div class=\"vc_single_image-wrapper   vc_box_border_grey\"><img loading=\"lazy\" decoding=\"async\" width=\"150\" height=\"150\" src=\"https:\/\/enkoeducation.com\/waca\/wp-content\/uploads\/sites\/27\/2018\/04\/small-icon_0004_layer-3.jpg\" class=\"vc_single_image-img attachment-full\" alt=\"\" title=\"petite-ic\u00f4ne_0004_layer-3\" srcset=\"https:\/\/enkoeducation.com\/waca\/wp-content\/uploads\/sites\/27\/2018\/04\/small-icon_0004_layer-3.jpg 150w, https:\/\/enkoeducation.com\/waca\/wp-content\/uploads\/sites\/27\/2018\/04\/small-icon_0004_layer-3-100x100.jpg 100w, https:\/\/enkoeducation.com\/waca\/wp-content\/uploads\/sites\/27\/2018\/04\/small-icon_0004_layer-3-80x80.jpg 80w, https:\/\/enkoeducation.com\/waca\/wp-content\/uploads\/sites\/27\/2018\/04\/small-icon_0004_layer-3-27x27.jpg 27w, https:\/\/enkoeducation.com\/waca\/wp-content\/uploads\/sites\/27\/2018\/04\/small-icon_0004_layer-3-1024x1024.jpg 1024w, https:\/\/enkoeducation.com\/waca\/wp-content\/uploads\/sites\/27\/2018\/04\/small-icon_0004_layer-3-300x300.jpg 300w\" sizes=\"(max-width: 150px) 100vw, 150px\" itemprop=\"image\" \/><\/div>\n\t\t<\/figure>\n\t<\/div>\n<\/div><\/div><\/div><div class=\"wpb_column vc_column_container vc_col-sm-9\"><div class=\"vc_column-inner\"><div class=\"wpb_wrapper\">\t<div class=\"vc_custom_1708097019860\">\n\n<div id=\"text-block-12\" class=\"mk-text-block  jupiter-donut-\">\n\n\t\n\t<p>Les frais de scolarit\u00e9 peuvent \u00eatre pay\u00e9s par trimestre ou \u00e0 l&#039;avance pour 9 mois.<br \/>\nLe paiement peut \u00eatre effectu\u00e9 par ch\u00e8que ou en esp\u00e8ces.<\/p>\n\n\t<div class=\"clearboth\"><\/div>\n<\/div>\n\n\t<\/div>\n\n<h2 id=\"fancy-title-13\" class=\"mk-fancy-title  simple-style jupiter-donut-  color-single\">\n\t<span>\n\t\t\t\t<p>Frais d&#039;inscription et de r\u00e9inscription<\/p>\n<div id=\"gtx-trans\" style=\"position: absolute; left: 115px; top: -9.22396px;\">\n<div class=\"gtx-trans-icon\"><\/div>\n<\/div>\n\t\t\t<\/span>\n<\/h2>\n<div class=\"clearboth\"><\/div>\n\n\n\n\n<div class=\"mk-fancy-table table-style1  jupiter-donut-\">\n\n\t\n\t\n<table>\n<tbody>\n<tr>\n<td colspan=\"4\">\n<p style=\"text-align: center;\"><b>Frais d&#039;inscription | <\/b><b><i>Frais d&#039;inscription <\/i><\/b><\/p>\n<\/td>\n<\/tr>\n<tr>\n<td colspan=\"2\"><\/td>\n<td style=\"text-align: center;\" colspan=\"2\"><span style=\"font-weight: 400; color: #509e30;\">200 000 FCFA<\/span><\/td>\n<\/tr>\n<tr>\n<td style=\"text-align: center;\" colspan=\"2\"><\/td>\n<td colspan=\"2\">\n<p style=\"text-align: center;\"><span style=\"font-weight: 400; color: #509e30;\">100 000 FCFA avant le 30 avril\u00a0<\/span><\/p>\n<\/td>\n<\/tr>\n<tr>\n<td colspan=\"4\"><span style=\"font-weight: 400;\">Ces frais sont non remboursables sont inclus dans les scolarit\u00e9s et ne sont pas remboursables. <\/span><i><span style=\"font-weight: 400;\">Ces frais sont inclus dans les frais de scolarit\u00e9 et ne sont pas remboursables.<\/span><\/i><\/td>\n<\/tr>\n<\/tbody>\n<\/table>\n\n<\/div>\n\n<div class=\"mk-fancy-table table-style1  jupiter-donut-\">\n\n\t\n\t\n<table>\n<tbody>\n<tr>\n<td style=\"text-align: center;\" colspan=\"4\"><span style=\"color: #777777;\"><b>Frais de r\u00e9inscription | Concernant-<\/b><b><i>Frais d&#039;inscription <\/i><\/b><\/span><\/td>\n<\/tr>\n<tr>\n<td style=\"text-align: center;\" colspan=\"2\"><\/td>\n<td style=\"text-align: center;\" colspan=\"2\"><span style=\"font-weight: 400; color: #509e2f;\">150 000 FCFA<\/span><\/td>\n<\/tr>\n<tr>\n<td style=\"text-align: center;\" colspan=\"2\"><\/td>\n<td colspan=\"2\">\n<p style=\"text-align: center;\"><span style=\"font-weight: 400; color: #509e2f;\">100 000 FCFA avant le 30 avril\u00a0<\/span><\/p>\n<\/td>\n<\/tr>\n<tr>\n<td colspan=\"4\"><span style=\"font-weight: 400;\">Ces frais sont inclus dans les frais de scolarit\u00e9 et ne sont pas remboursables. <\/span><i><span style=\"font-weight: 400;\">Ces frais sont inclus dans les frais de scolarit\u00e9 totaux et ne sont pas remboursables.<\/span><\/i><\/td>\n<\/tr>\n<\/tbody>\n<\/table>\n\n<\/div>\n\n\t<div class=\"wpb_raw_code wpb_content_element wpb_raw_html\" >\n\t\t<div class=\"wpb_wrapper\">\n\t\t\t<!DOCTYPE html>\n<html lang=\"fr\">\n<head>\n<meta charset=\"UTF-8\">\n<title>Frais Scolaires - Enko Waca 2023-2024<\/title>\n<style>\n  table {\n    width: 100%;\n    border-collapse: collapse;\n  }\n  table, th, td {\n    border: 1px solid black;\n  }\n  th, td {\n    padding: 8px;\n    text-align: left;\n  }\n  th {\n    background-color: #4CAF50;\n    color: white;\n  }\n  .button {\n    display: block;\n    width: 200px;\n    padding: 10px;\n    margin: 20px auto;\n    background-color: #4CAF50;\n    color: white;\n    text-align: center;\n    text-decoration: none;\n    font-weight: bold;\n    border-radius: 50px; \/* Fully rounded edges *\/\n  }\n<\/style>\n<\/head>\n<body>\n\n<h2>Frais de scolarit\u00e9 2023-2024<\/h2>\n<table>\n  <!-- De la 6\u00e8me \u00e0 la 3\u00e8me -->\n  <tr>\n    <th>De la 6\u00e8me \u00e0 la 3\u00e8me<\/th>\n    <td>Frais d&#039;inscription + 1 749 000<\/td>\n    <td>Frais d&#039;inscription + 1 661 550 \u00e0 l&#039;inscription<\/td>\n    <td>699 600 \u00e0 l&#039;inscription<\/td>\n    <td>349 800 avant le 01\/03\/2024<\/td>\n  <\/tr>\n  <!-- 2nde -->\n  <tr>\n    <th>2e<\/th>\n    <td>Frais d&#039;inscription + 2 499 000<\/td>\n    <td>Frais d&#039;inscription + 2 374 050 \u00e0 l&#039;inscription<\/td>\n    <td>999 600 \u00e0 l&#039;inscription<\/td>\n    <td>499 800 avant le 01\/03\/2024<\/td>\n  <\/tr>\n  <!-- 1\u00e8re et Terminale -->\n  <tr>\n    <th>1\u00e8re et Terminale<\/th>\n    <td>Frais d&#039;inscription + 2 699 000<\/td>\n    <td>Frais d&#039;inscription + 2 564 050 \u00e0 l&#039;inscription<\/td>\n    <td>1 079 600 \u00e0 l&#039;inscription<\/td>\n    <td>539 800 avant le 01\/03\/2024<\/td>\n  <\/tr>\n<\/table>\n\n<!-- Download Button -->\n<a href=\"https:\/\/enkoeducation.com\/waca\/wp-content\/uploads\/sites\/27\/2024\/06\/enko-waca_-frais-de-scolarite-_-school-fees-2024-2025.pdf\" class=\"button\" download>T\u00e9l\u00e9charger les frais de scolarit\u00e9<\/a>\n\n<\/body>\n<\/html>\n\t\t<\/div>\n\t<\/div>\n\n\t<div class=\"wpb_raw_code wpb_content_element wpb_raw_html\" >\n\t\t<div class=\"wpb_wrapper\">\n\t\t\t<!DOCTYPE html>\n<html lang=\"fr\">\n<head>\n<meta charset=\"UTF-8\">\n<title>Informations Compl\u00e9mentaires - Frais Scolaires Enko Waca<\/title>\n<style>\n  table {\n    width: 100%;\n    border-collapse: collapse;\n  }\n  table, th, td {\n    border: 1px solid black;\n  }\n  th, td {\n    padding: 8px;\n    text-align: left;\n  }\n  th {\n    background-color: #4CAF50;\n    color: white;\n  }\n<\/style>\n<\/head>\n<body>\n\n<h2>Informations Compl\u00e9mentaires - Frais Scolaires<\/h2>\n\n<!-- Additional Fees Table -->\n<table>\n  <!-- Additional Mandatory Fees -->\n  <tr>\n    <th colspan=\"2\">Frais suppl\u00e9mentaires - Obligatoires<\/th>\n  <\/tr>\n  <tr>\n    <td>Frais d&#039;examen IB<\/td>\n    <td>640 000 CFA payable en 2 versements avant le 15 octobre DP2<\/td>\n  <\/tr>\n  <!-- ... other rows ... -->\n<\/table>\n\n<!-- Banking Details Table -->\n<table>\n  <tr>\n    <th colspan=\"2\">Coordonn\u00e9es bancaires<\/th>\n  <\/tr>\n  <tr>\n    <td>ECOBANK \u2013 Lyc\u00e9e International Bilingue<\/td>\n    <td>IBAN : SN094 01016 101129555002 01<\/td>\n  <\/tr>\n  <tr>\n    <td>Num\u00e9ro de compte : 101129555002<\/td>\n    <td>CODE SWIFT : ECOC SNDA<\/td>\n  <\/tr>\n<\/table>\n\n<\/body>\n<\/html>\n\t\t<\/div>\n\t<\/div>\n<\/div><\/div><\/div>\t<\/div>\n<div class=\"vc_separator wpb_content_element vc_separator_align_center vc_sep_width_100 vc_sep_pos_align_center vc_separator_no_text vc_sep_color_grey\" ><span class=\"vc_sep_holder vc_sep_holder_l\"><span class=\"vc_sep_line\"><\/span><\/span><span class=\"vc_sep_holder vc_sep_holder_r\"><span class=\"vc_sep_line\"><\/span><\/span>\n<\/div>\n\t<\/div>\n\n\t\t<\/div>\n\t<\/div>\n<\/div>\n\t<\/div>\n\n<\/section>","protected":false},"excerpt":{"rendered":"Proc\u00e9dure d&#039;admission\/Admission processFrais de scolarit\u00e9\/School Fees Proc\u00e9dure d&#039;admission\/Admission process Pr\u00e9-inscription en ligne Ce formulaire vous permettra de pr\u00e9inscrire ou de r\u00e9inscrire votre enfant pour l&#039;ann\u00e9e acad\u00e9mique. Apr\u00e8s avoir soumis ce formulaire, nos responsables des admissions reviendront vers vous pour finaliser la proc\u00e9dure. Portail d&#039;inscription Crit\u00e8res d&#039;admission Les admissions sont ouvertes! L&#039;admission de votre enfant d\u00e9pend [...]","protected":false},"author":1,"featured_media":0,"parent":0,"menu_order":0,"comment_status":"closed","ping_status":"closed","template":"","meta":{"footnotes":""},"class_list":["post-289","page","type-page","status-publish","hentry"],"yoast_head":"<!-- This site is optimized with the Yoast SEO Premium plugin v18.2.1 (Yoast SEO v23.2) - https:\/\/yoast.com\/wordpress\/plugins\/seo\/ -->\n<title>Admission - Enko Waca International School<\/title>\n<meta name=\"robots\" content=\"index, follow, max-snippet:-1, max-image-preview:large, max-video-preview:-1\" \/>\n<link rel=\"canonical\" href=\"https:\/\/enkoeducation.com\/waca\/fr\/admission\/\" \/>\n<meta property=\"og:locale\" content=\"fr_FR\" \/>\n<meta property=\"og:type\" content=\"article\" \/>\n<meta property=\"og:title\" content=\"Admission\" \/>\n<meta property=\"og:url\" content=\"https:\/\/enkoeducation.com\/waca\/fr\/admission\/\" \/>\n<meta property=\"og:site_name\" content=\"Enko Waca International School\" \/>\n<meta property=\"article:modified_time\" content=\"2024-06-18T19:05:42+00:00\" \/>\n<meta name=\"twitter:card\" content=\"summary_large_image\" \/>\n<meta name=\"twitter:label1\" content=\"Dur\u00e9e de lecture estim\u00e9e\" \/>\n\t<meta name=\"twitter:data1\" content=\"2 minutes\" \/>\n<script type=\"application\/ld+json\" class=\"yoast-schema-graph\">{\"@context\":\"https:\/\/schema.org\",\"@graph\":[{\"@type\":\"WebPage\",\"@id\":\"https:\/\/enkoeducation.com\/waca\/admission\/\",\"url\":\"https:\/\/enkoeducation.com\/waca\/admission\/\",\"name\":\"Admission - Enko Waca International School\",\"isPartOf\":{\"@id\":\"https:\/\/enkoeducation.com\/waca\/#website\"},\"datePublished\":\"2018-01-22T13:24:22+00:00\",\"dateModified\":\"2024-06-18T19:05:42+00:00\",\"breadcrumb\":{\"@id\":\"https:\/\/enkoeducation.com\/waca\/admission\/#breadcrumb\"},\"inLanguage\":\"fr-FR\",\"potentialAction\":[{\"@type\":\"ReadAction\",\"target\":[\"https:\/\/enkoeducation.com\/waca\/admission\/\"]}]},{\"@type\":\"BreadcrumbList\",\"@id\":\"https:\/\/enkoeducation.com\/waca\/admission\/#breadcrumb\",\"itemListElement\":[{\"@type\":\"ListItem\",\"position\":1,\"name\":\"Home\",\"item\":\"https:\/\/enkoeducation.com\/waca\/\"},{\"@type\":\"ListItem\",\"position\":2,\"name\":\"Admission\"}]},{\"@type\":\"WebSite\",\"@id\":\"https:\/\/enkoeducation.com\/waca\/#website\",\"url\":\"https:\/\/enkoeducation.com\/waca\/\",\"name\":\"Enko Waca International School\",\"description\":\"Just another Enko Education Sites site\",\"potentialAction\":[{\"@type\":\"SearchAction\",\"target\":{\"@type\":\"EntryPoint\",\"urlTemplate\":\"https:\/\/enkoeducation.com\/waca\/?s={search_term_string}\"},\"query-input\":\"required name=search_term_string\"}],\"inLanguage\":\"fr-FR\"}]}<\/script>\n<!-- \/ Yoast SEO Premium plugin. -->","yoast_head_json":{"title":"Admission - Enko Waca International School","robots":{"index":"index","follow":"follow","max-snippet":"max-snippet:-1","max-image-preview":"max-image-preview:large","max-video-preview":"max-video-preview:-1"},"canonical":"https:\/\/enkoeducation.com\/waca\/fr\/admission\/","og_locale":"fr_FR","og_type":"article","og_title":"Admission","og_url":"https:\/\/enkoeducation.com\/waca\/fr\/admission\/","og_site_name":"Enko Waca International School","article_modified_time":"2024-06-18T19:05:42+00:00","twitter_card":"summary_large_image","twitter_misc":{"Dur\u00e9e de lecture estim\u00e9e":"2 minutes"},"schema":{"@context":"https:\/\/schema.org","@graph":[{"@type":"WebPage","@id":"https:\/\/enkoeducation.com\/waca\/admission\/","url":"https:\/\/enkoeducation.com\/waca\/admission\/","name":"Admission - Enko Waca International School","isPartOf":{"@id":"https:\/\/enkoeducation.com\/waca\/#website"},"datePublished":"2018-01-22T13:24:22+00:00","dateModified":"2024-06-18T19:05:42+00:00","breadcrumb":{"@id":"https:\/\/enkoeducation.com\/waca\/admission\/#breadcrumb"},"inLanguage":"fr-FR","potentialAction":[{"@type":"ReadAction","target":["https:\/\/enkoeducation.com\/waca\/admission\/"]}]},{"@type":"BreadcrumbList","@id":"https:\/\/enkoeducation.com\/waca\/admission\/#breadcrumb","itemListElement":[{"@type":"ListItem","position":1,"name":"Home","item":"https:\/\/enkoeducation.com\/waca\/"},{"@type":"ListItem","position":2,"name":"Admission"}]},{"@type":"WebSite","@id":"https:\/\/enkoeducation.com\/waca\/#website","url":"https:\/\/enkoeducation.com\/waca\/","name":"Enko Waca International School","description":"Just another Enko Education Sites site","potentialAction":[{"@type":"SearchAction","target":{"@type":"EntryPoint","urlTemplate":"https:\/\/enkoeducation.com\/waca\/?s={search_term_string}"},"query-input":"required name=search_term_string"}],"inLanguage":"fr-FR"}]}},"_links":{"self":[{"href":"https:\/\/enkoeducation.com\/waca\/fr\/wp-json\/wp\/v2\/pages\/289"}],"collection":[{"href":"https:\/\/enkoeducation.com\/waca\/fr\/wp-json\/wp\/v2\/pages"}],"about":[{"href":"https:\/\/enkoeducation.com\/waca\/fr\/wp-json\/wp\/v2\/types\/page"}],"author":[{"embeddable":true,"href":"https:\/\/enkoeducation.com\/waca\/fr\/wp-json\/wp\/v2\/users\/1"}],"replies":[{"embeddable":true,"href":"https:\/\/enkoeducation.com\/waca\/fr\/wp-json\/wp\/v2\/comments?post=289"}],"version-history":[{"count":90,"href":"https:\/\/enkoeducation.com\/waca\/fr\/wp-json\/wp\/v2\/pages\/289\/revisions"}],"predecessor-version":[{"id":1326,"href":"https:\/\/enkoeducation.com\/waca\/fr\/wp-json\/wp\/v2\/pages\/289\/revisions\/1326"}],"wp:attachment":[{"href":"https:\/\/enkoeducation.com\/waca\/fr\/wp-json\/wp\/v2\/media?parent=289"}],"curies":[{"name":"wp","href":"https:\/\/api.w.org\/{rel}","templated":true}]}}